{"id":6999,"date":"2023-11-11T06:53:51","date_gmt":"2023-11-11T06:53:51","guid":{"rendered":"https:\/\/yume-silm.com\/?post_type=product&#038;p=6999"},"modified":"2023-11-16T05:10:41","modified_gmt":"2023-11-16T05:10:41","slug":"vente-en-gros-short-de-controle-du-ventre-taille-haute-pour-hommes","status":"publish","type":"product","link":"https:\/\/yume-silm.com\/fr\/produit\/vente-en-gros-short-de-controle-du-ventre-taille-haute-pour-hommes\/","title":{"rendered":"Vente en gros de shorts de contr\u00f4le du ventre taille haute r\u00e9glables pour hommes"},"content":{"rendered":"<h5>Caract\u00e9ristiques de conception<\/h5>\n<ul>\n<li>CONCEPTION TAILLE HAUTE R\u00c9GLABLE: La conception taille haute de nos shorts shapewear pour hommes cible la zone m\u00e9diane pour fournir soutien et \u00e9lasticit\u00e9, et la conception unique taille haute vous permet de ressentir une courbe de ventre plus lisse et plus serr\u00e9e. Gr\u00e2ce \u00e0 sa conception r\u00e9glable, la mise en forme r\u00e9glable est facile et pratique.<\/li>\n<li>Coussinets de fesses amovibles : ces v\u00eatements de compression ont du caoutchouc attach\u00e9 au bord sup\u00e9rieur, ce qui les rend faciles \u00e0 fixer et les emp\u00eache de glisser. Ne vous inqui\u00e9tez pas de l&#039;\u00e9talement d\u00fb au mouvement.<\/li>\n<li>COUSSINS DE HANCHES AMOVIBLES : Les hanches amovibles des v\u00eatements de perte de poids taille haute pour hommes peuvent vous donner un look globalement dodu, naturel et attrayant lorsque vous portez des v\u00eatements de c\u00e9r\u00e9monie, des chemises ou m\u00eame des v\u00eatements amincissants comme des jeans \u00e0 l&#039;ext\u00e9rieur.<\/li>\n<li>SUPPORT 3D : nos boxers pour hommes ont un design d&#039;entrejambe, un support de sac 3D et des ouvertures de porte lat\u00e9rales, ce qui les rend faciles \u00e0 mettre et \u00e0 enlever, ce qui vous permet de vous sentir tr\u00e8s \u00e0 l&#039;aise.<\/li>\n<li>Taille incluse : nos sous-v\u00eatements de compression pour abdominoplastie sont disponibles dans une large gamme de tailles pour s&#039;adapter \u00e0 diff\u00e9rentes formes et tailles de corps. La taille flexible et les fonctionnalit\u00e9s r\u00e9glables garantissent un ajustement personnalis\u00e9 et les avantages de la mise en forme, quelle que soit la silhouette unique de chacun.<\/li>\n<li>PERSONNALISER\u00a0: peuvent \u00eatre personnalis\u00e9s avec votre logo ou votre emballage pr\u00e9f\u00e9r\u00e9, ce qui les rend id\u00e9aux pour la marque ou des produits uniques.<\/li>\n<\/ul>\n<h6><em>Shapewear taille haute r\u00e9glable pour hommes avec coussinets de hanches amovibles<\/em><\/h6>\n<ul>\n<li>Nos shorts gainants taille haute r\u00e9glables pour hommes allient fonctionnalit\u00e9 et style, ce qui les rend id\u00e9aux pour les grossistes qui cherchent \u00e0 \u00e9largir leur gamme de produits shapewear pour hommes. Commandez d\u00e8s maintenant et offrez \u00e0 vos clients un produit alliant confort et efficacit\u00e9 !<\/li>\n<\/ul>","protected":false},"excerpt":{"rendered":"<p>Enrichissez votre inventaire de vente en gros avec nos shorts gainants taille haute r\u00e9glables pour hommes et laissez vos clients ressentir le m\u00e9lange parfait de discr\u00e9tion, de confort et de confiance dans leur tenue quotidienne. Ce short gainant est con\u00e7u pour \u00eatre \u00e9l\u00e9gant et offrant un bon maintien sans effort, leur permettant de donner le meilleur d&#039;eux-m\u00eames.<\/p>","protected":false},"featured_media":7016,"comment_status":"open","ping_status":"closed","template":"","meta":{"site-sidebar-layout":"default","site-content-layout":"","ast-site-content-layout":"default","site-content-style":"default","site-sidebar-style":"default","ast-global-header-display":"","ast-banner-title-visibility":"","ast-main-header-display":"","ast-hfb-above-header-display":"","ast-hfb-below-header-display":"","ast-hfb-mobile-header-display":"","site-post-title":"","ast-breadcrumbs-content":"","ast-featured-img":"","footer-sml-layout":"","ast-disable-related-posts":"","theme-transparent-header-meta":"default","adv-header-id-meta":"","stick-header-meta":"default","header-above-stick-meta":"","header-main-stick-meta":"","header-below-stick-meta":"","astra-migrate-meta-layouts":"set","ast-page-background-enabled":"default","ast-page-background-meta":{"desktop":{"background-color":"","background-image":"","background-repeat":"repeat","background-position":"center center","background-size":"auto","background-attachment":"scroll","background-type":"","background-media":"","overlay-type":"","overlay-color":"","overlay-opacity":"","overlay-gradient":""},"tablet":{"background-color":"","background-image":"","background-repeat":"repeat","background-position":"center center","background-size":"auto","background-attachment":"scroll","background-type":"","background-media":"","overlay-type":"","overlay-color":"","overlay-opacity":"","overlay-gradient":""},"mobile":{"background-color":"","background-image":"","background-repeat":"repeat","background-position":"center center","background-size":"auto","background-attachment":"scroll","background-type":"","background-media":"","overlay-type":"","overlay-color":"","overlay-opacity":"","overlay-gradient":""}},"ast-content-background-meta":{"desktop":{"background-color":"var(--ast-global-color-5)","background-image":"","background-repeat":"repeat","background-position":"center center","background-size":"auto","background-attachment":"scroll","background-type":"","background-media":"","overlay-type":"","overlay-color":"","overlay-opacity":"","overlay-gradient":""},"tablet":{"background-color":"var(--ast-global-color-5)","background-image":"","background-repeat":"repeat","background-position":"center center","background-size":"auto","background-attachment":"scroll","background-type":"","background-media":"","overlay-type":"","overlay-color":"","overlay-opacity":"","overlay-gradient":""},"mobile":{"background-color":"var(--ast-global-color-5)","background-image":"","background-repeat":"repeat","background-position":"center center","background-size":"auto","background-attachment":"scroll","background-type":"","background-media":"","overlay-type":"","overlay-color":"","overlay-opacity":"","overlay-gradient":""}}},"product_brand":[],"product_cat":[85,87],"product_tag":[412,413,410,414,411],"class_list":{"0":"post-6999","1":"product","2":"type-product","3":"status-publish","4":"has-post-thumbnail","6":"product_cat-wholesale-mens-shapewear","7":"product_cat-wholesale-men-control-panties","8":"product_tag-body-shaping","9":"product_tag-fitness","10":"product_tag-mens-shapewear","11":"product_tag-shaping-shorts","12":"product_tag-sports","13":"pa_color-black","14":"pa_size-4xl","15":"pa_size-5xl","16":"pa_size-6xl","17":"pa_size-l","18":"pa_size-m","19":"pa_size-s","20":"pa_size-xl","21":"pa_size-xxl","22":"pa_size-xxxl","23":"desktop-align-center","24":"tablet-align-left","25":"mobile-align-left","26":"ast-product-gallery-layout-horizontal-slider","27":"ast-product-single-variable","28":"ast-product-tabs-layout-horizontal","29":"ast-qv-on-image","31":"first","32":"instock","33":"shipping-taxable","34":"purchasable","35":"product-type-variable"},"tiered_pricing_type":"fixed","tiered_pricing_fixed_rules":{"2":8.69,"30":8.09,"500":6.79},"tiered_pricing_product_settings":{"layout":"default","base_unit_name":{"singular":null,"plural":null},"default_variation":{}},"tiered_pricing_minimum_quantity":null,"tiered_pricing_roles_data":[],"tiered_pricing_percentage_rules":[],"_links":{"self":[{"href":"https:\/\/yume-silm.com\/fr\/wp-json\/wp\/v2\/product\/6999","targetHints":{"allow":["GET"]}}],"collection":[{"href":"https:\/\/yume-silm.com\/fr\/wp-json\/wp\/v2\/product"}],"about":[{"href":"https:\/\/yume-silm.com\/fr\/wp-json\/wp\/v2\/types\/product"}],"replies":[{"embeddable":true,"href":"https:\/\/yume-silm.com\/fr\/wp-json\/wp\/v2\/comments?post=6999"}],"wp:featuredmedia":[{"embeddable":true,"href":"https:\/\/yume-silm.com\/fr\/wp-json\/wp\/v2\/media\/7016"}],"wp:attachment":[{"href":"https:\/\/yume-silm.com\/fr\/wp-json\/wp\/v2\/media?parent=6999"}],"wp:term":[{"taxonomy":"product_brand","embeddable":true,"href":"https:\/\/yume-silm.com\/fr\/wp-json\/wp\/v2\/product_brand?post=6999"},{"taxonomy":"product_cat","embeddable":true,"href":"https:\/\/yume-silm.com\/fr\/wp-json\/wp\/v2\/product_cat?post=6999"},{"taxonomy":"product_tag","embeddable":true,"href":"https:\/\/yume-silm.com\/fr\/wp-json\/wp\/v2\/product_tag?post=6999"}],"curies":[{"name":"wp","href":"https:\/\/api.w.org\/{rel}","templated":true}]}}