{"id":7017,"date":"2023-11-11T07:28:13","date_gmt":"2023-11-11T07:28:13","guid":{"rendered":"https:\/\/yume-silm.com\/?post_type=product&#038;p=7017"},"modified":"2024-05-11T05:54:11","modified_gmt":"2024-05-11T05:54:11","slug":"vente-en-gros-entraineur-de-taille-en-latex-double-couche-grande-taille-avec-fermeture-a-glissiere","status":"publish","type":"product","link":"https:\/\/yume-silm.com\/fr\/produit\/vente-en-gros-entraineur-de-taille-en-latex-double-couche-grande-taille-avec-fermeture-a-glissiere\/","title":{"rendered":"Entra\u00eeneur de taille en latex double couche en gros avec fermeture \u00e0 glissi\u00e8re"},"content":{"rendered":"<h5>Caract\u00e9ristiques de conception<\/h5>\n<ul>\n<li><strong>DOUBLE COMPRESSION POUR LE MISE EN FORME\u00a0:<\/strong> La couche int\u00e9rieure de l&#039;entra\u00eeneur de taille avec fermeture \u00e9clair est dot\u00e9e d&#039;une fermeture \u00e0 crochets et \u00e0 \u0153illets pour un ajustement facile afin de s&#039;adapter le plus pr\u00e8s possible \u00e0 votre silhouette. La couche ext\u00e9rieure de l&#039;entra\u00eeneur de taille avec fermeture \u00e9clair est con\u00e7ue avec une fermeture \u00e9clair pour obtenir une compression double couche, renfor\u00e7ant le soutien et aplatissant votre ventre rapidement.<\/li>\n<li><strong>CONFORTABLE ET RESPIRANT\u00a0:<\/strong> Le tendeur de taille pour femme comporte de petits trous partout, ce qui le rend confortable et respirant. M\u00eame lors d&#039;activit\u00e9s intenses, il maintient une bonne transpiration et est non collant. L&#039;entra\u00eeneur de taille est fait de latex de haute qualit\u00e9, \u00e0 la fois durable et \u00e9lastique pour bouger avec le corps et s&#039;adapte mieux \u00e0 la peau pour un confort maximal.<\/li>\n<li><strong>POSTURE AM\u00c9LIOR\u00c9E\u00a0:<\/strong> L&#039;entra\u00eeneur de taille en latex double couche grande taille avec fermeture \u00e9clair aide \u00e0 soutenir le dos et favorise une bonne posture, adapt\u00e9 \u00e0 porter pendant les entra\u00eenements ou les activit\u00e9s quotidiennes. Pendant ce temps, cet entra\u00eeneur de taille pour femmes vous aide \u00e0 affiner instantan\u00e9ment votre taille et contribue \u00e9galement \u00e0 la perte de poids.<\/li>\n<li><strong>TAILLE INCLUSIVE\u00a0:<\/strong> Corset d&#039;entra\u00eenement \u00e0 la taille, plusieurs tailles \u00e0 choisir comme vous le souhaitez. Ajout d&#039;une option pour les personnes de taille plus afin de garantir un port confortable et bien ajust\u00e9. Con\u00e7u pour les silhouettes courb\u00e9es, il accentue les courbes naturelles tout en offrant un soutien sup\u00e9rieur.<\/li>\n<li><strong>REMISES SUR LE VOLUME\u00a0:<\/strong> Achetez en gros et profitez de prix comp\u00e9titifs et de remises sur volume attrayantes pour maximiser les b\u00e9n\u00e9fices de votre entreprise.<\/li>\n<\/ul>\n<h6><em>Serre-taille modelant le corps pour femme<\/em><\/h6>\n<ul>\n<li>Notre entra\u00eeneur de taille r\u00e9volutionnaire en latex double couche grande taille avec fermeture \u00e9clair est un incontournable pour les grossistes qui souhaitent offrir des produits de modelage du corps de qualit\u00e9, confortables et efficaces. Parfait pour les formateurs de taille qui recherchent une combinaison de mode et de fonctionnalit\u00e9. Coupez instantan\u00e9ment votre taille et obtenez une taille plus fine.<\/li>\n<\/ul>","protected":false},"excerpt":{"rendered":"<p>Am\u00e9liorez votre collection de v\u00eatements gainants avec notre gaine amincissante en latex double couche avec fermeture \u00e9clair. Parfait pour les formateurs de taille qui recherchent une combinaison de mode et de fonctionnalit\u00e9. Coupez instantan\u00e9ment votre taille et ayez une taille plus fine.<\/p>","protected":false},"featured_media":7031,"comment_status":"open","ping_status":"closed","template":"","meta":{"site-sidebar-layout":"default","site-content-layout":"","ast-site-content-layout":"default","site-content-style":"default","site-sidebar-style":"default","ast-global-header-display":"","ast-banner-title-visibility":"","ast-main-header-display":"","ast-hfb-above-header-display":"","ast-hfb-below-header-display":"","ast-hfb-mobile-header-display":"","site-post-title":"","ast-breadcrumbs-content":"","ast-featured-img":"","footer-sml-layout":"","ast-disable-related-posts":"","theme-transparent-header-meta":"default","adv-header-id-meta":"","stick-header-meta":"default","header-above-stick-meta":"","header-main-stick-meta":"","header-below-stick-meta":"","astra-migrate-meta-layouts":"set","ast-page-background-enabled":"default","ast-page-background-meta":{"desktop":{"background-color":"","background-image":"","background-repeat":"repeat","background-position":"center center","background-size":"auto","background-attachment":"scroll","background-type":"","background-media":"","overlay-type":"","overlay-color":"","overlay-opacity":"","overlay-gradient":""},"tablet":{"background-color":"","background-image":"","background-repeat":"repeat","background-position":"center center","background-size":"auto","background-attachment":"scroll","background-type":"","background-media":"","overlay-type":"","overlay-color":"","overlay-opacity":"","overlay-gradient":""},"mobile":{"background-color":"","background-image":"","background-repeat":"repeat","background-position":"center center","background-size":"auto","background-attachment":"scroll","background-type":"","background-media":"","overlay-type":"","overlay-color":"","overlay-opacity":"","overlay-gradient":""}},"ast-content-background-meta":{"desktop":{"background-color":"var(--ast-global-color-5)","background-image":"","background-repeat":"repeat","background-position":"center center","background-size":"auto","background-attachment":"scroll","background-type":"","background-media":"","overlay-type":"","overlay-color":"","overlay-opacity":"","overlay-gradient":""},"tablet":{"background-color":"var(--ast-global-color-5)","background-image":"","background-repeat":"repeat","background-position":"center center","background-size":"auto","background-attachment":"scroll","background-type":"","background-media":"","overlay-type":"","overlay-color":"","overlay-opacity":"","overlay-gradient":""},"mobile":{"background-color":"var(--ast-global-color-5)","background-image":"","background-repeat":"repeat","background-position":"center center","background-size":"auto","background-attachment":"scroll","background-type":"","background-media":"","overlay-type":"","overlay-color":"","overlay-opacity":"","overlay-gradient":""}}},"product_brand":[],"product_cat":[90,93],"product_tag":[415,416,417,418,185],"class_list":{"0":"post-7017","1":"product","2":"type-product","3":"status-publish","4":"has-post-thumbnail","6":"product_cat-wholesale-waist-trainer","7":"product_cat-wholesale-plus-size-waist-trainer","8":"product_tag-lose-weight","9":"product_tag-shapewear","10":"product_tag-slim-fit","11":"product_tag-womens-waist-trainer","12":"product_tag-workout","13":"pa_color-beige","14":"pa_color-black","15":"pa_size-l","16":"pa_size-m","17":"pa_size-s","18":"pa_size-xl","19":"pa_size-xxl","20":"pa_size-xxxl","21":"desktop-align-center","22":"tablet-align-left","23":"mobile-align-left","24":"ast-product-gallery-layout-horizontal-slider","25":"ast-product-single-variable","26":"ast-product-tabs-layout-horizontal","27":"ast-qv-on-image","29":"first","30":"instock","31":"shipping-taxable","32":"purchasable","33":"product-type-variable"},"tiered_pricing_type":"fixed","tiered_pricing_fixed_rules":{"2":11.19,"30":10.19,"100":9.69},"tiered_pricing_product_settings":{"layout":"default","base_unit_name":{"singular":null,"plural":null},"default_variation":{}},"tiered_pricing_minimum_quantity":null,"tiered_pricing_roles_data":[],"tiered_pricing_percentage_rules":[],"_links":{"self":[{"href":"https:\/\/yume-silm.com\/fr\/wp-json\/wp\/v2\/product\/7017","targetHints":{"allow":["GET"]}}],"collection":[{"href":"https:\/\/yume-silm.com\/fr\/wp-json\/wp\/v2\/product"}],"about":[{"href":"https:\/\/yume-silm.com\/fr\/wp-json\/wp\/v2\/types\/product"}],"replies":[{"embeddable":true,"href":"https:\/\/yume-silm.com\/fr\/wp-json\/wp\/v2\/comments?post=7017"}],"wp:featuredmedia":[{"embeddable":true,"href":"https:\/\/yume-silm.com\/fr\/wp-json\/wp\/v2\/media\/7031"}],"wp:attachment":[{"href":"https:\/\/yume-silm.com\/fr\/wp-json\/wp\/v2\/media?parent=7017"}],"wp:term":[{"taxonomy":"product_brand","embeddable":true,"href":"https:\/\/yume-silm.com\/fr\/wp-json\/wp\/v2\/product_brand?post=7017"},{"taxonomy":"product_cat","embeddable":true,"href":"https:\/\/yume-silm.com\/fr\/wp-json\/wp\/v2\/product_cat?post=7017"},{"taxonomy":"product_tag","embeddable":true,"href":"https:\/\/yume-silm.com\/fr\/wp-json\/wp\/v2\/product_tag?post=7017"}],"curies":[{"name":"wp","href":"https:\/\/api.w.org\/{rel}","templated":true}]}}