{"id":7050,"date":"2023-11-11T09:23:43","date_gmt":"2023-11-11T09:23:43","guid":{"rendered":"https:\/\/yume-silm.com\/?post_type=product&#038;p=7050"},"modified":"2023-11-17T06:22:57","modified_gmt":"2023-11-17T06:22:57","slug":"vente-en-gros-culotte-de-modelage-du-corps-avec-bordure-en-dentelle","status":"publish","type":"product","link":"https:\/\/yume-silm.com\/fr\/produit\/vente-en-gros-culotte-de-modelage-du-corps-avec-bordure-en-dentelle\/","title":{"rendered":"Vente en gros de culotte fa\u00e7onnant le corps avec bordure en dentelle"},"content":{"rendered":"<h5>Caract\u00e9ristiques de conception<\/h5>\n<ul>\n<li>DENTELLE \u00c9L\u00c9GANTE\u00a0: Les d\u00e9tails d\u00e9licats de la bordure en dentelle sur le short gainant pour l&#039;abdominoplastie ajoutent une touche de douceur et de sophistication \u00e0 votre v\u00eatement gainant. Ajoute une touche de f\u00e9minit\u00e9 et rehausse la beaut\u00e9.<\/li>\n<li>LIFTING ET MISE EN FORME DES HANCHES: Les sous-v\u00eatements de lifting du ventre et des hanches peuvent soulever efficacement vos fesses et aplatir votre ventre. Fa\u00e7onnez facilement une silhouette attrayante et s\u00e9duisante. La conception des sous-v\u00eatements sans couture assure un look lisse sous n&#039;importe quelle tenue, gardant le porteur confiant et confortable tout au long de la journ\u00e9e.<\/li>\n<li>Coupe lisse : le short gainant taille moyenne est fabriqu\u00e9 dans un tissu de haute qualit\u00e9 qui est lisse, doux, extensible, durable et confortable \u00e0 porter toute la journ\u00e9e. La conception anti-boucles des sous-v\u00eatements gainants garantit que la culotte restera en place.<\/li>\n<li>RECEVEZ LA CONFIANCE\u00a0: Ces culottes liftantes pour femmes sont bien con\u00e7ues avec un effet de modelage cibl\u00e9 pour accentuer les courbes naturelles, am\u00e9liorer instantan\u00e9ment les courbes et fournir un effet liftant subtil. Porter une culotte gainante avec bordure en dentelle sous des robes et des jeans lors de mariages, f\u00eates, danses et autres \u00e9v\u00e9nements sociaux vous rendra plus belle et plus confiante.<\/li>\n<\/ul>\n<h6><em>Culotte sexy en dentelle pour femmes, lifting des hanches, abdominoplastie<\/em><\/h6>\n<ul>\n<li>Notre prix de gros exclusif et comp\u00e9titif sur ces sous-v\u00eatements shapewear en dentelle pour femmes vous permet de fournir \u00e0 vos clients des produits recherch\u00e9s de haute qualit\u00e9 tout en maximisant les profits.<\/li>\n<li>Notre culotte gainante gainante avec bordure en dentelle est le meilleur choix pour les grossistes qui souhaitent offrir des sous-v\u00eatements gainants de haute qualit\u00e9, \u00e0 la mode et fonctionnels. C&#039;est la solution de modelage du corps id\u00e9ale pour les clients en qu\u00eate de confort et d&#039;\u00e9l\u00e9gance. Commandez d\u00e8s maintenant pour offrir la combinaison parfaite entre praticit\u00e9 et mode !<\/li>\n<\/ul>","protected":false},"excerpt":{"rendered":"<p>Envie d&#039;\u00e9l\u00e9gance et de confiance ? Am\u00e9liorez votre silhouette avec notre culotte gainante avec bordure en dentelle. Con\u00e7ues pour fa\u00e7onner et mettre en valeur vos courbes, ces culottes offrent le m\u00e9lange parfait de confort, de style et de confiance.<\/p>","protected":false},"featured_media":7069,"comment_status":"open","ping_status":"closed","template":"","meta":{"site-sidebar-layout":"default","site-content-layout":"","ast-site-content-layout":"default","site-content-style":"default","site-sidebar-style":"default","ast-global-header-display":"","ast-banner-title-visibility":"","ast-main-header-display":"","ast-hfb-above-header-display":"","ast-hfb-below-header-display":"","ast-hfb-mobile-header-display":"","site-post-title":"","ast-breadcrumbs-content":"","ast-featured-img":"","footer-sml-layout":"","ast-disable-related-posts":"","theme-transparent-header-meta":"default","adv-header-id-meta":"","stick-header-meta":"default","header-above-stick-meta":"","header-main-stick-meta":"","header-below-stick-meta":"","astra-migrate-meta-layouts":"set","ast-page-background-enabled":"default","ast-page-background-meta":{"desktop":{"background-color":"","background-image":"","background-repeat":"repeat","background-position":"center center","background-size":"auto","background-attachment":"scroll","background-type":"","background-media":"","overlay-type":"","overlay-color":"","overlay-opacity":"","overlay-gradient":""},"tablet":{"background-color":"","background-image":"","background-repeat":"repeat","background-position":"center center","background-size":"auto","background-attachment":"scroll","background-type":"","background-media":"","overlay-type":"","overlay-color":"","overlay-opacity":"","overlay-gradient":""},"mobile":{"background-color":"","background-image":"","background-repeat":"repeat","background-position":"center center","background-size":"auto","background-attachment":"scroll","background-type":"","background-media":"","overlay-type":"","overlay-color":"","overlay-opacity":"","overlay-gradient":""}},"ast-content-background-meta":{"desktop":{"background-color":"var(--ast-global-color-5)","background-image":"","background-repeat":"repeat","background-position":"center center","background-size":"auto","background-attachment":"scroll","background-type":"","background-media":"","overlay-type":"","overlay-color":"","overlay-opacity":"","overlay-gradient":""},"tablet":{"background-color":"var(--ast-global-color-5)","background-image":"","background-repeat":"repeat","background-position":"center center","background-size":"auto","background-attachment":"scroll","background-type":"","background-media":"","overlay-type":"","overlay-color":"","overlay-opacity":"","overlay-gradient":""},"mobile":{"background-color":"var(--ast-global-color-5)","background-image":"","background-repeat":"repeat","background-position":"center center","background-size":"auto","background-attachment":"scroll","background-type":"","background-media":"","overlay-type":"","overlay-color":"","overlay-opacity":"","overlay-gradient":""}}},"product_brand":[],"product_cat":[77,80],"product_tag":[423,416,396],"class_list":{"0":"post-7050","1":"product","2":"type-product","3":"status-publish","4":"has-post-thumbnail","6":"product_cat-wholesale-womens-shapewear","7":"product_cat-wholesale-butt-lift-underwear","8":"product_tag-hip-lifting-panties","9":"product_tag-shapewear","10":"product_tag-womens-underwear","11":"pa_color-beige","12":"pa_color-black","13":"pa_size-l","14":"pa_size-m","15":"pa_size-s","16":"pa_size-xl","17":"pa_size-xxl","18":"pa_size-xxxl","19":"desktop-align-center","20":"tablet-align-left","21":"mobile-align-left","22":"ast-product-gallery-layout-horizontal-slider","23":"ast-product-single-variable","24":"ast-product-tabs-layout-horizontal","25":"ast-qv-on-image","27":"first","28":"instock","29":"shipping-taxable","30":"purchasable","31":"product-type-variable"},"tiered_pricing_type":"fixed","tiered_pricing_fixed_rules":{"2":8.99,"50":8.69,"300":7.99},"tiered_pricing_product_settings":{"layout":"default","base_unit_name":{"singular":null,"plural":null},"default_variation":null},"tiered_pricing_minimum_quantity":null,"tiered_pricing_roles_data":[],"tiered_pricing_percentage_rules":[],"_links":{"self":[{"href":"https:\/\/yume-silm.com\/fr\/wp-json\/wp\/v2\/product\/7050","targetHints":{"allow":["GET"]}}],"collection":[{"href":"https:\/\/yume-silm.com\/fr\/wp-json\/wp\/v2\/product"}],"about":[{"href":"https:\/\/yume-silm.com\/fr\/wp-json\/wp\/v2\/types\/product"}],"replies":[{"embeddable":true,"href":"https:\/\/yume-silm.com\/fr\/wp-json\/wp\/v2\/comments?post=7050"}],"wp:featuredmedia":[{"embeddable":true,"href":"https:\/\/yume-silm.com\/fr\/wp-json\/wp\/v2\/media\/7069"}],"wp:attachment":[{"href":"https:\/\/yume-silm.com\/fr\/wp-json\/wp\/v2\/media?parent=7050"}],"wp:term":[{"taxonomy":"product_brand","embeddable":true,"href":"https:\/\/yume-silm.com\/fr\/wp-json\/wp\/v2\/product_brand?post=7050"},{"taxonomy":"product_cat","embeddable":true,"href":"https:\/\/yume-silm.com\/fr\/wp-json\/wp\/v2\/product_cat?post=7050"},{"taxonomy":"product_tag","embeddable":true,"href":"https:\/\/yume-silm.com\/fr\/wp-json\/wp\/v2\/product_tag?post=7050"}],"curies":[{"name":"wp","href":"https:\/\/api.w.org\/{rel}","templated":true}]}}