{"id":7172,"date":"2023-11-30T06:19:20","date_gmt":"2023-11-30T06:19:20","guid":{"rendered":"https:\/\/yume-silm.com\/?post_type=product&#038;p=7172"},"modified":"2024-05-09T02:58:26","modified_gmt":"2024-05-09T02:58:26","slug":"body-shapewear-en-dentelle-grande-taille-pour-femme","status":"publish","type":"product","link":"https:\/\/yume-silm.com\/fr\/produit\/body-shapewear-en-dentelle-grande-taille-pour-femme\/","title":{"rendered":"Vente en gros Body Shapewear Grande Taille en Dentelle pour Femmes"},"content":{"rendered":"<h5>Caract\u00e9ristiques de conception<\/h5>\n<ul>\n<li><strong>DENTELLE:<\/strong> Nos superbes collants gainants en dentelle rehaussent et accentuent facilement la beaut\u00e9 des courbes du buste, des hanches et du ventre. Renforcez votre confiance tout en profitant d&#039;un confort ultime et d&#039;une \u00e9l\u00e9gance \u00e9l\u00e9gante.<\/li>\n<li><strong>Sangles bidirectionnelles\u00a0:<\/strong> Notre shapewear a des bretelles qui permettent un port bidirectionnel. Vous offrir un ajustement personnalis\u00e9, concevoir la fa\u00e7on dont vous le portez au quotidien avec votre humeur, plein de design et d&#039;esth\u00e9tique. Soyez votre propre designer\u00a0!<\/li>\n<li><strong>CONFORTABLE ET L\u00c9GER\u00a0:<\/strong> Le shapewear est fabriqu\u00e9 en polyester de haute qualit\u00e9, l\u00e9ger et respirant, extensible et serr\u00e9. Il n&#039;y a aucune sensation de compression ou de liaison, profitez d&#039;un confort ultime. Vous vous sentirez frais et confortable de jour comme de nuit.<\/li>\n<li><strong>PLUSIEURS TAILLES\u00a0:<\/strong> Nos v\u00eatements gainants sont disponibles dans une vari\u00e9t\u00e9 de tailles parmi lesquelles vous pouvez choisir. M\u00eame dans des formats tr\u00e8s grands, nous pouvons facilement r\u00e9pondre \u00e0 vos besoins. C&#039;est facile de trouver votre taille !<\/li>\n<li><strong>Tendance et polyvalent :<\/strong> Poss\u00e9dez l&#039;une de nos combinaisons shapewear et b\u00e9n\u00e9ficiez de l&#039;\u00e9l\u00e9gance et du confort de la porter en m\u00eame temps. Embrassez votre silhouette, sentez-vous mieux et ayez confiance en vous \u00e0 chaque \u00e9tape du processus. Que vous le portiez comme sous-couche pour votre robe de mari\u00e9e ou seul, avec un jean, etc., ce body shapewear en dentelle grande taille r\u00e9pondra \u00e0 vos besoins de mode polyvalents.<\/li>\n<\/ul>\n<h6><em>Body gainant pour femme<\/em><\/h6>\n<ul>\n<li>Faites preuve de confiance et d&#039;\u00e9l\u00e9gance avec notre body shapewear en dentelle grande taille \u2013 un m\u00e9lange harmonieux de style et de maintien galbant. Embrassez vos courbes, affichez votre confiance et savourez la beaut\u00e9 de votre silhouette, \u00e9l\u00e9gamment mise en valeur par cette pi\u00e8ce exquise.<\/li>\n<\/ul>","protected":false},"excerpt":{"rendered":"<p>Vous vous demandez toujours quel type de lingerie shapewear choisir ? Choisissez nos bodys shapewear en dentelle grande taille pour un confort physique et un style ultimes, fa\u00e7onnant et \u00e9pousant instantan\u00e9ment les courbes naturelles de votre corps\u00a0!<\/p>","protected":false},"featured_media":7173,"comment_status":"open","ping_status":"closed","template":"","meta":{"site-sidebar-layout":"default","site-content-layout":"","ast-site-content-layout":"default","site-content-style":"default","site-sidebar-style":"default","ast-global-header-display":"","ast-banner-title-visibility":"","ast-main-header-display":"","ast-hfb-above-header-display":"","ast-hfb-below-header-display":"","ast-hfb-mobile-header-display":"","site-post-title":"","ast-breadcrumbs-content":"","ast-featured-img":"","footer-sml-layout":"","ast-disable-related-posts":"","theme-transparent-header-meta":"default","adv-header-id-meta":"","stick-header-meta":"default","header-above-stick-meta":"","header-main-stick-meta":"","header-below-stick-meta":"","astra-migrate-meta-layouts":"set","ast-page-background-enabled":"default","ast-page-background-meta":{"desktop":{"background-color":"","background-image":"","background-repeat":"repeat","background-position":"center center","background-size":"auto","background-attachment":"scroll","background-type":"","background-media":"","overlay-type":"","overlay-color":"","overlay-opacity":"","overlay-gradient":""},"tablet":{"background-color":"","background-image":"","background-repeat":"repeat","background-position":"center center","background-size":"auto","background-attachment":"scroll","background-type":"","background-media":"","overlay-type":"","overlay-color":"","overlay-opacity":"","overlay-gradient":""},"mobile":{"background-color":"","background-image":"","background-repeat":"repeat","background-position":"center center","background-size":"auto","background-attachment":"scroll","background-type":"","background-media":"","overlay-type":"","overlay-color":"","overlay-opacity":"","overlay-gradient":""}},"ast-content-background-meta":{"desktop":{"background-color":"var(--ast-global-color-5)","background-image":"","background-repeat":"repeat","background-position":"center center","background-size":"auto","background-attachment":"scroll","background-type":"","background-media":"","overlay-type":"","overlay-color":"","overlay-opacity":"","overlay-gradient":""},"tablet":{"background-color":"var(--ast-global-color-5)","background-image":"","background-repeat":"repeat","background-position":"center center","background-size":"auto","background-attachment":"scroll","background-type":"","background-media":"","overlay-type":"","overlay-color":"","overlay-opacity":"","overlay-gradient":""},"mobile":{"background-color":"var(--ast-global-color-5)","background-image":"","background-repeat":"repeat","background-position":"center center","background-size":"auto","background-attachment":"scroll","background-type":"","background-media":"","overlay-type":"","overlay-color":"","overlay-opacity":"","overlay-gradient":""}}},"product_brand":[],"product_cat":[65,77,82],"product_tag":[442,441,443,444],"class_list":{"0":"post-7172","1":"product","2":"type-product","3":"status-publish","4":"has-post-thumbnail","6":"product_cat-best-sellers","7":"product_cat-wholesale-womens-shapewear","8":"product_cat-wholesale-shapewear-bodysuit","9":"product_tag-plus-size-shapewear","10":"product_tag-shapewear-bodysuits","11":"product_tag-shapewear-wholesale","12":"product_tag-womens-shapewear","13":"pa_color-beige-with-lace","14":"pa_color-black-with-lace","15":"pa_size-4xl","16":"pa_size-l","17":"pa_size-m","18":"pa_size-s","19":"pa_size-xl","20":"pa_size-xxl","21":"pa_size-xxxl","22":"desktop-align-center","23":"tablet-align-left","24":"mobile-align-left","25":"ast-product-gallery-layout-horizontal-slider","26":"ast-product-single-variable","27":"ast-product-tabs-layout-horizontal","28":"ast-qv-on-image","30":"first","31":"instock","32":"shipping-taxable","33":"purchasable","34":"product-type-variable"},"tiered_pricing_type":"fixed","tiered_pricing_fixed_rules":{"2":9.85,"50":8.6,"100":7.4},"tiered_pricing_product_settings":{"layout":"default","base_unit_name":{"singular":null,"plural":null},"default_variation":null},"tiered_pricing_minimum_quantity":null,"tiered_pricing_roles_data":[],"tiered_pricing_percentage_rules":[],"_links":{"self":[{"href":"https:\/\/yume-silm.com\/fr\/wp-json\/wp\/v2\/product\/7172","targetHints":{"allow":["GET"]}}],"collection":[{"href":"https:\/\/yume-silm.com\/fr\/wp-json\/wp\/v2\/product"}],"about":[{"href":"https:\/\/yume-silm.com\/fr\/wp-json\/wp\/v2\/types\/product"}],"replies":[{"embeddable":true,"href":"https:\/\/yume-silm.com\/fr\/wp-json\/wp\/v2\/comments?post=7172"}],"wp:featuredmedia":[{"embeddable":true,"href":"https:\/\/yume-silm.com\/fr\/wp-json\/wp\/v2\/media\/7173"}],"wp:attachment":[{"href":"https:\/\/yume-silm.com\/fr\/wp-json\/wp\/v2\/media?parent=7172"}],"wp:term":[{"taxonomy":"product_brand","embeddable":true,"href":"https:\/\/yume-silm.com\/fr\/wp-json\/wp\/v2\/product_brand?post=7172"},{"taxonomy":"product_cat","embeddable":true,"href":"https:\/\/yume-silm.com\/fr\/wp-json\/wp\/v2\/product_cat?post=7172"},{"taxonomy":"product_tag","embeddable":true,"href":"https:\/\/yume-silm.com\/fr\/wp-json\/wp\/v2\/product_tag?post=7172"}],"curies":[{"name":"wp","href":"https:\/\/api.w.org\/{rel}","templated":true}]}}