{"id":7346,"date":"2023-12-26T05:54:52","date_gmt":"2023-12-26T05:54:52","guid":{"rendered":"https:\/\/yume-silm.com\/?post_type=product&#038;p=7346"},"modified":"2025-06-24T02:20:29","modified_gmt":"2025-06-24T02:20:29","slug":"chemise-de-compression-gilet-amincissant-sans-manches","status":"publish","type":"product","link":"https:\/\/yume-silm.com\/fr\/produit\/chemise-de-compression-gilet-amincissant-sans-manches\/","title":{"rendered":"Chemise de compression pour hommes, gilet amincissant sans manches"},"content":{"rendered":"<h5>Caract\u00e9ristiques de conception<\/h5>\n<ul>\n<li data-slate-node=\"element\"><span data-slate-node=\"text\"><span class=\"181\" data-slate-leaf=\"true\"><strong>FORME PARFAITE DU CORPS\u00a0:<\/strong> Le d\u00e9bardeur de gyn\u00e9comastie utilise une technologie avanc\u00e9e de compression sans couture pour vous donner instantan\u00e9ment des lignes plus pro\u00e9minentes et une apparence plus confiante. <\/span><\/span><span data-slate-node=\"text\"><span class=\"182\" data-slate-leaf=\"true\">Qu&#039;il s&#039;agisse de fa\u00e7onner votre ventre ou d&#039;am\u00e9liorer votre posture, cela fait des merveilles.<\/span><\/span><\/li>\n<li data-slate-node=\"element\"><span data-slate-node=\"text\"><span class=\"201\" data-slate-leaf=\"true\"><strong>AJUSTEMENT CONFORTABLE\u00a0:<\/strong> Ne supportez pas l&#039;inconfort d&#039;essayer de modeler votre corps\u00a0! <\/span><\/span><span data-slate-node=\"text\"><span class=\"202\" data-slate-leaf=\"true\">Nos v\u00eatements gainants plus minces avec contr\u00f4le du ventre sont fabriqu\u00e9s \u00e0 partir de tissus doux de haute qualit\u00e9 qui s&#039;adaptent parfaitement \u00e0 la peau tout en restant respirants, vous permettant de les porter facilement.<\/span><\/span><\/li>\n<li data-slate-node=\"element\"><span data-slate-node=\"text\"><span class=\"221\" data-slate-leaf=\"true\"><strong>INVISIBLE ET SANS TRACE\u00a0:<\/strong> M\u00eame au travail, pendant le sport ou au quotidien, les d\u00e9bardeurs shapewear s&#039;adaptent \u00e0 votre corps de mani\u00e8re invisible et parfaite, vous permettant de vous sentir \u00e0 l&#039;aise dans toutes sortes de tenues sans laisser de trace.<\/span><\/span><\/li>\n<li data-slate-node=\"element\"><span data-slate-node=\"text\"><span class=\"241\" data-slate-leaf=\"true\"><strong>ASSORTIMENT POLYVALENT\u00a0:<\/strong> Le style simple du gilet amincissant sans manches pour chemise de compression pour hommes est facile \u00e0 assortir et peut \u00eatre port\u00e9 non seulement comme sous-v\u00eatement mais aussi ind\u00e9pendamment comme v\u00eatement d&#039;ext\u00e9rieur. <\/span><\/span><span data-slate-node=\"text\"><span class=\"242\" data-slate-leaf=\"true\">Que vous l&#039;associiez \u00e0 un costume ou \u00e0 une tenue d\u00e9contract\u00e9e, il ajoutera de la valeur \u00e0 votre look.<\/span><\/span><\/li>\n<li data-slate-node=\"element\"><span data-slate-node=\"text\"><span class=\"261\" data-slate-leaf=\"true\"><strong>CORRECTIONNEL ET DURABLE\u00a0:<\/strong> Le meilleur shapewear pour hommes est con\u00e7u avec une ergonomie crois\u00e9e pour obtenir une correction du dos. <\/span><\/span><span data-slate-node=\"text\"><span class=\"262\" data-slate-leaf=\"true\">\u00c9galement fabriqu\u00e9 dans un mat\u00e9riau r\u00e9sistant \u00e0 l&#039;usure, il est durable et difficile \u00e0 d\u00e9former ou \u00e0 d\u00e9colorer, vous permettant ainsi de profiter longtemps de l&#039;effet modelant et du confort.<\/span><\/span><\/li>\n<\/ul>\n<h6 data-slate-node=\"element\"><em>Chemise de compression sans couture pour hommes avec contr\u00f4le du ventre<\/em><\/h6>\n<ul>\n<li data-slate-node=\"element\" data-slate-fragment=\"JTVCJTdCJTIydHlwZSUyMiUzQSUyMnBhcmFncmFwaCUyMiUyQyUyMmNoaWxkcmVuJTIyJTNBJTVCJTdCJTIydGV4dCUyMiUzQSUyMlBFUkZFQ1QlMjBCT0RZJTIwU0hBUElORyUzQSUyMFRoZSUyMGd5bmVjb21hc3RpYSUyMHVuZGVyc2hpcnQlMjB0YW5rJTIwdG9wJTIwdXRpbGl6ZXMlMjBhZHZhbmNlZCUyMHNlYW1sZXNzJTIwY29tcHJlc3Npb24lMjB0ZWNobm9sb2d5JTIwdG8lMjBnaXZlJTIweW91JTIwaW5zdGFudGx5JTIwbW9yZSUyMHByb21pbmVudCUyMGxpbmVzJTIwYW5kJTIwYSUyMG1vcmUlMjBjb25maWRlbnQlMjBhcHBlYXJhbmNlLiUyMCUyMiUyQyUyMnNlbnRlbmNlJTIyJTNBMTglMkMlMjJjaGlsZFNlbnRlbmNlJTIyJTNBMSU3RCUyQyU3QiUyMnRleHQlMjIlM0ElMjJXaGV0aGVyJTIwaXQncyUyMHNoYXBpbmclMjB5b3VyJTIwdHVtbXklMjBvciUyMGltcHJvdmluZyUyMHlvdXIlMjBwb3N0dXJlJTJDJTIwaXQlMjB3b3JrcyUyMHdvbmRlcnMuJTIyJTJDJTIyc2VudGVuY2UlMjIlM0ExOCUyQyUyMmNoaWxkU2VudGVuY2UlMjIlM0EyJTdEJTVEJTdEJTJDJTdCJTIydHlwZSUyMiUzQSUyMnBhcmFncmFwaCUyMiUyQyUyMmNoaWxkcmVuJTIyJTNBJTVCJTdCJTIydGV4dCUyMiUzQSUyMiUyMiUyQyUyMnNlbnRlbmNlJTIyJTNBMTklMkMlMjJjaGlsZFNlbnRlbmNlJTIyJTNBMSU3RCU1RCU3RCUyQyU3QiUyMnR5cGUlMjIlM0ElMjJwYXJhZ3JhcGglMjIlMkMlMjJjaGlsZHJlbiUyMiUzQSU1QiU3QiUyMnRleHQlMjIlM0ElMjJDT01GT1JUQUJMRSUyMEZJVCUzQSUyMERvbid0JTIwcHV0JTIwdXAlMjB3aXRoJTIwdGhlJTIwZGlzY29tZm9ydCUyMG9mJTIwdHJ5aW5nJTIwdG8lMjBzaGFwZSUyMHlvdXIlMjBib2R5ISUyMCUyMiUyQyUyMnNlbnRlbmNlJTIyJTNBMjAlMkMlMjJjaGlsZFNlbnRlbmNlJTIyJTNBMSU3RCUyQyU3QiUyMnRleHQlMjIlM0ElMjJPdXIlMjBib2R5JTIwc2xpbW1lciUyMHNoYXBld2VhciUyMHdpdGglMjB0dW1teSUyMGNvbnRyb2wlMjBhcmUlMjBtYWRlJTIwb2YlMjBoaWdoJTIwcXVhbGl0eSUyMHNvZnQlMjBmYWJyaWNzJTIwdGhhdCUyMGZpdCUyMHBlcmZlY3RseSUyMGFnYWluc3QlMjB0aGUlMjBza2luJTIwd2hpbGUlMjByZW1haW5pbmclMjBicmVhdGhhYmxlJTJDJTIwYWxsb3dpbmclMjB5b3UlMjB0byUyMHdlYXIlMjB0aGVtJTIwd2l0aCUyMGVhc2UuJTIyJTJDJTIyc2VudGVuY2UlMjIlM0EyMCUyQyUyMmNoaWxkU2VudGVuY2UlMjIlM0EyJTdEJTVEJTdEJTJDJTdCJTIydHlwZSUyMiUzQSUyMnBhcmFncmFwaCUyMiUyQyUyMmNoaWxkcmVuJTIyJTNBJTVCJTdCJTIydGV4dCUyMiUzQSUyMiUyMiUyQyUyMnNlbnRlbmNlJTIyJTNBMjElMkMlMjJjaGlsZFNlbnRlbmNlJTIyJTNBMSU3RCU1RCU3RCUyQyU3QiUyMnR5cGUlMjIlM0ElMjJwYXJhZ3JhcGglMjIlMkMlMjJjaGlsZHJlbiUyMiUzQSU1QiU3QiUyMnRleHQlMjIlM0ElMjJJTlZJU0lCTEUlMjBBTkQlMjBUUkFDRS1GUkVFJTNBJTIwRXZlbiUyMGF0JTIwd29yayUyQyUyMGR1cmluZyUyMHNwb3J0cyUyMG9yJTIwaW4lMjBldmVyeWRheSUyMGxpZmUlMkMlMjB0aGUlMjBzaGFwZXdlYXIlMjB0YW5rJTIwdG9wcyUyMGZpdCUyMHlvdXIlMjBib2R5JTIwaW52aXNpYmx5JTIwYW5kJTIwcGVyZmVjdGx5JTJDJTIwYWxsb3dpbmclMjB5b3UlMjB0byUyMGZlZWwlMjBjb21mb3J0YWJsZSUyMGluJTIwYWxsJTIwa2luZHMlMjBvZiUyMG91dGZpdHMlMjB3aXRob3V0JTIwYSUyMHRyYWNlLiUyMiUyQyUyMnNlbnRlbmNlJTIyJTNBMjIlMkMlMjJjaGlsZFNlbnRlbmNlJTIyJTNBMSU3RCU1RCU3RCUyQyU3QiUyMnR5cGUlMjIlM0ElMjJwYXJhZ3JhcGglMjIlMkMlMjJjaGlsZHJlbiUyMiUzQSU1QiU3QiUyMnRleHQlMjIlM0ElMjIlMjIlMkMlMjJzZW50ZW5jZSUyMiUzQTIzJTJDJTIyY2hpbGRTZW50ZW5jZSUyMiUzQTElN0QlNUQlN0QlMkMlN0IlMjJ0eXBlJTIyJTNBJTIycGFyYWdyYXBoJTIyJTJDJTIyY2hpbGRyZW4lMjIlM0ElNUIlN0IlMjJ0ZXh0JTIyJTNBJTIyVkVSU0FUSUxFJTIwTUFUQ0hJTkclM0ElMjBUaGUlMjBzaW1wbGUlMjBzdHlsZSUyMG9mJTIwdGhlJTIwbWVuJ3MlMjBzbGltbWluZyUyMHNoYXBld2VhciUyMHZlc3QlMjBpcyUyMGVhc3klMjB0byUyMG1hdGNoJTIwYW5kJTIwY2FuJTIwYmUlMjB3b3JuJTIwbm90JTIwb25seSUyMGFzJTIwYW4lMjB1bmRlcndlYXIlMjBidXQlMjBhbHNvJTIwaW5kZXBlbmRlbnRseSUyMGFzJTIwYW4lMjBvdXRlcndlYXIuJTIwJTIyJTJDJTIyc2VudGVuY2UlMjIlM0EyNCUyQyUyMmNoaWxkU2VudGVuY2UlMjIlM0ExJTdEJTJDJTdCJTIydGV4dCUyMiUzQSUyMldoZXRoZXIlMjB5b3UlMjBwYWlyJTIwaXQlMjB3aXRoJTIwYSUyMHN1aXQlMjBvciUyMGNhc3VhbCUyMHdlYXIlMkMlMjBpdCUyMHdpbGwlMjBhZGQlMjB0byUyMHlvdXIlMjBsb29rLiUyMiUyQyUyMnNlbnRlbmNlJTIyJTNBMjQlMkMlMjJjaGlsZFNlbnRlbmNlJTIyJTNBMiU3RCU1RCU3RCUyQyU3QiUyMnR5cGUlMjIlM0ElMjJwYXJhZ3JhcGglMjIlMkMlMjJjaGlsZHJlbiUyMiUzQSU1QiU3QiUyMnRleHQlMjIlM0ElMjIlMjIlMkMlMjJzZW50ZW5jZSUyMiUzQTI1JTJDJTIyY2hpbGRTZW50ZW5jZSUyMiUzQTElN0QlNUQlN0QlMkMlN0IlMjJ0eXBlJTIyJTNBJTIycGFyYWdyYXBoJTIyJTJDJTIyY2hpbGRyZW4lMjIlM0ElNUIlN0IlMjJ0ZXh0JTIyJTNBJTIyQ09SUkVDVElPTkFMJTIwQU5EJTIwRFVSQUJMRSUzQSUyMFRoZSUyMGJlc3QlMjBzaGFwZXdlYXIlMjBmb3IlMjBtZW4lMjBpcyUyMGRlc2lnbmVkJTIwd2l0aCUyMGNyb3Nzb3ZlciUyMGVyZ29ub21pY3MlMjB0byUyMGFjaGlldmUlMjBiYWNrJTIwY29ycmVjdGlvbi4lMjAlMjIlMkMlMjJzZW50ZW5jZSUyMiUzQTI2JTJDJTIyY2hpbGRTZW50ZW5jZSUyMiUzQTElN0QlMkMlN0IlMjJ0ZXh0JTIyJTNBJTIyQWxzbyUyMG1hZGUlMjBvZiUyMHdlYXItcmVzaXN0YW50JTIwbWF0ZXJpYWwlMkMlMjBpdCUyMGlzJTIwZHVyYWJsZSUyMGFuZCUyMG5vdCUyMGVhc3klMjB0byUyMGRlZm9ybSUyMG9yJTIwZmFkZSUyQyUyMHNvJTIweW91JTIwY2FuJTIwZW5qb3klMjB0aGUlMjBzaGFwaW5nJTIwZWZmZWN0JTIwYW5kJTIwY29tZm9ydCUyMGZvciUyMGElMjBsb25nJTIwdGltZS4lMjIlMkMlMjJzZW50ZW5jZSUyMiUzQTI2JTJDJTIyY2hpbGRTZW50ZW5jZSUyMiUzQTIlN0QlNUQlN0QlMkMlN0IlMjJ0eXBlJTIyJTNBJTIycGFyYWdyYXBoJTIyJTJDJTIyY2hpbGRyZW4lMjIlM0ElNUIlN0IlMjJ0ZXh0JTIyJTNBJTIyJTIyJTJDJTIyc2VudGVuY2UlMjIlM0EyNyUyQyUyMmNoaWxkU2VudGVuY2UlMjIlM0ExJTdEJTVEJTdEJTJDJTdCJTIydHlwZSUyMiUzQSUyMnBhcmFncmFwaCUyMiUyQyUyMmNoaWxkcmVuJTIyJTNBJTVCJTdCJTIydGV4dCUyMiUzQSUyMk1lbidzJTIwY29tcHJlc3Npb24lMjBzaGlydCUyMHNsZWV2ZWxlc3MlMjBzbGltbWluZyUyMHZlc3QlMjBpcyUyMGElMjBtdXN0LWhhdmUlMjBmYXNoaW9uYWJsZSUyMGJvZHklMjBzaGFwaW5nJTIwdG9vbCUyMGZvciUyMG1vZGVybiUyMG1lbi4lMjAlMjIlMkMlMjJzZW50ZW5jZSUyMiUzQTI4JTJDJTIyY2hpbGRTZW50ZW5jZSUyMiUzQTElN0QlMkMlN0IlMjJ0ZXh0JTIyJTNBJTIySXQlMjBhbGxvd3MlMjB5b3UlMjB0byUyMGV4dWRlJTIwY29uZmlkZW5jZSUyMGFuZCUyMHNoYXBlJTIweW91ciUyMHBlcmZlY3QlMjBib2R5JTIwaW4lMjBhbnklMjBvY2Nhc2lvbi4lMjAlMjIlMkMlMjJzZW50ZW5jZSUyMiUzQTI4JTJDJTIyY2hpbGRTZW50ZW5jZSUyMiUzQTIlN0QlMkMlN0IlMjJ0ZXh0JTIyJTNBJTIySHVycnklMjB1cCUyMHRvJTIwZXhwZXJpZW5jZSUyMGl0cyUyMGFtYXppbmclMjBlZmZlY3QhJTIyJTJDJTIyc2VudGVuY2UlMjIlM0EyOCUyQyUyMmNoaWxkU2VudGVuY2UlMjIlM0EzJTdEJTVEJTdEJTVE\"><span data-slate-node=\"text\"><span class=\"281\" data-slate-leaf=\"true\">Le gilet amincissant sans manches pour chemise de compression pour hommes est un outil de mise en forme du corps \u00e0 la mode incontournable pour les hommes modernes. <\/span><\/span><span data-slate-node=\"text\"><span class=\"282\" data-slate-leaf=\"true\">Il vous permet de respirer la confiance et de fa\u00e7onner votre corps parfait en toute occasion. <\/span><\/span><span data-slate-node=\"text\"><span class=\"283\" data-slate-leaf=\"true\">D\u00e9p\u00eachez-vous de d\u00e9couvrir son effet incroyable\u00a0!<\/span><\/span><\/li>\n<\/ul>","protected":false},"excerpt":{"rendered":"<p>Portez ce gilet amincissant sans manches avec ses caract\u00e9ristiques respirantes et de compression qui aplatiront votre poitrine et votre ventre. Le support dorsal aide votre dos et votre posture g\u00e9n\u00e9rale, les chemises de compression \u00ab seins d&#039;homme \u00bb aident \u00e0 perdre du poids et \u00e0 br\u00fbler les graisses.<\/p>","protected":false},"featured_media":7357,"comment_status":"open","ping_status":"closed","template":"","meta":{"site-sidebar-layout":"default","site-content-layout":"","ast-site-content-layout":"default","site-content-style":"default","site-sidebar-style":"default","ast-global-header-display":"","ast-banner-title-visibility":"","ast-main-header-display":"","ast-hfb-above-header-display":"","ast-hfb-below-header-display":"","ast-hfb-mobile-header-display":"","site-post-title":"","ast-breadcrumbs-content":"","ast-featured-img":"","footer-sml-layout":"","ast-disable-related-posts":"","theme-transparent-header-meta":"default","adv-header-id-meta":"","stick-header-meta":"default","header-above-stick-meta":"","header-main-stick-meta":"","header-below-stick-meta":"","astra-migrate-meta-layouts":"set","ast-page-background-enabled":"default","ast-page-background-meta":{"desktop":{"background-color":"","background-image":"","background-repeat":"repeat","background-position":"center center","background-size":"auto","background-attachment":"scroll","background-type":"","background-media":"","overlay-type":"","overlay-color":"","overlay-opacity":"","overlay-gradient":""},"tablet":{"background-color":"","background-image":"","background-repeat":"repeat","background-position":"center center","background-size":"auto","background-attachment":"scroll","background-type":"","background-media":"","overlay-type":"","overlay-color":"","overlay-opacity":"","overlay-gradient":""},"mobile":{"background-color":"","background-image":"","background-repeat":"repeat","background-position":"center center","background-size":"auto","background-attachment":"scroll","background-type":"","background-media":"","overlay-type":"","overlay-color":"","overlay-opacity":"","overlay-gradient":""}},"ast-content-background-meta":{"desktop":{"background-color":"var(--ast-global-color-5)","background-image":"","background-repeat":"repeat","background-position":"center center","background-size":"auto","background-attachment":"scroll","background-type":"","background-media":"","overlay-type":"","overlay-color":"","overlay-opacity":"","overlay-gradient":""},"tablet":{"background-color":"var(--ast-global-color-5)","background-image":"","background-repeat":"repeat","background-position":"center center","background-size":"auto","background-attachment":"scroll","background-type":"","background-media":"","overlay-type":"","overlay-color":"","overlay-opacity":"","overlay-gradient":""},"mobile":{"background-color":"var(--ast-global-color-5)","background-image":"","background-repeat":"repeat","background-position":"center center","background-size":"auto","background-attachment":"scroll","background-type":"","background-media":"","overlay-type":"","overlay-color":"","overlay-opacity":"","overlay-gradient":""}}},"product_brand":[],"product_cat":[85,76,86],"product_tag":[494,492,495,491,496,185],"class_list":{"0":"post-7346","1":"product","2":"type-product","3":"status-publish","4":"has-post-thumbnail","6":"product_cat-wholesale-mens-shapewear","7":"product_cat-new-arrivels","8":"product_cat-wholesale-men-sliming-vest","9":"product_tag-body-shaper","10":"product_tag-breathable","11":"product_tag-keep-fit","12":"product_tag-seamless","13":"product_tag-vest","14":"product_tag-workout","15":"pa_color-black","16":"pa_color-white","17":"pa_size-l","18":"pa_size-m","19":"pa_size-s","20":"pa_size-xl","21":"pa_size-xxl","22":"desktop-align-center","23":"tablet-align-left","24":"mobile-align-left","25":"ast-product-gallery-layout-horizontal-slider","26":"ast-product-single-variable","27":"ast-product-tabs-layout-horizontal","28":"ast-qv-on-image","30":"first","31":"instock","32":"shipping-taxable","33":"purchasable","34":"product-type-variable"},"tiered_pricing_type":"fixed","tiered_pricing_fixed_rules":{"5":2.95,"100":2.6,"300":2.05},"tiered_pricing_product_settings":{"layout":"default","base_unit_name":{"singular":null,"plural":null},"default_variation":null},"tiered_pricing_minimum_quantity":null,"tiered_pricing_roles_data":[],"tiered_pricing_percentage_rules":[],"_links":{"self":[{"href":"https:\/\/yume-silm.com\/fr\/wp-json\/wp\/v2\/product\/7346","targetHints":{"allow":["GET"]}}],"collection":[{"href":"https:\/\/yume-silm.com\/fr\/wp-json\/wp\/v2\/product"}],"about":[{"href":"https:\/\/yume-silm.com\/fr\/wp-json\/wp\/v2\/types\/product"}],"replies":[{"embeddable":true,"href":"https:\/\/yume-silm.com\/fr\/wp-json\/wp\/v2\/comments?post=7346"}],"wp:featuredmedia":[{"embeddable":true,"href":"https:\/\/yume-silm.com\/fr\/wp-json\/wp\/v2\/media\/7357"}],"wp:attachment":[{"href":"https:\/\/yume-silm.com\/fr\/wp-json\/wp\/v2\/media?parent=7346"}],"wp:term":[{"taxonomy":"product_brand","embeddable":true,"href":"https:\/\/yume-silm.com\/fr\/wp-json\/wp\/v2\/product_brand?post=7346"},{"taxonomy":"product_cat","embeddable":true,"href":"https:\/\/yume-silm.com\/fr\/wp-json\/wp\/v2\/product_cat?post=7346"},{"taxonomy":"product_tag","embeddable":true,"href":"https:\/\/yume-silm.com\/fr\/wp-json\/wp\/v2\/product_tag?post=7346"}],"curies":[{"name":"wp","href":"https:\/\/api.w.org\/{rel}","templated":true}]}}