{"id":7370,"date":"2024-01-04T09:05:14","date_gmt":"2024-01-04T09:05:14","guid":{"rendered":"https:\/\/yume-silm.com\/?post_type=product&#038;p=7370"},"modified":"2024-11-06T02:06:12","modified_gmt":"2024-11-06T02:06:12","slug":"culotte-shapewear-abs-de-compression-taille-haute-pour-femme-2","status":"publish","type":"product","link":"https:\/\/yume-silm.com\/fr\/produit\/culotte-shapewear-abs-de-compression-taille-haute-pour-femme-2\/","title":{"rendered":"Culotte gainante en ABS \u00e0 compression taille haute pour femme"},"content":{"rendered":"<h5><span data-slate-fragment=\"JTVCJTdCJTIydHlwZSUyMiUzQSUyMnBhcmFncmFwaCUyMiUyQyUyMmNoaWxkcmVuJTIyJTNBJTVCJTdCJTIydGV4dCUyMiUzQSUyMkRlc2lnbiUyMGZlYXR1cmVzJTIyJTJDJTIyc2VudGVuY2UlMjIlM0EyMCUyQyUyMmNoaWxkU2VudGVuY2UlMjIlM0ExJTdEJTVEJTdEJTVE\">Caract\u00e9ristiques de conception<\/span><\/h5>\n<ul>\n<li data-slate-node=\"element\"><span class=\"\" data-slate-node=\"text\"><span class=\"221\" data-slate-leaf=\"true\"><span data-slate-string=\"true\"><strong>SOUTIEN DE LA TAILLE ET LEVAGE DES HANCHES\u00a0:<\/strong> La culotte shapewear abs de compression taille haute adopte un design crois\u00e9 taille haute unique. <\/span><\/span><\/span><span data-slate-node=\"text\"><span class=\"222\" data-slate-leaf=\"true\">Les v\u00eatements gainants taille haute sans couture peuvent fournir efficacement une compression abdominale. <\/span><\/span><span data-slate-node=\"text\"><span class=\"223\" data-slate-leaf=\"true\">Il fa\u00e7onne une taille plus fine. <\/span><\/span><span data-slate-node=\"text\"><span class=\"224\" data-slate-leaf=\"true\">Le concept de design crois\u00e9 au sens de la mode offre \u00e9galement un soutien et une fixation suppl\u00e9mentaires.<\/span><\/span><\/li>\n<li data-slate-node=\"element\"><span class=\"\" data-slate-node=\"text\"><span class=\"241\" data-slate-leaf=\"true\"><span data-slate-string=\"true\"><strong>Doux pour la peau et respirant :<\/strong> Nos pantalons skinny doux pour femmes sont fabriqu\u00e9s \u00e0 partir de tissus de haute qualit\u00e9, afin que celle qui les porte puisse ressentir un confort et une respirabilit\u00e9 in\u00e9gal\u00e9s \u00e0 tout moment. <\/span><\/span><\/span><span data-slate-node=\"text\"><span class=\"242\" data-slate-leaf=\"true\">L&#039;exp\u00e9rience douce pour la peau de ce corset gainant le ventre sera un compl\u00e9ment parfait \u00e0 votre garde-robe.<\/span><\/span><\/li>\n<li data-slate-node=\"element\"><span data-slate-node=\"text\"><span class=\"261\" data-slate-leaf=\"true\"><strong>DOUX ET EXTENSIBLE\u00a0:<\/strong> N&#039;h\u00e9sitez pas \u00e0 essayer de poss\u00e9der et de porter ce collant taille lisse et respirant. <\/span><\/span><span data-slate-node=\"text\"><span class=\"262\" data-slate-leaf=\"true\">D\u00e9couvrez la sensation douce et l\u00e9g\u00e8re et la sensation d&#039;\u00e9tirement sup\u00e9rieure qu&#039;il offre qui d\u00e9passeront toujours vos attentes.<\/span><\/span><\/li>\n<li data-slate-node=\"element\"><span data-slate-node=\"text\"><span class=\"281\" data-slate-leaf=\"true\"><strong>CONFORTABLE ET INVISIBLE\u00a0:<\/strong> Que ce soit pour un usage quotidien ou pour le sport et le fitness, le pantalon triangle shapewear crois\u00e9 taille haute est \u00e0 la hauteur de la t\u00e2che de fa\u00e7onner le corps tout en offrant un soutien confortable. <\/span><\/span><span class=\"\" data-slate-node=\"text\"><span class=\"282\" data-slate-leaf=\"true\"><span data-slate-string=\"true\">Avec ce v\u00eatement de compression abdominale le plus adapt\u00e9, vous \u00eates s\u00fbr de g\u00e9rer facilement votre jean pr\u00e9f\u00e9r\u00e9 ou la plus jolie robe.<\/span><\/span><\/span><\/li>\n<li data-slate-node=\"element\" data-slate-fragment=\"JTVCJTdCJTIydHlwZSUyMiUzQSUyMnBhcmFncmFwaCUyMiUyQyUyMmNoaWxkcmVuJTIyJTNBJTVCJTdCJTIydGV4dCUyMiUzQSUyMldBSVNUJTIwU1VQUE9SVCUyMEFORCUyMEhJUCUyMExJRlQlM0ElMjBUaGUlMjBoaWdoJTIwd2Fpc3RlZCUyMGNvbXByZXNzaW9uJTIwYWJzJTIwc2hhcGV3ZWFyJTIwcGFudGllcyUyMGFkb3B0cyUyMGElMjB1bmlxdWUlMjBoaWdoJTIwd2Fpc3QlMjBjcm9zc292ZXIlMjBkZXNpZ24uJTIwJTIyJTJDJTIyc2VudGVuY2UlMjIlM0EyMiUyQyUyMmNoaWxkU2VudGVuY2UlMjIlM0ExJTdEJTJDJTdCJTIydGV4dCUyMiUzQSUyMlNlYW1sZXNzJTIwaGlnaCUyMHdhaXN0JTIwc2hhcGV3ZWFyJTIwY2FuJTIwZWZmZWN0aXZlbHklMjBwcm92aWRlJTIwYWJkb21pbmFsJTIwY29tcHJlc3Npb24uJTIwJTIyJTJDJTIyc2VudGVuY2UlMjIlM0EyMiUyQyUyMmNoaWxkU2VudGVuY2UlMjIlM0EyJTdEJTJDJTdCJTIydGV4dCUyMiUzQSUyMkl0JTIwc2hhcGVzJTIwYSUyMHNsaW1tZXIlMjB3YWlzdGxpbmUuJTIwJTIyJTJDJTIyc2VudGVuY2UlMjIlM0EyMiUyQyUyMmNoaWxkU2VudGVuY2UlMjIlM0EzJTdEJTJDJTdCJTIydGV4dCUyMiUzQSUyMlRoZSUyMGNyb3NzLWRlc2lnbiUyMGNvbmNlcHQlMjB3aXRoJTIwZmFzaGlvbiUyMHNlbnNlJTIwYWxzbyUyMHByb3ZpZGVzJTIwZXh0cmElMjBzdXBwb3J0JTIwYW5kJTIwZml4YXRpb24uJTIyJTJDJTIyc2VudGVuY2UlMjIlM0EyMiUyQyUyMmNoaWxkU2VudGVuY2UlMjIlM0E0JTdEJTVEJTdEJTJDJTdCJTIydHlwZSUyMiUzQSUyMnBhcmFncmFwaCUyMiUyQyUyMmNoaWxkcmVuJTIyJTNBJTVCJTdCJTIydGV4dCUyMiUzQSUyMiUyMiUyQyUyMnNlbnRlbmNlJTIyJTNBMjMlMkMlMjJjaGlsZFNlbnRlbmNlJTIyJTNBMSU3RCU1RCU3RCUyQyU3QiUyMnR5cGUlMjIlM0ElMjJwYXJhZ3JhcGglMjIlMkMlMjJjaGlsZHJlbiUyMiUzQSU1QiU3QiUyMnRleHQlMjIlM0ElMjJTS0lOLUZSSUVORExZJTIwQU5EJTIwQlJFQVRIQUJMRSUzQSUyME91ciUyMHNvZnQlMjB3b21lbidzJTIwc2tpbm55JTIwcGFudHMlMjBpcyUyMG1hZGUlMjBvZiUyMGhpZ2gtcXVhbGl0eSUyMGZhYnJpY3MlMkMlMjBzbyUyMHRoZSUyMHdlYXJlciUyMGNhbiUyMGZlZWwlMjB1bnJpdmFsZWQlMjBjb21mb3J0JTIwYW5kJTIwYnJlYXRoYWJpbGl0eSUyMGF0JTIwYWxsJTIwdGltZXMuJTIwJTIyJTJDJTIyc2VudGVuY2UlMjIlM0EyNCUyQyUyMmNoaWxkU2VudGVuY2UlMjIlM0ExJTdEJTJDJTdCJTIydGV4dCUyMiUzQSUyMlRoZSUyMHNraW4tZnJpZW5kbHklMjBleHBlcmllbmNlJTIwb2YlMjB0aGlzJTIwdHVtbXklMjBjb250cm9sJTIwY29yc2V0JTIwd2lsbCUyMGJlJTIwYSUyMHBlcmZlY3QlMjBhZGRpdGlvbiUyMHRvJTIweW91ciUyMGNsb3NldC4lMjIlMkMlMjJzZW50ZW5jZSUyMiUzQTI0JTJDJTIyY2hpbGRTZW50ZW5jZSUyMiUzQTIlN0QlNUQlN0QlMkMlN0IlMjJ0eXBlJTIyJTNBJTIycGFyYWdyYXBoJTIyJTJDJTIyY2hpbGRyZW4lMjIlM0ElNUIlN0IlMjJ0ZXh0JTIyJTNBJTIyJTIyJTJDJTIyc2VudGVuY2UlMjIlM0EyNSUyQyUyMmNoaWxkU2VudGVuY2UlMjIlM0ExJTdEJTVEJTdEJTJDJTdCJTIydHlwZSUyMiUzQSUyMnBhcmFncmFwaCUyMiUyQyUyMmNoaWxkcmVuJTIyJTNBJTVCJTdCJTIydGV4dCUyMiUzQSUyMlNvZnQlMjBhbmQlMjBTdHJldGNoeSUzQSUyMERvbid0JTIwaGVzaXRhdGUlMjB0byUyMHRyeSUyMHRvJTIwb3duJTIwYW5kJTIwd2VhciUyMHRoaXMlMjBzbW9vdGglMjBhbmQlMjBicmVhdGhhYmxlJTIwd2Fpc3QlMjB0aWdodHMuJTIwJTIyJTJDJTIyc2VudGVuY2UlMjIlM0EyNiUyQyUyMmNoaWxkU2VudGVuY2UlMjIlM0ExJTdEJTJDJTdCJTIydGV4dCUyMiUzQSUyMkV4cGVyaWVuY2UlMjB0aGUlMjBzb2Z0JTJDJTIwbGlnaHR3ZWlnaHQlMjBmZWVsJTIwYW5kJTIwc3VwZXJpb3IlMjBzdHJldGNoeSUyMHNlbnNhdGlvbiUyMGl0JTIwb2ZmZXJzJTIwdGhhdCUyMHdpbGwlMjBhbHdheXMlMjBleGNlZWQlMjB5b3VyJTIwZXhwZWN0YXRpb25zLiUyMiUyQyUyMnNlbnRlbmNlJTIyJTNBMjYlMkMlMjJjaGlsZFNlbnRlbmNlJTIyJTNBMiU3RCU1RCU3RCUyQyU3QiUyMnR5cGUlMjIlM0ElMjJwYXJhZ3JhcGglMjIlMkMlMjJjaGlsZHJlbiUyMiUzQSU1QiU3QiUyMnRleHQlMjIlM0ElMjIlMjIlMkMlMjJzZW50ZW5jZSUyMiUzQTI3JTJDJTIyY2hpbGRTZW50ZW5jZSUyMiUzQTElN0QlNUQlN0QlMkMlN0IlMjJ0eXBlJTIyJTNBJTIycGFyYWdyYXBoJTIyJTJDJTIyY2hpbGRyZW4lMjIlM0ElNUIlN0IlMjJ0ZXh0JTIyJTNBJTIyQ09NRk9SVEFCTEUlMjBBTkQlMjBJTlZJU0lCTEUlM0ElMjBXaGV0aGVyJTIwaXQncyUyMGZvciUyMGV2ZXJ5ZGF5JTIwd2VhciUyMG9yJTIwc3BvcnRzJTIwYW5kJTIwZml0bmVzcyUyQyUyMHRoZSUyMGhpZ2gtd2Fpc3RlZCUyMGNyb3Nzb3ZlciUyMHNoYXBld2VhciUyMHRyaWFuZ2xlJTIwcGFudHMlMjBhcmUlMjB1cCUyMHRvJTIwdGhlJTIwdGFzayUyMG9mJTIwc2hhcGluZyUyMHRoZSUyMGJvZHklMjB3aGlsZSUyMHByb3ZpZGluZyUyMGNvbWZvcnRhYmxlJTIwc3VwcG9ydC4lMjAlMjIlMkMlMjJzZW50ZW5jZSUyMiUzQTI4JTJDJTIyY2hpbGRTZW50ZW5jZSUyMiUzQTElN0QlMkMlN0IlMjJ0ZXh0JTIyJTNBJTIyV2l0aCUyMHRoaXMlMjBtb3N0JTIwc3VpdGFibGUlMjBjb21wcmVzc2lvbiUyMGFiZG9taW5hbCUyMHNoYXBld2VhciUyQyUyMHlvdSUyMGFyZSUyMHN1cmUlMjB5b3UlMjB3aWxsJTIwZWFzaWx5JTIwbWFuYWdlJTIweW91ciUyMGZhdm9yaXRlJTIwamVhbnMlMjBvciUyMHRoZSUyMHByZXR0aWVzdCUyMGRyZXNzLiUyMiUyQyUyMnNlbnRlbmNlJTIyJTNBMjglMkMlMjJjaGlsZFNlbnRlbmNlJTIyJTNBMiU3RCU1RCU3RCUyQyU3QiUyMnR5cGUlMjIlM0ElMjJwYXJhZ3JhcGglMjIlMkMlMjJjaGlsZHJlbiUyMiUzQSU1QiU3QiUyMnRleHQlMjIlM0ElMjIlMjIlMkMlMjJzZW50ZW5jZSUyMiUzQTI5JTJDJTIyY2hpbGRTZW50ZW5jZSUyMiUzQTElN0QlNUQlN0QlMkMlN0IlMjJ0eXBlJTIyJTNBJTIycGFyYWdyYXBoJTIyJTJDJTIyY2hpbGRyZW4lMjIlM0ElNUIlN0IlMjJ0ZXh0JTIyJTNBJTIyU1RZTElTSCUyMEFORCUyMENPTkZJREVOVCUzQSUyMFRoZSUyMGhpZ2glMjB3YWlzdCUyMHNoYXBpbmclMjB3b21lbidzJTIwdW5kZXJ3ZWFyJTIwZWFzaWx5JTIwc2hhcGVzJTIwdGhlJTIwcGVyZmVjdCUyMGN1cnZlcyUyMGR1ZSUyMHRvJTIwaXRzJTIwYm9keSUyMHNoYXBpbmclMjBlZmZlY3QlMjBhbmQlMjBjb21mb3J0LiUyMCUyMiUyQyUyMnNlbnRlbmNlJTIyJTNBMzAlMkMlMjJjaGlsZFNlbnRlbmNlJTIyJTNBMSU3RCUyQyU3QiUyMnRleHQlMjIlM0ElMjJZb3UnbGwlMjBmZWVsJTIwbW9yZSUyMGNvbmZpZGVudCUyMGFib3V0JTIwaG93JTIweW91JTIwbG9vayUyMGluJTIwdGhpcyUyMGxhdGVzdCUyMGFkZGl0aW9uJTIwdG8lMjBvdXIlMjBzaGFwZXdlYXIuJTIwJTIyJTJDJTIyc2VudGVuY2UlMjIlM0EzMCUyQyUyMmNoaWxkU2VudGVuY2UlMjIlM0EyJTdEJTJDJTdCJTIydGV4dCUyMiUzQSUyMkdPJTIwT04lMjBBJTIwREFURSElMjIlMkMlMjJzZW50ZW5jZSUyMiUzQTMwJTJDJTIyY2hpbGRTZW50ZW5jZSUyMiUzQTMlN0QlNUQlN0QlNUQ=\"><span class=\"\" data-slate-node=\"text\"><span class=\"301\" data-slate-leaf=\"true\"><span data-slate-string=\"true\"><strong>\u00c9L\u00c9GANT ET CONFIANT\u00a0:<\/strong> Le sous-v\u00eatement gainant taille haute pour femme fa\u00e7onne facilement les courbes parfaites gr\u00e2ce \u00e0 son effet gainant et son confort. <\/span><\/span><\/span><span class=\"\" data-slate-node=\"text\"><span class=\"302\" data-slate-leaf=\"true\"><span data-slate-string=\"true\">Vous vous sentirez plus confiant quant \u00e0 votre apparence dans ce dernier ajout \u00e0 notre shapewear. <\/span><\/span><\/span><span class=\"\" data-slate-node=\"text\"><span class=\"303\" data-slate-leaf=\"true\"><span data-slate-string=\"true\">ALLEZ \u00c0 UN RENDEZ-VOUS\u00a0!<\/span><\/span><\/span><\/li>\n<\/ul>\n<h6><em>Slip taille haute mince et respirant pour femmes, vente en gros, slip de contr\u00f4le du ventre<\/em><\/h6>\n<ul>\n<li><span class=\"\" data-slate-node=\"text\"><span class=\"341\" data-slate-leaf=\"true\"><span data-slate-string=\"true\">La culotte shapewear abdominale de compression taille haute est un style de sous-v\u00eatement au design unique et confortable avec de multiples caract\u00e9ristiques et avantages. <\/span><\/span><\/span><span class=\"\" data-slate-node=\"text\" data-slate-fragment=\"JTVCJTdCJTIydHlwZSUyMiUzQSUyMnBhcmFncmFwaCUyMiUyQyUyMmNoaWxkcmVuJTIyJTNBJTVCJTdCJTIydGV4dCUyMiUzQSUyMlRoZSUyMGhpZ2glMjB3YWlzdGVkJTIwY29tcHJlc3Npb24lMjBhYnMlMjBzaGFwZXdlYXIlMjBwYW50aWVzJTIwYXJlJTIwYSUyMHVuaXF1ZWx5JTIwZGVzaWduZWQlMjBhbmQlMjBjb21mb3J0YWJsZSUyMHVuZGVyd2VhciUyMHN0eWxlJTIwd2l0aCUyMG11bHRpcGxlJTIwZmVhdHVyZXMlMjBhbmQlMjBiZW5lZml0cy4lMjAlMjIlMkMlMjJzZW50ZW5jZSUyMiUzQTM0JTJDJTIyY2hpbGRTZW50ZW5jZSUyMiUzQTElN0QlMkMlN0IlMjJ0ZXh0JTIyJTNBJTIyVGhlJTIwdW5pcXVlJTIwYXBwZWFsJTIwb2YlMjB1bmRlcndlYXIlMjBmdWxmaWxscyUyMHRoZSUyMG5lZWQlMjBmb3IlMjBiZWF1dHklMkMlMjBwcmFjdGljYWxpdHklMjBhbmQlMjBjb21mb3J0LiUyMiUyQyUyMnNlbnRlbmNlJTIyJTNBMzQlMkMlMjJjaGlsZFNlbnRlbmNlJTIyJTNBMiU3RCU1RCU3RCU1RA==\"><span class=\"342\" data-slate-leaf=\"true\"><span data-slate-string=\"true\">L\u2019attrait unique des sous-v\u00eatements r\u00e9pond aux besoins de beaut\u00e9, de praticit\u00e9 et de confort.<\/span><\/span><\/span><\/li>\n<\/ul>","protected":false},"excerpt":{"rendered":"<p>Accentuer votre charme commence de l\u2019int\u00e9rieur. Nous vous proposons une nouvelle culotte shapewear de compression taille haute en abs qui ajoute une touche d&#039;\u00e9l\u00e9gance \u00e0 votre silhouette, lib\u00e9rant votre confiance et montrant votre f\u00e9minit\u00e9.<\/p>","protected":false},"featured_media":7387,"comment_status":"open","ping_status":"closed","template":"","meta":{"site-sidebar-layout":"default","site-content-layout":"","ast-site-content-layout":"default","site-content-style":"default","site-sidebar-style":"default","ast-global-header-display":"","ast-banner-title-visibility":"","ast-main-header-display":"","ast-hfb-above-header-display":"","ast-hfb-below-header-display":"","ast-hfb-mobile-header-display":"","site-post-title":"","ast-breadcrumbs-content":"","ast-featured-img":"","footer-sml-layout":"","ast-disable-related-posts":"","theme-transparent-header-meta":"default","adv-header-id-meta":"","stick-header-meta":"default","header-above-stick-meta":"","header-main-stick-meta":"","header-below-stick-meta":"","astra-migrate-meta-layouts":"set","ast-page-background-enabled":"default","ast-page-background-meta":{"desktop":{"background-color":"","background-image":"","background-repeat":"repeat","background-position":"center center","background-size":"auto","background-attachment":"scroll","background-type":"","background-media":"","overlay-type":"","overlay-color":"","overlay-opacity":"","overlay-gradient":""},"tablet":{"background-color":"","background-image":"","background-repeat":"repeat","background-position":"center center","background-size":"auto","background-attachment":"scroll","background-type":"","background-media":"","overlay-type":"","overlay-color":"","overlay-opacity":"","overlay-gradient":""},"mobile":{"background-color":"","background-image":"","background-repeat":"repeat","background-position":"center center","background-size":"auto","background-attachment":"scroll","background-type":"","background-media":"","overlay-type":"","overlay-color":"","overlay-opacity":"","overlay-gradient":""}},"ast-content-background-meta":{"desktop":{"background-color":"var(--ast-global-color-5)","background-image":"","background-repeat":"repeat","background-position":"center center","background-size":"auto","background-attachment":"scroll","background-type":"","background-media":"","overlay-type":"","overlay-color":"","overlay-opacity":"","overlay-gradient":""},"tablet":{"background-color":"var(--ast-global-color-5)","background-image":"","background-repeat":"repeat","background-position":"center center","background-size":"auto","background-attachment":"scroll","background-type":"","background-media":"","overlay-type":"","overlay-color":"","overlay-opacity":"","overlay-gradient":""},"mobile":{"background-color":"var(--ast-global-color-5)","background-image":"","background-repeat":"repeat","background-position":"center center","background-size":"auto","background-attachment":"scroll","background-type":"","background-media":"","overlay-type":"","overlay-color":"","overlay-opacity":"","overlay-gradient":""}}},"product_brand":[],"product_cat":[76,77,80],"product_tag":[139,491,501,500,396],"class_list":{"0":"post-7370","1":"product","2":"type-product","3":"status-publish","4":"has-post-thumbnail","6":"product_cat-new-arrivels","7":"product_cat-wholesale-womens-shapewear","8":"product_cat-wholesale-butt-lift-underwear","9":"product_tag-high-waist","10":"product_tag-seamless","11":"product_tag-shaping-pants","12":"product_tag-tummy-control","13":"product_tag-womens-underwear","14":"pa_color-beige","15":"pa_color-black","16":"pa_color-blue","17":"pa_color-purple","18":"pa_size-l","19":"pa_size-m","20":"pa_size-xl","21":"pa_size-xxl","22":"desktop-align-center","23":"tablet-align-left","24":"mobile-align-left","25":"ast-product-gallery-layout-horizontal-slider","26":"ast-product-single-variable","27":"ast-product-tabs-layout-horizontal","28":"ast-qv-on-image","30":"first","31":"instock","32":"shipping-taxable","33":"purchasable","34":"product-type-variable"},"tiered_pricing_type":"fixed","tiered_pricing_fixed_rules":{"2":4.3,"200":3.3,"300":2.3},"tiered_pricing_product_settings":{"layout":"default","base_unit_name":{"singular":null,"plural":null},"default_variation":null},"tiered_pricing_minimum_quantity":null,"tiered_pricing_roles_data":[],"tiered_pricing_percentage_rules":[],"_links":{"self":[{"href":"https:\/\/yume-silm.com\/fr\/wp-json\/wp\/v2\/product\/7370","targetHints":{"allow":["GET"]}}],"collection":[{"href":"https:\/\/yume-silm.com\/fr\/wp-json\/wp\/v2\/product"}],"about":[{"href":"https:\/\/yume-silm.com\/fr\/wp-json\/wp\/v2\/types\/product"}],"replies":[{"embeddable":true,"href":"https:\/\/yume-silm.com\/fr\/wp-json\/wp\/v2\/comments?post=7370"}],"wp:featuredmedia":[{"embeddable":true,"href":"https:\/\/yume-silm.com\/fr\/wp-json\/wp\/v2\/media\/7387"}],"wp:attachment":[{"href":"https:\/\/yume-silm.com\/fr\/wp-json\/wp\/v2\/media?parent=7370"}],"wp:term":[{"taxonomy":"product_brand","embeddable":true,"href":"https:\/\/yume-silm.com\/fr\/wp-json\/wp\/v2\/product_brand?post=7370"},{"taxonomy":"product_cat","embeddable":true,"href":"https:\/\/yume-silm.com\/fr\/wp-json\/wp\/v2\/product_cat?post=7370"},{"taxonomy":"product_tag","embeddable":true,"href":"https:\/\/yume-silm.com\/fr\/wp-json\/wp\/v2\/product_tag?post=7370"}],"curies":[{"name":"wp","href":"https:\/\/api.w.org\/{rel}","templated":true}]}}