{"id":7418,"date":"2024-01-26T08:17:59","date_gmt":"2024-01-26T08:17:59","guid":{"rendered":"https:\/\/yume-silm.com\/?post_type=product&#038;p=7418"},"modified":"2024-11-08T08:53:59","modified_gmt":"2024-11-08T08:53:59","slug":"vente-en-gros-shapewear-reglable-a-fermeture-avant-avec-crochet-et-oeil","status":"publish","type":"product","link":"https:\/\/yume-silm.com\/fr\/produit\/vente-en-gros-shapewear-reglable-a-fermeture-avant-avec-crochet-et-oeil\/","title":{"rendered":"V\u00eatements de forme \u00e0 fermeture avant et crochet r\u00e9glables en gros"},"content":{"rendered":"<h5>Caract\u00e9ristiques de conception<\/h5>\n<ul>\n<li><strong>LARGES SANGLES R\u00c9GLABLES\u00a0:<\/strong> Les larges bretelles de nos v\u00eatements gainants sans manches sont con\u00e7ues pour mieux soulager la pression sur les \u00e9paules. La fermeture Velcro r\u00e9glable vous permet de l&#039;ajuster librement selon vos besoins. Excellente flexibilit\u00e9 pour s&#039;adapter parfaitement \u00e0 votre corps.<\/li>\n<li><strong>GARNITURE EN DENTELLE\u00a0:<\/strong> Les jambes du shapewear complet grande taille sont orn\u00e9es d&#039;un motif en dentelle pour ajouter une touche \u00e9l\u00e9gante et garantir que le contact avec la peau est doux et non irritant.<\/li>\n<li><strong>MISE EN FORME DU CORPS COMPLET\u00a0:<\/strong> Ce fajas de contr\u00f4le du ventre de notre part offre une couverture et un contr\u00f4le complets. sa couverture totale du dos contribue \u00e0 am\u00e9liorer la posture en \u00e9vitant les lombaires. Il peut aider \u00e0 obtenir simultan\u00e9ment un soutien de la poitrine, une correction du dos, un soul\u00e8vement des fesses et une mise en forme des jambes pour cr\u00e9er une silhouette mieux profil\u00e9e.<\/li>\n<li><strong>CONCEPTION D&#039;ENTRETIEN OUVERT\u00a0:<\/strong> La conception \u00e0 entrejambe ouverte du shapewear est tr\u00e8s pratique pour r\u00e9soudre le probl\u00e8me d&#039;aller aux toilettes. Sa fonction pratique vous apporte plus de confort et vous permet de vous reposer dans les toilettes sans effort.<\/li>\n<li><strong>CONFORTABLE ET \u00c9L\u00c9GANT\u00a0:<\/strong> Le shapewear r\u00e9glable avec fermeture \u00e0 crochet et \u0153illet pour femme avec soutien-gorge est confortable et \u00e9l\u00e9gant, assurant confiance et beaut\u00e9 de l&#039;int\u00e9rieur vers l&#039;ext\u00e9rieur. L&#039;\u00e9lasticit\u00e9 r\u00e9pond \u00e0 vos besoins normaux et peut \u00eatre facilement mise et retir\u00e9e. Vous aide \u00e0 avoir confiance en votre beau corps courb\u00e9 en toute occasion.<\/li>\n<\/ul>\n<h6><em>Fajas de contr\u00f4le du ventre avant \u00e0 crochet et \u0153illets r\u00e9glables <\/em><\/h6>\n<ul>\n<li>Notre shapewear r\u00e9glable \u00e0 fermeture \u00e0 crochet et \u00e0 \u0153illets sur le devant est un m\u00e9lange d&#039;\u00e9l\u00e9gance, de confort et de fonctionnalit\u00e9. Pour les grossistes souhaitant proposer des solutions shapewear de premier ordre, ce produit est un incontournable. Plongez dans l&#039;univers du commerce de gros avec cette pi\u00e8ce d&#039;exception. Commandez aujourd&#039;hui\u00a0!<\/li>\n<\/ul>","protected":false},"excerpt":{"rendered":"<p>Faites l\u2019exp\u00e9rience de l\u2019\u00e9l\u00e9gance et du confort avec notre shapewear r\u00e9glable \u00e0 fermeture \u00e0 crochet et \u00e0 \u0153illets sur le devant. Dot\u00e9e d&#039;une longue poitrine en maille extensible et de poignets bord\u00e9s de dentelle, cette pi\u00e8ce sans entrejambe red\u00e9finit votre silhouette, garantissant \u00e0 vos clientes un sentiment \u00e0 la fois confiant et f\u00e9minin.<\/p>","protected":false},"featured_media":7437,"comment_status":"open","ping_status":"closed","template":"","meta":{"site-sidebar-layout":"default","site-content-layout":"","ast-site-content-layout":"default","site-content-style":"default","site-sidebar-style":"default","ast-global-header-display":"","ast-banner-title-visibility":"","ast-main-header-display":"","ast-hfb-above-header-display":"","ast-hfb-below-header-display":"","ast-hfb-mobile-header-display":"","site-post-title":"","ast-breadcrumbs-content":"","ast-featured-img":"","footer-sml-layout":"","ast-disable-related-posts":"","theme-transparent-header-meta":"default","adv-header-id-meta":"","stick-header-meta":"default","header-above-stick-meta":"","header-main-stick-meta":"","header-below-stick-meta":"","astra-migrate-meta-layouts":"set","ast-page-background-enabled":"default","ast-page-background-meta":{"desktop":{"background-color":"","background-image":"","background-repeat":"repeat","background-position":"center center","background-size":"auto","background-attachment":"scroll","background-type":"","background-media":"","overlay-type":"","overlay-color":"","overlay-opacity":"","overlay-gradient":""},"tablet":{"background-color":"","background-image":"","background-repeat":"repeat","background-position":"center center","background-size":"auto","background-attachment":"scroll","background-type":"","background-media":"","overlay-type":"","overlay-color":"","overlay-opacity":"","overlay-gradient":""},"mobile":{"background-color":"","background-image":"","background-repeat":"repeat","background-position":"center center","background-size":"auto","background-attachment":"scroll","background-type":"","background-media":"","overlay-type":"","overlay-color":"","overlay-opacity":"","overlay-gradient":""}},"ast-content-background-meta":{"desktop":{"background-color":"var(--ast-global-color-5)","background-image":"","background-repeat":"repeat","background-position":"center center","background-size":"auto","background-attachment":"scroll","background-type":"","background-media":"","overlay-type":"","overlay-color":"","overlay-opacity":"","overlay-gradient":""},"tablet":{"background-color":"var(--ast-global-color-5)","background-image":"","background-repeat":"repeat","background-position":"center center","background-size":"auto","background-attachment":"scroll","background-type":"","background-media":"","overlay-type":"","overlay-color":"","overlay-opacity":"","overlay-gradient":""},"mobile":{"background-color":"var(--ast-global-color-5)","background-image":"","background-repeat":"repeat","background-position":"center center","background-size":"auto","background-attachment":"scroll","background-type":"","background-media":"","overlay-type":"","overlay-color":"","overlay-opacity":"","overlay-gradient":""}}},"product_brand":[],"product_cat":[78,77,1092],"product_tag":[137,141,134,154],"class_list":{"0":"post-7418","1":"product","2":"type-product","3":"status-publish","4":"has-post-thumbnail","6":"product_cat-wholesale-full-body-shaper","7":"product_cat-wholesale-womens-shapewear","8":"product_cat-plus-size-shapewear","9":"product_tag-butt-lift","10":"product_tag-plus-size","11":"product_tag-tummy-tucker","12":"product_tag-with-hooks","13":"pa_color-beige","14":"pa_color-black","15":"pa_size-4xl","16":"pa_size-5xl","17":"pa_size-6xl","18":"pa_size-l","19":"pa_size-m","20":"pa_size-s","21":"pa_size-xl","22":"pa_size-xxl","23":"pa_size-xxxl","24":"desktop-align-center","25":"tablet-align-left","26":"mobile-align-left","27":"ast-product-gallery-layout-horizontal-slider","28":"ast-product-single-variable","29":"ast-product-tabs-layout-horizontal","30":"ast-qv-on-image","32":"first","33":"instock","34":"shipping-taxable","35":"purchasable","36":"product-type-variable"},"tiered_pricing_type":"fixed","tiered_pricing_fixed_rules":{"2":15.39,"30":14.39,"500":11.99},"tiered_pricing_product_settings":{"layout":"default","base_unit_name":{"singular":null,"plural":null},"default_variation":null},"tiered_pricing_minimum_quantity":null,"tiered_pricing_roles_data":[],"tiered_pricing_percentage_rules":[],"_links":{"self":[{"href":"https:\/\/yume-silm.com\/fr\/wp-json\/wp\/v2\/product\/7418","targetHints":{"allow":["GET"]}}],"collection":[{"href":"https:\/\/yume-silm.com\/fr\/wp-json\/wp\/v2\/product"}],"about":[{"href":"https:\/\/yume-silm.com\/fr\/wp-json\/wp\/v2\/types\/product"}],"replies":[{"embeddable":true,"href":"https:\/\/yume-silm.com\/fr\/wp-json\/wp\/v2\/comments?post=7418"}],"wp:featuredmedia":[{"embeddable":true,"href":"https:\/\/yume-silm.com\/fr\/wp-json\/wp\/v2\/media\/7437"}],"wp:attachment":[{"href":"https:\/\/yume-silm.com\/fr\/wp-json\/wp\/v2\/media?parent=7418"}],"wp:term":[{"taxonomy":"product_brand","embeddable":true,"href":"https:\/\/yume-silm.com\/fr\/wp-json\/wp\/v2\/product_brand?post=7418"},{"taxonomy":"product_cat","embeddable":true,"href":"https:\/\/yume-silm.com\/fr\/wp-json\/wp\/v2\/product_cat?post=7418"},{"taxonomy":"product_tag","embeddable":true,"href":"https:\/\/yume-silm.com\/fr\/wp-json\/wp\/v2\/product_tag?post=7418"}],"curies":[{"name":"wp","href":"https:\/\/api.w.org\/{rel}","templated":true}]}}