{"id":7582,"date":"2024-04-19T06:29:30","date_gmt":"2024-04-19T06:29:30","guid":{"rendered":"https:\/\/yume-silm.com\/?post_type=product&#038;p=7582"},"modified":"2024-12-10T09:33:32","modified_gmt":"2024-12-10T09:33:32","slug":"vente-en-gros-taille-haute-yoga-sauna-survetement-controle-du-ventre-a-manches-longues","status":"publish","type":"product","link":"https:\/\/yume-silm.com\/fr\/produit\/vente-en-gros-taille-haute-yoga-sauna-survetement-controle-du-ventre-a-manches-longues\/","title":{"rendered":"Ensemble de surv\u00eatement de yoga taille haute pour sauna, vente en gros"},"content":{"rendered":"<h5>Caract\u00e9ristiques de conception<\/h5>\n<ul>\n<li><strong>CONCEPTION TAILLE HAUTE\u00a0:<\/strong> Notre surv\u00eatement de sauna pour femme est con\u00e7u avec une taille haute et des manches longues. efficace \u00e0 porter en toutes saisons. Notre surv\u00eatement de sport avec manches longues et pantalon taille haute offrira une couverture et une chaleur suppl\u00e9mentaires, parfait pour les entra\u00eenements en plein air, quelle que soit la saison ou dans un environnement de salle de sport froid. Vous permettant de profiter de votre entra\u00eenement aussi bien pendant la saison froide que pendant les mois chauds d&#039;\u00e9t\u00e9.<\/li>\n<li><strong>SUR MESURE :<\/strong> nos surv\u00eatements de fitness sont fabriqu\u00e9s avec une couche int\u00e9rieure en n\u00e9opr\u00e8ne, ainsi qu&#039;un mat\u00e9riau en nylon, etc., qui est tr\u00e8s l\u00e9ger \u00e0 porter et garantit que l&#039;activit\u00e9 thermique n&#039;est pas restreinte. La coupe patchwork de la combinaison de sauna corporelle est \u00e0 la mode et \u00e9vidente, soulignant facilement votre silhouette et cr\u00e9ant un look athl\u00e9tique confiant et \u00e9l\u00e9gant.<\/li>\n<li><strong>SUEUR FORTE ET BR\u00dbLE DES GRAISSES\u00a0:<\/strong> Notre pantalon de surv\u00eatement de sauna avec chemise \u00e0 manches longues et fermeture \u00e9clair pour femme est fabriqu\u00e9 en n\u00e9opr\u00e8ne de haute qualit\u00e9, ce qui aide l&#039;exercice \u00e0 g\u00e9n\u00e9rer suffisamment de chaleur pour provoquer une transpiration abondante. L&#039;ensemble de surv\u00eatement de sauna de yoga taille haute pour exercices d&#039;entra\u00eenement et de modelage du corps est l&#039;arme secr\u00e8te ultime pour votre parcours de remise en forme. Il est con\u00e7u pour maximiser votre transpiration, acc\u00e9l\u00e9rer la combustion des calories et favoriser la d\u00e9toxification pour vous aider \u00e0 atteindre vos objectifs de remise en forme plus rapidement.<\/li>\n<li><strong>PARFAITEMENT MULTIFONCTIONNEL\u00a0:<\/strong> Que vous alliez \u00e0 la salle de sport, couriez ou pratiquiez le yoga, notre meilleure combinaison de sauna pour perdre du poids est le compagnon d&#039;entra\u00eenement id\u00e9al. relevez le d\u00e9fi et repoussez vos limites \u00e0 chaque entra\u00eenement. Que vous transpiriez \u00e0 la salle de sport ou que vous ressentiez la beaut\u00e9 naturelle du plein air, nos v\u00eatements de sport pour sauna sont le choix parfait pour vous. Lib\u00e9rez-vous et soyez \u00e0 votre meilleur dans ce surv\u00eatement de sauna !<\/li>\n<\/ul>\n<p><img fetchpriority=\"high\" decoding=\"async\" class=\"alignnone wp-image-7612\" src=\"https:\/\/yume-silm.com\/wp-content\/uploads\/2024\/04\/sauna-sweat-suit-jacket-yumesilm.jpg\" alt=\"Ensemble de surv\u00eatement de Sauna de Yoga taille haute, contr\u00f4le du ventre, manches longues\" width=\"600\" height=\"600\" title=\"\" srcset=\"https:\/\/yume-silm.com\/wp-content\/uploads\/2024\/04\/sauna-sweat-suit-jacket-yumesilm.jpg 800w, https:\/\/yume-silm.com\/wp-content\/uploads\/2024\/04\/sauna-sweat-suit-jacket-yumesilm-300x300.jpg 300w, https:\/\/yume-silm.com\/wp-content\/uploads\/2024\/04\/sauna-sweat-suit-jacket-yumesilm-150x150.jpg 150w, https:\/\/yume-silm.com\/wp-content\/uploads\/2024\/04\/sauna-sweat-suit-jacket-yumesilm-768x768.jpg 768w, https:\/\/yume-silm.com\/wp-content\/uploads\/2024\/04\/sauna-sweat-suit-jacket-yumesilm-12x12.jpg 12w, https:\/\/yume-silm.com\/wp-content\/uploads\/2024\/04\/sauna-sweat-suit-jacket-yumesilm-100x100.jpg 100w\" sizes=\"(max-width: 600px) 100vw, 600px\" \/><\/p>\n<h6><em>Convient pour la salle de sport, la course, le yoga, le fitness, les manches longues et les pantalons, combinaison de sauna<\/em><\/h6>\n<ul>\n<li>R\u00c9SULTATS VISIBLES\u00a0: Faites passer votre entra\u00eenement de fitness au niveau sup\u00e9rieur imm\u00e9diatement avec notre ensemble de surv\u00eatement de sauna de yoga taille haute pour femmes. Pr\u00e9parez-vous \u00e0 transpirer, sculpter et briller comme jamais auparavant\u00a0! Dites adieu \u00e0 la graisse tenace et bonjour \u00e0 un physique plus mince et plus en forme.<\/li>\n<\/ul>","protected":false},"excerpt":{"rendered":"<p>D\u00e9voilez notre ensemble de surv\u00eatement de yoga et de sauna taille haute pour femmes, con\u00e7u pour les s\u00e9ances d&#039;entra\u00eenement intenses. Fabriqu\u00e9 avec un mat\u00e9riau \u00e0 haute \u00e9lasticit\u00e9, cet ensemble de surv\u00eatement de sauna de yoga taille haute est con\u00e7u pour augmenter votre chaleur, amplifiant votre taux de transpiration de 2,5 fois. Plongez dans une exp\u00e9rience de remise en forme transformatrice avec cette pi\u00e8ce impeccable.<\/p>","protected":false},"featured_media":7602,"comment_status":"open","ping_status":"closed","template":"","meta":{"site-sidebar-layout":"default","site-content-layout":"","ast-site-content-layout":"default","site-content-style":"default","site-sidebar-style":"default","ast-global-header-display":"","ast-banner-title-visibility":"","ast-main-header-display":"","ast-hfb-above-header-display":"","ast-hfb-below-header-display":"","ast-hfb-mobile-header-display":"","site-post-title":"","ast-breadcrumbs-content":"","ast-featured-img":"","footer-sml-layout":"","ast-disable-related-posts":"","theme-transparent-header-meta":"default","adv-header-id-meta":"","stick-header-meta":"default","header-above-stick-meta":"","header-main-stick-meta":"","header-below-stick-meta":"","astra-migrate-meta-layouts":"set","ast-page-background-enabled":"default","ast-page-background-meta":{"desktop":{"background-color":"","background-image":"","background-repeat":"repeat","background-position":"center center","background-size":"auto","background-attachment":"scroll","background-type":"","background-media":"","overlay-type":"","overlay-color":"","overlay-opacity":"","overlay-gradient":""},"tablet":{"background-color":"","background-image":"","background-repeat":"repeat","background-position":"center center","background-size":"auto","background-attachment":"scroll","background-type":"","background-media":"","overlay-type":"","overlay-color":"","overlay-opacity":"","overlay-gradient":""},"mobile":{"background-color":"","background-image":"","background-repeat":"repeat","background-position":"center center","background-size":"auto","background-attachment":"scroll","background-type":"","background-media":"","overlay-type":"","overlay-color":"","overlay-opacity":"","overlay-gradient":""}},"ast-content-background-meta":{"desktop":{"background-color":"var(--ast-global-color-5)","background-image":"","background-repeat":"repeat","background-position":"center center","background-size":"auto","background-attachment":"scroll","background-type":"","background-media":"","overlay-type":"","overlay-color":"","overlay-opacity":"","overlay-gradient":""},"tablet":{"background-color":"var(--ast-global-color-5)","background-image":"","background-repeat":"repeat","background-position":"center center","background-size":"auto","background-attachment":"scroll","background-type":"","background-media":"","overlay-type":"","overlay-color":"","overlay-opacity":"","overlay-gradient":""},"mobile":{"background-color":"var(--ast-global-color-5)","background-image":"","background-repeat":"repeat","background-position":"center center","background-size":"auto","background-attachment":"scroll","background-type":"","background-media":"","overlay-type":"","overlay-color":"","overlay-opacity":"","overlay-gradient":""}}},"product_brand":[],"product_cat":[65,76,97,102,98,99],"product_tag":[559,560,561,563,548,558,562,185],"class_list":{"0":"post-7582","1":"product","2":"type-product","3":"status-publish","4":"has-post-thumbnail","6":"product_cat-best-sellers","7":"product_cat-new-arrivels","8":"product_cat-sauna-suit","9":"product_cat-full-body-sweat-suit","10":"product_cat-sauna-jacket","11":"product_cat-sauna-pants","12":"product_tag-exercise","13":"product_tag-jacket","14":"product_tag-pants","15":"product_tag-running","16":"product_tag-sauna-sweat","17":"product_tag-weight-loss","18":"product_tag-with-pockets","19":"product_tag-workout","20":"pa_color-blue-jacket","21":"pa_color-blue-pant","22":"pa_color-silver-jacket","23":"pa_color-silver-pant","24":"pa_size-l","25":"pa_size-m","26":"pa_size-xxl","27":"pa_size-xxxl","28":"desktop-align-center","29":"tablet-align-left","30":"mobile-align-left","31":"ast-product-gallery-layout-horizontal-slider","32":"ast-product-single-variable","33":"ast-product-tabs-layout-horizontal","34":"ast-qv-on-image","36":"first","37":"instock","38":"sale","39":"shipping-taxable","40":"purchasable","41":"product-type-variable"},"tiered_pricing_type":"fixed","tiered_pricing_fixed_rules":{"20":6.9,"100":6.05,"200":5.6},"tiered_pricing_product_settings":{"layout":"default","base_unit_name":{"singular":null,"plural":null},"default_variation":null},"tiered_pricing_minimum_quantity":null,"tiered_pricing_roles_data":[],"tiered_pricing_percentage_rules":[],"_links":{"self":[{"href":"https:\/\/yume-silm.com\/fr\/wp-json\/wp\/v2\/product\/7582","targetHints":{"allow":["GET"]}}],"collection":[{"href":"https:\/\/yume-silm.com\/fr\/wp-json\/wp\/v2\/product"}],"about":[{"href":"https:\/\/yume-silm.com\/fr\/wp-json\/wp\/v2\/types\/product"}],"replies":[{"embeddable":true,"href":"https:\/\/yume-silm.com\/fr\/wp-json\/wp\/v2\/comments?post=7582"}],"wp:featuredmedia":[{"embeddable":true,"href":"https:\/\/yume-silm.com\/fr\/wp-json\/wp\/v2\/media\/7602"}],"wp:attachment":[{"href":"https:\/\/yume-silm.com\/fr\/wp-json\/wp\/v2\/media?parent=7582"}],"wp:term":[{"taxonomy":"product_brand","embeddable":true,"href":"https:\/\/yume-silm.com\/fr\/wp-json\/wp\/v2\/product_brand?post=7582"},{"taxonomy":"product_cat","embeddable":true,"href":"https:\/\/yume-silm.com\/fr\/wp-json\/wp\/v2\/product_cat?post=7582"},{"taxonomy":"product_tag","embeddable":true,"href":"https:\/\/yume-silm.com\/fr\/wp-json\/wp\/v2\/product_tag?post=7582"}],"curies":[{"name":"wp","href":"https:\/\/api.w.org\/{rel}","templated":true}]}}