{"id":7634,"date":"2024-04-27T01:28:04","date_gmt":"2024-04-27T01:28:04","guid":{"rendered":"https:\/\/yume-silm.com\/?post_type=product&#038;p=7634"},"modified":"2025-09-23T01:28:36","modified_gmt":"2025-09-23T01:28:36","slug":"vente-en-gros-ensemble-de-sueur-dexercice-de-combustion-des-graisses-en-pvc","status":"publish","type":"product","link":"https:\/\/yume-silm.com\/fr\/produit\/vente-en-gros-ensemble-de-sueur-dexercice-de-combustion-des-graisses-en-pvc\/","title":{"rendered":"Ensemble de sueur d&#039;exercice pour br\u00fbler les graisses en PVC, vente en gros"},"content":{"rendered":"<h5>Caract\u00e9ristiques de conception<\/h5>\n<ul>\n<li><strong>TRANSPIRER:<\/strong> Cette combinaison de perte de poids est ajout\u00e9e avec un mat\u00e9riau en PVC, ce qui peut efficacement encourager le corps \u00e0 transpirer beaucoup. Obtenez le meilleur effet de sauna pendant l&#039;exercice, de sorte que les toxines et les d\u00e9chets corporels soient rapidement \u00e9vacu\u00e9s du corps, rafra\u00eechissant le corps et l&#039;esprit, plus \u00e9nergiques.<\/li>\n<li><strong>AJUSTEMENT CONFORTABLE\u00a0:<\/strong> La conception humanis\u00e9e et la coupe ergonomique rendent la combinaison de sudation sauna fitness proche du corps. L&#039;ouverture \u00e9lastique serr\u00e9e au niveau des mains et des chevilles est tr\u00e8s efficace pour retenir la transpiration. Notre v\u00eatement de sport pour combinaison de sauna en PVC est fabriqu\u00e9 dans un mat\u00e9riau imperm\u00e9able et coupe-vent, adapt\u00e9 \u00e0 toutes les saisons et adapt\u00e9 \u00e0 tous les temps et \u00e0 tous les sports.<\/li>\n<li><strong>ACC\u00c9L\u00c9RER LE M\u00c9TABOLISME\u00a0:<\/strong> Le port d&#039;un surv\u00eatement de sauna pour perte de poids, exercice de gymnastique pour hommes et femmes sous un exercice chaud favorise la circulation sanguine et acc\u00e9l\u00e8re le m\u00e9tabolisme. Cela contribue non seulement \u00e0 r\u00e9duire le poids, mais am\u00e9liore \u00e9galement l\u2019immunit\u00e9, la texture de la peau et la jeunesse.<\/li>\n<li><strong>DESSIN DE MODE:<\/strong> Voir? Ce sweat-shirt et ce pantalon de sauna sont non seulement pratiques mais aussi \u00e0 la mode. Son style est tr\u00e8s tendance et disponible dans une vari\u00e9t\u00e9 de couleurs. Il vous garantit style et confiance tout en profitant de vos moments de sauna et en devenant une fashionista avec un mode de vie sain.<\/li>\n<\/ul>\n<p><img fetchpriority=\"high\" decoding=\"async\" class=\"alignnone size-medium wp-image-7974\" src=\"https:\/\/yume-silm.com\/wp-content\/uploads\/2024\/04\/wholesale-PVC-fat-burning-exercise-sweat-sauna-suit-set-300x300.jpg\" alt=\"Ensemble de sueur d&#039;exercice pour br\u00fbler les graisses en PVC, vente en gros\" width=\"300\" height=\"300\" title=\"\" srcset=\"https:\/\/yume-silm.com\/wp-content\/uploads\/2024\/04\/wholesale-PVC-fat-burning-exercise-sweat-sauna-suit-set-300x300.jpg 300w, https:\/\/yume-silm.com\/wp-content\/uploads\/2024\/04\/wholesale-PVC-fat-burning-exercise-sweat-sauna-suit-set-150x150.jpg 150w, https:\/\/yume-silm.com\/wp-content\/uploads\/2024\/04\/wholesale-PVC-fat-burning-exercise-sweat-sauna-suit-set-768x768.jpg 768w, https:\/\/yume-silm.com\/wp-content\/uploads\/2024\/04\/wholesale-PVC-fat-burning-exercise-sweat-sauna-suit-set-12x12.jpg 12w, https:\/\/yume-silm.com\/wp-content\/uploads\/2024\/04\/wholesale-PVC-fat-burning-exercise-sweat-sauna-suit-set-800x800.jpg 800w, https:\/\/yume-silm.com\/wp-content\/uploads\/2024\/04\/wholesale-PVC-fat-burning-exercise-sweat-sauna-suit-set-100x100.jpg 100w, https:\/\/yume-silm.com\/wp-content\/uploads\/2024\/04\/wholesale-PVC-fat-burning-exercise-sweat-sauna-suit-set.jpg 1000w\" sizes=\"(max-width: 300px) 100vw, 300px\" \/><\/p>\n<p>&nbsp;<\/p>\n<h6><em>Ensemble de combinaison de Sauna pour hommes et femmes, entra\u00eenement de fitness, transpiration, perte de poids<\/em><\/h6>\n<ul>\n<li><strong>APPLICABLE \u00c0 DE NOMBREUSES OCCASIONS\u00a0:<\/strong> Choisir un ensemble de transpiration en PVC pour br\u00fbler les graisses, c&#039;est choisir un mode de vie sain. Les v\u00eatements de sauna \u00e9vacueront le stress et brilleront lors de l&#039;exp\u00e9rience d&#039;exercice au sauna\u00a0; vous pouvez \u00e9galement perdre du poids gr\u00e2ce \u00e0 la transpiration au sauna. Parfait pour passer du temps au sauna dans l&#039;intimit\u00e9 de votre maison, s&#039;entra\u00eener \u00e0 la salle de sport, courir davantage \u00e0 l&#039;ext\u00e9rieur.<\/li>\n<\/ul>","protected":false},"excerpt":{"rendered":"<ul>\n<li>Whether you&#8217;re looking to get healthy, lose weight, or relieve stress, our range of PVC fat-burning exercise sweat sets will fulfill your exercise and weight loss needs.<\/li>\n<li>Come and choose our PVC fat-burning exercise sweat set for a healthier, more comfortable stylish life! New products are here, order today!<\/li>\n<\/ul>","protected":false},"featured_media":7972,"comment_status":"open","ping_status":"closed","template":"","meta":{"site-sidebar-layout":"default","site-content-layout":"","ast-site-content-layout":"default","site-content-style":"default","site-sidebar-style":"default","ast-global-header-display":"","ast-banner-title-visibility":"","ast-main-header-display":"","ast-hfb-above-header-display":"","ast-hfb-below-header-display":"","ast-hfb-mobile-header-display":"","site-post-title":"","ast-breadcrumbs-content":"","ast-featured-img":"","footer-sml-layout":"","ast-disable-related-posts":"","theme-transparent-header-meta":"default","adv-header-id-meta":"","stick-header-meta":"default","header-above-stick-meta":"","header-main-stick-meta":"","header-below-stick-meta":"","astra-migrate-meta-layouts":"set","ast-page-background-enabled":"default","ast-page-background-meta":{"desktop":{"background-color":"","background-image":"","background-repeat":"repeat","background-position":"center center","background-size":"auto","background-attachment":"scroll","background-type":"","background-media":"","overlay-type":"","overlay-color":"","overlay-opacity":"","overlay-gradient":""},"tablet":{"background-color":"","background-image":"","background-repeat":"repeat","background-position":"center center","background-size":"auto","background-attachment":"scroll","background-type":"","background-media":"","overlay-type":"","overlay-color":"","overlay-opacity":"","overlay-gradient":""},"mobile":{"background-color":"","background-image":"","background-repeat":"repeat","background-position":"center center","background-size":"auto","background-attachment":"scroll","background-type":"","background-media":"","overlay-type":"","overlay-color":"","overlay-opacity":"","overlay-gradient":""}},"ast-content-background-meta":{"desktop":{"background-color":"var(--ast-global-color-5)","background-image":"","background-repeat":"repeat","background-position":"center center","background-size":"auto","background-attachment":"scroll","background-type":"","background-media":"","overlay-type":"","overlay-color":"","overlay-opacity":"","overlay-gradient":""},"tablet":{"background-color":"var(--ast-global-color-5)","background-image":"","background-repeat":"repeat","background-position":"center center","background-size":"auto","background-attachment":"scroll","background-type":"","background-media":"","overlay-type":"","overlay-color":"","overlay-opacity":"","overlay-gradient":""},"mobile":{"background-color":"var(--ast-global-color-5)","background-image":"","background-repeat":"repeat","background-position":"center center","background-size":"auto","background-attachment":"scroll","background-type":"","background-media":"","overlay-type":"","overlay-color":"","overlay-opacity":"","overlay-gradient":""}}},"product_brand":[],"product_cat":[97,65,76,102,98,99],"product_tag":[421,549,569,570,548,185],"class_list":{"0":"post-7634","1":"product","2":"type-product","3":"status-publish","4":"has-post-thumbnail","6":"product_cat-sauna-suit","7":"product_cat-best-sellers","8":"product_cat-new-arrivels","9":"product_cat-full-body-sweat-suit","10":"product_cat-sauna-jacket","11":"product_cat-sauna-pants","12":"product_tag-fashions","13":"product_tag-gym","14":"product_tag-pvc","15":"product_tag-sauna-set","16":"product_tag-sauna-sweat","17":"product_tag-workout","18":"pa_color-black","19":"pa_color-silver","20":"pa_size-4xl","21":"pa_size-l","22":"pa_size-m","23":"pa_size-s","24":"pa_size-xl","25":"pa_size-xxl","26":"pa_size-xxxl","27":"desktop-align-center","28":"tablet-align-left","29":"mobile-align-left","30":"ast-product-gallery-layout-horizontal-slider","31":"ast-product-single-variable","32":"ast-product-tabs-layout-horizontal","33":"ast-qv-on-image","35":"first","36":"instock","37":"shipping-taxable","38":"purchasable","39":"product-type-variable"},"tiered_pricing_type":"fixed","tiered_pricing_fixed_rules":{"5":5.8,"50":5.15,"100":4.5},"tiered_pricing_product_settings":{"layout":"default","base_unit_name":{"singular":null,"plural":null},"default_variation":null},"tiered_pricing_minimum_quantity":null,"tiered_pricing_roles_data":[],"tiered_pricing_percentage_rules":[],"_links":{"self":[{"href":"https:\/\/yume-silm.com\/fr\/wp-json\/wp\/v2\/product\/7634","targetHints":{"allow":["GET"]}}],"collection":[{"href":"https:\/\/yume-silm.com\/fr\/wp-json\/wp\/v2\/product"}],"about":[{"href":"https:\/\/yume-silm.com\/fr\/wp-json\/wp\/v2\/types\/product"}],"replies":[{"embeddable":true,"href":"https:\/\/yume-silm.com\/fr\/wp-json\/wp\/v2\/comments?post=7634"}],"wp:featuredmedia":[{"embeddable":true,"href":"https:\/\/yume-silm.com\/fr\/wp-json\/wp\/v2\/media\/7972"}],"wp:attachment":[{"href":"https:\/\/yume-silm.com\/fr\/wp-json\/wp\/v2\/media?parent=7634"}],"wp:term":[{"taxonomy":"product_brand","embeddable":true,"href":"https:\/\/yume-silm.com\/fr\/wp-json\/wp\/v2\/product_brand?post=7634"},{"taxonomy":"product_cat","embeddable":true,"href":"https:\/\/yume-silm.com\/fr\/wp-json\/wp\/v2\/product_cat?post=7634"},{"taxonomy":"product_tag","embeddable":true,"href":"https:\/\/yume-silm.com\/fr\/wp-json\/wp\/v2\/product_tag?post=7634"}],"curies":[{"name":"wp","href":"https:\/\/api.w.org\/{rel}","templated":true}]}}