{"id":7657,"date":"2024-04-27T03:01:41","date_gmt":"2024-04-27T03:01:41","guid":{"rendered":"https:\/\/yume-silm.com\/?post_type=product&#038;p=7657"},"modified":"2025-05-24T05:05:19","modified_gmt":"2025-05-24T05:05:19","slug":"vente-en-gros-survetement-de-sauna-a-manches-longues-et-demi-zip-a-capuche-ensemble-de-fitness","status":"publish","type":"product","link":"https:\/\/yume-silm.com\/fr\/produit\/vente-en-gros-survetement-de-sauna-a-manches-longues-et-demi-zip-a-capuche-ensemble-de-fitness\/","title":{"rendered":"Costume de sudation de Sauna en gros, ensemble de Fitness \u00e0 capuche \u00e0 manches longues et demi-fermeture \u00e9clair"},"content":{"rendered":"<h5><span data-slate-fragment=\"JTVCJTdCJTIydHlwZSUyMiUzQSUyMnBhcmFncmFwaCUyMiUyQyUyMmNoaWxkcmVuJTIyJTNBJTVCJTdCJTIydGV4dCUyMiUzQSUyMkRlc2lnbiUyMGZlYXR1cmVzJTIyJTJDJTIyc2VudGVuY2UlMjIlM0EyJTJDJTIyY2hpbGRTZW50ZW5jZSUyMiUzQTElN0QlNUQlN0QlNUQ=\">Caract\u00e9ristiques de conception<\/span><\/h5>\n<ul>\n<li data-slate-node=\"element\"><span data-slate-node=\"text\"><span class=\"141\" data-slate-leaf=\"true\"><strong>LIB\u00c9RATION TOTALE DE LA SUEUR\u00a0:<\/strong> La combinaison de sauna compl\u00e8te vous permettra de profiter du moment de sauna, en honorant l&#039;\u00e9vacuation de la sueur sur tout le corps, afin que les toxines et les d\u00e9chets puissent \u00eatre rapidement \u00e9vacu\u00e9s du corps, rafra\u00eechissant le corps, l&#039;esprit et l&#039;\u00e9nergie.<\/span><\/span><\/li>\n<li data-slate-node=\"element\"><span data-slate-node=\"text\"><span class=\"161\" data-slate-leaf=\"true\"><strong>SENS DE LA MODE SPORTIVE\u00a0:<\/strong> Cet ensemble de fitness \u00e0 capuche et manches longues avec demi-zip et manches longues est fabriqu\u00e9 en \u00e9pissant les couleurs, le rouge et le noir ensemble, ce qui met en valeur un sens plus \u00e0 la mode et sportif.<\/span><\/span><\/li>\n<li data-slate-node=\"element\"><span data-slate-node=\"text\"><span class=\"181\" data-slate-leaf=\"true\"><strong>D\u00c9TOXIFICATION NATURELLE\u00a0:<\/strong> L&#039;ensemble veste de course et pantalon pour hommes et femmes, pull \u00e0 capuche, v\u00eatements de sport de sauna favorise l&#039;\u00e9vacuation de la transpiration pendant votre exercice, acc\u00e9l\u00e9rant votre m\u00e9tabolisme, revitalisant votre corps et obtenant un corps sain. <\/span><\/span><span data-slate-node=\"text\"><span class=\"182\" data-slate-leaf=\"true\">Que vous souhaitiez d\u00e9tendre votre corps et votre esprit, r\u00e9duire le stress ou am\u00e9liorer votre forme physique, l&#039;ensemble de combinaison de sauna vous aidera.<\/span><\/span><\/li>\n<li data-slate-node=\"element\"><span data-slate-node=\"text\"><span class=\"201\" data-slate-leaf=\"true\"><strong>PLUSIEURS SC\u00c9NARIOS APPLICABLES\u00a0:<\/strong> Que vous profitiez de votre temps au sauna \u00e0 la maison avec du yoga, du jogging, de la corde \u00e0 sauter, etc., ou que vous vous entra\u00eeniez dans la salle de sport pour vous d\u00e9tendre apr\u00e8s votre entra\u00eenement, l&#039;ensemble de sport de sauna de sudation de perte de poids d&#039;entra\u00eenement de fitness de salle de sport est le meilleur choix pour vous. <\/span><\/span><span data-slate-node=\"text\"><span class=\"202\" data-slate-leaf=\"true\">Confortable \u00e0 porter, design \u00e0 la mode, pour que vous puissiez conserver confiance et confort m\u00eame pendant le moment du sauna.<\/span><\/span><\/li>\n<\/ul>\n<p><img fetchpriority=\"high\" decoding=\"async\" class=\"alignnone size-medium wp-image-7986\" src=\"https:\/\/yume-silm.com\/wp-content\/uploads\/2024\/04\/wholesale-sauna-sweat-suit-long-sleeve-half-zip-hooded-fitness-set-05-1-300x300.jpg\" alt=\"Costume de sudation de Sauna en gros, ensemble de Fitness \u00e0 capuche \u00e0 manches longues et demi-fermeture \u00e9clair\" width=\"300\" height=\"300\" title=\"\" srcset=\"https:\/\/yume-silm.com\/wp-content\/uploads\/2024\/04\/wholesale-sauna-sweat-suit-long-sleeve-half-zip-hooded-fitness-set-05-1-300x300.jpg 300w, https:\/\/yume-silm.com\/wp-content\/uploads\/2024\/04\/wholesale-sauna-sweat-suit-long-sleeve-half-zip-hooded-fitness-set-05-1-150x150.jpg 150w, https:\/\/yume-silm.com\/wp-content\/uploads\/2024\/04\/wholesale-sauna-sweat-suit-long-sleeve-half-zip-hooded-fitness-set-05-1-768x768.jpg 768w, https:\/\/yume-silm.com\/wp-content\/uploads\/2024\/04\/wholesale-sauna-sweat-suit-long-sleeve-half-zip-hooded-fitness-set-05-1-12x12.jpg 12w, https:\/\/yume-silm.com\/wp-content\/uploads\/2024\/04\/wholesale-sauna-sweat-suit-long-sleeve-half-zip-hooded-fitness-set-05-1-800x800.jpg 800w, https:\/\/yume-silm.com\/wp-content\/uploads\/2024\/04\/wholesale-sauna-sweat-suit-long-sleeve-half-zip-hooded-fitness-set-05-1-100x100.jpg 100w, https:\/\/yume-silm.com\/wp-content\/uploads\/2024\/04\/wholesale-sauna-sweat-suit-long-sleeve-half-zip-hooded-fitness-set-05-1.jpg 1000w\" sizes=\"(max-width: 300px) 100vw, 300px\" \/><\/p>\n<h6><em>Combinaison de sudation Sauna \u00e0 manches longues, demi-fermeture \u00e9clair, slim, yoga, perte de poids, exercice de fitness<\/em><\/h6>\n<ul>\n<li data-slate-node=\"element\" data-slate-fragment=\"JTVCJTdCJTIydHlwZSUyMiUzQSUyMnBhcmFncmFwaCUyMiUyQyUyMmNoaWxkcmVuJTIyJTNBJTVCJTdCJTIydGV4dCUyMiUzQSUyMlRPVEFMJTIwU1dFQVQlMjBSRUxFQVNFJTNBJTIwVGhlJTIwZnVsbC1ib2R5JTIwc2F1bmElMjBzdWl0JTIwd2lsbCUyMHRha2UlMjB5b3UlMjB0byUyMGVuam95JTIwdGhlJTIwc2F1bmElMjBtb21lbnQlMkMlMjBob25vcmluZyUyMHRoZSUyMHJlbGVhc2UlMjBvZiUyMHN3ZWF0JTIwYWxsJTIwb3ZlciUyMHRoZSUyMGJvZHklMkMlMjBzbyUyMHRoYXQlMjB0b3hpbnMlMjBhbmQlMjB3YXN0ZSUyMGNhbiUyMGJlJTIwcXVpY2tseSUyMGZsdXNoZWQlMjBvdXQlMjBvZiUyMHRoZSUyMGJvZHklMkMlMjByZWZyZXNoaW5nJTIwdGhlJTIwYm9keSUyQyUyMG1pbmQlMkMlMjBhbmQlMjBlbmVyZ3kuJTIyJTJDJTIyc2VudGVuY2UlMjIlM0ExNCUyQyUyMmNoaWxkU2VudGVuY2UlMjIlM0ExJTdEJTVEJTdEJTJDJTdCJTIydHlwZSUyMiUzQSUyMnBhcmFncmFwaCUyMiUyQyUyMmNoaWxkcmVuJTIyJTNBJTVCJTdCJTIydGV4dCUyMiUzQSUyMiUyMiUyQyUyMnNlbnRlbmNlJTIyJTNBMTUlMkMlMjJjaGlsZFNlbnRlbmNlJTIyJTNBMSU3RCU1RCU3RCUyQyU3QiUyMnR5cGUlMjIlM0ElMjJwYXJhZ3JhcGglMjIlMkMlMjJjaGlsZHJlbiUyMiUzQSU1QiU3QiUyMnRleHQlMjIlM0ElMjJTUE9SVFMlMjBGQVNISU9OJTIwU0VOU0UlM0ElMjBUaGlzJTIwc2F1bmElMjBzd2VhdCUyMHN1aXQlMjBsb25nJTIwc2xlZXZlJTIwaGFsZiUyMHppcCUyMGhvb2RlZCUyMGZpdG5lc3MlMjBzZXQlMjBvZiUyMG91cnMlMjBpcyUyMG1hZGUlMjBieSUyMHNwbGljaW5nJTIwY29sb3JzJTJDJTIwcmVkJTIwYW5kJTIwYmxhY2slMjB0b2dldGhlciUyQyUyMHdoaWNoJTIwaGlnaGxpZ2h0cyUyMGElMjBtb3JlJTIwZmFzaGlvbmFibGUlMjBhbmQlMjBzcG9ydHklMjBzZW5zZS4lMjIlMkMlMjJzZW50ZW5jZSUyMiUzQTE2JTJDJTIyY2hpbGRTZW50ZW5jZSUyMiUzQTElN0QlNUQlN0QlMkMlN0IlMjJ0eXBlJTIyJTNBJTIycGFyYWdyYXBoJTIyJTJDJTIyY2hpbGRyZW4lMjIlM0ElNUIlN0IlMjJ0ZXh0JTIyJTNBJTIyJTIyJTJDJTIyc2VudGVuY2UlMjIlM0ExNyUyQyUyMmNoaWxkU2VudGVuY2UlMjIlM0ExJTdEJTVEJTdEJTJDJTdCJTIydHlwZSUyMiUzQSUyMnBhcmFncmFwaCUyMiUyQyUyMmNoaWxkcmVuJTIyJTNBJTVCJTdCJTIydGV4dCUyMiUzQSUyMk5BVFVSQUwlMjBERVRPWElGSUNBVElPTiUzQSUyMFRoZSUyMHJ1bm5pbmclMjBqYWNrZXQlMjBwYW50JTIwc2V0JTIwbWVuJ3MlMjB3b21lbidzJTIwcHVsbG92ZXIlMjBob29kZWQlMjBzYXVuYSUyMHNwb3J0c3dlYXIlMjBwcm9tb3RlcyUyMHN3ZWF0JTIwb3V0JTIwZHVyaW5nJTIweW91ciUyMGV4ZXJjaXNlJTJDJTIwYWNjZWxlcmF0aW5nJTIweW91ciUyMG1ldGFib2xpc20lMkMlMjByZXZpdGFsaXppbmclMjB5b3VyJTIwYm9keSUyQyUyMGFuZCUyMGdhaW5pbmclMjBhJTIwaGVhbHRoeSUyMGJvZHkuJTIwJTIyJTJDJTIyc2VudGVuY2UlMjIlM0ExOCUyQyUyMmNoaWxkU2VudGVuY2UlMjIlM0ExJTdEJTJDJTdCJTIydGV4dCUyMiUzQSUyMldoZXRoZXIlMjB5b3UlMjB3YW50JTIwdG8lMjByZWxheCUyMHlvdXIlMjBib2R5JTIwYW5kJTIwbWluZCUyQyUyMHJlZHVjZSUyMHN0cmVzcyUyQyUyMG9yJTIwZW5oYW5jZSUyMHlvdXIlMjBwaHlzaWNhbCUyMGZpdG5lc3MlMkMlMjB0aGUlMjBzd2VhdCUyMHNhdW5hJTIwc3VpdCUyMHNldCUyMHdpbGwlMjBoZWxwJTIweW91LiUyMiUyQyUyMnNlbnRlbmNlJTIyJTNBMTglMkMlMjJjaGlsZFNlbnRlbmNlJTIyJTNBMiU3RCU1RCU3RCUyQyU3QiUyMnR5cGUlMjIlM0ElMjJwYXJhZ3JhcGglMjIlMkMlMjJjaGlsZHJlbiUyMiUzQSU1QiU3QiUyMnRleHQlMjIlM0ElMjIlMjIlMkMlMjJzZW50ZW5jZSUyMiUzQTE5JTJDJTIyY2hpbGRTZW50ZW5jZSUyMiUzQTElN0QlNUQlN0QlMkMlN0IlMjJ0eXBlJTIyJTNBJTIycGFyYWdyYXBoJTIyJTJDJTIyY2hpbGRyZW4lMjIlM0ElNUIlN0IlMjJ0ZXh0JTIyJTNBJTIyTVVMVElQTEUlMjBTQ0VOQVJJT1MlMjBBUFBMSUNBQkxFJTNBJTIwV2hldGhlciUyMHlvdSUyMGFyZSUyMGVuam95aW5nJTIweW91ciUyMHNhdW5hJTIwdGltZSUyMGF0JTIwaG9tZSUyMHdpdGglMjB5b2dhJTJDJTIwam9nZ2luZyUyQyUyMGp1bXBpbmclMjByb3BlJTJDJTIwZXRjLiUyQyUyMG9yJTIwd29ya2luZyUyMG91dCUyMGluJTIwdGhlJTIwZ3ltJTIwdG8lMjByZWxheCUyMGFmdGVyJTIweW91ciUyMHRyYWluaW5nJTJDJTIwdGhlJTIwZ3ltJTIwZml0bmVzcyUyMHRyYWluaW5nJTIwd2VpZ2h0JTIwbG9zcyUyMHN3ZWF0aW5nJTIwc2F1bmElMjBzcG9ydCUyMHNldCUyMGlzJTIwdGhlJTIwYmVzdCUyMGNob2ljZSUyMGZvciUyMHlvdS4lMjAlMjIlMkMlMjJzZW50ZW5jZSUyMiUzQTIwJTJDJTIyY2hpbGRTZW50ZW5jZSUyMiUzQTElN0QlMkMlN0IlMjJ0ZXh0JTIyJTNBJTIyQ29tZm9ydGFibGUlMjB0byUyMHdlYXIlMkMlMjBmYXNoaW9uYWJsZSUyMGRlc2lnbiUyQyUyMHNvJTIwdGhhdCUyMHlvdSUyMGNhbiUyMG1haW50YWluJTIwY29uZmlkZW5jZSUyMGFuZCUyMGNvbWZvcnQlMjBldmVuJTIwaW4lMjB0aGUlMjBzYXVuYSUyMG1vbWVudC4lMjIlMkMlMjJzZW50ZW5jZSUyMiUzQTIwJTJDJTIyY2hpbGRTZW50ZW5jZSUyMiUzQTIlN0QlNUQlN0QlMkMlN0IlMjJ0eXBlJTIyJTNBJTIycGFyYWdyYXBoJTIyJTJDJTIyY2hpbGRyZW4lMjIlM0ElNUIlN0IlMjJ0ZXh0JTIyJTNBJTIyJTIyJTJDJTIyc2VudGVuY2UlMjIlM0EyMSUyQyUyMmNoaWxkU2VudGVuY2UlMjIlM0ExJTdEJTVEJTdEJTJDJTdCJTIydHlwZSUyMiUzQSUyMnBhcmFncmFwaCUyMiUyQyUyMmNoaWxkcmVuJTIyJTNBJTVCJTdCJTIydGV4dCUyMiUzQSUyMlJFTEVBU0UlMjBBTkQlMjBSRUpVVkVOQVRFJTNBJTIwRW1icmFjZSUyMHRoZSUyMGNvbWZvcnQlMjBvZiUyMHRoZSUyMHNhdW5hJTIwZXhwZXJpZW5jZSUyMGFuZCUyMGxldCUyMHlvdXIlMjBmYXRpZ3VlJTIwYW5kJTIwdG94aW5zJTIwc3dlYXQlMjBhd2F5LiUyMCUyMiUyQyUyMnNlbnRlbmNlJTIyJTNBMjIlMkMlMjJjaGlsZFNlbnRlbmNlJTIyJTNBMSU3RCUyQyU3QiUyMnRleHQlMjIlM0ElMjJUaGUlMjBzYXVuYSUyMHN3ZWF0JTIwc3VpdCUyMGxvbmclMjBzbGVldmUlMjBoYWxmJTIwemlwJTIwaG9vZGVkJTIwZml0bmVzcyUyMHNldCUyMGlzJTIwdGhlJTIwaWRlYWwlMjBjb21wYW5pb24lMjBmb3IlMjB5b3VyJTIwc2F1bmElMjBqb3VybmV5JTJDJTIwYWxsb3dpbmclMjB5b3UlMjB0byUyMGVuam95JTIwY29tZm9ydCUyMGV2ZW4lMjBpbiUyMGhpZ2gtdGVtcGVyYXR1cmUlMjBlbnZpcm9ubWVudHMuJTIyJTJDJTIyc2VudGVuY2UlMjIlM0EyMiUyQyUyMmNoaWxkU2VudGVuY2UlMjIlM0EyJTdEJTVEJTdEJTVE\"><span data-slate-node=\"text\"><span class=\"221\" data-slate-leaf=\"true\"><strong>LIB\u00c9RATION ET RAJEUNISSEMENT\u00a0:<\/strong> Profitez du confort de l&#039;exp\u00e9rience sauna et laissez votre fatigue et vos toxines transpirer. <\/span><\/span><span data-slate-node=\"text\"><span class=\"222\" data-slate-leaf=\"true\">L&#039;ensemble de fitness \u00e0 capuche et manches longues avec demi-zip et sweat-shirt de sauna est le compagnon id\u00e9al pour votre voyage au sauna, vous permettant de profiter du confort m\u00eame dans des environnements \u00e0 haute temp\u00e9rature.<\/span><\/span><\/li>\n<\/ul>","protected":false},"excerpt":{"rendered":"<ul>\n<li><span data-slate-node=\"text\"><span class=\"00\" data-slate-leaf=\"true\">Que vous cherchiez \u00e0 \u00eatre en bonne sant\u00e9, \u00e0 perdre du poids ou \u00e0 soulager le stress, notre gamme d&#039;ensembles de combinaisons de sudation r\u00e9pondra \u00e0 vos besoins en mati\u00e8re d&#039;exercice et de perte de poids. <\/span><\/span><\/li>\n<li><span data-slate-node=\"text\"><span class=\"01\" data-slate-leaf=\"true\">Venez choisir notre ensemble de fitness \u00e0 manches longues et demi-zip \u00e0 capuche pour une vie \u00e9l\u00e9gante plus saine et plus confortable ! <\/span><\/span><span data-slate-node=\"text\" data-slate-fragment=\"JTVCJTdCJTIydHlwZSUyMiUzQSUyMnBhcmFncmFwaCUyMiUyQyUyMmNoaWxkcmVuJTIyJTNBJTVCJTdCJTIydGV4dCUyMiUzQSUyMldoZXRoZXIlMjB5b3UncmUlMjBsb29raW5nJTIwdG8lMjBnZXQlMjBoZWFsdGh5JTJDJTIwbG9zZSUyMHdlaWdodCUyQyUyMG9yJTIwcmVsaWV2ZSUyMHN0cmVzcyUyQyUyMG91ciUyMHJhbmdlJTIwb2YlMjBzd2VhdCUyMHNhdW5hJTIwc3VpdCUyMHNldHMlMjB3aWxsJTIwZnVsZmlsbCUyMHlvdXIlMjBleGVyY2lzZSUyMGFuZCUyMHdlaWdodCUyMGxvc3MlMjBuZWVkcy4lMjAlMjIlMkMlMjJzZW50ZW5jZSUyMiUzQTAlMkMlMjJjaGlsZFNlbnRlbmNlJTIyJTNBMCU3RCUyQyU3QiUyMnRleHQlMjIlM0ElMjJDb21lJTIwYW5kJTIwY2hvb3NlJTIwb3VyJTIwc2F1bmElMjBzd2VhdCUyMHN1aXQlMjBsb25nJTIwc2xlZXZlJTIwaGFsZiUyMHppcCUyMGhvb2RlZCUyMGZpdG5lc3MlMjBzZXQlMjBmb3IlMjBhJTIwaGVhbHRoaWVyJTJDJTIwbW9yZSUyMGNvbWZvcnRhYmxlJTIwc3R5bGlzaCUyMGxpZmUhJTIwJTIyJTJDJTIyc2VudGVuY2UlMjIlM0EwJTJDJTIyY2hpbGRTZW50ZW5jZSUyMiUzQTElN0QlMkMlN0IlMjJ0ZXh0JTIyJTNBJTIyTmV3JTIwcHJvZHVjdHMlMjBhcmUlMjBoZXJlJTJDJTIwb3JkZXIlMjB0b2RheSElMjIlMkMlMjJzZW50ZW5jZSUyMiUzQTAlMkMlMjJjaGlsZFNlbnRlbmNlJTIyJTNBMiU3RCU1RCU3RCU1RA==\"><span class=\"02\" data-slate-leaf=\"true\">De nouveaux produits sont l\u00e0, commandez d\u00e8s aujourd&#039;hui !<\/span><\/span><\/li>\n<\/ul>","protected":false},"featured_media":7990,"comment_status":"open","ping_status":"closed","template":"","meta":{"site-sidebar-layout":"default","site-content-layout":"","ast-site-content-layout":"default","site-content-style":"default","site-sidebar-style":"default","ast-global-header-display":"","ast-banner-title-visibility":"","ast-main-header-display":"","ast-hfb-above-header-display":"","ast-hfb-below-header-display":"","ast-hfb-mobile-header-display":"","site-post-title":"","ast-breadcrumbs-content":"","ast-featured-img":"","footer-sml-layout":"","ast-disable-related-posts":"","theme-transparent-header-meta":"default","adv-header-id-meta":"","stick-header-meta":"default","header-above-stick-meta":"","header-main-stick-meta":"","header-below-stick-meta":"","astra-migrate-meta-layouts":"set","ast-page-background-enabled":"default","ast-page-background-meta":{"desktop":{"background-color":"","background-image":"","background-repeat":"repeat","background-position":"center center","background-size":"auto","background-attachment":"scroll","background-type":"","background-media":"","overlay-type":"","overlay-color":"","overlay-opacity":"","overlay-gradient":""},"tablet":{"background-color":"","background-image":"","background-repeat":"repeat","background-position":"center center","background-size":"auto","background-attachment":"scroll","background-type":"","background-media":"","overlay-type":"","overlay-color":"","overlay-opacity":"","overlay-gradient":""},"mobile":{"background-color":"","background-image":"","background-repeat":"repeat","background-position":"center center","background-size":"auto","background-attachment":"scroll","background-type":"","background-media":"","overlay-type":"","overlay-color":"","overlay-opacity":"","overlay-gradient":""}},"ast-content-background-meta":{"desktop":{"background-color":"var(--ast-global-color-5)","background-image":"","background-repeat":"repeat","background-position":"center center","background-size":"auto","background-attachment":"scroll","background-type":"","background-media":"","overlay-type":"","overlay-color":"","overlay-opacity":"","overlay-gradient":""},"tablet":{"background-color":"var(--ast-global-color-5)","background-image":"","background-repeat":"repeat","background-position":"center center","background-size":"auto","background-attachment":"scroll","background-type":"","background-media":"","overlay-type":"","overlay-color":"","overlay-opacity":"","overlay-gradient":""},"mobile":{"background-color":"var(--ast-global-color-5)","background-image":"","background-repeat":"repeat","background-position":"center center","background-size":"auto","background-attachment":"scroll","background-type":"","background-media":"","overlay-type":"","overlay-color":"","overlay-opacity":"","overlay-gradient":""}}},"product_brand":[],"product_cat":[65,76,97,102,98,99],"product_tag":[575,578,579,183,577,576,574,185],"class_list":{"0":"post-7657","1":"product","2":"type-product","3":"status-publish","4":"has-post-thumbnail","6":"product_cat-best-sellers","7":"product_cat-new-arrivels","8":"product_cat-sauna-suit","9":"product_cat-full-body-sweat-suit","10":"product_cat-sauna-jacket","11":"product_cat-sauna-pants","12":"product_tag-gympak","13":"product_tag-half-zip","14":"product_tag-hooded","15":"product_tag-long-sleeve","16":"product_tag-sport-set-dames","17":"product_tag-sport-suit","18":"product_tag-sweatpak","19":"product_tag-workout","20":"pa_color-black-pant","21":"pa_color-red-black-jacket","22":"pa_color-red-black-suit","23":"pa_size-l","24":"pa_size-m","25":"pa_size-s","26":"pa_size-xl","27":"pa_size-xxl","28":"pa_size-xxxl","29":"desktop-align-center","30":"tablet-align-left","31":"mobile-align-left","32":"ast-product-gallery-layout-horizontal-slider","33":"ast-product-single-variable","34":"ast-product-tabs-layout-horizontal","35":"ast-qv-on-image","37":"first","38":"instock","39":"sale","40":"shipping-taxable","41":"purchasable","42":"product-type-variable"},"tiered_pricing_type":"fixed","tiered_pricing_fixed_rules":[],"tiered_pricing_product_settings":{"layout":"default","base_unit_name":{"singular":null,"plural":null},"default_variation":null},"tiered_pricing_minimum_quantity":null,"tiered_pricing_roles_data":[],"tiered_pricing_percentage_rules":[],"_links":{"self":[{"href":"https:\/\/yume-silm.com\/fr\/wp-json\/wp\/v2\/product\/7657","targetHints":{"allow":["GET"]}}],"collection":[{"href":"https:\/\/yume-silm.com\/fr\/wp-json\/wp\/v2\/product"}],"about":[{"href":"https:\/\/yume-silm.com\/fr\/wp-json\/wp\/v2\/types\/product"}],"replies":[{"embeddable":true,"href":"https:\/\/yume-silm.com\/fr\/wp-json\/wp\/v2\/comments?post=7657"}],"wp:featuredmedia":[{"embeddable":true,"href":"https:\/\/yume-silm.com\/fr\/wp-json\/wp\/v2\/media\/7990"}],"wp:attachment":[{"href":"https:\/\/yume-silm.com\/fr\/wp-json\/wp\/v2\/media?parent=7657"}],"wp:term":[{"taxonomy":"product_brand","embeddable":true,"href":"https:\/\/yume-silm.com\/fr\/wp-json\/wp\/v2\/product_brand?post=7657"},{"taxonomy":"product_cat","embeddable":true,"href":"https:\/\/yume-silm.com\/fr\/wp-json\/wp\/v2\/product_cat?post=7657"},{"taxonomy":"product_tag","embeddable":true,"href":"https:\/\/yume-silm.com\/fr\/wp-json\/wp\/v2\/product_tag?post=7657"}],"curies":[{"name":"wp","href":"https:\/\/api.w.org\/{rel}","templated":true}]}}