{"id":7686,"date":"2024-04-27T05:22:33","date_gmt":"2024-04-27T05:22:33","guid":{"rendered":"https:\/\/yume-silm.com\/?post_type=product&#038;p=7686"},"modified":"2025-04-09T00:44:43","modified_gmt":"2025-04-09T00:44:43","slug":"vente-en-gros-yoga-sauna-chauffe-costume-de-fitness-ensemble-de-pantalons-longs-a-manches-longues","status":"publish","type":"product","link":"https:\/\/yume-silm.com\/fr\/produit\/vente-en-gros-yoga-sauna-chauffe-costume-de-fitness-ensemble-de-pantalons-longs-a-manches-longues\/","title":{"rendered":"Costume de Fitness chauffant pour Sauna de Yoga, ensemble de pantalons longs \u00e0 manches longues, vente en gros"},"content":{"rendered":"<h5><span data-slate-fragment=\"JTVCJTdCJTIydHlwZSUyMiUzQSUyMnBhcmFncmFwaCUyMiUyQyUyMmNoaWxkcmVuJTIyJTNBJTVCJTdCJTIydGV4dCUyMiUzQSUyMkRlc2lnbiUyMGZlYXR1cmVzJTIyJTJDJTIyc2VudGVuY2UlMjIlM0EyJTJDJTIyY2hpbGRTZW50ZW5jZSUyMiUzQTElN0QlNUQlN0QlNUQ=\">Caract\u00e9ristiques de conception<\/span><\/h5>\n<ul>\n<li data-slate-node=\"element\"><span data-slate-node=\"text\"><span class=\"71\" data-slate-leaf=\"true\"><strong>LIB\u00c9RATION TOTALE DE LA SUEUR\u00a0:<\/strong> La combinaison de sauna compl\u00e8te vous permettra de profiter du moment de sauna, en honorant l&#039;\u00e9vacuation de la sueur sur tout le corps, afin que les toxines et les d\u00e9chets puissent \u00eatre rapidement \u00e9vacu\u00e9s du corps, rafra\u00eechissant le corps, l&#039;esprit et l&#039;\u00e9nergie.<\/span><\/span><\/li>\n<li data-slate-node=\"element\"><span data-slate-node=\"text\"><span class=\"91\" data-slate-leaf=\"true\"><strong>SENS DE LA MODE SPORTIVE\u00a0:<\/strong> Cet ensemble de pantalons longs \u00e0 manches longues et \u00e0 manches longues pour sauna de yoga est fabriqu\u00e9 en \u00e9pissant les couleurs, le rouge et le noir ensemble, soulignant un sens plus \u00e0 la mode et sportif.<\/span><\/span><\/li>\n<li data-slate-node=\"element\"><span data-slate-node=\"text\"><span class=\"111\" data-slate-leaf=\"true\"><strong>D\u00c9TOXIFICATION NATURELLE\u00a0:<\/strong> L&#039;ensemble haut de course et pantalon de sport pour homme et femme favorise l&#039;\u00e9vacuation de la transpiration pendant votre exercice, acc\u00e9l\u00e9rant votre m\u00e9tabolisme, revitalisant votre corps et gagnant un corps sain. <\/span><\/span><span data-slate-node=\"text\"><span class=\"112\" data-slate-leaf=\"true\">Que vous souhaitiez d\u00e9tendre votre corps et votre esprit, r\u00e9duire le stress ou am\u00e9liorer votre forme physique, l&#039;ensemble de combinaison de sauna vous aidera.<\/span><\/span><\/li>\n<li data-slate-node=\"element\"><span data-slate-node=\"text\"><span class=\"131\" data-slate-leaf=\"true\"><strong>PLUSIEURS SC\u00c9NARIOS APPLICABLES\u00a0:<\/strong> Que vous profitiez de votre temps au sauna \u00e0 la maison avec du yoga, du jogging, de la corde \u00e0 sauter, etc., ou que vous vous entra\u00eeniez dans la salle de sport pour vous d\u00e9tendre apr\u00e8s votre entra\u00eenement, l&#039;ensemble de sport de sauna de sudation de perte de poids d&#039;entra\u00eenement de fitness de salle de sport est le meilleur choix pour vous. <\/span><\/span><span data-slate-node=\"text\"><span class=\"132\" data-slate-leaf=\"true\">Confortable \u00e0 porter, design \u00e0 la mode, pour que vous puissiez conserver confiance et confort m\u00eame pendant le moment du sauna.<\/span><\/span><\/li>\n<\/ul>\n<h6><em>Combinaison de sudation Sauna \u00e0 manches longues, slim, yoga, perte de poids, exercice de fitness<\/em><\/h6>\n<ul>\n<li data-slate-node=\"element\" data-slate-fragment=\"JTVCJTdCJTIydHlwZSUyMiUzQSUyMnBhcmFncmFwaCUyMiUyQyUyMmNoaWxkcmVuJTIyJTNBJTVCJTdCJTIydGV4dCUyMiUzQSUyMlRPVEFMJTIwU1dFQVQlMjBSRUxFQVNFJTNBJTIwVGhlJTIwZnVsbC1ib2R5JTIwc2F1bmElMjBzdWl0JTIwd2lsbCUyMHRha2UlMjB5b3UlMjB0byUyMGVuam95JTIwdGhlJTIwc2F1bmElMjBtb21lbnQlMkMlMjBob25vcmluZyUyMHRoZSUyMHJlbGVhc2UlMjBvZiUyMHN3ZWF0JTIwYWxsJTIwb3ZlciUyMHRoZSUyMGJvZHklMkMlMjBzbyUyMHRoYXQlMjB0b3hpbnMlMjBhbmQlMjB3YXN0ZSUyMGNhbiUyMGJlJTIwcXVpY2tseSUyMGZsdXNoZWQlMjBvdXQlMjBvZiUyMHRoZSUyMGJvZHklMkMlMjByZWZyZXNoaW5nJTIwdGhlJTIwYm9keSUyQyUyMG1pbmQlMkMlMjBhbmQlMjBlbmVyZ3kuJTIyJTJDJTIyc2VudGVuY2UlMjIlM0E3JTJDJTIyY2hpbGRTZW50ZW5jZSUyMiUzQTElN0QlNUQlN0QlMkMlN0IlMjJ0eXBlJTIyJTNBJTIycGFyYWdyYXBoJTIyJTJDJTIyY2hpbGRyZW4lMjIlM0ElNUIlN0IlMjJ0ZXh0JTIyJTNBJTIyJTIyJTJDJTIyc2VudGVuY2UlMjIlM0E4JTJDJTIyY2hpbGRTZW50ZW5jZSUyMiUzQTElN0QlNUQlN0QlMkMlN0IlMjJ0eXBlJTIyJTNBJTIycGFyYWdyYXBoJTIyJTJDJTIyY2hpbGRyZW4lMjIlM0ElNUIlN0IlMjJ0ZXh0JTIyJTNBJTIyU1BPUlRTJTIwRkFTSElPTiUyMFNFTlNFJTNBJTIwVGhpcyUyMHlvZ2ElMjBzYXVuYSUyMGhlYXRlZCUyMGZpdG5lc3MlMjBjbG90aGluZyUyMGxvbmclMjBzbGVldmUlMjBsb25nJTIwcGFudHMlMjBzZXQlMjBvZiUyMG91cnMlMjBpcyUyMG1hZGUlMjBieSUyMHNwbGljaW5nJTIwY29sb3JzJTJDJTIwcmVkJTIwYW5kJTIwYmxhY2slMjB0b2dldGhlciUyQyUyMHdoaWNoJTIwaGlnaGxpZ2h0cyUyMGElMjBtb3JlJTIwZmFzaGlvbmFibGUlMjBhbmQlMjBzcG9ydHklMjBzZW5zZS4lMjIlMkMlMjJzZW50ZW5jZSUyMiUzQTklMkMlMjJjaGlsZFNlbnRlbmNlJTIyJTNBMSU3RCU1RCU3RCUyQyU3QiUyMnR5cGUlMjIlM0ElMjJwYXJhZ3JhcGglMjIlMkMlMjJjaGlsZHJlbiUyMiUzQSU1QiU3QiUyMnRleHQlMjIlM0ElMjIlMjIlMkMlMjJzZW50ZW5jZSUyMiUzQTEwJTJDJTIyY2hpbGRTZW50ZW5jZSUyMiUzQTElN0QlNUQlN0QlMkMlN0IlMjJ0eXBlJTIyJTNBJTIycGFyYWdyYXBoJTIyJTJDJTIyY2hpbGRyZW4lMjIlM0ElNUIlN0IlMjJ0ZXh0JTIyJTNBJTIyTkFUVVJBTCUyMERFVE9YSUZJQ0FUSU9OJTNBJTIwVGhlJTIwcnVubmluZyUyMHRvcCUyMHBhbnQlMjBzZXQlMjBtZW4ncyUyMHdvbWVuJ3MlMjBwdWxsb3ZlciUyMHNhdW5hJTIwc3BvcnRzd2VhciUyMHByb21vdGVzJTIwc3dlYXQlMjBvdXQlMjBkdXJpbmclMjB5b3VyJTIwZXhlcmNpc2UlMkMlMjBhY2NlbGVyYXRpbmclMjB5b3VyJTIwbWV0YWJvbGlzbSUyQyUyMHJldml0YWxpemluZyUyMHlvdXIlMjBib2R5JTJDJTIwYW5kJTIwZ2FpbmluZyUyMGElMjBoZWFsdGh5JTIwYm9keS4lMjAlMjIlMkMlMjJzZW50ZW5jZSUyMiUzQTExJTJDJTIyY2hpbGRTZW50ZW5jZSUyMiUzQTElN0QlMkMlN0IlMjJ0ZXh0JTIyJTNBJTIyV2hldGhlciUyMHlvdSUyMHdhbnQlMjB0byUyMHJlbGF4JTIweW91ciUyMGJvZHklMjBhbmQlMjBtaW5kJTJDJTIwcmVkdWNlJTIwc3RyZXNzJTJDJTIwb3IlMjBlbmhhbmNlJTIweW91ciUyMHBoeXNpY2FsJTIwZml0bmVzcyUyQyUyMHRoZSUyMHN3ZWF0JTIwc2F1bmElMjBzdWl0JTIwc2V0JTIwd2lsbCUyMGhlbHAlMjB5b3UuJTIyJTJDJTIyc2VudGVuY2UlMjIlM0ExMSUyQyUyMmNoaWxkU2VudGVuY2UlMjIlM0EyJTdEJTVEJTdEJTJDJTdCJTIydHlwZSUyMiUzQSUyMnBhcmFncmFwaCUyMiUyQyUyMmNoaWxkcmVuJTIyJTNBJTVCJTdCJTIydGV4dCUyMiUzQSUyMiUyMiUyQyUyMnNlbnRlbmNlJTIyJTNBMTIlMkMlMjJjaGlsZFNlbnRlbmNlJTIyJTNBMSU3RCU1RCU3RCUyQyU3QiUyMnR5cGUlMjIlM0ElMjJwYXJhZ3JhcGglMjIlMkMlMjJjaGlsZHJlbiUyMiUzQSU1QiU3QiUyMnRleHQlMjIlM0ElMjJNVUxUSVBMRSUyMFNDRU5BUklPUyUyMEFQUExJQ0FCTEUlM0ElMjBXaGV0aGVyJTIweW91JTIwYXJlJTIwZW5qb3lpbmclMjB5b3VyJTIwc2F1bmElMjB0aW1lJTIwYXQlMjBob21lJTIwd2l0aCUyMHlvZ2ElMkMlMjBqb2dnaW5nJTJDJTIwanVtcGluZyUyMHJvcGUlMkMlMjBldGMuJTJDJTIwb3IlMjB3b3JraW5nJTIwb3V0JTIwaW4lMjB0aGUlMjBneW0lMjB0byUyMHJlbGF4JTIwYWZ0ZXIlMjB5b3VyJTIwdHJhaW5pbmclMkMlMjB0aGUlMjBneW0lMjBmaXRuZXNzJTIwdHJhaW5pbmclMjB3ZWlnaHQlMjBsb3NzJTIwc3dlYXRpbmclMjBzYXVuYSUyMHNwb3J0JTIwc2V0JTIwaXMlMjB0aGUlMjBiZXN0JTIwY2hvaWNlJTIwZm9yJTIweW91LiUyMCUyMiUyQyUyMnNlbnRlbmNlJTIyJTNBMTMlMkMlMjJjaGlsZFNlbnRlbmNlJTIyJTNBMSU3RCUyQyU3QiUyMnRleHQlMjIlM0ElMjJDb21mb3J0YWJsZSUyMHRvJTIwd2VhciUyQyUyMGZhc2hpb25hYmxlJTIwZGVzaWduJTJDJTIwc28lMjB0aGF0JTIweW91JTIwY2FuJTIwbWFpbnRhaW4lMjBjb25maWRlbmNlJTIwYW5kJTIwY29tZm9ydCUyMGV2ZW4lMjBpbiUyMHRoZSUyMHNhdW5hJTIwbW9tZW50LiUyMiUyQyUyMnNlbnRlbmNlJTIyJTNBMTMlMkMlMjJjaGlsZFNlbnRlbmNlJTIyJTNBMiU3RCU1RCU3RCUyQyU3QiUyMnR5cGUlMjIlM0ElMjJwYXJhZ3JhcGglMjIlMkMlMjJjaGlsZHJlbiUyMiUzQSU1QiU3QiUyMnRleHQlMjIlM0ElMjIlMjIlMkMlMjJzZW50ZW5jZSUyMiUzQTE0JTJDJTIyY2hpbGRTZW50ZW5jZSUyMiUzQTElN0QlNUQlN0QlMkMlN0IlMjJ0eXBlJTIyJTNBJTIycGFyYWdyYXBoJTIyJTJDJTIyY2hpbGRyZW4lMjIlM0ElNUIlN0IlMjJ0ZXh0JTIyJTNBJTIyUkVMRUFTRSUyMEFORCUyMFJFSlVWRU5BVEUlM0ElMjBFbWJyYWNlJTIwdGhlJTIwY29tZm9ydCUyMG9mJTIwdGhlJTIwc2F1bmElMjBleHBlcmllbmNlJTIwYW5kJTIwbGV0JTIweW91ciUyMGZhdGlndWUlMjBhbmQlMjB0b3hpbnMlMjBzd2VhdCUyMGF3YXkuJTIwJTIyJTJDJTIyc2VudGVuY2UlMjIlM0ExNSUyQyUyMmNoaWxkU2VudGVuY2UlMjIlM0ExJTdEJTJDJTdCJTIydGV4dCUyMiUzQSUyMlRoZSUyMHNhdW5hJTIwc3dlYXQlMjBzdWl0cyUyMGxvbmclMjBzbGVldmUlMjBmaXRuZXNzJTIwc2V0JTIwaXMlMjB0aGUlMjBpZGVhbCUyMGNvbXBhbmlvbiUyMGZvciUyMHlvdXIlMjBzYXVuYSUyMGpvdXJuZXklMkMlMjBhbGxvd2luZyUyMHlvdSUyMHRvJTIwZW5qb3klMjBjb21mb3J0JTIwZXZlbiUyMGluJTIwaGlnaC10ZW1wZXJhdHVyZSUyMGVudmlyb25tZW50cy4lMjIlMkMlMjJzZW50ZW5jZSUyMiUzQTE1JTJDJTIyY2hpbGRTZW50ZW5jZSUyMiUzQTIlN0QlNUQlN0QlNUQ=\"><span data-slate-node=\"text\"><span class=\"151\" data-slate-leaf=\"true\"><strong>LIB\u00c9RATION ET RAJEUNISSEMENT\u00a0:<\/strong> Profitez du confort de l&#039;exp\u00e9rience sauna et laissez votre fatigue et vos toxines transpirer. <\/span><\/span><span data-slate-node=\"text\"><span class=\"152\" data-slate-leaf=\"true\">L&#039;ensemble de fitness \u00e0 manches longues pour sauna est le compagnon id\u00e9al pour votre voyage au sauna, vous permettant de profiter du confort m\u00eame dans des environnements \u00e0 haute temp\u00e9rature.<\/span><\/span><\/li>\n<\/ul>","protected":false},"excerpt":{"rendered":"<p><span data-slate-node=\"text\"><span class=\"00\" data-slate-leaf=\"true\">Que vous cherchiez \u00e0 \u00eatre en bonne sant\u00e9, \u00e0 perdre du poids ou \u00e0 soulager le stress, notre gamme d&#039;ensembles de combinaisons de sudation r\u00e9pondra \u00e0 vos besoins en mati\u00e8re d&#039;exercice et de perte de poids. <\/span><\/span><span data-slate-node=\"text\"><span class=\"01\" data-slate-leaf=\"true\">Venez choisir notre ensemble de pantalons longs \u00e0 manches longues et \u00e0 manches longues pour une vie \u00e9l\u00e9gante plus saine et plus confortable\u00a0! <\/span><\/span><span data-slate-node=\"text\" data-slate-fragment=\"JTVCJTdCJTIydHlwZSUyMiUzQSUyMnBhcmFncmFwaCUyMiUyQyUyMmNoaWxkcmVuJTIyJTNBJTVCJTdCJTIydGV4dCUyMiUzQSUyMldoZXRoZXIlMjB5b3UncmUlMjBsb29raW5nJTIwdG8lMjBnZXQlMjBoZWFsdGh5JTJDJTIwbG9zZSUyMHdlaWdodCUyQyUyMG9yJTIwcmVsaWV2ZSUyMHN0cmVzcyUyQyUyMG91ciUyMHJhbmdlJTIwb2YlMjBzd2VhdCUyMHNhdW5hJTIwc3VpdCUyMHNldHMlMjB3aWxsJTIwZnVsZmlsbCUyMHlvdXIlMjBleGVyY2lzZSUyMGFuZCUyMHdlaWdodCUyMGxvc3MlMjBuZWVkcy4lMjAlMjIlMkMlMjJzZW50ZW5jZSUyMiUzQTAlMkMlMjJjaGlsZFNlbnRlbmNlJTIyJTNBMCU3RCUyQyU3QiUyMnRleHQlMjIlM0ElMjJDb21lJTIwYW5kJTIwY2hvb3NlJTIwb3VyJTIweW9nYSUyMHNhdW5hJTIwaGVhdGVkJTIwZml0bmVzcyUyMHN1aXQlMjBsb25nJTIwc2xlZXZlJTIwbG9uZyUyMHBhbnRzJTIwc2V0JTIwZm9yJTIwYSUyMGhlYWx0aGllciUyQyUyMG1vcmUlMjBjb21mb3J0YWJsZSUyMHN0eWxpc2glMjBsaWZlISUyMCUyMiUyQyUyMnNlbnRlbmNlJTIyJTNBMCUyQyUyMmNoaWxkU2VudGVuY2UlMjIlM0ExJTdEJTJDJTdCJTIydGV4dCUyMiUzQSUyMk5ldyUyMHByb2R1Y3RzJTIwYXJlJTIwaGVyZSUyQyUyMG9yZGVyJTIwdG9kYXkhJTIyJTJDJTIyc2VudGVuY2UlMjIlM0EwJTJDJTIyY2hpbGRTZW50ZW5jZSUyMiUzQTIlN0QlNUQlN0QlNUQ=\"><span class=\"02\" data-slate-leaf=\"true\">De nouveaux produits sont l\u00e0, commandez d\u00e8s aujourd&#039;hui !<\/span><\/span><\/p>","protected":false},"featured_media":8895,"comment_status":"open","ping_status":"closed","template":"","meta":{"site-sidebar-layout":"default","site-content-layout":"","ast-site-content-layout":"default","site-content-style":"default","site-sidebar-style":"default","ast-global-header-display":"","ast-banner-title-visibility":"","ast-main-header-display":"","ast-hfb-above-header-display":"","ast-hfb-below-header-display":"","ast-hfb-mobile-header-display":"","site-post-title":"","ast-breadcrumbs-content":"","ast-featured-img":"","footer-sml-layout":"","ast-disable-related-posts":"","theme-transparent-header-meta":"default","adv-header-id-meta":"","stick-header-meta":"default","header-above-stick-meta":"","header-main-stick-meta":"","header-below-stick-meta":"","astra-migrate-meta-layouts":"set","ast-page-background-enabled":"default","ast-page-background-meta":{"desktop":{"background-color":"","background-image":"","background-repeat":"repeat","background-position":"center center","background-size":"auto","background-attachment":"scroll","background-type":"","background-media":"","overlay-type":"","overlay-color":"","overlay-opacity":"","overlay-gradient":""},"tablet":{"background-color":"","background-image":"","background-repeat":"repeat","background-position":"center center","background-size":"auto","background-attachment":"scroll","background-type":"","background-media":"","overlay-type":"","overlay-color":"","overlay-opacity":"","overlay-gradient":""},"mobile":{"background-color":"","background-image":"","background-repeat":"repeat","background-position":"center center","background-size":"auto","background-attachment":"scroll","background-type":"","background-media":"","overlay-type":"","overlay-color":"","overlay-opacity":"","overlay-gradient":""}},"ast-content-background-meta":{"desktop":{"background-color":"var(--ast-global-color-5)","background-image":"","background-repeat":"repeat","background-position":"center center","background-size":"auto","background-attachment":"scroll","background-type":"","background-media":"","overlay-type":"","overlay-color":"","overlay-opacity":"","overlay-gradient":""},"tablet":{"background-color":"var(--ast-global-color-5)","background-image":"","background-repeat":"repeat","background-position":"center center","background-size":"auto","background-attachment":"scroll","background-type":"","background-media":"","overlay-type":"","overlay-color":"","overlay-opacity":"","overlay-gradient":""},"mobile":{"background-color":"var(--ast-global-color-5)","background-image":"","background-repeat":"repeat","background-position":"center center","background-size":"auto","background-attachment":"scroll","background-type":"","background-media":"","overlay-type":"","overlay-color":"","overlay-opacity":"","overlay-gradient":""}}},"product_brand":[],"product_cat":[65,76,97,102,99,100],"product_tag":[575,183,577,576,574,185],"class_list":{"0":"post-7686","1":"product","2":"type-product","3":"status-publish","4":"has-post-thumbnail","6":"product_cat-best-sellers","7":"product_cat-new-arrivels","8":"product_cat-sauna-suit","9":"product_cat-full-body-sweat-suit","10":"product_cat-sauna-pants","11":"product_cat-sauna-tops","12":"product_tag-gympak","13":"product_tag-long-sleeve","14":"product_tag-sport-set-dames","15":"product_tag-sport-suit","16":"product_tag-sweatpak","17":"product_tag-workout","18":"pa_color-black-jacket","19":"pa_color-black-pant","20":"pa_color-black-suit","21":"pa_size-l","22":"pa_size-m","23":"pa_size-s","24":"pa_size-xl","25":"pa_size-xxl","26":"pa_size-xxxl","27":"desktop-align-center","28":"tablet-align-left","29":"mobile-align-left","30":"ast-product-gallery-layout-horizontal-slider","31":"ast-product-single-variable","32":"ast-product-tabs-layout-horizontal","33":"ast-qv-on-image","35":"first","36":"instock","37":"shipping-taxable","38":"purchasable","39":"product-type-variable"},"tiered_pricing_type":"fixed","tiered_pricing_fixed_rules":[],"tiered_pricing_product_settings":{"layout":"default","base_unit_name":{"singular":null,"plural":null},"default_variation":null},"tiered_pricing_minimum_quantity":null,"tiered_pricing_roles_data":[],"tiered_pricing_percentage_rules":[],"_links":{"self":[{"href":"https:\/\/yume-silm.com\/fr\/wp-json\/wp\/v2\/product\/7686","targetHints":{"allow":["GET"]}}],"collection":[{"href":"https:\/\/yume-silm.com\/fr\/wp-json\/wp\/v2\/product"}],"about":[{"href":"https:\/\/yume-silm.com\/fr\/wp-json\/wp\/v2\/types\/product"}],"replies":[{"embeddable":true,"href":"https:\/\/yume-silm.com\/fr\/wp-json\/wp\/v2\/comments?post=7686"}],"wp:featuredmedia":[{"embeddable":true,"href":"https:\/\/yume-silm.com\/fr\/wp-json\/wp\/v2\/media\/8895"}],"wp:attachment":[{"href":"https:\/\/yume-silm.com\/fr\/wp-json\/wp\/v2\/media?parent=7686"}],"wp:term":[{"taxonomy":"product_brand","embeddable":true,"href":"https:\/\/yume-silm.com\/fr\/wp-json\/wp\/v2\/product_brand?post=7686"},{"taxonomy":"product_cat","embeddable":true,"href":"https:\/\/yume-silm.com\/fr\/wp-json\/wp\/v2\/product_cat?post=7686"},{"taxonomy":"product_tag","embeddable":true,"href":"https:\/\/yume-silm.com\/fr\/wp-json\/wp\/v2\/product_tag?post=7686"}],"curies":[{"name":"wp","href":"https:\/\/api.w.org\/{rel}","templated":true}]}}