{"id":7782,"date":"2024-05-06T03:27:55","date_gmt":"2024-05-06T03:27:55","guid":{"rendered":"https:\/\/yume-silm.com\/?post_type=product&#038;p=7782"},"modified":"2025-05-26T00:36:34","modified_gmt":"2025-05-26T00:36:34","slug":"vente-en-gros-femmes-sexy-bikini-sexy-soutien-gorge-en-silicone-cache-tetons","status":"publish","type":"product","link":"https:\/\/yume-silm.com\/fr\/produit\/vente-en-gros-femmes-sexy-bikini-sexy-soutien-gorge-en-silicone-cache-tetons\/","title":{"rendered":"Gros femmes chaud sexy bikini soutien-gorge en silicone cache-t\u00e9tons"},"content":{"rendered":"<h5>Caract\u00e9ristiques de conception<\/h5>\n<ul>\n<li><strong>INVISIBILIT\u00c9 SANS COUTURE\u00a0:<\/strong> Nos soutiens-gorge push-up adh\u00e9sifs r\u00e9utilisables en silicone sont doux et transparents et s&#039;adaptent confortablement \u00e0 votre peau et sans pression, vous permettant de montrer vos courbes attrayantes. Et sa conception sans bretelles en option, sa conception \u00e0 micro-bords et son silicone coll\u00e9 de couleur nude peuvent le rendre parfaitement invisible sous vos v\u00eatements, confortablement et naturellement. Soyez assur\u00e9 que personne ne remarquera que vous portez notre soutien-gorge.<\/li>\n<li><strong>Rassemblement profond en V\u00a0:<\/strong> Nos soutiens-gorge bikini en forme de V pr\u00e9sentent un fermoir unique sur le devant que vous pouvez ouvrir ou fermer avec juste une petite pression. Le fort \u00e9tirement aide \u00e0 rassembler vos seins et \u00e0 vous donner un d\u00e9collet\u00e9 en V profond complet et attrayant.<\/li>\n<li><strong>OCCASIONS MULTIPLES\u00a0:<\/strong> Le soutien-gorge collant pour femme est confortable, pratique et permet de gagner du temps. Vous pouvez le porter au quotidien en toute confiance, ou l&#039;utiliser pour des occasions importantes telles que des d\u00eeners et des f\u00eates, telles que des robes de mari\u00e9e, des robes de soir\u00e9e, des robes en V profond, des robes bustier, des robes dos nu, etc. Parce qu&#039;ils sont faciles \u00e0 transporter, les soutiens-gorge adh\u00e9sifs transparents vous feront d\u00e9gager un temp\u00e9rament confiant et dynamique \u00e0 tout moment.<\/li>\n<li><strong>HAUTE ADH\u00c9RENCE, PAS DE GLISSEMENT\u00a0:<\/strong> Le soutien-gorge push-up invisible sans bretelles en silicone avec une bonne adh\u00e9rence rendra vos seins libres, pas besoin de vous soucier des activit\u00e9s plus importantes qui les feront tomber. N&#039;h\u00e9sitez pas \u00e0 porter le soutien-gorge car il est confortable, doux et n&#039;irrite pas votre peau, vous offrant une exp\u00e9rience de port confortable.<\/li>\n<li><strong>FACILE \u00c0 NETTOYER ET R\u00c9UTILISABLE\u00a0:<\/strong> Nos soutiens-gorge en silicone transparent en forme d&#039;ormeau sont faciles \u00e0 entretenir. Vous pouvez le laver normalement, l&#039;essuyer doucement, puis le laisser s\u00e9cher naturellement. Apr\u00e8s s\u00e9chage, remettez le film attach\u00e9 sur le meilleur soutien-gorge en silicone souple et conservez-le pour la prochaine fois.<\/li>\n<\/ul>","protected":false},"excerpt":{"rendered":"<p><span data-slate-fragment=\"JTVCJTdCJTIydHlwZSUyMiUzQSUyMnBhcmFncmFwaCUyMiUyQyUyMmNoaWxkcmVuJTIyJTNBJTVCJTdCJTIydGV4dCUyMiUzQSUyMldvbWVuJ3MlMjBwdXNoLXVwJTIwc2VsZi1hZGhlc2l2ZSUyMGJyYSUyMGlzJTIwY29tZm9ydGFibGUlMkMlMjBjb252ZW5pZW50JTJDJTIwYW5kJTIwdGltZS1zYXZpbmcuJTIwWW91JTIwY2FuJTIwd2VhciUyMGl0JTIwZm9yJTIwZGFpbHklMjB3ZWFyJTIwd2l0aCUyMGNvbmZpZGVuY2UlMkMlMjBvciUyMHVzZSUyMGl0JTIwZm9yJTIwaW1wb3J0YW50JTIwb2NjYXNpb25zJTIwc3VjaCUyMGFzJTIwZGlubmVycyUyMGFuZCUyMHBhcnRpZXMlMkMlMjBzdWNoJTIwYXMlMjB3ZWRkaW5nJTIwZHJlc3NlcyUyQyUyMGV2ZW5pbmclMjBkcmVzc2VzJTJDJTIwZGVlcCUyMFYlMjBkcmVzc2VzJTJDJTIwYnVzdGllciUyMGRyZXNzZXMlMkMlMjBiYWNrbGVzcyUyMGRyZXNzZXMlMkMlMjBhbmQlMjBzbyUyMG9uLiUyMEJlY2F1c2UlMjBpdCUyMGlzJTIwZWFzeSUyMHRvJTIwY2FycnklMkMlMjBBZGhlc2l2ZSUyMGNsZWFyJTIwYnJhcyUyMHdpbGwlMjBtYWtlJTIweW91JTIwZXh1ZGUlMjBhJTIwY29uZmlkZW50JTIwYW5kJTIwZHluYW1pYyUyMHRlbXBlcmFtZW50JTIwYXQlMjBhbGwlMjB0aW1lcy4lMjIlMkMlMjJzZW50ZW5jZSUyMiUzQTUlMkMlMjJjaGlsZFNlbnRlbmNlJTIyJTNBMCU3RCU1RCU3RCU1RA==\">Les cache-t\u00e9tons de soutien-gorge en silicone pour bikini sexy pour femmes sont confortables, pratiques et permettent de gagner du temps. Vous pouvez le porter au quotidien en toute confiance, ou l&#039;utiliser pour des occasions importantes telles que des d\u00eeners et des f\u00eates, telles que des robes de mari\u00e9e, des robes de soir\u00e9e, des robes en V profond, des robes bustier, des robes dos nu, etc. Parce qu&#039;ils sont faciles \u00e0 transporter, les soutiens-gorge adh\u00e9sifs transparents vous feront d\u00e9gager un temp\u00e9rament confiant et dynamique \u00e0 tout moment.<\/span><\/p>","protected":false},"featured_media":7784,"comment_status":"open","ping_status":"closed","template":"","meta":{"site-sidebar-layout":"default","site-content-layout":"","ast-site-content-layout":"default","site-content-style":"default","site-sidebar-style":"default","ast-global-header-display":"","ast-banner-title-visibility":"","ast-main-header-display":"","ast-hfb-above-header-display":"","ast-hfb-below-header-display":"","ast-hfb-mobile-header-display":"","site-post-title":"","ast-breadcrumbs-content":"","ast-featured-img":"","footer-sml-layout":"","ast-disable-related-posts":"","theme-transparent-header-meta":"default","adv-header-id-meta":"","stick-header-meta":"default","header-above-stick-meta":"","header-main-stick-meta":"","header-below-stick-meta":"","astra-migrate-meta-layouts":"set","ast-page-background-enabled":"default","ast-page-background-meta":{"desktop":{"background-color":"","background-image":"","background-repeat":"repeat","background-position":"center center","background-size":"auto","background-attachment":"scroll","background-type":"","background-media":"","overlay-type":"","overlay-color":"","overlay-opacity":"","overlay-gradient":""},"tablet":{"background-color":"","background-image":"","background-repeat":"repeat","background-position":"center center","background-size":"auto","background-attachment":"scroll","background-type":"","background-media":"","overlay-type":"","overlay-color":"","overlay-opacity":"","overlay-gradient":""},"mobile":{"background-color":"","background-image":"","background-repeat":"repeat","background-position":"center center","background-size":"auto","background-attachment":"scroll","background-type":"","background-media":"","overlay-type":"","overlay-color":"","overlay-opacity":"","overlay-gradient":""}},"ast-content-background-meta":{"desktop":{"background-color":"var(--ast-global-color-5)","background-image":"","background-repeat":"repeat","background-position":"center center","background-size":"auto","background-attachment":"scroll","background-type":"","background-media":"","overlay-type":"","overlay-color":"","overlay-opacity":"","overlay-gradient":""},"tablet":{"background-color":"var(--ast-global-color-5)","background-image":"","background-repeat":"repeat","background-position":"center center","background-size":"auto","background-attachment":"scroll","background-type":"","background-media":"","overlay-type":"","overlay-color":"","overlay-opacity":"","overlay-gradient":""},"mobile":{"background-color":"var(--ast-global-color-5)","background-image":"","background-repeat":"repeat","background-position":"center center","background-size":"auto","background-attachment":"scroll","background-type":"","background-media":"","overlay-type":"","overlay-color":"","overlay-opacity":"","overlay-gradient":""}}},"product_brand":[],"product_cat":[259,76,584],"product_tag":[603,600,602,601,597,604],"class_list":{"0":"post-7782","1":"product","2":"type-product","3":"status-publish","4":"has-post-thumbnail","6":"product_cat-lingerie","7":"product_cat-new-arrivels","8":"product_cat-adhesive-bras","9":"product_tag-adhesive","10":"product_tag-bikini","11":"product_tag-push-up","12":"product_tag-silicone","13":"product_tag-stick-on-bras","14":"product_tag-sticky-bra","15":"pa_size-a","16":"pa_size-b","17":"pa_size-c","18":"pa_size-d","19":"desktop-align-center","20":"tablet-align-left","21":"mobile-align-left","22":"ast-product-gallery-layout-horizontal-slider","23":"ast-product-single-variable","24":"ast-product-tabs-layout-horizontal","25":"ast-qv-on-image","27":"first","28":"instock","29":"shipping-taxable","30":"purchasable","31":"product-type-variable"},"tiered_pricing_type":"fixed","tiered_pricing_fixed_rules":[],"tiered_pricing_product_settings":{"layout":"default","base_unit_name":{"singular":null,"plural":null},"default_variation":null},"tiered_pricing_minimum_quantity":null,"tiered_pricing_roles_data":[],"tiered_pricing_percentage_rules":[],"_links":{"self":[{"href":"https:\/\/yume-silm.com\/fr\/wp-json\/wp\/v2\/product\/7782","targetHints":{"allow":["GET"]}}],"collection":[{"href":"https:\/\/yume-silm.com\/fr\/wp-json\/wp\/v2\/product"}],"about":[{"href":"https:\/\/yume-silm.com\/fr\/wp-json\/wp\/v2\/types\/product"}],"replies":[{"embeddable":true,"href":"https:\/\/yume-silm.com\/fr\/wp-json\/wp\/v2\/comments?post=7782"}],"wp:featuredmedia":[{"embeddable":true,"href":"https:\/\/yume-silm.com\/fr\/wp-json\/wp\/v2\/media\/7784"}],"wp:attachment":[{"href":"https:\/\/yume-silm.com\/fr\/wp-json\/wp\/v2\/media?parent=7782"}],"wp:term":[{"taxonomy":"product_brand","embeddable":true,"href":"https:\/\/yume-silm.com\/fr\/wp-json\/wp\/v2\/product_brand?post=7782"},{"taxonomy":"product_cat","embeddable":true,"href":"https:\/\/yume-silm.com\/fr\/wp-json\/wp\/v2\/product_cat?post=7782"},{"taxonomy":"product_tag","embeddable":true,"href":"https:\/\/yume-silm.com\/fr\/wp-json\/wp\/v2\/product_tag?post=7782"}],"curies":[{"name":"wp","href":"https:\/\/api.w.org\/{rel}","templated":true}]}}