{"id":7842,"date":"2024-05-06T08:08:06","date_gmt":"2024-05-06T08:08:06","guid":{"rendered":"https:\/\/yume-silm.com\/?post_type=product&#038;p=7842"},"modified":"2025-05-29T03:34:53","modified_gmt":"2025-05-29T03:34:53","slug":"patch-de-soutien-gorge-en-silicone-pour-oreilles-de-lapin-vente-en-gros-patch-de-poitrine","status":"publish","type":"product","link":"https:\/\/yume-silm.com\/fr\/produit\/patch-de-soutien-gorge-en-silicone-pour-oreilles-de-lapin-vente-en-gros-patch-de-poitrine\/","title":{"rendered":"Patch de soutien-gorge en Silicone pour oreilles de lapin, vente en gros, Patch de poitrine"},"content":{"rendered":"<h5 data-slate-node=\"element\"><span data-slate-node=\"text\"><span class=\"21\" data-slate-leaf=\"true\">Caract\u00e9ristiques de conception<\/span><\/span><\/h5>\n<ul>\n<li data-slate-node=\"element\"><span data-slate-node=\"text\"><span class=\"31\" data-slate-leaf=\"true\"><strong>INVISIBILIT\u00c9 SANS COUTURE\u00a0:<\/strong> Nos patchs de poitrine en silicone pour soutien-gorge en forme d&#039;oreille de lapin sont doux et s&#039;adaptent \u00e0 votre peau confortablement et sans pression, vous permettant de montrer vos courbes attrayantes. <\/span><\/span><span class=\"\" data-slate-node=\"text\"><span class=\"32\" data-slate-leaf=\"true\"><span data-slate-string=\"true\">En portant nos soutiens-gorge push-up pour femmes, vous vous sentirez libre et invisible, personne ne remarquera que vous portez ce soutien-gorge push-up auto-adh\u00e9sif sans bretelles en dentelle.<\/span><\/span><\/span><\/li>\n<li data-slate-node=\"element\"><span class=\"\" data-slate-node=\"text\"><span class=\"51\" data-slate-leaf=\"true\"><span data-slate-string=\"true\"><strong>NOUVEAU SOUTIEN-GORGE COLLANT OREILLES DE LAPIN\u00a0:<\/strong> Notre s\u00e9rie de soutiens-gorge invisibles \u00e0 coussinets Cupidon est tr\u00e8s ludique et mignonne, avec des styles de conception en dentelle disponibles pour r\u00e9pondre \u00e0 votre tentation de dentelle. <\/span><\/span><\/span><span data-slate-node=\"text\"><span class=\"52\" data-slate-leaf=\"true\">Le changement r\u00e9volutionnaire est \u00e0 la mode et pionnier. <\/span><\/span><span data-slate-node=\"text\"><span class=\"53\" data-slate-leaf=\"true\">Commencez votre nouvel \u00e9t\u00e9 sans soucis avec ce tout nouveau soutien-gorge adh\u00e9sif en forme d&#039;oreille de lapin pour femme sur le march\u00e9 ! <\/span><\/span><span data-slate-node=\"text\"><span class=\"54\" data-slate-leaf=\"true\">Tu dois \u00eatre la plus belle fille \u00e0 la plage et la plus charmante \u00e0 la soir\u00e9e !<\/span><\/span><\/li>\n<li data-slate-node=\"element\"><span data-slate-node=\"text\"><span class=\"71\" data-slate-leaf=\"true\"><strong>OCCASIONS MULTIPLES\u00a0:<\/strong> Les soutiens-gorge sans bretelles en silicone collant pour femmes sont confortables, pratiques et permettent de gagner du temps. <\/span><\/span><span data-slate-node=\"text\"><span class=\"72\" data-slate-leaf=\"true\">Vous pouvez le porter au quotidien en toute confiance, ou l&#039;utiliser pour des occasions importantes telles que des d\u00eeners et des f\u00eates, telles que des robes de mari\u00e9e, des robes de soir\u00e9e, des robes en V profond, des robes bustier, des robes dos nu, etc. <\/span><\/span><span data-slate-node=\"text\"><span class=\"73\" data-slate-leaf=\"true\">Parce qu&#039;il est facile \u00e0 transporter, le soutien-gorge en silicone adh\u00e9sif doux et confortable vous fera d\u00e9gager un temp\u00e9rament confiant et dynamique \u00e0 tout moment.<\/span><\/span><\/li>\n<\/ul>\n<p><img fetchpriority=\"high\" decoding=\"async\" class=\"alignnone size-medium wp-image-7843\" src=\"https:\/\/yume-silm.com\/wp-content\/uploads\/2024\/05\/wholesale-silicone-rabbit-ear-lift-bra-patch-breast-patch-white-lace-02-300x300.jpg\" alt=\"Patch de soutien-gorge en silicone pour oreilles de lapin, vente en gros, patch de poitrine\" width=\"300\" height=\"300\" title=\"\" srcset=\"https:\/\/yume-silm.com\/wp-content\/uploads\/2024\/05\/wholesale-silicone-rabbit-ear-lift-bra-patch-breast-patch-white-lace-02-300x300.jpg 300w, https:\/\/yume-silm.com\/wp-content\/uploads\/2024\/05\/wholesale-silicone-rabbit-ear-lift-bra-patch-breast-patch-white-lace-02-150x150.jpg 150w, https:\/\/yume-silm.com\/wp-content\/uploads\/2024\/05\/wholesale-silicone-rabbit-ear-lift-bra-patch-breast-patch-white-lace-02-768x768.jpg 768w, https:\/\/yume-silm.com\/wp-content\/uploads\/2024\/05\/wholesale-silicone-rabbit-ear-lift-bra-patch-breast-patch-white-lace-02-12x12.jpg 12w, https:\/\/yume-silm.com\/wp-content\/uploads\/2024\/05\/wholesale-silicone-rabbit-ear-lift-bra-patch-breast-patch-white-lace-02-100x100.jpg 100w, https:\/\/yume-silm.com\/wp-content\/uploads\/2024\/05\/wholesale-silicone-rabbit-ear-lift-bra-patch-breast-patch-white-lace-02.jpg 800w\" sizes=\"(max-width: 300px) 100vw, 300px\" \/><img decoding=\"async\" class=\"alignnone size-medium wp-image-7844\" src=\"https:\/\/yume-silm.com\/wp-content\/uploads\/2024\/05\/wholesale-silicone-rabbit-ear-lift-bra-patch-breast-patch-white-lace-05-300x300.jpg\" alt=\"Patch de soutien-gorge en silicone pour oreilles de lapin, vente en gros, patch de poitrine\" width=\"300\" height=\"300\" title=\"\" srcset=\"https:\/\/yume-silm.com\/wp-content\/uploads\/2024\/05\/wholesale-silicone-rabbit-ear-lift-bra-patch-breast-patch-white-lace-05-300x300.jpg 300w, https:\/\/yume-silm.com\/wp-content\/uploads\/2024\/05\/wholesale-silicone-rabbit-ear-lift-bra-patch-breast-patch-white-lace-05-150x150.jpg 150w, https:\/\/yume-silm.com\/wp-content\/uploads\/2024\/05\/wholesale-silicone-rabbit-ear-lift-bra-patch-breast-patch-white-lace-05-768x768.jpg 768w, https:\/\/yume-silm.com\/wp-content\/uploads\/2024\/05\/wholesale-silicone-rabbit-ear-lift-bra-patch-breast-patch-white-lace-05-12x12.jpg 12w, https:\/\/yume-silm.com\/wp-content\/uploads\/2024\/05\/wholesale-silicone-rabbit-ear-lift-bra-patch-breast-patch-white-lace-05-100x100.jpg 100w, https:\/\/yume-silm.com\/wp-content\/uploads\/2024\/05\/wholesale-silicone-rabbit-ear-lift-bra-patch-breast-patch-white-lace-05.jpg 800w\" sizes=\"(max-width: 300px) 100vw, 300px\" \/><\/p>\n<h6><em>Sangle de levage de sein adh\u00e9sive r\u00e9utilisable pour femmes, cache-t\u00e9ton en lapin, soutien-gorge en dentelle<\/em><\/h6>\n<ul>\n<li data-slate-node=\"element\"><span data-slate-node=\"text\"><span class=\"91\" data-slate-leaf=\"true\"><strong>HAUTE ADH\u00c9RENCE, PAS DE GLISSEMENT\u00a0:<\/strong> Le soutien-gorge push-up invisible sans bretelles en silicone avec une bonne adh\u00e9rence rendra vos seins libres, pas besoin de vous soucier des activit\u00e9s plus importantes qui les feront tomber. <\/span><\/span><span data-slate-node=\"text\"><span class=\"92\" data-slate-leaf=\"true\">N&#039;h\u00e9sitez pas \u00e0 porter le soutien-gorge pour femme en forme d&#039;oreille de lapin car il est confortable, doux et n&#039;irrite pas votre peau, vous offrant une exp\u00e9rience de port confortable.<\/span><\/span><\/li>\n<li data-slate-node=\"element\" data-slate-fragment=\"JTVCJTdCJTIydHlwZSUyMiUzQSUyMnBhcmFncmFwaCUyMiUyQyUyMmNoaWxkcmVuJTIyJTNBJTVCJTdCJTIydGV4dCUyMiUzQSUyMkRlc2lnbiUyMGZlYXR1cmVzJTIyJTJDJTIyc2VudGVuY2UlMjIlM0EyJTJDJTIyY2hpbGRTZW50ZW5jZSUyMiUzQTElN0QlNUQlN0QlMkMlN0IlMjJ0eXBlJTIyJTNBJTIycGFyYWdyYXBoJTIyJTJDJTIyY2hpbGRyZW4lMjIlM0ElNUIlN0IlMjJ0ZXh0JTIyJTNBJTIyU0VBTUxFU1MlMjBJTlZJU0lCSUxJVFklM0ElMjBPdXIlMjBzaWxpY29uZSUyMHJhYmJpdCUyMGVhciUyMGxpZnQlMjBicmElMjBwYXRjaCUyMGJyZWFzdCUyMHBhdGNoZXMlMjBhcmUlMjBzb2Z0JTIwYW5kJTIwZml0JTIweW91ciUyMHNraW4lMjBjb21mb3J0YWJseSUyMGFuZCUyMHdpdGhvdXQlMjBwcmVzc3VyZSUyQyUyMGFsbG93aW5nJTIweW91JTIwdG8lMjBzaG93JTIwb2ZmJTIweW91ciUyMGF0dHJhY3RpdmUlMjBjdXJ2ZXMuJTIwJTIyJTJDJTIyc2VudGVuY2UlMjIlM0EzJTJDJTIyY2hpbGRTZW50ZW5jZSUyMiUzQTElN0QlMkMlN0IlMjJ0ZXh0JTIyJTNBJTIyV2VhcmluZyUyMG91ciUyMHdvbWVuJ3MlMjBwdXNoLXVwJTIwYnJhcyUyMHdpbGwlMjBtYWtlJTIweW91JTIwZmVlbCUyMGZyZWUlMjBhbmQlMjBpbnZpc2libGUlMkMlMjBubyUyMG9uZSUyMHdpbGwlMjBub3RpY2UlMjB0aGF0JTIweW91JTIwYXJlJTIwd2VhcmluZyUyMHRoaXMlMjBsYWNlJTIwc3RyYXBsZXNzJTIwYmFja2xlc3MlMjBwdXNoLXVwJTIwc2VsZi1hZGhlc2l2ZSUyMGJyYS4lMjIlMkMlMjJzZW50ZW5jZSUyMiUzQTMlMkMlMjJjaGlsZFNlbnRlbmNlJTIyJTNBMiU3RCU1RCU3RCUyQyU3QiUyMnR5cGUlMjIlM0ElMjJwYXJhZ3JhcGglMjIlMkMlMjJjaGlsZHJlbiUyMiUzQSU1QiU3QiUyMnRleHQlMjIlM0ElMjIlMjIlMkMlMjJzZW50ZW5jZSUyMiUzQTQlMkMlMjJjaGlsZFNlbnRlbmNlJTIyJTNBMSU3RCU1RCU3RCUyQyU3QiUyMnR5cGUlMjIlM0ElMjJwYXJhZ3JhcGglMjIlMkMlMjJjaGlsZHJlbiUyMiUzQSU1QiU3QiUyMnRleHQlMjIlM0ElMjJORVclMjBSQUJCSVQlMjBFQVJTJTIwU1RJQ0tZJTIwQlJBJTNBJTIwVGhpcyUyMGN1cGlkJTIwcGFkcyUyMGludmlzaWJsZSUyMGJyYSUyMHNlcmllcyUyMG9mJTIwb3VycyUyMGlzJTIwdmVyeSUyMHBsYXlmdWwlMjBhbmQlMjBjdXRlJTJDJTIwd2l0aCUyMGxhY2UlMjBkZXNpZ24lMjBzdHlsZXMlMjBhdmFpbGFibGUlMjB0byUyMG1lZXQlMjB5b3VyJTIwbGFjZSUyMHRlbXB0YXRpb24uJTIwJTIyJTJDJTIyc2VudGVuY2UlMjIlM0E1JTJDJTIyY2hpbGRTZW50ZW5jZSUyMiUzQTElN0QlMkMlN0IlMjJ0ZXh0JTIyJTNBJTIyVGhlJTIwYnJlYWt0aHJvdWdoJTIwY2hhbmdlJTIwaXMlMjBmYXNoaW9uYWJsZSUyMGFuZCUyMHRyZW5kLXNldHRpbmcuJTIwJTIyJTJDJTIyc2VudGVuY2UlMjIlM0E1JTJDJTIyY2hpbGRTZW50ZW5jZSUyMiUzQTIlN0QlMkMlN0IlMjJ0ZXh0JTIyJTNBJTIyS2ljayUyMG9mZiUyMHlvdXIlMjBuZXclMjBjYXJlZnJlZSUyMHN1bW1lciUyMHdpdGglMjB0aGlzJTIwbmV3ZXN0JTIwcmFiYml0JTIwZWFyLXNoYXBlZCUyMGFkaGVzaXZlJTIwYnJhJTIwZm9yJTIwd29tZW4lMjBvbiUyMHRoZSUyMG1hcmtldCElMjAlMjIlMkMlMjJzZW50ZW5jZSUyMiUzQTUlMkMlMjJjaGlsZFNlbnRlbmNlJTIyJTNBMyU3RCUyQyU3QiUyMnRleHQlMjIlM0ElMjJZb3UlMjBtdXN0JTIwYmUlMjB0aGUlMjBtb3N0JTIwYmVhdXRpZnVsJTIwZ2lybCUyMGF0JTIwdGhlJTIwYmVhY2glMjBhbmQlMjB0aGUlMjBtb3N0JTIwY2hhcm1pbmclMjBhdCUyMHRoZSUyMGV2ZW5pbmclMjBwYXJ0eSElMjIlMkMlMjJzZW50ZW5jZSUyMiUzQTUlMkMlMjJjaGlsZFNlbnRlbmNlJTIyJTNBNCU3RCU1RCU3RCUyQyU3QiUyMnR5cGUlMjIlM0ElMjJwYXJhZ3JhcGglMjIlMkMlMjJjaGlsZHJlbiUyMiUzQSU1QiU3QiUyMnRleHQlMjIlM0ElMjIlMjIlMkMlMjJzZW50ZW5jZSUyMiUzQTYlMkMlMjJjaGlsZFNlbnRlbmNlJTIyJTNBMSU3RCU1RCU3RCUyQyU3QiUyMnR5cGUlMjIlM0ElMjJwYXJhZ3JhcGglMjIlMkMlMjJjaGlsZHJlbiUyMiUzQSU1QiU3QiUyMnRleHQlMjIlM0ElMjJNVUxUSVBMRSUyME9DQ0FTSU9OUyUzQSUyMFdvbWVuJ3MlMjBzdHJhcGxlc3MlMjBzdGlja3klMjBzaWxpY29uZSUyMGJyYXMlMjBhcmUlMjBjb21mb3J0YWJsZSUyQyUyMGNvbnZlbmllbnQlMkMlMjBhbmQlMjB0aW1lLXNhdmluZy4lMjAlMjIlMkMlMjJzZW50ZW5jZSUyMiUzQTclMkMlMjJjaGlsZFNlbnRlbmNlJTIyJTNBMSU3RCUyQyU3QiUyMnRleHQlMjIlM0ElMjJZb3UlMjBjYW4lMjB3ZWFyJTIwaXQlMjBmb3IlMjBkYWlseSUyMHdlYXIlMjB3aXRoJTIwY29uZmlkZW5jZSUyQyUyMG9yJTIwdXNlJTIwaXQlMjBmb3IlMjBpbXBvcnRhbnQlMjBvY2Nhc2lvbnMlMjBzdWNoJTIwYXMlMjBkaW5uZXJzJTIwYW5kJTIwcGFydGllcyUyQyUyMHN1Y2glMjBhcyUyMHdlZGRpbmclMjBkcmVzc2VzJTJDJTIwZXZlbmluZyUyMGRyZXNzZXMlMkMlMjBkZWVwJTIwViUyMGRyZXNzZXMlMkMlMjBidXN0aWVyJTIwZHJlc3NlcyUyQyUyMGJhY2tsZXNzJTIwZHJlc3NlcyUyQyUyMGFuZCUyMHNvJTIwb24uJTIwJTIyJTJDJTIyc2VudGVuY2UlMjIlM0E3JTJDJTIyY2hpbGRTZW50ZW5jZSUyMiUzQTIlN0QlMkMlN0IlMjJ0ZXh0JTIyJTNBJTIyQmVjYXVzZSUyMGl0JTIwaXMlMjBlYXN5JTIwdG8lMjBjYXJyeSUyQyUyMGhvdCUyMHNlbGxpbmclMjBzb2Z0JTIwY29tZm9ydGFibGUlMjBzdGljay1vbiUyMHNpbGljb25lJTIwYnJhJTIwd2lsbCUyMG1ha2UlMjB5b3UlMjBleHVkZSUyMGElMjBjb25maWRlbnQlMjBhbmQlMjBkeW5hbWljJTIwdGVtcGVyYW1lbnQlMjBhdCUyMGFsbCUyMHRpbWVzLiUyMiUyQyUyMnNlbnRlbmNlJTIyJTNBNyUyQyUyMmNoaWxkU2VudGVuY2UlMjIlM0EzJTdEJTVEJTdEJTJDJTdCJTIydHlwZSUyMiUzQSUyMnBhcmFncmFwaCUyMiUyQyUyMmNoaWxkcmVuJTIyJTNBJTVCJTdCJTIydGV4dCUyMiUzQSUyMiUyMiUyQyUyMnNlbnRlbmNlJTIyJTNBOCUyQyUyMmNoaWxkU2VudGVuY2UlMjIlM0ExJTdEJTVEJTdEJTJDJTdCJTIydHlwZSUyMiUzQSUyMnBhcmFncmFwaCUyMiUyQyUyMmNoaWxkcmVuJTIyJTNBJTVCJTdCJTIydGV4dCUyMiUzQSUyMkhJR0glMjBBREhFU0lPTiUyQyUyME5PJTIwU0xJUFBJTkclM0ElMjBUaGUlMjBzdGlja3klMjBzdHJhcGxlc3MlMjBiYWNrbGVzcyUyMGludmlzaWJsZSUyMHB1c2gtdXAlMjBzaWxpY29uZSUyMGJyYSUyMHdpdGglMjBnb29kJTIwYWRoZXNpb24lMjB3aWxsJTIwbWFrZSUyMHlvdXIlMjBicmVhc3RzJTIwZnJlZSUyQyUyMG5vJTIwbmVlZCUyMHRvJTIwd29ycnklMjBhYm91dCUyMGxhcmdlciUyMGFjdGl2aXRpZXMlMjB0aGF0JTIwd2lsbCUyMGNhdXNlJTIwdGhlbSUyMHRvJTIwZmFsbCUyMG9mZi4lMjAlMjIlMkMlMjJzZW50ZW5jZSUyMiUzQTklMkMlMjJjaGlsZFNlbnRlbmNlJTIyJTNBMSU3RCUyQyU3QiUyMnRleHQlMjIlM0ElMjJQbGVhc2UlMjBmZWVsJTIwZnJlZSUyMHRvJTIwd2VhciUyMHRoZSUyMHdvbWVuJ3MlMjBnYXRoZXJpbmclMjBicmElMjByYWJiaXQlMjBlYXIlMjBzaGFwZSUyMGFzJTIwaXQlMjBpcyUyMGNvbWZvcnRhYmxlJTJDJTIwYW5kJTIwc29mdCUyMGFuZCUyMGRvZXMlMjBub3QlMjBpcnJpdGF0ZSUyMHlvdXIlMjBza2luJTJDJTIwcHJvdmlkaW5nJTIweW91JTIwd2l0aCUyMGElMjBjb21mb3J0YWJsZSUyMHdlYXJpbmclMjBleHBlcmllbmNlLiUyMiUyQyUyMnNlbnRlbmNlJTIyJTNBOSUyQyUyMmNoaWxkU2VudGVuY2UlMjIlM0EyJTdEJTVEJTdEJTJDJTdCJTIydHlwZSUyMiUzQSUyMnBhcmFncmFwaCUyMiUyQyUyMmNoaWxkcmVuJTIyJTNBJTVCJTdCJTIydGV4dCUyMiUzQSUyMiUyMiUyQyUyMnNlbnRlbmNlJTIyJTNBMTAlMkMlMjJjaGlsZFNlbnRlbmNlJTIyJTNBMSU3RCU1RCU3RCUyQyU3QiUyMnR5cGUlMjIlM0ElMjJwYXJhZ3JhcGglMjIlMkMlMjJjaGlsZHJlbiUyMiUzQSU1QiU3QiUyMnRleHQlMjIlM0ElMjJOTyUyMFNIT1VMREVSJTIwU1RSQVBTJTIwUkVRVUlSRUQlM0ElMjBvdXIlMjBsYWNlJTIwbm8lMjB0cmFjZSUyMGJyZWF0aGFibGUlMjBhZGhlc2l2ZSUyMHNpbGljb25lJTIwc3RpY2t5JTIwcmFiYml0JTIwZWFyJTIwc2hhcGUlMjBicmFzJTIwaGF2ZSUyMGRpcmVjdCUyMGNvbnRhY3QlMjBhbmQlMjB3cmFwJTIwdGlnaHRseSUyMGFyb3VuZCUyMHlvdXIlMjBzb2Z0JTIwYnJlYXN0cy4lMjAlMjIlMkMlMjJzZW50ZW5jZSUyMiUzQTExJTJDJTIyY2hpbGRTZW50ZW5jZSUyMiUzQTElN0QlMkMlN0IlMjJ0ZXh0JTIyJTNBJTIySXQlMjBpcyUyMHZlcnklMjBicmVhdGhhYmxlJTIwYW5kJTIwY29tZm9ydGFibGUlMkMlMjBhbmQlMjB3aWxsJTIwbm90JTIwY2F1c2UlMjBzdHJhbmd1bGF0aW9uJTIwb24lMjB5b3VyJTIwc2hvdWxkZXJzLiUyMCUyMiUyQyUyMnNlbnRlbmNlJTIyJTNBMTElMkMlMjJjaGlsZFNlbnRlbmNlJTIyJTNBMiU3RCUyQyU3QiUyMnRleHQlMjIlM0ElMjJQZXJmZWN0JTIwZm9yJTIwc3VtbWVyJTIwb3V0aW5ncy4lMjIlMkMlMjJzZW50ZW5jZSUyMiUzQTExJTJDJTIyY2hpbGRTZW50ZW5jZSUyMiUzQTMlN0QlNUQlN0QlNUQ=\"><span data-slate-node=\"text\"><span class=\"111\" data-slate-leaf=\"true\"><strong>AUCUNE BRETELLES REQUISE\u00a0:<\/strong> nos soutiens-gorge en forme d&#039;oreille de lapin collants en silicone adh\u00e9sif respirant sans trace ont un contact direct et s&#039;enroulent \u00e9troitement autour de vos seins doux. <\/span><\/span><span data-slate-node=\"text\"><span class=\"112\" data-slate-leaf=\"true\">Il est tr\u00e8s respirant et confortable et ne provoquera pas d&#039;\u00e9tranglement sur vos \u00e9paules. <\/span><\/span><span data-slate-node=\"text\"><span class=\"113\" data-slate-leaf=\"true\">Parfait pour les sorties estivales.<\/span><\/span><\/li>\n<\/ul>","protected":false},"excerpt":{"rendered":"<ul>\n<li>Le produit le plus r\u00e9cent sur le march\u00e9 \u2013 un patch de poitrine en dentelle de silicone de type oreille de lapin ! Avec sa forme ludique et mignonne ainsi que sa d\u00e9coration en dentelle, c&#039;est une nouvelle g\u00e9n\u00e9ration de tendance mode ! Que vous cherchiez \u00e0 renforcer votre confiance en vous, \u00e0 ajouter du glamour ou \u00e0 porter des v\u00eatements non marquants, notre patch de poitrine en silicone pour soutien-gorge \u00e0 oreilles de lapin r\u00e9pondra \u00e0 vos besoins.<\/li>\n<li>Conception unique pour assurer la diff\u00e9renciation des autres produits du march\u00e9. De plus, avec une vari\u00e9t\u00e9 de couleurs et de tailles diff\u00e9rentes parmi lesquelles choisir, notre gamme de patchs de soutien-gorge peut r\u00e9pondre aux besoins de diff\u00e9rentes personnes et vous offrir davantage d&#039;opportunit\u00e9s de vente.<\/li>\n<\/ul>","protected":false},"featured_media":7845,"comment_status":"open","ping_status":"closed","template":"","meta":{"site-sidebar-layout":"default","site-content-layout":"","ast-site-content-layout":"default","site-content-style":"default","site-sidebar-style":"default","ast-global-header-display":"","ast-banner-title-visibility":"","ast-main-header-display":"","ast-hfb-above-header-display":"","ast-hfb-below-header-display":"","ast-hfb-mobile-header-display":"","site-post-title":"","ast-breadcrumbs-content":"","ast-featured-img":"","footer-sml-layout":"","ast-disable-related-posts":"","theme-transparent-header-meta":"default","adv-header-id-meta":"","stick-header-meta":"default","header-above-stick-meta":"","header-main-stick-meta":"","header-below-stick-meta":"","astra-migrate-meta-layouts":"set","ast-page-background-enabled":"default","ast-page-background-meta":{"desktop":{"background-color":"","background-image":"","background-repeat":"repeat","background-position":"center center","background-size":"auto","background-attachment":"scroll","background-type":"","background-media":"","overlay-type":"","overlay-color":"","overlay-opacity":"","overlay-gradient":""},"tablet":{"background-color":"","background-image":"","background-repeat":"repeat","background-position":"center center","background-size":"auto","background-attachment":"scroll","background-type":"","background-media":"","overlay-type":"","overlay-color":"","overlay-opacity":"","overlay-gradient":""},"mobile":{"background-color":"","background-image":"","background-repeat":"repeat","background-position":"center center","background-size":"auto","background-attachment":"scroll","background-type":"","background-media":"","overlay-type":"","overlay-color":"","overlay-opacity":"","overlay-gradient":""}},"ast-content-background-meta":{"desktop":{"background-color":"var(--ast-global-color-5)","background-image":"","background-repeat":"repeat","background-position":"center center","background-size":"auto","background-attachment":"scroll","background-type":"","background-media":"","overlay-type":"","overlay-color":"","overlay-opacity":"","overlay-gradient":""},"tablet":{"background-color":"var(--ast-global-color-5)","background-image":"","background-repeat":"repeat","background-position":"center center","background-size":"auto","background-attachment":"scroll","background-type":"","background-media":"","overlay-type":"","overlay-color":"","overlay-opacity":"","overlay-gradient":""},"mobile":{"background-color":"var(--ast-global-color-5)","background-image":"","background-repeat":"repeat","background-position":"center center","background-size":"auto","background-attachment":"scroll","background-type":"","background-media":"","overlay-type":"","overlay-color":"","overlay-opacity":"","overlay-gradient":""}}},"product_brand":[],"product_cat":[65,76,259,584],"product_tag":[598,473,612,459],"class_list":{"0":"post-7842","1":"product","2":"type-product","3":"status-publish","4":"has-post-thumbnail","6":"product_cat-best-sellers","7":"product_cat-new-arrivels","8":"product_cat-lingerie","9":"product_cat-adhesive-bras","10":"product_tag-adhesive-bra","11":"product_tag-lace","12":"product_tag-rabbit-ear-shape","13":"product_tag-silica-gel","14":"pa_color-beige","15":"pa_color-beige-with-lace","16":"pa_color-black","17":"pa_color-black-lace","18":"pa_color-white-lace","19":"pa_size-11cm","20":"pa_size-13cm","21":"pa_size-9-5cm","22":"desktop-align-center","23":"tablet-align-left","24":"mobile-align-left","25":"ast-product-gallery-layout-horizontal-slider","26":"ast-product-single-variable","27":"ast-product-tabs-layout-horizontal","28":"ast-qv-on-image","30":"first","31":"instock","32":"shipping-taxable","33":"purchasable","34":"product-type-variable"},"tiered_pricing_type":"fixed","tiered_pricing_fixed_rules":[],"tiered_pricing_product_settings":{"layout":"default","base_unit_name":{"singular":null,"plural":null},"default_variation":null},"tiered_pricing_minimum_quantity":null,"tiered_pricing_roles_data":[],"tiered_pricing_percentage_rules":[],"_links":{"self":[{"href":"https:\/\/yume-silm.com\/fr\/wp-json\/wp\/v2\/product\/7842","targetHints":{"allow":["GET"]}}],"collection":[{"href":"https:\/\/yume-silm.com\/fr\/wp-json\/wp\/v2\/product"}],"about":[{"href":"https:\/\/yume-silm.com\/fr\/wp-json\/wp\/v2\/types\/product"}],"replies":[{"embeddable":true,"href":"https:\/\/yume-silm.com\/fr\/wp-json\/wp\/v2\/comments?post=7842"}],"wp:featuredmedia":[{"embeddable":true,"href":"https:\/\/yume-silm.com\/fr\/wp-json\/wp\/v2\/media\/7845"}],"wp:attachment":[{"href":"https:\/\/yume-silm.com\/fr\/wp-json\/wp\/v2\/media?parent=7842"}],"wp:term":[{"taxonomy":"product_brand","embeddable":true,"href":"https:\/\/yume-silm.com\/fr\/wp-json\/wp\/v2\/product_brand?post=7842"},{"taxonomy":"product_cat","embeddable":true,"href":"https:\/\/yume-silm.com\/fr\/wp-json\/wp\/v2\/product_cat?post=7842"},{"taxonomy":"product_tag","embeddable":true,"href":"https:\/\/yume-silm.com\/fr\/wp-json\/wp\/v2\/product_tag?post=7842"}],"curies":[{"name":"wp","href":"https:\/\/api.w.org\/{rel}","templated":true}]}}