{"id":7871,"date":"2024-05-07T03:56:42","date_gmt":"2024-05-07T03:56:42","guid":{"rendered":"https:\/\/yume-silm.com\/?post_type=product&#038;p=7871"},"modified":"2024-11-08T08:39:44","modified_gmt":"2024-11-08T08:39:44","slug":"vente-en-gros-de-tasses-de-mangue-ameliorees-patchs-de-mamelon-invisibles-en-silicone-respirant","status":"publish","type":"product","link":"https:\/\/yume-silm.com\/fr\/produit\/vente-en-gros-de-tasses-de-mangue-ameliorees-patchs-de-mamelon-invisibles-en-silicone-respirant\/","title":{"rendered":"Patchs de mamelon invisibles en Silicone respirant, tasses de mangue am\u00e9lior\u00e9es, vente en gros"},"content":{"rendered":"<h5><span data-slate-fragment=\"JTVCJTdCJTIydHlwZSUyMiUzQSUyMnBhcmFncmFwaCUyMiUyQyUyMmNoaWxkcmVuJTIyJTNBJTVCJTdCJTIyc2VudGVuY2UlMjIlM0ExJTJDJTIyY2hpbGRTZW50ZW5jZSUyMiUzQTIlMkMlMjJ0ZXh0JTIyJTNBJTIyRGVzaWduJTIwZmVhdHVyZXMlMjIlN0QlNUQlN0QlNUQ=\">Caract\u00e9ristiques de conception<\/span><\/h5>\n<ul>\n<li data-slate-node=\"element\"><span data-slate-node=\"text\"><span class=\"12\" data-slate-leaf=\"true\"><strong>INVISIBILIT\u00c9 SANS COUTURE\u00a0:<\/strong> Nos patchs de t\u00e9tons invisibles en silicone respirant Mango Cups am\u00e9lior\u00e9s sont doux et s&#039;adaptent \u00e0 votre peau confortablement et sans pression, vous permettant de montrer vos courbes attrayantes. En portant notre soutien-gorge invisible collant en silicone, vous vous sentirez libre et invisible, personne ne remarquera que vous portez ce soutien-gorge push-up auto-adh\u00e9sif sans bretelles.<\/span><\/span><\/li>\n<li data-slate-node=\"element\"><span data-slate-node=\"text\"><span class=\"12\" data-slate-leaf=\"true\"><strong>RASSEMBLEMENT DE PROFONDEUR V\u00a0:<\/strong> Le soutien-gorge push-up adh\u00e9sif en silicone sans couture rend la poitrine des femmes plus pleine et magnifiquement s\u00e9duisante. Les soutiens-gorge adh\u00e9sifs sans bretelles aident non seulement \u00e0 rendre vos seins plus fermes, mais les cache-t\u00e9tons adh\u00e9sifs push-up s\u00e9curisent \u00e9galement et pr\u00e9viennent l&#039;affaissement des seins.<\/span><\/span><\/li>\n<li data-slate-node=\"element\"><span data-slate-node=\"text\"><span class=\"12\" data-slate-leaf=\"true\"><strong>OCCASIONS MULTIPLES\u00a0:<\/strong> Les soutiens-gorge sans bretelles en silicone collant pour femmes sont confortables, pratiques et permettent de gagner du temps. Vous pouvez le porter au quotidien en toute confiance, ou l&#039;utiliser pour des occasions importantes telles que des d\u00eeners et des f\u00eates, telles que des robes de mari\u00e9e, des robes de soir\u00e9e, des robes en V profond, des robes bustier, des robes dos nu, etc. Parce qu&#039;il est facile \u00e0 transporter, le soutien-gorge en silicone adh\u00e9sif doux et confortable vous fera d\u00e9gager un temp\u00e9rament confiant et dynamique \u00e0 tout moment.<\/span><\/span><\/li>\n<\/ul>\n<p><img fetchpriority=\"high\" decoding=\"async\" class=\"alignnone wp-image-7872 size-medium\" src=\"https:\/\/yume-silm.com\/wp-content\/uploads\/2024\/05\/wholesale-upgraded-mango-cups-breathable-silicone-invisible-nipple-patch-02-300x300.jpg\" alt=\"Bonnets mangue am\u00e9lior\u00e9s en silicone respirant, patchs de mamelon invisibles, soutien-gorge auto-adh\u00e9sif Invisible\" width=\"300\" height=\"300\" title=\"\" srcset=\"https:\/\/yume-silm.com\/wp-content\/uploads\/2024\/05\/wholesale-upgraded-mango-cups-breathable-silicone-invisible-nipple-patch-02-300x300.jpg 300w, https:\/\/yume-silm.com\/wp-content\/uploads\/2024\/05\/wholesale-upgraded-mango-cups-breathable-silicone-invisible-nipple-patch-02-150x150.jpg 150w, https:\/\/yume-silm.com\/wp-content\/uploads\/2024\/05\/wholesale-upgraded-mango-cups-breathable-silicone-invisible-nipple-patch-02-768x768.jpg 768w, https:\/\/yume-silm.com\/wp-content\/uploads\/2024\/05\/wholesale-upgraded-mango-cups-breathable-silicone-invisible-nipple-patch-02-12x12.jpg 12w, https:\/\/yume-silm.com\/wp-content\/uploads\/2024\/05\/wholesale-upgraded-mango-cups-breathable-silicone-invisible-nipple-patch-02-100x100.jpg 100w, https:\/\/yume-silm.com\/wp-content\/uploads\/2024\/05\/wholesale-upgraded-mango-cups-breathable-silicone-invisible-nipple-patch-02.jpg 800w\" sizes=\"(max-width: 300px) 100vw, 300px\" \/><\/p>\n<h6><em>Autocollants de soutien-gorge de lingerie de p\u00e9tale de fleur sans bretelles r\u00e9utilisables pour femmes<\/em><\/h6>\n<ul>\n<li data-slate-node=\"element\"><span data-slate-node=\"text\"><span class=\"12\" data-slate-leaf=\"true\"><strong>HAUTE ADH\u00c9RENCE, PAS DE GLISSEMENT\u00a0:<\/strong> Le soutien-gorge push-up invisible sans bretelles en silicone avec une bonne adh\u00e9rence rendra vos seins libres, pas besoin de vous soucier des activit\u00e9s plus importantes qui les feront tomber. N&#039;h\u00e9sitez pas \u00e0 porter le soutien-gorge push-up adh\u00e9sif pour femme car il est confortable, doux et n&#039;irrite pas votre peau, vous offrant une exp\u00e9rience de port confortable.<\/span><\/span><\/li>\n<li data-slate-node=\"element\" data-slate-fragment=\"JTVCJTdCJTIydHlwZSUyMiUzQSUyMnBhcmFncmFwaCUyMiUyQyUyMmNoaWxkcmVuJTIyJTNBJTVCJTdCJTIyc2VudGVuY2UlMjIlM0ExJTJDJTIyY2hpbGRTZW50ZW5jZSUyMiUzQTIlMkMlMjJ0ZXh0JTIyJTNBJTIyU0VBTUxFU1MlMjBJTlZJU0lCSUxJVFklM0ElMjBPdXIlMjB1cGdyYWRlZCUyMG1hbmdvJTIwY3VwcyclMjBicmVhdGhhYmxlJTIwc2lsaWNvbmUlMjBpbnZpc2libGUlMjBuaXBwbGUlMjBwYXRjaGVzJTIwYXJlJTIwc29mdCUyMGFuZCUyMGZpdCUyMHlvdXIlMjBza2luJTIwY29tZm9ydGFibHklMjBhbmQlMjB3aXRob3V0JTIwcHJlc3N1cmUlMkMlMjBhbGxvd2luZyUyMHlvdSUyMHRvJTIwc2hvdyUyMG9mZiUyMHlvdXIlMjBhdHRyYWN0aXZlJTIwY3VydmVzLiUyMFdlYXJpbmclMjBvdXIlMjBzaWxpY29uZS1zdGlja3klMjBpbnZpc2libGUlMjBicmElMjB3aWxsJTIwbWFrZSUyMHlvdSUyMGZlZWwlMjBmcmVlJTIwYW5kJTIwaW52aXNpYmxlJTJDJTIwbm8lMjBvbmUlMjB3aWxsJTIwbm90aWNlJTIwdGhhdCUyMHlvdSUyMGFyZSUyMHdlYXJpbmclMjB0aGlzJTIwc3RyYXBsZXNzJTIwYmFja2xlc3MlMjBwdXNoLXVwJTIwc2VsZi1hZGhlc2l2ZSUyMGJyYS4lMjIlN0QlNUQlN0QlMkMlN0IlMjJ0eXBlJTIyJTNBJTIycGFyYWdyYXBoJTIyJTJDJTIyY2hpbGRyZW4lMjIlM0ElNUIlN0IlMjJzZW50ZW5jZSUyMiUzQTElMkMlMjJjaGlsZFNlbnRlbmNlJTIyJTNBMiUyQyUyMnRleHQlMjIlM0ElMjJHQVRIRVJJTkclMjBERUVQJTIwViUzQSUyMFRoZSUyMHNlYW1sZXNzJTIwcHVzaC11cCUyMHNpbGljb25lJTIwYWRoZXNpdmUlMjBicmElMjBtYWtlcyUyMHdvbWVuJ3MlMjBicmVhc3RzJTIwbG9vayUyMGZ1bGxlciUyMGFuZCUyMGJlYXV0aWZ1bGx5JTIwc2VkdWN0aXZlLiUyMFN0cmFwbGVzcyUyMGFkaGVzaXZlJTIwYnJhcyUyMG5vdCUyMG9ubHklMjBoZWxwJTIwdG8lMjBtYWtlJTIweW91ciUyMGJyZWFzdHMlMjBmaXJtZXIlMjBidXQlMjB0aGUlMjBwdXNoLXVwJTIwbGlmdGluZyUyMGFkaGVzaXZlJTIwbmlwcGxlJTIwcGFzdGllcyUyMGFsc28lMjBzZWN1cmUlMjBhbmQlMjBwcmV2ZW50JTIwYnJlYXN0JTIwc2FnZ2luZy4lMjIlN0QlNUQlN0QlMkMlN0IlMjJ0eXBlJTIyJTNBJTIycGFyYWdyYXBoJTIyJTJDJTIyY2hpbGRyZW4lMjIlM0ElNUIlN0IlMjJzZW50ZW5jZSUyMiUzQTElMkMlMjJjaGlsZFNlbnRlbmNlJTIyJTNBMiUyQyUyMnRleHQlMjIlM0ElMjJNVUxUSVBMRSUyME9DQ0FTSU9OUyUzQSUyMFdvbWVuJ3MlMjBzdHJhcGxlc3MlMjBzdGlja3klMjBzaWxpY29uZSUyMGJyYXMlMjBhcmUlMjBjb21mb3J0YWJsZSUyQyUyMGNvbnZlbmllbnQlMkMlMjBhbmQlMjB0aW1lLXNhdmluZy4lMjBZb3UlMjBjYW4lMjB3ZWFyJTIwaXQlMjBmb3IlMjBkYWlseSUyMHdlYXIlMjB3aXRoJTIwY29uZmlkZW5jZSUyQyUyMG9yJTIwdXNlJTIwaXQlMjBmb3IlMjBpbXBvcnRhbnQlMjBvY2Nhc2lvbnMlMjBzdWNoJTIwYXMlMjBkaW5uZXJzJTIwYW5kJTIwcGFydGllcyUyQyUyMHN1Y2glMjBhcyUyMHdlZGRpbmclMjBkcmVzc2VzJTJDJTIwZXZlbmluZyUyMGRyZXNzZXMlMkMlMjBkZWVwJTIwViUyMGRyZXNzZXMlMkMlMjBidXN0aWVyJTIwZHJlc3NlcyUyQyUyMGJhY2tsZXNzJTIwZHJlc3NlcyUyQyUyMGFuZCUyMHNvJTIwb24uJTIwQmVjYXVzZSUyMGl0JTIwaXMlMjBlYXN5JTIwdG8lMjBjYXJyeSUyQyUyMGhvdCUyMHNlbGxpbmclMjBzb2Z0JTIwY29tZm9ydGFibGUlMjBzdGljay1vbiUyMHNpbGljb25lJTIwYnJhJTIwd2lsbCUyMG1ha2UlMjB5b3UlMjBleHVkZSUyMGElMjBjb25maWRlbnQlMjBhbmQlMjBkeW5hbWljJTIwdGVtcGVyYW1lbnQlMjBhdCUyMGFsbCUyMHRpbWVzLiUyMiU3RCU1RCU3RCUyQyU3QiUyMnR5cGUlMjIlM0ElMjJwYXJhZ3JhcGglMjIlMkMlMjJjaGlsZHJlbiUyMiUzQSU1QiU3QiUyMnNlbnRlbmNlJTIyJTNBMSUyQyUyMmNoaWxkU2VudGVuY2UlMjIlM0EyJTJDJTIydGV4dCUyMiUzQSUyMkhJR0glMjBBREhFU0lPTiUyQyUyME5PJTIwU0xJUFBJTkclM0ElMjBUaGUlMjBzdGlja3klMjBzdHJhcGxlc3MlMjBiYWNrbGVzcyUyMGludmlzaWJsZSUyMHB1c2gtdXAlMjBzaWxpY29uZSUyMGJyYSUyMHdpdGglMjBnb29kJTIwYWRoZXNpb24lMjB3aWxsJTIwbWFrZSUyMHlvdXIlMjBicmVhc3RzJTIwZnJlZSUyQyUyMG5vJTIwbmVlZCUyMHRvJTIwd29ycnklMjBhYm91dCUyMGxhcmdlciUyMGFjdGl2aXRpZXMlMjB0aGF0JTIwd2lsbCUyMGNhdXNlJTIwdGhlbSUyMHRvJTIwZmFsbCUyMG9mZi4lMjBQbGVhc2UlMjBmZWVsJTIwZnJlZSUyMHRvJTIwd2VhciUyMHRoZSUyMGFkaGVzaXZlJTIwcHVzaC11cCUyMGJyYSUyMGZvciUyMHdvbWVuJTIwYXMlMjBpdCUyMGlzJTIwY29tZm9ydGFibGUlMkMlMjBhbmQlMjBzb2Z0JTIwYW5kJTIwZG9lcyUyMG5vdCUyMGlycml0YXRlJTIweW91ciUyMHNraW4lMkMlMjBwcm92aWRpbmclMjB5b3UlMjB3aXRoJTIwYSUyMGNvbWZvcnRhYmxlJTIwd2VhcmluZyUyMGV4cGVyaWVuY2UuJTIyJTdEJTVEJTdEJTJDJTdCJTIydHlwZSUyMiUzQSUyMnBhcmFncmFwaCUyMiUyQyUyMmNoaWxkcmVuJTIyJTNBJTVCJTdCJTIyc2VudGVuY2UlMjIlM0ExJTJDJTIyY2hpbGRTZW50ZW5jZSUyMiUzQTIlMkMlMjJ0ZXh0JTIyJTNBJTIyTk8lMjBTSE9VTERFUiUyMFNUUkFQUyUyMFJFUVVJUkVEJTNBJTIwT3VyJTIwdXBncmFkZWQlMjBtYW5nbyUyMGN1cCdzJTIwYnJlYXRoYWJsZSUyMHNpbGljb25lJTIwaW52aXNpYmxlJTIwbmlwcGxlJTIwcGF0Y2glMjBoYXMlMjBkaXJlY3QlMjBjb250YWN0JTIwYW5kJTIwd3JhcHMlMjB0aWdodGx5JTIwYXJvdW5kJTIweW91ciUyMHNvZnQlMjBicmVhc3RzLiUyMEl0JTIwaXMlMjB2ZXJ5JTIwYnJlYXRoYWJsZSUyMGFuZCUyMGNvbWZvcnRhYmxlJTJDJTIwYW5kJTIwd2lsbCUyMG5vdCUyMGNhdXNlJTIwc3RyYW5ndWxhdGlvbiUyMG9uJTIweW91ciUyMHNob3VsZGVycy4lMjBQZXJmZWN0JTIwZm9yJTIwc3VtbWVyJTIwb3V0aW5ncy4lMjIlN0QlNUQlN0QlNUQ=\"><span data-slate-node=\"text\"><span class=\"12\" data-slate-leaf=\"true\"><strong>AUCUNE BRETELLES REQUISE\u00a0:<\/strong> Le patch invisible en silicone respirant de notre coupe mangue am\u00e9lior\u00e9e a un contact direct et s&#039;enroule \u00e9troitement autour de vos seins doux. Il est tr\u00e8s respirant et confortable et ne provoquera pas d&#039;\u00e9tranglement sur vos \u00e9paules. Parfait pour les sorties estivales.<\/span><\/span><\/li>\n<\/ul>","protected":false},"excerpt":{"rendered":"<p>Les patchs de t\u00e9tons invisibles en silicone respirant pour femmes sont confortables, pratiques et permettent de gagner du temps. Vous pouvez le porter au quotidien en toute confiance, ou l&#039;utiliser pour des occasions importantes telles que des d\u00eeners et des f\u00eates, telles que des robes de mari\u00e9e, des robes de soir\u00e9e, des robes en V profond, des robes bustier, des robes dos nu, etc. Parce qu&#039;il est facile \u00e0 transporter, un soutien-gorge en silicone adh\u00e9sif doux et confortable vous fera toujours d\u00e9gager un temp\u00e9rament confiant et dynamique.<\/p>","protected":false},"featured_media":8031,"comment_status":"open","ping_status":"closed","template":"","meta":{"site-sidebar-layout":"default","site-content-layout":"","ast-site-content-layout":"default","site-content-style":"default","site-sidebar-style":"default","ast-global-header-display":"","ast-banner-title-visibility":"","ast-main-header-display":"","ast-hfb-above-header-display":"","ast-hfb-below-header-display":"","ast-hfb-mobile-header-display":"","site-post-title":"","ast-breadcrumbs-content":"","ast-featured-img":"","footer-sml-layout":"","ast-disable-related-posts":"","theme-transparent-header-meta":"default","adv-header-id-meta":"","stick-header-meta":"default","header-above-stick-meta":"","header-main-stick-meta":"","header-below-stick-meta":"","astra-migrate-meta-layouts":"set","ast-page-background-enabled":"default","ast-page-background-meta":{"desktop":{"background-color":"","background-image":"","background-repeat":"repeat","background-position":"center center","background-size":"auto","background-attachment":"scroll","background-type":"","background-media":"","overlay-type":"","overlay-color":"","overlay-opacity":"","overlay-gradient":""},"tablet":{"background-color":"","background-image":"","background-repeat":"repeat","background-position":"center center","background-size":"auto","background-attachment":"scroll","background-type":"","background-media":"","overlay-type":"","overlay-color":"","overlay-opacity":"","overlay-gradient":""},"mobile":{"background-color":"","background-image":"","background-repeat":"repeat","background-position":"center center","background-size":"auto","background-attachment":"scroll","background-type":"","background-media":"","overlay-type":"","overlay-color":"","overlay-opacity":"","overlay-gradient":""}},"ast-content-background-meta":{"desktop":{"background-color":"var(--ast-global-color-5)","background-image":"","background-repeat":"repeat","background-position":"center center","background-size":"auto","background-attachment":"scroll","background-type":"","background-media":"","overlay-type":"","overlay-color":"","overlay-opacity":"","overlay-gradient":""},"tablet":{"background-color":"var(--ast-global-color-5)","background-image":"","background-repeat":"repeat","background-position":"center center","background-size":"auto","background-attachment":"scroll","background-type":"","background-media":"","overlay-type":"","overlay-color":"","overlay-opacity":"","overlay-gradient":""},"mobile":{"background-color":"var(--ast-global-color-5)","background-image":"","background-repeat":"repeat","background-position":"center center","background-size":"auto","background-attachment":"scroll","background-type":"","background-media":"","overlay-type":"","overlay-color":"","overlay-opacity":"","overlay-gradient":""}}},"product_brand":[],"product_cat":[65,76,259,584],"product_tag":[598,492,613,601],"class_list":{"0":"post-7871","1":"product","2":"type-product","3":"status-publish","4":"has-post-thumbnail","6":"product_cat-best-sellers","7":"product_cat-new-arrivels","8":"product_cat-lingerie","9":"product_cat-adhesive-bras","10":"product_tag-adhesive-bra","11":"product_tag-breathable","12":"product_tag-mango-cups","13":"product_tag-silicone","14":"pa_color-beige","15":"pa_color-black","16":"pa_size-a","17":"pa_size-b","18":"pa_size-c","19":"pa_size-d","20":"desktop-align-center","21":"tablet-align-left","22":"mobile-align-left","23":"ast-product-gallery-layout-horizontal-slider","24":"ast-product-single-variable","25":"ast-product-tabs-layout-horizontal","26":"ast-qv-on-image","28":"first","29":"instock","30":"shipping-taxable","31":"purchasable","32":"product-type-variable"},"tiered_pricing_type":"fixed","tiered_pricing_fixed_rules":{"5":1.2,"50":1.1,"100":0.95},"tiered_pricing_product_settings":{"layout":"default","base_unit_name":{"singular":null,"plural":null},"default_variation":null},"tiered_pricing_minimum_quantity":null,"tiered_pricing_roles_data":[],"tiered_pricing_percentage_rules":[],"_links":{"self":[{"href":"https:\/\/yume-silm.com\/fr\/wp-json\/wp\/v2\/product\/7871","targetHints":{"allow":["GET"]}}],"collection":[{"href":"https:\/\/yume-silm.com\/fr\/wp-json\/wp\/v2\/product"}],"about":[{"href":"https:\/\/yume-silm.com\/fr\/wp-json\/wp\/v2\/types\/product"}],"replies":[{"embeddable":true,"href":"https:\/\/yume-silm.com\/fr\/wp-json\/wp\/v2\/comments?post=7871"}],"wp:featuredmedia":[{"embeddable":true,"href":"https:\/\/yume-silm.com\/fr\/wp-json\/wp\/v2\/media\/8031"}],"wp:attachment":[{"href":"https:\/\/yume-silm.com\/fr\/wp-json\/wp\/v2\/media?parent=7871"}],"wp:term":[{"taxonomy":"product_brand","embeddable":true,"href":"https:\/\/yume-silm.com\/fr\/wp-json\/wp\/v2\/product_brand?post=7871"},{"taxonomy":"product_cat","embeddable":true,"href":"https:\/\/yume-silm.com\/fr\/wp-json\/wp\/v2\/product_cat?post=7871"},{"taxonomy":"product_tag","embeddable":true,"href":"https:\/\/yume-silm.com\/fr\/wp-json\/wp\/v2\/product_tag?post=7871"}],"curies":[{"name":"wp","href":"https:\/\/api.w.org\/{rel}","templated":true}]}}