{"id":8060,"date":"2024-05-16T07:02:32","date_gmt":"2024-05-16T07:02:32","guid":{"rendered":"https:\/\/yume-silm.com\/?post_type=product&#038;p=8060"},"modified":"2025-05-26T00:52:36","modified_gmt":"2025-05-26T00:52:36","slug":"vente-en-gros-sauna-sweat-costume-gym-fitness-capuche-perte-de-poids","status":"publish","type":"product","link":"https:\/\/yume-silm.com\/fr\/produit\/vente-en-gros-sauna-sweat-costume-gym-fitness-capuche-perte-de-poids\/","title":{"rendered":"Costume de sudation de Sauna en gros, salle de sport, Fitness, perte de poids \u00e0 capuche"},"content":{"rendered":"<h5>Caract\u00e9ristiques de conception<\/h5>\n<ul>\n<li><strong>CONCEPTION INNOVANTE:<\/strong>\u00a0Une chemise de sauna pour femme est le meilleur assistant pour la mise en forme du corps et la perte de poids. Le principe de fonctionnement d&#039;une combinaison de sauna pour la perte de poids des femmes est d&#039;acc\u00e9l\u00e9rer la transpiration, de favoriser la circulation sanguine, de r\u00e9duire la fatigue musculaire et d&#039;obtenir une perte de poids et une mise en forme efficaces gr\u00e2ce \u00e0 une compression et une compression raisonnables. espace confin\u00e9 appropri\u00e9.<\/li>\n<li><strong>V\u00caTEMENTS DE SAUNA POUR PERTE DE POIDS QUOTIDIENNE\u00a0:<\/strong> Hauts de sport d&#039;entra\u00eenement roses \u00e0 manches longues, parfaits pour le yoga \u00e0 la maison dans la salle de sport ou la course \u00e0 pied en plein air, ainsi que pour le travail. Vous pouvez porter cet ensemble de sauna amincissant et gainant. Il peut efficacement prot\u00e9ger du froid pendant l&#039;hiver froid et peut \u00eatre utilis\u00e9 pour acc\u00e9l\u00e9rer la transpiration afin de perdre du poids au printemps, en \u00e9t\u00e9 et en automne.<\/li>\n<li><strong>CONFORTABLE ET PRATIQUE\u00a0:<\/strong>\u00a0Le gilet de sudation \u00e0 manches longues, chemise anti-chaleur, sweat-shirt l\u00e9ger enti\u00e8rement zipp\u00e9 d\u00e9contract\u00e9 est fait d&#039;un tissu de haute qualit\u00e9 qui est plus confortable pour la peau; il est facile \u00e0 porter, tout comme les v\u00eatements de tous les jours, et n&#039;a besoin que d&#039;une fermeture \u00e9clair pour s&#039;ouvrir et se fermer. Il est l\u00e9ger, confortable et sans stress, donc quel que soit le type d&#039;exercice que vous faites, vous pouvez le r\u00e9aliser avec flexibilit\u00e9.<\/li>\n<\/ul>\n<p><img fetchpriority=\"high\" decoding=\"async\" class=\"alignnone size-medium wp-image-8059\" src=\"https:\/\/yume-silm.com\/wp-content\/uploads\/2024\/05\/wholesale-sauna-sweat-workout-sports-suit-pink-pvc-300x300.jpg\" alt=\"Combinaison de sudation sauna, gym, fitness, perte de poids \u00e0 capuche pour hommes et femmes\" width=\"300\" height=\"300\" title=\"\" srcset=\"https:\/\/yume-silm.com\/wp-content\/uploads\/2024\/05\/wholesale-sauna-sweat-workout-sports-suit-pink-pvc-300x300.jpg 300w, https:\/\/yume-silm.com\/wp-content\/uploads\/2024\/05\/wholesale-sauna-sweat-workout-sports-suit-pink-pvc-150x150.jpg 150w, https:\/\/yume-silm.com\/wp-content\/uploads\/2024\/05\/wholesale-sauna-sweat-workout-sports-suit-pink-pvc-768x768.jpg 768w, https:\/\/yume-silm.com\/wp-content\/uploads\/2024\/05\/wholesale-sauna-sweat-workout-sports-suit-pink-pvc-12x12.jpg 12w, https:\/\/yume-silm.com\/wp-content\/uploads\/2024\/05\/wholesale-sauna-sweat-workout-sports-suit-pink-pvc-800x800.jpg 800w, https:\/\/yume-silm.com\/wp-content\/uploads\/2024\/05\/wholesale-sauna-sweat-workout-sports-suit-pink-pvc-100x100.jpg 100w, https:\/\/yume-silm.com\/wp-content\/uploads\/2024\/05\/wholesale-sauna-sweat-workout-sports-suit-pink-pvc.jpg 1000w\" sizes=\"(max-width: 300px) 100vw, 300px\" \/><\/p>\n<h6>Combinaisons de sudation de Sauna avec logo personnalis\u00e9, v\u00eatements de sport, de boxe, de course \u00e0 pied<\/h6>\n<ul>\n<li><strong>FORME DE MODE\u00a0:<\/strong> La conception \u00e0 glissi\u00e8re de la combinaison de sudation de sauna pour hommes et femmes, pour la perte de poids \u00e0 capuche, est \u00e0 la mode et sportive. Vous pouvez profiter de l&#039;exercice de votre belle taille et de votre d\u00e9collet\u00e9 pendant l&#039;exercice. Costume violet<\/li>\n<\/ul>","protected":false},"excerpt":{"rendered":"<ul>\n<li>Que vous cherchiez \u00e0 \u00eatre en bonne sant\u00e9, \u00e0 perdre du poids ou \u00e0 soulager le stress.<\/li>\n<li>Venez choisir notre combinaison de sudation de sauna pour hommes et femmes, salle de sport, fitness, perte de poids \u00e0 capuche pour une vie \u00e9l\u00e9gante plus saine et plus confortable ! De nouveaux produits sont l\u00e0, commandez d\u00e8s aujourd&#039;hui !<\/li>\n<\/ul>","protected":false},"featured_media":8075,"comment_status":"open","ping_status":"closed","template":"","meta":{"site-sidebar-layout":"default","site-content-layout":"","ast-site-content-layout":"default","site-content-style":"default","site-sidebar-style":"default","ast-global-header-display":"","ast-banner-title-visibility":"","ast-main-header-display":"","ast-hfb-above-header-display":"","ast-hfb-below-header-display":"","ast-hfb-mobile-header-display":"","site-post-title":"","ast-breadcrumbs-content":"","ast-featured-img":"","footer-sml-layout":"","ast-disable-related-posts":"","theme-transparent-header-meta":"default","adv-header-id-meta":"","stick-header-meta":"default","header-above-stick-meta":"","header-main-stick-meta":"","header-below-stick-meta":"","astra-migrate-meta-layouts":"set","ast-page-background-enabled":"default","ast-page-background-meta":{"desktop":{"background-color":"","background-image":"","background-repeat":"repeat","background-position":"center center","background-size":"auto","background-attachment":"scroll","background-type":"","background-media":"","overlay-type":"","overlay-color":"","overlay-opacity":"","overlay-gradient":""},"tablet":{"background-color":"","background-image":"","background-repeat":"repeat","background-position":"center center","background-size":"auto","background-attachment":"scroll","background-type":"","background-media":"","overlay-type":"","overlay-color":"","overlay-opacity":"","overlay-gradient":""},"mobile":{"background-color":"","background-image":"","background-repeat":"repeat","background-position":"center center","background-size":"auto","background-attachment":"scroll","background-type":"","background-media":"","overlay-type":"","overlay-color":"","overlay-opacity":"","overlay-gradient":""}},"ast-content-background-meta":{"desktop":{"background-color":"var(--ast-global-color-5)","background-image":"","background-repeat":"repeat","background-position":"center center","background-size":"auto","background-attachment":"scroll","background-type":"","background-media":"","overlay-type":"","overlay-color":"","overlay-opacity":"","overlay-gradient":""},"tablet":{"background-color":"var(--ast-global-color-5)","background-image":"","background-repeat":"repeat","background-position":"center center","background-size":"auto","background-attachment":"scroll","background-type":"","background-media":"","overlay-type":"","overlay-color":"","overlay-opacity":"","overlay-gradient":""},"mobile":{"background-color":"var(--ast-global-color-5)","background-image":"","background-repeat":"repeat","background-position":"center center","background-size":"auto","background-attachment":"scroll","background-type":"","background-media":"","overlay-type":"","overlay-color":"","overlay-opacity":"","overlay-gradient":""}}},"product_brand":[],"product_cat":[65,76,97,102,98,99],"product_tag":[413,618,617,563,548,615,185,616],"class_list":{"0":"post-8060","1":"product","2":"type-product","3":"status-publish","4":"has-post-thumbnail","6":"product_cat-best-sellers","7":"product_cat-new-arrivels","8":"product_cat-sauna-suit","9":"product_cat-full-body-sweat-suit","10":"product_cat-sauna-jacket","11":"product_cat-sauna-pants","12":"product_tag-fitness","13":"product_tag-pink-suit","14":"product_tag-purple-suit","15":"product_tag-running","16":"product_tag-sauna-sweat","17":"product_tag-sportswear","18":"product_tag-workout","19":"product_tag-workout-set","20":"pa_color-pink","21":"pa_color-purple","22":"pa_size-4xl","23":"pa_size-l","24":"pa_size-m","25":"pa_size-s","26":"pa_size-xl","27":"pa_size-xxl","28":"pa_size-xxxl","29":"desktop-align-center","30":"tablet-align-left","31":"mobile-align-left","32":"ast-product-gallery-layout-horizontal-slider","33":"ast-product-single-variable","34":"ast-product-tabs-layout-horizontal","35":"ast-qv-on-image","37":"first","38":"instock","39":"sale","40":"shipping-taxable","41":"purchasable","42":"product-type-variable"},"tiered_pricing_type":"fixed","tiered_pricing_fixed_rules":{"5":18,"50":16,"100":14},"tiered_pricing_product_settings":{"layout":"default","base_unit_name":{"singular":null,"plural":null},"default_variation":null},"tiered_pricing_minimum_quantity":null,"tiered_pricing_roles_data":[],"tiered_pricing_percentage_rules":[],"_links":{"self":[{"href":"https:\/\/yume-silm.com\/fr\/wp-json\/wp\/v2\/product\/8060","targetHints":{"allow":["GET"]}}],"collection":[{"href":"https:\/\/yume-silm.com\/fr\/wp-json\/wp\/v2\/product"}],"about":[{"href":"https:\/\/yume-silm.com\/fr\/wp-json\/wp\/v2\/types\/product"}],"replies":[{"embeddable":true,"href":"https:\/\/yume-silm.com\/fr\/wp-json\/wp\/v2\/comments?post=8060"}],"wp:featuredmedia":[{"embeddable":true,"href":"https:\/\/yume-silm.com\/fr\/wp-json\/wp\/v2\/media\/8075"}],"wp:attachment":[{"href":"https:\/\/yume-silm.com\/fr\/wp-json\/wp\/v2\/media?parent=8060"}],"wp:term":[{"taxonomy":"product_brand","embeddable":true,"href":"https:\/\/yume-silm.com\/fr\/wp-json\/wp\/v2\/product_brand?post=8060"},{"taxonomy":"product_cat","embeddable":true,"href":"https:\/\/yume-silm.com\/fr\/wp-json\/wp\/v2\/product_cat?post=8060"},{"taxonomy":"product_tag","embeddable":true,"href":"https:\/\/yume-silm.com\/fr\/wp-json\/wp\/v2\/product_tag?post=8060"}],"curies":[{"name":"wp","href":"https:\/\/api.w.org\/{rel}","templated":true}]}}