{"id":8078,"date":"2024-05-16T07:35:26","date_gmt":"2024-05-16T07:35:26","guid":{"rendered":"https:\/\/yume-silm.com\/?post_type=product&#038;p=8078"},"modified":"2024-05-16T07:44:10","modified_gmt":"2024-05-16T07:44:10","slug":"sauna-pantalons-de-survetement-gym-aptitude-perte-de-poids","status":"publish","type":"product","link":"https:\/\/yume-silm.com\/fr\/produit\/sauna-pantalons-de-survetement-gym-aptitude-perte-de-poids\/","title":{"rendered":"Pantalon de surv\u00eatement de Sauna noir, vente en gros, salle de sport, Fitness, perte de poids"},"content":{"rendered":"<h5>Caract\u00e9ristiques de conception<\/h5>\n<ul>\n<li><strong>CONCEPTION INNOVANTE:<\/strong> Un pantalon de sauna pour femme est le meilleur assistant pour la mise en forme du corps et la perte de poids. Le principe de fonctionnement d&#039;une combinaison de sauna pour la perte de poids des femmes est d&#039;acc\u00e9l\u00e9rer la transpiration, de favoriser la circulation sanguine, de r\u00e9duire la fatigue musculaire et d&#039;obtenir une perte de poids et une mise en forme efficaces gr\u00e2ce \u00e0 une compression et une compression raisonnables. espace confin\u00e9 appropri\u00e9.<\/li>\n<li><strong>V\u00caTEMENTS DE SAUNA POUR PERTE DE POIDS QUOTIDIENNE\u00a0:<\/strong> Les pantalons de sport d&#039;entra\u00eenement noirs \u00e0 manches longues sont parfaits pour le yoga \u00e0 la maison dans la salle de sport ou pour les exercices de course en plein air, ainsi que pour le travail. Vous pouvez porter cet ensemble de sauna amincissant et gainant. Il peut efficacement prot\u00e9ger du froid pendant l&#039;hiver froid et peut \u00eatre utilis\u00e9 pour acc\u00e9l\u00e9rer la transpiration afin de perdre du poids au printemps, en \u00e9t\u00e9 et en automne.<\/li>\n<li><strong>CONFORTABLE ET PRATIQUE\u00a0:<\/strong> Le pantalon de surv\u00eatement l\u00e9ger noir absorbant la chaleur est fabriqu\u00e9 dans un tissu de haute qualit\u00e9 qui est plus confortable pour la peau ; il est facile \u00e0 porter, tout comme les v\u00eatements du quotidien. Il est l\u00e9ger, confortable et sans stress, donc quel que soit le type d&#039;exercice que vous faites, vous pouvez le r\u00e9aliser avec flexibilit\u00e9.<\/li>\n<\/ul>\n<h6><em>Pantalon de sport pour surv\u00eatement de sauna pour hommes et femmes<\/em><\/h6>\n<ul>\n<li><strong>FORME DE MODE\u00a0:<\/strong> La conception \u00e0 glissi\u00e8re des pantalons de surv\u00eatement de sauna pour hommes et femmes est \u00e0 la mode et sportive. Vous pouvez profiter de l&#039;exercice de votre belle taille et de votre d\u00e9collet\u00e9 pendant l&#039;exercice.<\/li>\n<\/ul>","protected":false},"excerpt":{"rendered":"<ul>\n<li>Que vous cherchiez \u00e0 \u00eatre en bonne sant\u00e9, \u00e0 perdre du poids ou \u00e0 soulager le stress.<\/li>\n<li>Venez choisir nos pantalons de surv\u00eatement sauna pour hommes et femmes, gym fitness perte de poids pour une vie \u00e9l\u00e9gante plus saine et plus confortable ! De nouveaux produits sont l\u00e0, commandez d\u00e8s aujourd&#039;hui !<\/li>\n<\/ul>","protected":false},"featured_media":8081,"comment_status":"open","ping_status":"closed","template":"","meta":{"site-sidebar-layout":"default","site-content-layout":"","ast-site-content-layout":"default","site-content-style":"default","site-sidebar-style":"default","ast-global-header-display":"","ast-banner-title-visibility":"","ast-main-header-display":"","ast-hfb-above-header-display":"","ast-hfb-below-header-display":"","ast-hfb-mobile-header-display":"","site-post-title":"","ast-breadcrumbs-content":"","ast-featured-img":"","footer-sml-layout":"","ast-disable-related-posts":"","theme-transparent-header-meta":"default","adv-header-id-meta":"","stick-header-meta":"default","header-above-stick-meta":"","header-main-stick-meta":"","header-below-stick-meta":"","astra-migrate-meta-layouts":"set","ast-page-background-enabled":"default","ast-page-background-meta":{"desktop":{"background-color":"","background-image":"","background-repeat":"repeat","background-position":"center center","background-size":"auto","background-attachment":"scroll","background-type":"","background-media":"","overlay-type":"","overlay-color":"","overlay-opacity":"","overlay-gradient":""},"tablet":{"background-color":"","background-image":"","background-repeat":"repeat","background-position":"center center","background-size":"auto","background-attachment":"scroll","background-type":"","background-media":"","overlay-type":"","overlay-color":"","overlay-opacity":"","overlay-gradient":""},"mobile":{"background-color":"","background-image":"","background-repeat":"repeat","background-position":"center center","background-size":"auto","background-attachment":"scroll","background-type":"","background-media":"","overlay-type":"","overlay-color":"","overlay-opacity":"","overlay-gradient":""}},"ast-content-background-meta":{"desktop":{"background-color":"var(--ast-global-color-5)","background-image":"","background-repeat":"repeat","background-position":"center center","background-size":"auto","background-attachment":"scroll","background-type":"","background-media":"","overlay-type":"","overlay-color":"","overlay-opacity":"","overlay-gradient":""},"tablet":{"background-color":"var(--ast-global-color-5)","background-image":"","background-repeat":"repeat","background-position":"center center","background-size":"auto","background-attachment":"scroll","background-type":"","background-media":"","overlay-type":"","overlay-color":"","overlay-opacity":"","overlay-gradient":""},"mobile":{"background-color":"var(--ast-global-color-5)","background-image":"","background-repeat":"repeat","background-position":"center center","background-size":"auto","background-attachment":"scroll","background-type":"","background-media":"","overlay-type":"","overlay-color":"","overlay-opacity":"","overlay-gradient":""}}},"product_brand":[],"product_cat":[65,76,97,99],"product_tag":[460,548],"class_list":{"0":"post-8078","1":"product","2":"type-product","3":"status-publish","4":"has-post-thumbnail","6":"product_cat-best-sellers","7":"product_cat-new-arrivels","8":"product_cat-sauna-suit","9":"product_cat-sauna-pants","10":"product_tag-high-elasticity","11":"product_tag-sauna-sweat","12":"pa_color-black","13":"pa_size-4xl","14":"pa_size-l","15":"pa_size-m","16":"pa_size-s","17":"pa_size-xl","18":"pa_size-xxl","19":"pa_size-xxxl","20":"desktop-align-center","21":"tablet-align-left","22":"mobile-align-left","23":"ast-product-gallery-layout-horizontal-slider","24":"ast-product-tabs-layout-horizontal","25":"ast-qv-on-image","27":"first","28":"instock","29":"shipping-taxable","30":"purchasable","31":"product-type-simple"},"tiered_pricing_type":"fixed","tiered_pricing_fixed_rules":{"2":5.5,"30":5,"100":4.5},"tiered_pricing_product_settings":{"layout":"default","base_unit_name":{"singular":null,"plural":null},"default_variation":null},"tiered_pricing_minimum_quantity":null,"tiered_pricing_roles_data":[],"tiered_pricing_percentage_rules":[],"_links":{"self":[{"href":"https:\/\/yume-silm.com\/fr\/wp-json\/wp\/v2\/product\/8078","targetHints":{"allow":["GET"]}}],"collection":[{"href":"https:\/\/yume-silm.com\/fr\/wp-json\/wp\/v2\/product"}],"about":[{"href":"https:\/\/yume-silm.com\/fr\/wp-json\/wp\/v2\/types\/product"}],"replies":[{"embeddable":true,"href":"https:\/\/yume-silm.com\/fr\/wp-json\/wp\/v2\/comments?post=8078"}],"wp:featuredmedia":[{"embeddable":true,"href":"https:\/\/yume-silm.com\/fr\/wp-json\/wp\/v2\/media\/8081"}],"wp:attachment":[{"href":"https:\/\/yume-silm.com\/fr\/wp-json\/wp\/v2\/media?parent=8078"}],"wp:term":[{"taxonomy":"product_brand","embeddable":true,"href":"https:\/\/yume-silm.com\/fr\/wp-json\/wp\/v2\/product_brand?post=8078"},{"taxonomy":"product_cat","embeddable":true,"href":"https:\/\/yume-silm.com\/fr\/wp-json\/wp\/v2\/product_cat?post=8078"},{"taxonomy":"product_tag","embeddable":true,"href":"https:\/\/yume-silm.com\/fr\/wp-json\/wp\/v2\/product_tag?post=8078"}],"curies":[{"name":"wp","href":"https:\/\/api.w.org\/{rel}","templated":true}]}}