{"id":8176,"date":"2024-05-24T02:55:32","date_gmt":"2024-05-24T02:55:32","guid":{"rendered":"https:\/\/yume-silm.com\/?post_type=product&#038;p=8176"},"modified":"2024-07-04T01:12:25","modified_gmt":"2024-07-04T01:12:25","slug":"debardeur-sans-manches-pour-femme-avec-une-epaule-denudee-et-string%ef%bc%88%e6%b5%8b%e8%af%95%ef%bc%89","status":"publish","type":"product","link":"https:\/\/yume-silm.com\/fr\/produit\/debardeur-sans-manches-pour-femme-avec-une-epaule-denudee-et-string%ef%bc%88%e6%b5%8b%e8%af%95%ef%bc%89\/","title":{"rendered":"D\u00e9bardeur sans manches \u00e0 une \u00e9paule d\u00e9coup\u00e9e pour femme"},"content":{"rendered":"<h5>Caract\u00e9ristiques de conception<\/h5>\n<ul>\n<li><strong>BODY STRING EN MAILLE\u00a0:<\/strong> La d\u00e9coupe \u00e0 une \u00e9paule du body string shapewear est asym\u00e9triquement chic. La coupe string de la lingerie body string et la conception du bouton-pression inf\u00e9rieur sont tr\u00e8s pratiques.<\/li>\n<li><strong>TENUE \u00c0 LA MODE\u00a0:<\/strong> La d\u00e9coupe sexy du shapewear gainant le ventre et la coupe slim sans manches sont mignonnes et \u00e0 la mode, vous donnant une inspiration illimit\u00e9e en mati\u00e8re de tenue. Vous pouvez facilement l&#039;associer \u00e0 n&#039;importe quel jean, short, jolie robe, etc. Le body string une pi\u00e8ce vous offre une grande capacit\u00e9 de dissimulation, parfait pour les sorties quotidiennes, les rendez-vous ou m\u00eame les soir\u00e9es, les cocktails, les vacances, les f\u00eates, etc. . Un placard est un incontournable en toutes saisons, de jour comme de nuit !<\/li>\n<li><strong>LUMI\u00c8RE D&#039;ESPOIR\u00a0:<\/strong> Notre tout nouveau body string sexy sans bretelles 2024 s&#039;inspire de la \u00ab lumi\u00e8re de l&#039;espoir \u00bb. Souhaitez une figure de star, une figure de sablier \u00e9blouissante qui attire l&#039;attention !<\/li>\n<li><strong>Extensible et confortable :<\/strong> Le tissu du d\u00e9bardeur sans manches \u00e0 une \u00e9paule d\u00e9coup\u00e9e pour femme est respirant, l\u00e9ger et tr\u00e8s doux pour la peau. Il est tr\u00e8s \u00e9lastique, r\u00e9p\u00e9t\u00e9 plusieurs fois, peut \u00eatre lav\u00e9 \u00e0 plusieurs reprises, ne se d\u00e9forme pas et ne bouloche pas. Vous ne pouvez pas avoir \u00e0 porter un autre sous-v\u00eatement, car il est opaque et rembourr\u00e9.<\/li>\n<\/ul>\n<h6><em>D\u00e9bardeur sexy asym\u00e9trique \u00e9paule d\u00e9nud\u00e9e en V pour femme.<\/em><\/h6>\n<ul>\n<li>D\u00e9bardeur sans manches \u00e0 une \u00e9paule d\u00e9coup\u00e9e, donne une sensation plus \u00e9l\u00e9gante, chic et sexy.<\/li>\n<li>Id\u00e9al pour sortir, faire la f\u00eate, les vacances, la vie quotidienne, etc.<\/li>\n<li><span data-slate-fragment=\"JTVCJTdCJTIydHlwZSUyMiUzQSUyMnBhcmFncmFwaCUyMiUyQyUyMmNoaWxkcmVuJTIyJTNBJTVCJTdCJTIydGV4dCUyMiUzQSUyMlRoZSUyMHNsZWV2ZWxlc3MlMjBvbmUtc2hvdWxkZXIlMjBjdXRvdXQlMjB0aG9uZyUyMGJvZHlzdWl0JTIwdGFuayUyMHRvcCUyMHBlcmZlY3RseSUyMG91dGxpbmVzJTIwdGhlJTIwY2hhcm1pbmclMjBjdXJ2ZS4lMjBUaGUlMjB1bmlxdWUlMjBvbmUtc2hvdWxkZXIlMjBkZXNpZ24lMjBpcyUyMGZhc2hpb25hYmxlJTIwYW5kJTIwbW9kZXJuJTJDJTIwc2hvd2luZyUyMHNleGluZXNzJTIwYW5kJTIwY29uZmlkZW5jZS4lMjBXaGV0aGVyJTIweW91JTIwcGFpciUyMGl0JTIwd2l0aCUyMGplYW5zJTJDJTIwc2tpcnRzJTJDJTIwb3IlMjBldmVuaW5nJTIwZHJlc3NlcyUyQyUyMHlvdSUyMGNhbiUyMGluc3RhbnRseSUyMGVuaGFuY2UlMjB5b3VyJTIwbG9vayUyMGFuZCUyMGJlY29tZSUyMHRoZSUyMGNlbnRlciUyMG9mJTIwYXR0ZW50aW9uLiUyMiU3RCU1RCU3RCU1RA==\">Le d\u00e9bardeur body string d\u00e9coup\u00e9 sans manches \u00e0 une \u00e9paule souligne parfaitement la courbe charmante.<\/span><\/li>\n<\/ul>","protected":false},"excerpt":{"rendered":"<ul>\n<li><span data-slate-fragment=\"JTVCJTdCJTIydHlwZSUyMiUzQSUyMnBhcmFncmFwaCUyMiUyQyUyMmNoaWxkcmVuJTIyJTNBJTVCJTdCJTIydGV4dCUyMiUzQSUyMlRoZSUyMHNsZWV2ZWxlc3MlMjBvbmUtc2hvdWxkZXIlMjBjdXRvdXQlMjB0aG9uZyUyMGJvZHlzdWl0JTIwdGFuayUyMHRvcCUyMHBlcmZlY3RseSUyMG91dGxpbmVzJTIwdGhlJTIwY2hhcm1pbmclMjBjdXJ2ZS4lMjBUaGUlMjB1bmlxdWUlMjBvbmUtc2hvdWxkZXIlMjBkZXNpZ24lMjBpcyUyMGZhc2hpb25hYmxlJTIwYW5kJTIwbW9kZXJuJTJDJTIwc2hvd2luZyUyMHNleGluZXNzJTIwYW5kJTIwY29uZmlkZW5jZS4lMjBXaGV0aGVyJTIweW91JTIwcGFpciUyMGl0JTIwd2l0aCUyMGplYW5zJTJDJTIwc2tpcnRzJTJDJTIwb3IlMjBldmVuaW5nJTIwZHJlc3NlcyUyQyUyMHlvdSUyMGNhbiUyMGluc3RhbnRseSUyMGVuaGFuY2UlMjB5b3VyJTIwbG9vayUyMGFuZCUyMGJlY29tZSUyMHRoZSUyMGNlbnRlciUyMG9mJTIwYXR0ZW50aW9uLiUyMiU3RCU1RCU3RCU1RA==\">Le design unique du d\u00e9bardeur string sans manches \u00e0 une \u00e9paule d\u00e9coup\u00e9e est \u00e0 la mode et moderne, montrant sexy et confiance. <\/span><\/li>\n<li><span data-slate-fragment=\"JTVCJTdCJTIydHlwZSUyMiUzQSUyMnBhcmFncmFwaCUyMiUyQyUyMmNoaWxkcmVuJTIyJTNBJTVCJTdCJTIydGV4dCUyMiUzQSUyMlRoZSUyMHNsZWV2ZWxlc3MlMjBvbmUtc2hvdWxkZXIlMjBjdXRvdXQlMjB0aG9uZyUyMGJvZHlzdWl0JTIwdGFuayUyMHRvcCUyMHBlcmZlY3RseSUyMG91dGxpbmVzJTIwdGhlJTIwY2hhcm1pbmclMjBjdXJ2ZS4lMjBUaGUlMjB1bmlxdWUlMjBvbmUtc2hvdWxkZXIlMjBkZXNpZ24lMjBpcyUyMGZhc2hpb25hYmxlJTIwYW5kJTIwbW9kZXJuJTJDJTIwc2hvd2luZyUyMHNleGluZXNzJTIwYW5kJTIwY29uZmlkZW5jZS4lMjBXaGV0aGVyJTIweW91JTIwcGFpciUyMGl0JTIwd2l0aCUyMGplYW5zJTJDJTIwc2tpcnRzJTJDJTIwb3IlMjBldmVuaW5nJTIwZHJlc3NlcyUyQyUyMHlvdSUyMGNhbiUyMGluc3RhbnRseSUyMGVuaGFuY2UlMjB5b3VyJTIwbG9vayUyMGFuZCUyMGJlY29tZSUyMHRoZSUyMGNlbnRlciUyMG9mJTIwYXR0ZW50aW9uLiUyMiU3RCU1RCU3RCU1RA==\">Que vous l&#039;associiez \u00e0 des jeans, des jupes ou des robes de soir\u00e9e, vous pouvez instantan\u00e9ment rehausser votre look et devenir le centre d&#039;attention.<\/span><\/li>\n<\/ul>","protected":false},"featured_media":8165,"comment_status":"open","ping_status":"closed","template":"","meta":{"site-sidebar-layout":"default","site-content-layout":"","ast-site-content-layout":"default","site-content-style":"default","site-sidebar-style":"default","ast-global-header-display":"","ast-banner-title-visibility":"","ast-main-header-display":"","ast-hfb-above-header-display":"","ast-hfb-below-header-display":"","ast-hfb-mobile-header-display":"","site-post-title":"","ast-breadcrumbs-content":"","ast-featured-img":"","footer-sml-layout":"","ast-disable-related-posts":"","theme-transparent-header-meta":"default","adv-header-id-meta":"","stick-header-meta":"default","header-above-stick-meta":"","header-main-stick-meta":"","header-below-stick-meta":"","astra-migrate-meta-layouts":"set","ast-page-background-enabled":"default","ast-page-background-meta":{"desktop":{"background-color":"","background-image":"","background-repeat":"repeat","background-position":"center center","background-size":"auto","background-attachment":"scroll","background-type":"","background-media":"","overlay-type":"","overlay-color":"","overlay-opacity":"","overlay-gradient":""},"tablet":{"background-color":"","background-image":"","background-repeat":"repeat","background-position":"center center","background-size":"auto","background-attachment":"scroll","background-type":"","background-media":"","overlay-type":"","overlay-color":"","overlay-opacity":"","overlay-gradient":""},"mobile":{"background-color":"","background-image":"","background-repeat":"repeat","background-position":"center center","background-size":"auto","background-attachment":"scroll","background-type":"","background-media":"","overlay-type":"","overlay-color":"","overlay-opacity":"","overlay-gradient":""}},"ast-content-background-meta":{"desktop":{"background-color":"var(--ast-global-color-5)","background-image":"","background-repeat":"repeat","background-position":"center center","background-size":"auto","background-attachment":"scroll","background-type":"","background-media":"","overlay-type":"","overlay-color":"","overlay-opacity":"","overlay-gradient":""},"tablet":{"background-color":"var(--ast-global-color-5)","background-image":"","background-repeat":"repeat","background-position":"center center","background-size":"auto","background-attachment":"scroll","background-type":"","background-media":"","overlay-type":"","overlay-color":"","overlay-opacity":"","overlay-gradient":""},"mobile":{"background-color":"var(--ast-global-color-5)","background-image":"","background-repeat":"repeat","background-position":"center center","background-size":"auto","background-attachment":"scroll","background-type":"","background-media":"","overlay-type":"","overlay-color":"","overlay-opacity":"","overlay-gradient":""}}},"product_brand":[],"product_cat":[77,65,76,82,81],"product_tag":[421,621,145,213],"class_list":{"0":"post-8176","1":"product","2":"type-product","3":"status-publish","4":"has-post-thumbnail","6":"product_cat-wholesale-womens-shapewear","7":"product_cat-best-sellers","8":"product_cat-new-arrivels","9":"product_cat-wholesale-shapewear-bodysuit","10":"product_cat-wholesale-slimming-tank-top","11":"product_tag-fashions","12":"product_tag-one-shoulder","13":"product_tag-sexy","14":"product_tag-sleeveless","15":"pa_color-beige","16":"pa_color-black","17":"pa_color-blue","18":"pa_color-brown","19":"pa_color-dark-brown","20":"pa_size-l","21":"pa_size-m","22":"pa_size-s","23":"pa_size-xl","24":"pa_size-xxl","25":"desktop-align-center","26":"tablet-align-left","27":"mobile-align-left","28":"ast-product-gallery-layout-horizontal-slider","29":"ast-product-single-variable","30":"ast-product-tabs-layout-horizontal","31":"ast-qv-on-image","33":"first","34":"instock","35":"shipping-taxable","36":"purchasable","37":"product-type-variable"},"tiered_pricing_type":"fixed","tiered_pricing_fixed_rules":{"2":7.4,"50":6.6,"100":5.8},"tiered_pricing_product_settings":{"layout":"default","base_unit_name":{"singular":null,"plural":null},"default_variation":null},"tiered_pricing_minimum_quantity":null,"tiered_pricing_roles_data":[],"tiered_pricing_percentage_rules":[],"_links":{"self":[{"href":"https:\/\/yume-silm.com\/fr\/wp-json\/wp\/v2\/product\/8176","targetHints":{"allow":["GET"]}}],"collection":[{"href":"https:\/\/yume-silm.com\/fr\/wp-json\/wp\/v2\/product"}],"about":[{"href":"https:\/\/yume-silm.com\/fr\/wp-json\/wp\/v2\/types\/product"}],"replies":[{"embeddable":true,"href":"https:\/\/yume-silm.com\/fr\/wp-json\/wp\/v2\/comments?post=8176"}],"wp:featuredmedia":[{"embeddable":true,"href":"https:\/\/yume-silm.com\/fr\/wp-json\/wp\/v2\/media\/8165"}],"wp:attachment":[{"href":"https:\/\/yume-silm.com\/fr\/wp-json\/wp\/v2\/media?parent=8176"}],"wp:term":[{"taxonomy":"product_brand","embeddable":true,"href":"https:\/\/yume-silm.com\/fr\/wp-json\/wp\/v2\/product_brand?post=8176"},{"taxonomy":"product_cat","embeddable":true,"href":"https:\/\/yume-silm.com\/fr\/wp-json\/wp\/v2\/product_cat?post=8176"},{"taxonomy":"product_tag","embeddable":true,"href":"https:\/\/yume-silm.com\/fr\/wp-json\/wp\/v2\/product_tag?post=8176"}],"curies":[{"name":"wp","href":"https:\/\/api.w.org\/{rel}","templated":true}]}}