{"id":8278,"date":"2024-05-30T03:47:18","date_gmt":"2024-05-30T03:47:18","guid":{"rendered":"https:\/\/yume-silm.com\/?post_type=product&#038;p=8278"},"modified":"2024-05-30T03:47:19","modified_gmt":"2024-05-30T03:47:19","slug":"chaussettes-de-sudation-de-sauna-en-neoprene-noires","status":"publish","type":"product","link":"https:\/\/yume-silm.com\/fr\/produit\/chaussettes-de-sudation-de-sauna-en-neoprene-noires\/","title":{"rendered":"Chaussettes de sudation de sauna en n\u00e9opr\u00e8ne noires"},"content":{"rendered":"<p><span data-slate-fragment=\"JTVCJTdCJTIydHlwZSUyMiUzQSUyMnBhcmFncmFwaCUyMiUyQyUyMmNoaWxkcmVuJTIyJTNBJTVCJTdCJTIydGV4dCUyMiUzQSUyMkRlc2lnbiUyMEZlYXR1cmVzJTIyJTJDJTIyc2VudGVuY2UlMjIlM0E0JTJDJTIyY2hpbGRTZW50ZW5jZSUyMiUzQTElN0QlNUQlN0QlNUQ=\">Caract\u00e9ristiques de conception<\/span><\/p>\n<ul>\n<li data-slate-node=\"element\"><span data-slate-node=\"text\"><span class=\"41\" data-slate-leaf=\"true\">Style minimaliste classique : nos chaussettes de sudation pour sauna sont \u00e9l\u00e9mentaires, tout comme porter des chaussettes inhabituelles, pratiques et rapides ; avec la palette de couleurs noire classique. Cela nous rend plus d\u00e9tendus pendant les loisirs au sauna.<\/span><\/span><\/li>\n<li data-slate-node=\"element\"><span data-slate-node=\"text\"><span class=\"41\" data-slate-leaf=\"true\">EFFET SAUNA : Les chaussettes de sauna de relaxation sont fabriqu\u00e9es en n\u00e9opr\u00e8ne de haute qualit\u00e9, qui peut rapidement transpirer et obtenir le meilleur effet sauna. Vous pouvez profiter d&#039;un bon moment de sauna et \u00e9galement maximiser l&#039;embellissement et l&#039;hydratation de vos pieds.<\/span><\/span><\/li>\n<li data-slate-node=\"element\"><span data-slate-node=\"text\"><span class=\"41\" data-slate-leaf=\"true\">PERSONNALISATION CR\u00c9ATIVE : Notre style de sauna vous aide \u00e0 ouvrir de nouvelles opportunit\u00e9s commerciales. Les chaussettes de sudation de sauna en n\u00e9opr\u00e8ne noir sont classiques, faciles et confortables \u00e0 utiliser. Nous proposons toutes les options de personnalisation pour vous l&#039;approprier\u00a0!<\/span><\/span><\/li>\n<li data-slate-node=\"element\"><span data-slate-node=\"text\"><span class=\"41\" data-slate-leaf=\"true\">MEILLEUR CADEAU: Choisissez ces nouvelles chaussettes de sudation de sauna en n\u00e9opr\u00e8ne noir pour profiter du meilleur moment de sauna de loisirs avec vos amis et votre famille! Laissez votre peau \u00eatre plus belle en faisant du shopping, mais maximisez \u00e9galement le merveilleux moment de d\u00e9tente.<\/span><\/span><\/li>\n<\/ul>\n<div data-slate-node=\"element\">\n<h6 data-slate-node=\"element\" data-slate-fragment=\"JTVCJTdCJTIydHlwZSUyMiUzQSUyMnBhcmFncmFwaCUyMiUyQyUyMmNoaWxkcmVuJTIyJTNBJTVCJTdCJTIydGV4dCUyMiUzQSUyMk1vaXN0dXJpemluZyUyMHNvY2tzJTIwZm9yJTIwZHJ5JTIwYW5kJTIwY3JhY2tlZCUyMGZlZXQlMjBzYXVuYSUyMHN3ZWF0JTIwc29ja3MlMjIlMkMlMjJzZW50ZW5jZSUyMiUzQTIlMkMlMjJjaGlsZFNlbnRlbmNlJTIyJTNBMSU3RCU1RCU3RCUyQyU3QiUyMnR5cGUlMjIlM0ElMjJwYXJhZ3JhcGglMjIlMkMlMjJjaGlsZHJlbiUyMiUzQSU1QiU3QiUyMnRleHQlMjIlM0ElMjIlMjIlMkMlMjJzZW50ZW5jZSUyMiUzQTMlMkMlMjJjaGlsZFNlbnRlbmNlJTIyJTNBMSU3RCU1RCU3RCU1RA==\"><em><span class=\"21\" data-slate-leaf=\"true\">Chaussettes hydratantes pour pieds secs et craquel\u00e9s, chaussettes de sauna<\/span><\/em><\/h6>\n<div data-slate-node=\"element\"><img fetchpriority=\"high\" decoding=\"async\" class=\"alignnone size-medium wp-image-8279\" src=\"https:\/\/yume-silm.com\/wp-content\/uploads\/2024\/05\/black-neoprene-sauna-sweat-socks-05-300x300.jpg\" alt=\"chaussettes de sudation de sauna en n\u00e9opr\u00e8ne noires\" width=\"300\" height=\"300\" title=\"\" srcset=\"https:\/\/yume-silm.com\/wp-content\/uploads\/2024\/05\/black-neoprene-sauna-sweat-socks-05-300x300.jpg 300w, https:\/\/yume-silm.com\/wp-content\/uploads\/2024\/05\/black-neoprene-sauna-sweat-socks-05-150x150.jpg 150w, https:\/\/yume-silm.com\/wp-content\/uploads\/2024\/05\/black-neoprene-sauna-sweat-socks-05-12x12.jpg 12w, https:\/\/yume-silm.com\/wp-content\/uploads\/2024\/05\/black-neoprene-sauna-sweat-socks-05-100x100.jpg 100w, https:\/\/yume-silm.com\/wp-content\/uploads\/2024\/05\/black-neoprene-sauna-sweat-socks-05.jpg 600w\" sizes=\"(max-width: 300px) 100vw, 300px\" \/><img decoding=\"async\" class=\"alignnone size-medium wp-image-8280\" src=\"https:\/\/yume-silm.com\/wp-content\/uploads\/2024\/05\/black-neoprene-sauna-sweat-socks-02-300x300.jpg\" alt=\"chaussettes de sudation de sauna en n\u00e9opr\u00e8ne noires\" width=\"300\" height=\"300\" title=\"\" srcset=\"https:\/\/yume-silm.com\/wp-content\/uploads\/2024\/05\/black-neoprene-sauna-sweat-socks-02-300x300.jpg 300w, https:\/\/yume-silm.com\/wp-content\/uploads\/2024\/05\/black-neoprene-sauna-sweat-socks-02-150x150.jpg 150w, https:\/\/yume-silm.com\/wp-content\/uploads\/2024\/05\/black-neoprene-sauna-sweat-socks-02-768x768.jpg 768w, https:\/\/yume-silm.com\/wp-content\/uploads\/2024\/05\/black-neoprene-sauna-sweat-socks-02-12x12.jpg 12w, https:\/\/yume-silm.com\/wp-content\/uploads\/2024\/05\/black-neoprene-sauna-sweat-socks-02-100x100.jpg 100w, https:\/\/yume-silm.com\/wp-content\/uploads\/2024\/05\/black-neoprene-sauna-sweat-socks-02.jpg 800w\" sizes=\"(max-width: 300px) 100vw, 300px\" \/><\/div>\n<\/div>","protected":false},"excerpt":{"rendered":"<p><span data-slate-node=\"text\"><span class=\"41\" data-slate-leaf=\"true\">Les chaussettes de sudation de sauna en n\u00e9opr\u00e8ne noir, acceptant toute personnalisation cr\u00e9ative de votre choix, vous aident \u00e0 d\u00e9couvrir et \u00e0 r\u00e9aliser ensemble de nouvelles opportunit\u00e9s commerciales\u00a0!<\/span><\/span><\/p>","protected":false},"featured_media":8281,"comment_status":"open","ping_status":"closed","template":"","meta":{"site-sidebar-layout":"default","site-content-layout":"","ast-site-content-layout":"default","site-content-style":"default","site-sidebar-style":"default","ast-global-header-display":"","ast-banner-title-visibility":"","ast-main-header-display":"","ast-hfb-above-header-display":"","ast-hfb-below-header-display":"","ast-hfb-mobile-header-display":"","site-post-title":"","ast-breadcrumbs-content":"","ast-featured-img":"","footer-sml-layout":"","ast-disable-related-posts":"","theme-transparent-header-meta":"default","adv-header-id-meta":"","stick-header-meta":"default","header-above-stick-meta":"","header-main-stick-meta":"","header-below-stick-meta":"","astra-migrate-meta-layouts":"set","ast-page-background-enabled":"default","ast-page-background-meta":{"desktop":{"background-color":"","background-image":"","background-repeat":"repeat","background-position":"center center","background-size":"auto","background-attachment":"scroll","background-type":"","background-media":"","overlay-type":"","overlay-color":"","overlay-opacity":"","overlay-gradient":""},"tablet":{"background-color":"","background-image":"","background-repeat":"repeat","background-position":"center center","background-size":"auto","background-attachment":"scroll","background-type":"","background-media":"","overlay-type":"","overlay-color":"","overlay-opacity":"","overlay-gradient":""},"mobile":{"background-color":"","background-image":"","background-repeat":"repeat","background-position":"center center","background-size":"auto","background-attachment":"scroll","background-type":"","background-media":"","overlay-type":"","overlay-color":"","overlay-opacity":"","overlay-gradient":""}},"ast-content-background-meta":{"desktop":{"background-color":"var(--ast-global-color-5)","background-image":"","background-repeat":"repeat","background-position":"center center","background-size":"auto","background-attachment":"scroll","background-type":"","background-media":"","overlay-type":"","overlay-color":"","overlay-opacity":"","overlay-gradient":""},"tablet":{"background-color":"var(--ast-global-color-5)","background-image":"","background-repeat":"repeat","background-position":"center center","background-size":"auto","background-attachment":"scroll","background-type":"","background-media":"","overlay-type":"","overlay-color":"","overlay-opacity":"","overlay-gradient":""},"mobile":{"background-color":"var(--ast-global-color-5)","background-image":"","background-repeat":"repeat","background-position":"center center","background-size":"auto","background-attachment":"scroll","background-type":"","background-media":"","overlay-type":"","overlay-color":"","overlay-opacity":"","overlay-gradient":""}}},"product_brand":[],"product_cat":[65,76,97,626],"product_tag":[628,631,629,627,630],"class_list":{"0":"post-8278","1":"product","2":"type-product","3":"status-publish","4":"has-post-thumbnail","6":"product_cat-best-sellers","7":"product_cat-new-arrivels","8":"product_cat-sauna-suit","9":"product_cat-sauna-accessories","10":"product_tag-relaxation-sauna-socks","11":"product_tag-relaxation-socks","12":"product_tag-sauna-ladle-socks","13":"product_tag-sauna-lover-socks","14":"product_tag-wellness-socks","15":"pa_color-black","16":"pa_size-free","17":"desktop-align-center","18":"tablet-align-left","19":"mobile-align-left","20":"ast-product-gallery-layout-horizontal-slider","21":"ast-product-tabs-layout-horizontal","22":"ast-qv-on-image","24":"first","25":"instock","26":"shipping-taxable","27":"purchasable","28":"product-type-simple"},"tiered_pricing_type":"fixed","tiered_pricing_fixed_rules":{"20":3,"50":2.5,"100":2},"tiered_pricing_product_settings":{"layout":"default","base_unit_name":{"singular":null,"plural":null},"default_variation":null},"tiered_pricing_minimum_quantity":null,"tiered_pricing_roles_data":[],"tiered_pricing_percentage_rules":[],"_links":{"self":[{"href":"https:\/\/yume-silm.com\/fr\/wp-json\/wp\/v2\/product\/8278","targetHints":{"allow":["GET"]}}],"collection":[{"href":"https:\/\/yume-silm.com\/fr\/wp-json\/wp\/v2\/product"}],"about":[{"href":"https:\/\/yume-silm.com\/fr\/wp-json\/wp\/v2\/types\/product"}],"replies":[{"embeddable":true,"href":"https:\/\/yume-silm.com\/fr\/wp-json\/wp\/v2\/comments?post=8278"}],"wp:featuredmedia":[{"embeddable":true,"href":"https:\/\/yume-silm.com\/fr\/wp-json\/wp\/v2\/media\/8281"}],"wp:attachment":[{"href":"https:\/\/yume-silm.com\/fr\/wp-json\/wp\/v2\/media?parent=8278"}],"wp:term":[{"taxonomy":"product_brand","embeddable":true,"href":"https:\/\/yume-silm.com\/fr\/wp-json\/wp\/v2\/product_brand?post=8278"},{"taxonomy":"product_cat","embeddable":true,"href":"https:\/\/yume-silm.com\/fr\/wp-json\/wp\/v2\/product_cat?post=8278"},{"taxonomy":"product_tag","embeddable":true,"href":"https:\/\/yume-silm.com\/fr\/wp-json\/wp\/v2\/product_tag?post=8278"}],"curies":[{"name":"wp","href":"https:\/\/api.w.org\/{rel}","templated":true}]}}