{"id":8287,"date":"2024-05-30T06:44:43","date_gmt":"2024-05-30T06:44:43","guid":{"rendered":"https:\/\/yume-silm.com\/?post_type=product&#038;p=8287"},"modified":"2024-06-14T05:29:40","modified_gmt":"2024-06-14T05:29:40","slug":"chemises-de-sauna-a-manches-courtes-pour-hommes-et-femmes","status":"publish","type":"product","link":"https:\/\/yume-silm.com\/fr\/produit\/chemises-de-sauna-a-manches-courtes-pour-hommes-et-femmes\/","title":{"rendered":"Sauna Chemises \u00e0 manches courtes Sweat Suit pour hommes et femmes"},"content":{"rendered":"<h5><span data-slate-fragment=\"JTVCJTdCJTIydHlwZSUyMiUzQSUyMnBhcmFncmFwaCUyMiUyQyUyMmNoaWxkcmVuJTIyJTNBJTVCJTdCJTIydGV4dCUyMiUzQSUyMkRlc2lnbiUyMEZlYXR1cmVzJTIyJTJDJTIyc2VudGVuY2UlMjIlM0EyJTJDJTIyY2hpbGRTZW50ZW5jZSUyMiUzQTElN0QlNUQlN0QlNUQ=\">Caract\u00e9ristiques de conception<\/span><\/h5>\n<ul>\n<li><strong>SIMPLE ET CLASSIQUE\u00a0:<\/strong> Nos chemises de sauna \u00e0 manches courtes pour hommes et femmes sont un classique \u00e0 succ\u00e8s. La doublure noire et argent\u00e9e est une combinaison de couleurs classique qui ne se d\u00e9modera jamais. Le col rond et les manches courtes sont bien coup\u00e9s et conviennent parfaitement aux sports de loisirs en plein air.<\/li>\n<li><strong>EFFET SAUNA\u00a0:<\/strong> Le gilet de sudation de sauna \u00e0 manches courtes pour la maison, le bureau, la salle de sport, l&#039;exercice, la doublure en n\u00e9opr\u00e8ne favorise rapidement la production de sueur et acc\u00e9l\u00e8re la combustion des graisses. Il augmente la transpiration plus de 5 fois plus que les autres v\u00eatements de sport, acc\u00e9l\u00e9rant le m\u00e9tabolisme et permettant une perte de poids saine.<\/li>\n<li><strong>MAT\u00c9RIEL DE HAUTE QUALIT\u00c9\u00a0:<\/strong> L&#039;ext\u00e9rieur de la combinaison de sudation pour perte de poids est en polyester et la doublure en n\u00e9opr\u00e8ne est ajust\u00e9e et confortable\u00a0; avec une \u00e9lasticit\u00e9 \u00e9lev\u00e9e, il ne se d\u00e9chirera pas et ne se cassera pas facilement, et ne se froissera pas non plus. Rendez votre exercice plus agr\u00e9able.<\/li>\n<li><strong>MULTIPLES OCCASIONS APPLICABLES\u00a0:<\/strong> Notre combinaison de sauna \u00e0 manches courtes pour hommes et femmes convient \u00e0 toutes sortes d&#039;activit\u00e9s sportives, telles que la course, la boxe, le yoga, le cyclisme, le fitness, la gym, la musculation, le jeu de balle, les entra\u00eenements en int\u00e9rieur ou en ext\u00e9rieur, etc. Une augmentation appropri\u00e9e de la transpiration contribue \u00e9galement \u00e0 d\u00e9toxifier et \u00e0 nettoyer les pores.<\/li>\n<\/ul>\n<h6><em>Combinaison de sudation Sauna, t-shirt de compression \u00e0 manches courtes, perte de poids, chemises modelantes pour l&#039;entra\u00eenement sportif<\/em><\/h6>\n<p><img fetchpriority=\"high\" decoding=\"async\" class=\"alignnone size-medium wp-image-8288\" src=\"https:\/\/yume-silm.com\/wp-content\/uploads\/2024\/05\/sauna-short-sleeve-shirts-for-men-and-women-black-and-silver-03-300x300.jpg\" alt=\"chemises de sauna \u00e0 manches courtes pour hommes et femmes\" width=\"300\" height=\"300\" title=\"\" srcset=\"https:\/\/yume-silm.com\/wp-content\/uploads\/2024\/05\/sauna-short-sleeve-shirts-for-men-and-women-black-and-silver-03-300x300.jpg 300w, https:\/\/yume-silm.com\/wp-content\/uploads\/2024\/05\/sauna-short-sleeve-shirts-for-men-and-women-black-and-silver-03-150x150.jpg 150w, https:\/\/yume-silm.com\/wp-content\/uploads\/2024\/05\/sauna-short-sleeve-shirts-for-men-and-women-black-and-silver-03-12x12.jpg 12w, https:\/\/yume-silm.com\/wp-content\/uploads\/2024\/05\/sauna-short-sleeve-shirts-for-men-and-women-black-and-silver-03-100x100.jpg 100w, https:\/\/yume-silm.com\/wp-content\/uploads\/2024\/05\/sauna-short-sleeve-shirts-for-men-and-women-black-and-silver-03.jpg 600w\" sizes=\"(max-width: 300px) 100vw, 300px\" \/><img decoding=\"async\" class=\"alignnone size-medium wp-image-8289\" src=\"https:\/\/yume-silm.com\/wp-content\/uploads\/2024\/05\/sauna-short-sleeve-shirts-for-men-and-women-black-and-silver-02-300x300.jpg\" alt=\"chemises de sauna \u00e0 manches courtes pour hommes et femmes\" width=\"300\" height=\"300\" title=\"\" srcset=\"https:\/\/yume-silm.com\/wp-content\/uploads\/2024\/05\/sauna-short-sleeve-shirts-for-men-and-women-black-and-silver-02-300x300.jpg 300w, https:\/\/yume-silm.com\/wp-content\/uploads\/2024\/05\/sauna-short-sleeve-shirts-for-men-and-women-black-and-silver-02-150x150.jpg 150w, https:\/\/yume-silm.com\/wp-content\/uploads\/2024\/05\/sauna-short-sleeve-shirts-for-men-and-women-black-and-silver-02-12x12.jpg 12w, https:\/\/yume-silm.com\/wp-content\/uploads\/2024\/05\/sauna-short-sleeve-shirts-for-men-and-women-black-and-silver-02-100x100.jpg 100w, https:\/\/yume-silm.com\/wp-content\/uploads\/2024\/05\/sauna-short-sleeve-shirts-for-men-and-women-black-and-silver-02.jpg 600w\" sizes=\"(max-width: 300px) 100vw, 300px\" \/><\/p>","protected":false},"excerpt":{"rendered":"<ul>\n<li>Mod\u00e8le classique le plus vendu \u2013 chemises de sauna \u00e0 manches courtes pour hommes et femmes.<\/li>\n<li>Conception \u00e0 col rond, facile \u00e0 mettre et \u00e0 enlever ; Rev\u00eatement argent\u00e9, coupe-vent, r\u00e9sistant au froid et imperm\u00e9able\u00a0; Tissu extensible et conception \u00e0 manches courtes, plus de sueur que les v\u00eatements de sport ordinaires 5 fois, parfait pour les sports de transpiration d\u00e9contract\u00e9s en int\u00e9rieur et en ext\u00e9rieur.<\/li>\n<\/ul>","protected":false},"featured_media":8290,"comment_status":"open","ping_status":"closed","template":"","meta":{"site-sidebar-layout":"default","site-content-layout":"","ast-site-content-layout":"default","site-content-style":"default","site-sidebar-style":"default","ast-global-header-display":"","ast-banner-title-visibility":"","ast-main-header-display":"","ast-hfb-above-header-display":"","ast-hfb-below-header-display":"","ast-hfb-mobile-header-display":"","site-post-title":"","ast-breadcrumbs-content":"","ast-featured-img":"","footer-sml-layout":"","ast-disable-related-posts":"","theme-transparent-header-meta":"default","adv-header-id-meta":"","stick-header-meta":"default","header-above-stick-meta":"","header-main-stick-meta":"","header-below-stick-meta":"","astra-migrate-meta-layouts":"set","ast-page-background-enabled":"default","ast-page-background-meta":{"desktop":{"background-color":"","background-image":"","background-repeat":"repeat","background-position":"center center","background-size":"auto","background-attachment":"scroll","background-type":"","background-media":"","overlay-type":"","overlay-color":"","overlay-opacity":"","overlay-gradient":""},"tablet":{"background-color":"","background-image":"","background-repeat":"repeat","background-position":"center center","background-size":"auto","background-attachment":"scroll","background-type":"","background-media":"","overlay-type":"","overlay-color":"","overlay-opacity":"","overlay-gradient":""},"mobile":{"background-color":"","background-image":"","background-repeat":"repeat","background-position":"center center","background-size":"auto","background-attachment":"scroll","background-type":"","background-media":"","overlay-type":"","overlay-color":"","overlay-opacity":"","overlay-gradient":""}},"ast-content-background-meta":{"desktop":{"background-color":"var(--ast-global-color-5)","background-image":"","background-repeat":"repeat","background-position":"center center","background-size":"auto","background-attachment":"scroll","background-type":"","background-media":"","overlay-type":"","overlay-color":"","overlay-opacity":"","overlay-gradient":""},"tablet":{"background-color":"var(--ast-global-color-5)","background-image":"","background-repeat":"repeat","background-position":"center center","background-size":"auto","background-attachment":"scroll","background-type":"","background-media":"","overlay-type":"","overlay-color":"","overlay-opacity":"","overlay-gradient":""},"mobile":{"background-color":"var(--ast-global-color-5)","background-image":"","background-repeat":"repeat","background-position":"center center","background-size":"auto","background-attachment":"scroll","background-type":"","background-media":"","overlay-type":"","overlay-color":"","overlay-opacity":"","overlay-gradient":""}}},"product_brand":[],"product_cat":[65,76,97,102,99,100],"product_tag":[625,632,167,548,566],"class_list":{"0":"post-8287","1":"product","2":"type-product","3":"status-publish","4":"has-post-thumbnail","6":"product_cat-best-sellers","7":"product_cat-new-arrivels","8":"product_cat-sauna-suit","9":"product_cat-full-body-sweat-suit","10":"product_cat-sauna-pants","11":"product_cat-sauna-tops","12":"product_tag-neoprene","13":"product_tag-sauna-lover","14":"product_tag-sauna-suit","15":"product_tag-sauna-sweat","16":"product_tag-short-sleeves","17":"pa_color-sliver","18":"pa_size-4xl-5xl","19":"pa_size-l-xl","20":"pa_size-s-m","21":"pa_size-xxl-xxxl","22":"desktop-align-center","23":"tablet-align-left","24":"mobile-align-left","25":"ast-product-gallery-layout-horizontal-slider","26":"ast-product-single-variable","27":"ast-product-tabs-layout-horizontal","28":"ast-qv-on-image","30":"first","31":"instock","32":"shipping-taxable","33":"purchasable","34":"product-type-variable"},"tiered_pricing_type":"fixed","tiered_pricing_fixed_rules":{"2":9.3,"50":8.3,"100":7.25},"tiered_pricing_product_settings":{"layout":"default","base_unit_name":{"singular":null,"plural":null},"default_variation":null},"tiered_pricing_minimum_quantity":null,"tiered_pricing_roles_data":[],"tiered_pricing_percentage_rules":[],"_links":{"self":[{"href":"https:\/\/yume-silm.com\/fr\/wp-json\/wp\/v2\/product\/8287","targetHints":{"allow":["GET"]}}],"collection":[{"href":"https:\/\/yume-silm.com\/fr\/wp-json\/wp\/v2\/product"}],"about":[{"href":"https:\/\/yume-silm.com\/fr\/wp-json\/wp\/v2\/types\/product"}],"replies":[{"embeddable":true,"href":"https:\/\/yume-silm.com\/fr\/wp-json\/wp\/v2\/comments?post=8287"}],"wp:featuredmedia":[{"embeddable":true,"href":"https:\/\/yume-silm.com\/fr\/wp-json\/wp\/v2\/media\/8290"}],"wp:attachment":[{"href":"https:\/\/yume-silm.com\/fr\/wp-json\/wp\/v2\/media?parent=8287"}],"wp:term":[{"taxonomy":"product_brand","embeddable":true,"href":"https:\/\/yume-silm.com\/fr\/wp-json\/wp\/v2\/product_brand?post=8287"},{"taxonomy":"product_cat","embeddable":true,"href":"https:\/\/yume-silm.com\/fr\/wp-json\/wp\/v2\/product_cat?post=8287"},{"taxonomy":"product_tag","embeddable":true,"href":"https:\/\/yume-silm.com\/fr\/wp-json\/wp\/v2\/product_tag?post=8287"}],"curies":[{"name":"wp","href":"https:\/\/api.w.org\/{rel}","templated":true}]}}