{"id":8334,"date":"2024-06-06T07:42:00","date_gmt":"2024-06-06T07:42:00","guid":{"rendered":"https:\/\/yume-silm.com\/?post_type=product&#038;p=8334"},"modified":"2025-04-09T00:46:44","modified_gmt":"2025-04-09T00:46:44","slug":"veste-de-sauna-a-manches-longues-haut-pantalon-de-sauna","status":"publish","type":"product","link":"https:\/\/yume-silm.com\/fr\/produit\/veste-de-sauna-a-manches-longues-haut-pantalon-de-sauna\/","title":{"rendered":"Veste de sauna \u00e0 manches longues, haut, pantalon de sauna"},"content":{"rendered":"<h5>Caract\u00e9ristiques de conception<\/h5>\n<ul>\n<li data-slate-node=\"element\"><span data-slate-node=\"text\"><span class=\"41\" data-slate-leaf=\"true\"><strong>COUPLES CLASSIQUES\u00a0:<\/strong> La combinaison de sauna pour perdre du poids a un design simple, classique et sportif avec des lignes noires et blanches partout. Veste de sauna \u00e0 manches longues, haut, pantalon de sauna avec fermeture \u00e9clair pour hommes et femmes<\/span><\/span><span data-slate-node=\"text\"><span class=\"42\" data-slate-leaf=\"true\">\u00a0mode, conception \u00e0 fermeture \u00e9clair, tr\u00e8s facile \u00e0 porter, convient aux hommes et aux femmes, peut \u00e9galement \u00eatre utilis\u00e9e comme robe de couple.<\/span><\/span><\/li>\n<li data-slate-node=\"element\"><span data-slate-node=\"text\"><span class=\"61\" data-slate-leaf=\"true\"><strong>EFFET SAUNA SUEUR\u00a0:<\/strong> assister \u00e0 un mariage ? <\/span><\/span><span data-slate-node=\"text\"><span class=\"62\" data-slate-leaf=\"true\">Match de boxe? <\/span><\/span><span data-slate-node=\"text\"><span class=\"63\" data-slate-leaf=\"true\">Un maillot de bain d&#039;\u00e9t\u00e9 ? <\/span><\/span><span data-slate-node=\"text\"><span class=\"64\" data-slate-leaf=\"true\">La veste de sudation de sauna \u00e0 manches longues vous offre un effet de transpiration de sauna in\u00e9gal\u00e9. <\/span><\/span><span data-slate-node=\"text\"><span class=\"65\" data-slate-leaf=\"true\">La veste de sauna pour hommes et femmes est fabriqu\u00e9e dans un tissu de haute qualit\u00e9, qui vous fait transpirer rapidement, acc\u00e9l\u00e8re la combustion des calories et favorise le m\u00e9tabolisme.<\/span><\/span><\/li>\n<li data-slate-node=\"element\"><span data-slate-node=\"text\"><span class=\"81\" data-slate-leaf=\"true\"><strong>EXCELLENT PARE-BRISE ET IMPERM\u00c9ABLE\u00a0:<\/strong> Les poignets fins de la veste de sauna pour perdre du poids permettent de retenir plus facilement la chaleur et l&#039;exp\u00e9rience de transpiration est plus prononc\u00e9e. <\/span><\/span><span data-slate-node=\"text\"><span class=\"82\" data-slate-leaf=\"true\">Il a un bon effet coupe-vent et imperm\u00e9able pour r\u00e9chauffer votre corps.<\/span><\/span><\/li>\n<li data-slate-node=\"element\"><span data-slate-node=\"text\"><span class=\"101\" data-slate-leaf=\"true\"><strong>FITNESS ET PERTE DE POIDS\u00a0:<\/strong> La veste de sauna de boxe vous permet de br\u00fbler des calories \u00e0 tout moment et n&#039;importe o\u00f9, et de profiter du plaisir de r\u00e9duire le stress de l&#039;exercice et de la transpiration. <\/span><\/span><span data-slate-node=\"text\"><span class=\"102\" data-slate-leaf=\"true\">Cet entra\u00eenement de sauna \u00e0 manches longues est parfait pour la course, le v\u00e9lo, le yoga chaud, l&#039;halt\u00e9rophilie ou la boxe en salle de sport ou \u00e0 l&#039;ext\u00e9rieur.<\/span><\/span><\/li>\n<li data-slate-node=\"element\" data-slate-fragment=\"JTVCJTdCJTIydHlwZSUyMiUzQSUyMnBhcmFncmFwaCUyMiUyQyUyMmNoaWxkcmVuJTIyJTNBJTVCJTdCJTIydGV4dCUyMiUzQSUyMkNMQVNTSUMlMjBDT1VQTEVTJTNBJTIwVGhlJTIwc2F1bmElMjBzdWl0JTIwZm9yJTIwd2VpZ2h0LWN1dHRpbmclMjBoYXMlMjBhJTIwc2ltcGxlJTJDJTIwY2xhc3NpYyUyQyUyMGFuZCUyMHNwb3J0eSUyMGRlc2lnbiUyMHdpdGglMjBibGFjayUyMGFuZCUyMHdoaXRlJTIwbGluZXMlMjB0aHJvdWdob3V0LiUyMCUyMiUyQyUyMnNlbnRlbmNlJTIyJTNBNCUyQyUyMmNoaWxkU2VudGVuY2UlMjIlM0ExJTdEJTJDJTdCJTIydGV4dCUyMiUzQSUyMlNhdW5hJTIwc3VpdCUyMGZhc2hpb24lMkMlMjB6aXBwZXIlMjBkZXNpZ24lMkMlMjB2ZXJ5JTIwZWFzeSUyMHRvJTIwd2VhciUyQyUyMHN1aXRhYmxlJTIwZm9yJTIwbWVuJTIwYW5kJTIwd29tZW4lMkMlMjBjYW4lMjBhbHNvJTIwYmUlMjB1c2VkJTIwYXMlMjBhJTIwY291cGxlJTIwZHJlc3MuJTIyJTJDJTIyc2VudGVuY2UlMjIlM0E0JTJDJTIyY2hpbGRTZW50ZW5jZSUyMiUzQTIlN0QlNUQlN0QlMkMlN0IlMjJ0eXBlJTIyJTNBJTIycGFyYWdyYXBoJTIyJTJDJTIyY2hpbGRyZW4lMjIlM0ElNUIlN0IlMjJ0ZXh0JTIyJTNBJTIyJTIyJTJDJTIyc2VudGVuY2UlMjIlM0E1JTJDJTIyY2hpbGRTZW50ZW5jZSUyMiUzQTElN0QlNUQlN0QlMkMlN0IlMjJ0eXBlJTIyJTNBJTIycGFyYWdyYXBoJTIyJTJDJTIyY2hpbGRyZW4lMjIlM0ElNUIlN0IlMjJ0ZXh0JTIyJTNBJTIyU3dlYXQlMjBzYXVuYSUyMGVmZmVjdCUzQSUyMGF0dGVuZGluZyUyMGElMjB3ZWRkaW5nJTNGJTIwJTIyJTJDJTIyc2VudGVuY2UlMjIlM0E2JTJDJTIyY2hpbGRTZW50ZW5jZSUyMiUzQTElN0QlMkMlN0IlMjJ0ZXh0JTIyJTNBJTIyQm94aW5nJTIwbWF0Y2glM0YlMjAlMjIlMkMlMjJzZW50ZW5jZSUyMiUzQTYlMkMlMjJjaGlsZFNlbnRlbmNlJTIyJTNBMiU3RCUyQyU3QiUyMnRleHQlMjIlM0ElMjJTdW1tZXIlMjBzd2ltc3VpdCUzRiUyMCUyMiUyQyUyMnNlbnRlbmNlJTIyJTNBNiUyQyUyMmNoaWxkU2VudGVuY2UlMjIlM0EzJTdEJTJDJTdCJTIydGV4dCUyMiUzQSUyMlRoZSUyMGxvbmctc2xlZXZlZCUyMHNhdW5hJTIwc3dlYXQlMjBqYWNrZXQlMjBnaXZlcyUyMHlvdSUyMGFuJTIwdW5yaXZhbGVkJTIwc2F1bmElMjBzd2VhdCUyMGVmZmVjdC4lMjAlMjIlMkMlMjJzZW50ZW5jZSUyMiUzQTYlMkMlMjJjaGlsZFNlbnRlbmNlJTIyJTNBNCU3RCUyQyU3QiUyMnRleHQlMjIlM0ElMjJUaGUlMjBzYXVuYSUyMGphY2tldCUyMGZvciUyMG1lbiUyMGFuZCUyMHdvbWVuJTIwaXMlMjBtYWRlJTIwb2YlMjBoaWdoLXF1YWxpdHklMjBmYWJyaWMlMkMlMjB3aGljaCUyMG1ha2VzJTIweW91JTIwc3dlYXQlMjBmYXN0JTJDJTIwYWNjZWxlcmF0ZXMlMjBjYWxvcmllJTIwYnVybmluZyUyQyUyMGFuZCUyMHByb21vdGVzJTIwbWV0YWJvbGlzbS4lMjIlMkMlMjJzZW50ZW5jZSUyMiUzQTYlMkMlMjJjaGlsZFNlbnRlbmNlJTIyJTNBNSU3RCU1RCU3RCUyQyU3QiUyMnR5cGUlMjIlM0ElMjJwYXJhZ3JhcGglMjIlMkMlMjJjaGlsZHJlbiUyMiUzQSU1QiU3QiUyMnRleHQlMjIlM0ElMjIlMjIlMkMlMjJzZW50ZW5jZSUyMiUzQTclMkMlMjJjaGlsZFNlbnRlbmNlJTIyJTNBMSU3RCU1RCU3RCUyQyU3QiUyMnR5cGUlMjIlM0ElMjJwYXJhZ3JhcGglMjIlMkMlMjJjaGlsZHJlbiUyMiUzQSU1QiU3QiUyMnRleHQlMjIlM0ElMjJFWENFTExFTlQlMjBXSU5EU0hJRUxEJTIwQU5EJTIwV0FURVJQUk9PRiUzQSUyMFRoZSUyMHNsaW0lMjBjdWZmcyUyMG9mJTIwdGhlJTIwc2F1bmElMjBqYWNrZXQlMjBmb3IlMjB3ZWlnaHQlMjBsb3NzJTIwbWFrZSUyMGl0JTIwZWFzaWVyJTIwdG8lMjBsb2NrJTIwaW4lMjB0aGUlMjBoZWF0JTJDJTIwYW5kJTIwdGhlJTIwc3dlYXR5JTIwZXhwZXJpZW5jZSUyMGlzJTIwbW9yZSUyMHByb25vdW5jZWQuJTIwJTIyJTJDJTIyc2VudGVuY2UlMjIlM0E4JTJDJTIyY2hpbGRTZW50ZW5jZSUyMiUzQTElN0QlMkMlN0IlMjJ0ZXh0JTIyJTNBJTIySXQlMjBoYXMlMjBhJTIwZ29vZCUyMHdpbmRwcm9vZiUyMGFuZCUyMHdhdGVycHJvb2YlMjBlZmZlY3QlMjB0byUyMHdhcm0lMjB5b3VyJTIwYm9keS4lMjIlMkMlMjJzZW50ZW5jZSUyMiUzQTglMkMlMjJjaGlsZFNlbnRlbmNlJTIyJTNBMiU3RCU1RCU3RCUyQyU3QiUyMnR5cGUlMjIlM0ElMjJwYXJhZ3JhcGglMjIlMkMlMjJjaGlsZHJlbiUyMiUzQSU1QiU3QiUyMnRleHQlMjIlM0ElMjIlMjIlMkMlMjJzZW50ZW5jZSUyMiUzQTklMkMlMjJjaGlsZFNlbnRlbmNlJTIyJTNBMSU3RCU1RCU3RCUyQyU3QiUyMnR5cGUlMjIlM0ElMjJwYXJhZ3JhcGglMjIlMkMlMjJjaGlsZHJlbiUyMiUzQSU1QiU3QiUyMnRleHQlMjIlM0ElMjJGSVRORVNTJTIwQU5EJTIwV0VJR0hUJTIwTE9TUyUzQSUyMFRoZSUyMGJveGluZyUyMHNhdW5hJTIwamFja2V0JTIwYWxsb3dzJTIweW91JTIwdG8lMjBidXJuJTIwY2Fsb3JpZXMlMjBhbnl0aW1lJTIwYW5kJTIwYW55d2hlcmUlMkMlMjBhbmQlMjBlbmpveSUyMHRoZSUyMHN0cmVzcy1yZWR1Y2luZyUyMHBsZWFzdXJlJTIwb2YlMjB3b3JraW5nJTIwb3V0JTIwYW5kJTIwc3dlYXRpbmcuJTIwJTIyJTJDJTIyc2VudGVuY2UlMjIlM0ExMCUyQyUyMmNoaWxkU2VudGVuY2UlMjIlM0ExJTdEJTJDJTdCJTIydGV4dCUyMiUzQSUyMlRoaXMlMjBsb25nLXNsZWV2ZWQlMjBzYXVuYSUyMHRvcCUyMGd5bSUyMHdvcmtvdXQlMjBpcyUyMHBlcmZlY3QlMjBmb3IlMjBydW5uaW5nJTJDJTIwY3ljbGluZyUyQyUyMGhvdCUyMHlvZ2ElMkMlMjB3ZWlnaHQlMjBsaWZ0aW5nJTJDJTIwb3IlMjBib3hpbmclMjBpbiUyMHRoZSUyMGd5bSUyMG9yJTIwb3V0ZG9vcnMuJTIyJTJDJTIyc2VudGVuY2UlMjIlM0ExMCUyQyUyMmNoaWxkU2VudGVuY2UlMjIlM0EyJTdEJTVEJTdEJTJDJTdCJTIydHlwZSUyMiUzQSUyMnBhcmFncmFwaCUyMiUyQyUyMmNoaWxkcmVuJTIyJTNBJTVCJTdCJTIydGV4dCUyMiUzQSUyMiUyMiUyQyUyMnNlbnRlbmNlJTIyJTNBMTElMkMlMjJjaGlsZFNlbnRlbmNlJTIyJTNBMSU3RCU1RCU3RCUyQyU3QiUyMnR5cGUlMjIlM0ElMjJwYXJhZ3JhcGglMjIlMkMlMjJjaGlsZHJlbiUyMiUzQSU1QiU3QiUyMnRleHQlMjIlM0ElMjJBQlJBU0lPTiUyMFJFU0lTVEFOVCUyMEFORCUyMEVBU1klMjBUTyUyMENMRUFOJTNBJTIwVGhpcyUyMGxvbmctc2xlZXZlZCUyMHNhdW5hJTIwc2xpbW1pbmclMjB0b3AlMjBvZiUyMG91cnMlMjBoYXMlMjBnb29kJTIwYWJyYXNpb24lMjByZXNpc3RhbmNlJTJDJTIwd2hpY2glMjBlbnN1cmVzJTIwdGhhdCUyMHNhdW5hJTIwc3dlYXQlMjBqYWNrZXQlMjB3aXRoJTIwemlwcGVyJTIwZm9yJTIwbWVuJTIwYW5kJTIwd29tZW4lMjB3aWxsJTIwbm90JTIwYmUlMjBlYXN5JTIwdG8lMjBwdWxsJTIwYW5kJTIwYnJlYWslMjBkdXJpbmclMjBhbnklMjBvZiUyMHlvdXIlMjB3b3Jrb3V0cy4lMjAlMjIlMkMlMjJzZW50ZW5jZSUyMiUzQTEyJTJDJTIyY2hpbGRTZW50ZW5jZSUyMiUzQTElN0QlMkMlN0IlMjJ0ZXh0JTIyJTNBJTIyU29mdCUyQyUyMGhpZ2glMjBlbGFzdGljaXR5JTJDJTIwdmVyeSUyMGNvbWZvcnRhYmxlJTIwdG8lMjB3ZWFyJTJDJTIwaGVscHMlMjB5b3UlMjBwdWxsJTIwdXAlMjB0aGUlMjBmZWVsaW5nJTIwb2YlMjBleGVyY2lzZSUyMGV4cGVyaWVuY2UuJTIyJTJDJTIyc2VudGVuY2UlMjIlM0ExMiUyQyUyMmNoaWxkU2VudGVuY2UlMjIlM0EyJTdEJTVEJTdEJTVE\"><span data-slate-node=\"text\"><span class=\"121\" data-slate-leaf=\"true\"><strong>R\u00c9SISTANT \u00c0 L&#039;ABRASION ET FACILE \u00c0 NETTOYER\u00a0:<\/strong> Notre combinaison amincissante de sauna \u00e0 manches longues a une bonne r\u00e9sistance \u00e0 l&#039;abrasion, ce qui garantit que la veste de sudation de sauna avec fermeture \u00e9clair pour hommes et femmes ne sera pas facile \u00e0 tirer et \u00e0 casser pendant aucune de vos s\u00e9ances d&#039;entra\u00eenement. <\/span><\/span><span data-slate-node=\"text\"><span class=\"122\" data-slate-leaf=\"true\">Doux, haute \u00e9lasticit\u00e9, tr\u00e8s confortable \u00e0 porter, vous aide \u00e0 ressentir la sensation d&#039;exercice.<\/span><\/span><\/li>\n<\/ul>\n<div data-slate-node=\"element\" data-slate-fragment=\"JTVCJTdCJTIydHlwZSUyMiUzQSUyMnBhcmFncmFwaCUyMiUyQyUyMmNoaWxkcmVuJTIyJTNBJTVCJTdCJTIydGV4dCUyMiUzQSUyMkNMQVNTSUMlMjBDT1VQTEVTJTNBJTIwVGhlJTIwc2F1bmElMjBzdWl0JTIwZm9yJTIwd2VpZ2h0LWN1dHRpbmclMjBoYXMlMjBhJTIwc2ltcGxlJTJDJTIwY2xhc3NpYyUyQyUyMGFuZCUyMHNwb3J0eSUyMGRlc2lnbiUyMHdpdGglMjBibGFjayUyMGFuZCUyMHdoaXRlJTIwbGluZXMlMjB0aHJvdWdob3V0LiUyMCUyMiUyQyUyMnNlbnRlbmNlJTIyJTNBNCUyQyUyMmNoaWxkU2VudGVuY2UlMjIlM0ExJTdEJTJDJTdCJTIydGV4dCUyMiUzQSUyMlNhdW5hJTIwc3VpdCUyMGZhc2hpb24lMkMlMjB6aXBwZXIlMjBkZXNpZ24lMkMlMjB2ZXJ5JTIwZWFzeSUyMHRvJTIwd2VhciUyQyUyMHN1aXRhYmxlJTIwZm9yJTIwbWVuJTIwYW5kJTIwd29tZW4lMkMlMjBjYW4lMjBhbHNvJTIwYmUlMjB1c2VkJTIwYXMlMjBhJTIwY291cGxlJTIwZHJlc3MuJTIyJTJDJTIyc2VudGVuY2UlMjIlM0E0JTJDJTIyY2hpbGRTZW50ZW5jZSUyMiUzQTIlN0QlNUQlN0QlMkMlN0IlMjJ0eXBlJTIyJTNBJTIycGFyYWdyYXBoJTIyJTJDJTIyY2hpbGRyZW4lMjIlM0ElNUIlN0IlMjJ0ZXh0JTIyJTNBJTIyJTIyJTJDJTIyc2VudGVuY2UlMjIlM0E1JTJDJTIyY2hpbGRTZW50ZW5jZSUyMiUzQTElN0QlNUQlN0QlMkMlN0IlMjJ0eXBlJTIyJTNBJTIycGFyYWdyYXBoJTIyJTJDJTIyY2hpbGRyZW4lMjIlM0ElNUIlN0IlMjJ0ZXh0JTIyJTNBJTIyU3dlYXQlMjBzYXVuYSUyMGVmZmVjdCUzQSUyMGF0dGVuZGluZyUyMGElMjB3ZWRkaW5nJTNGJTIwJTIyJTJDJTIyc2VudGVuY2UlMjIlM0E2JTJDJTIyY2hpbGRTZW50ZW5jZSUyMiUzQTElN0QlMkMlN0IlMjJ0ZXh0JTIyJTNBJTIyQm94aW5nJTIwbWF0Y2glM0YlMjAlMjIlMkMlMjJzZW50ZW5jZSUyMiUzQTYlMkMlMjJjaGlsZFNlbnRlbmNlJTIyJTNBMiU3RCUyQyU3QiUyMnRleHQlMjIlM0ElMjJTdW1tZXIlMjBzd2ltc3VpdCUzRiUyMCUyMiUyQyUyMnNlbnRlbmNlJTIyJTNBNiUyQyUyMmNoaWxkU2VudGVuY2UlMjIlM0EzJTdEJTJDJTdCJTIydGV4dCUyMiUzQSUyMlRoZSUyMGxvbmctc2xlZXZlZCUyMHNhdW5hJTIwc3dlYXQlMjBqYWNrZXQlMjBnaXZlcyUyMHlvdSUyMGFuJTIwdW5yaXZhbGVkJTIwc2F1bmElMjBzd2VhdCUyMGVmZmVjdC4lMjAlMjIlMkMlMjJzZW50ZW5jZSUyMiUzQTYlMkMlMjJjaGlsZFNlbnRlbmNlJTIyJTNBNCU3RCUyQyU3QiUyMnRleHQlMjIlM0ElMjJUaGUlMjBzYXVuYSUyMGphY2tldCUyMGZvciUyMG1lbiUyMGFuZCUyMHdvbWVuJTIwaXMlMjBtYWRlJTIwb2YlMjBoaWdoLXF1YWxpdHklMjBmYWJyaWMlMkMlMjB3aGljaCUyMG1ha2VzJTIweW91JTIwc3dlYXQlMjBmYXN0JTJDJTIwYWNjZWxlcmF0ZXMlMjBjYWxvcmllJTIwYnVybmluZyUyQyUyMGFuZCUyMHByb21vdGVzJTIwbWV0YWJvbGlzbS4lMjIlMkMlMjJzZW50ZW5jZSUyMiUzQTYlMkMlMjJjaGlsZFNlbnRlbmNlJTIyJTNBNSU3RCU1RCU3RCUyQyU3QiUyMnR5cGUlMjIlM0ElMjJwYXJhZ3JhcGglMjIlMkMlMjJjaGlsZHJlbiUyMiUzQSU1QiU3QiUyMnRleHQlMjIlM0ElMjIlMjIlMkMlMjJzZW50ZW5jZSUyMiUzQTclMkMlMjJjaGlsZFNlbnRlbmNlJTIyJTNBMSU3RCU1RCU3RCUyQyU3QiUyMnR5cGUlMjIlM0ElMjJwYXJhZ3JhcGglMjIlMkMlMjJjaGlsZHJlbiUyMiUzQSU1QiU3QiUyMnRleHQlMjIlM0ElMjJFWENFTExFTlQlMjBXSU5EU0hJRUxEJTIwQU5EJTIwV0FURVJQUk9PRiUzQSUyMFRoZSUyMHNsaW0lMjBjdWZmcyUyMG9mJTIwdGhlJTIwc2F1bmElMjBqYWNrZXQlMjBmb3IlMjB3ZWlnaHQlMjBsb3NzJTIwbWFrZSUyMGl0JTIwZWFzaWVyJTIwdG8lMjBsb2NrJTIwaW4lMjB0aGUlMjBoZWF0JTJDJTIwYW5kJTIwdGhlJTIwc3dlYXR5JTIwZXhwZXJpZW5jZSUyMGlzJTIwbW9yZSUyMHByb25vdW5jZWQuJTIwJTIyJTJDJTIyc2VudGVuY2UlMjIlM0E4JTJDJTIyY2hpbGRTZW50ZW5jZSUyMiUzQTElN0QlMkMlN0IlMjJ0ZXh0JTIyJTNBJTIySXQlMjBoYXMlMjBhJTIwZ29vZCUyMHdpbmRwcm9vZiUyMGFuZCUyMHdhdGVycHJvb2YlMjBlZmZlY3QlMjB0byUyMHdhcm0lMjB5b3VyJTIwYm9keS4lMjIlMkMlMjJzZW50ZW5jZSUyMiUzQTglMkMlMjJjaGlsZFNlbnRlbmNlJTIyJTNBMiU3RCU1RCU3RCUyQyU3QiUyMnR5cGUlMjIlM0ElMjJwYXJhZ3JhcGglMjIlMkMlMjJjaGlsZHJlbiUyMiUzQSU1QiU3QiUyMnRleHQlMjIlM0ElMjIlMjIlMkMlMjJzZW50ZW5jZSUyMiUzQTklMkMlMjJjaGlsZFNlbnRlbmNlJTIyJTNBMSU3RCU1RCU3RCUyQyU3QiUyMnR5cGUlMjIlM0ElMjJwYXJhZ3JhcGglMjIlMkMlMjJjaGlsZHJlbiUyMiUzQSU1QiU3QiUyMnRleHQlMjIlM0ElMjJGSVRORVNTJTIwQU5EJTIwV0VJR0hUJTIwTE9TUyUzQSUyMFRoZSUyMGJveGluZyUyMHNhdW5hJTIwamFja2V0JTIwYWxsb3dzJTIweW91JTIwdG8lMjBidXJuJTIwY2Fsb3JpZXMlMjBhbnl0aW1lJTIwYW5kJTIwYW55d2hlcmUlMkMlMjBhbmQlMjBlbmpveSUyMHRoZSUyMHN0cmVzcy1yZWR1Y2luZyUyMHBsZWFzdXJlJTIwb2YlMjB3b3JraW5nJTIwb3V0JTIwYW5kJTIwc3dlYXRpbmcuJTIwJTIyJTJDJTIyc2VudGVuY2UlMjIlM0ExMCUyQyUyMmNoaWxkU2VudGVuY2UlMjIlM0ExJTdEJTJDJTdCJTIydGV4dCUyMiUzQSUyMlRoaXMlMjBsb25nLXNsZWV2ZWQlMjBzYXVuYSUyMHRvcCUyMGd5bSUyMHdvcmtvdXQlMjBpcyUyMHBlcmZlY3QlMjBmb3IlMjBydW5uaW5nJTJDJTIwY3ljbGluZyUyQyUyMGhvdCUyMHlvZ2ElMkMlMjB3ZWlnaHQlMjBsaWZ0aW5nJTJDJTIwb3IlMjBib3hpbmclMjBpbiUyMHRoZSUyMGd5bSUyMG9yJTIwb3V0ZG9vcnMuJTIyJTJDJTIyc2VudGVuY2UlMjIlM0ExMCUyQyUyMmNoaWxkU2VudGVuY2UlMjIlM0EyJTdEJTVEJTdEJTJDJTdCJTIydHlwZSUyMiUzQSUyMnBhcmFncmFwaCUyMiUyQyUyMmNoaWxkcmVuJTIyJTNBJTVCJTdCJTIydGV4dCUyMiUzQSUyMiUyMiUyQyUyMnNlbnRlbmNlJTIyJTNBMTElMkMlMjJjaGlsZFNlbnRlbmNlJTIyJTNBMSU3RCU1RCU3RCUyQyU3QiUyMnR5cGUlMjIlM0ElMjJwYXJhZ3JhcGglMjIlMkMlMjJjaGlsZHJlbiUyMiUzQSU1QiU3QiUyMnRleHQlMjIlM0ElMjJBQlJBU0lPTiUyMFJFU0lTVEFOVCUyMEFORCUyMEVBU1klMjBUTyUyMENMRUFOJTNBJTIwVGhpcyUyMGxvbmctc2xlZXZlZCUyMHNhdW5hJTIwc2xpbW1pbmclMjB0b3AlMjBvZiUyMG91cnMlMjBoYXMlMjBnb29kJTIwYWJyYXNpb24lMjByZXNpc3RhbmNlJTJDJTIwd2hpY2glMjBlbnN1cmVzJTIwdGhhdCUyMHNhdW5hJTIwc3dlYXQlMjBqYWNrZXQlMjB3aXRoJTIwemlwcGVyJTIwZm9yJTIwbWVuJTIwYW5kJTIwd29tZW4lMjB3aWxsJTIwbm90JTIwYmUlMjBlYXN5JTIwdG8lMjBwdWxsJTIwYW5kJTIwYnJlYWslMjBkdXJpbmclMjBhbnklMjBvZiUyMHlvdXIlMjB3b3Jrb3V0cy4lMjAlMjIlMkMlMjJzZW50ZW5jZSUyMiUzQTEyJTJDJTIyY2hpbGRTZW50ZW5jZSUyMiUzQTElN0QlMkMlN0IlMjJ0ZXh0JTIyJTNBJTIyU29mdCUyQyUyMGhpZ2glMjBlbGFzdGljaXR5JTJDJTIwdmVyeSUyMGNvbWZvcnRhYmxlJTIwdG8lMjB3ZWFyJTJDJTIwaGVscHMlMjB5b3UlMjBwdWxsJTIwdXAlMjB0aGUlMjBmZWVsaW5nJTIwb2YlMjBleGVyY2lzZSUyMGV4cGVyaWVuY2UuJTIyJTJDJTIyc2VudGVuY2UlMjIlM0ExMiUyQyUyMmNoaWxkU2VudGVuY2UlMjIlM0EyJTdEJTVEJTdEJTVE\">\n<h6 data-slate-node=\"element\" data-slate-fragment=\"JTVCJTdCJTIydHlwZSUyMiUzQSUyMnBhcmFncmFwaCUyMiUyQyUyMmNoaWxkcmVuJTIyJTNBJTVCJTdCJTIydGV4dCUyMiUzQSUyMkxvbmclMjBzbGVldmUlMjBzYXVuYSUyMHN3ZWF0JTIwamFja2V0JTIwdG9wJTIwd2VpZ2h0JTIwbG9zcyUyMGd5bSUyMHdvcmtvdXQlMjBoZWF0JTIwY3ljbGUlMjIlMkMlMjJzZW50ZW5jZSUyMiUzQTElMkMlMjJjaGlsZFNlbnRlbmNlJTIyJTNBMSU3RCU1RCU3RCUyQyU3QiUyMnR5cGUlMjIlM0ElMjJwYXJhZ3JhcGglMjIlMkMlMjJjaGlsZHJlbiUyMiUzQSU1QiU3QiUyMnRleHQlMjIlM0ElMjIlMjIlMkMlMjJzZW50ZW5jZSUyMiUzQTIlMkMlMjJjaGlsZFNlbnRlbmNlJTIyJTNBMSU3RCU1RCU3RCU1RA==\"><em><span class=\"11\" data-slate-leaf=\"true\">Veste et pantalon de sudation de sauna \u00e0 manches longues, perte de poids, entra\u00eenement de gymnastique, cycle thermique<\/span><\/em><\/h6>\n<p><img fetchpriority=\"high\" decoding=\"async\" class=\"alignnone size-medium wp-image-8330\" src=\"https:\/\/yume-silm.com\/wp-content\/uploads\/2024\/06\/sauna-sweat-jacket-with-zipper-for-men-and-women-detail-02-300x300.jpg\" alt=\"veste de sauna \u00e0 manches longues, haut, pantalon de sauna\" width=\"300\" height=\"300\" title=\"\" srcset=\"https:\/\/yume-silm.com\/wp-content\/uploads\/2024\/06\/sauna-sweat-jacket-with-zipper-for-men-and-women-detail-02-300x300.jpg 300w, https:\/\/yume-silm.com\/wp-content\/uploads\/2024\/06\/sauna-sweat-jacket-with-zipper-for-men-and-women-detail-02-150x150.jpg 150w, https:\/\/yume-silm.com\/wp-content\/uploads\/2024\/06\/sauna-sweat-jacket-with-zipper-for-men-and-women-detail-02-12x12.jpg 12w, https:\/\/yume-silm.com\/wp-content\/uploads\/2024\/06\/sauna-sweat-jacket-with-zipper-for-men-and-women-detail-02-100x100.jpg 100w, https:\/\/yume-silm.com\/wp-content\/uploads\/2024\/06\/sauna-sweat-jacket-with-zipper-for-men-and-women-detail-02.jpg 600w\" sizes=\"(max-width: 300px) 100vw, 300px\" \/><img decoding=\"async\" class=\"alignnone size-medium wp-image-8331\" src=\"https:\/\/yume-silm.com\/wp-content\/uploads\/2024\/06\/sauna-sweat-jacket-with-zipper-for-men-and-women-detail-03-300x300.jpg\" alt=\"veste de sudation de sauna avec fermeture \u00e9clair pour hommes et femmes\" width=\"300\" height=\"300\" title=\"\" srcset=\"https:\/\/yume-silm.com\/wp-content\/uploads\/2024\/06\/sauna-sweat-jacket-with-zipper-for-men-and-women-detail-03-300x300.jpg 300w, https:\/\/yume-silm.com\/wp-content\/uploads\/2024\/06\/sauna-sweat-jacket-with-zipper-for-men-and-women-detail-03-150x150.jpg 150w, https:\/\/yume-silm.com\/wp-content\/uploads\/2024\/06\/sauna-sweat-jacket-with-zipper-for-men-and-women-detail-03-12x12.jpg 12w, https:\/\/yume-silm.com\/wp-content\/uploads\/2024\/06\/sauna-sweat-jacket-with-zipper-for-men-and-women-detail-03-100x100.jpg 100w, https:\/\/yume-silm.com\/wp-content\/uploads\/2024\/06\/sauna-sweat-jacket-with-zipper-for-men-and-women-detail-03.jpg 600w\" sizes=\"(max-width: 300px) 100vw, 300px\" \/><\/p>\n<\/div>","protected":false},"excerpt":{"rendered":"<ul>\n<li data-slate-node=\"element\"><span data-slate-node=\"text\"><span class=\"171\" data-slate-leaf=\"true\">La veste de sauna \u00e0 manches longues et le pantalon de sauna pour hommes et femmes sont votre meilleur partenaire d&#039;exercice sur la voie de la perte de poids.<\/span><\/span><\/li>\n<li data-slate-node=\"element\" data-slate-fragment=\"JTVCJTdCJTIydHlwZSUyMiUzQSUyMnBhcmFncmFwaCUyMiUyQyUyMmNoaWxkcmVuJTIyJTNBJTVCJTdCJTIydGV4dCUyMiUzQSUyMlNhdW5hJTIwU3dlYXQlMjBKYWNrZXQlMjB3aXRoJTIwWmlwcGVyJTIwZm9yJTIwTWVuJTIwYW5kJTIwV29tZW4lMjBpcyUyMHlvdXIlMjBiZXN0JTIwZXhlcmNpc2UlMjBwYXJ0bmVyJTIwb24lMjB0aGUlMjByb2FkJTIwdG8lMjB3ZWlnaHQlMjBsb3NzLiUyMiUyQyUyMnNlbnRlbmNlJTIyJTNBMTclMkMlMjJjaGlsZFNlbnRlbmNlJTIyJTNBMSU3RCU1RCU3RCUyQyU3QiUyMnR5cGUlMjIlM0ElMjJwYXJhZ3JhcGglMjIlMkMlMjJjaGlsZHJlbiUyMiUzQSU1QiU3QiUyMnRleHQlMjIlM0ElMjJZdU1lU2lsbSUyMFNhdW5hJTIwU3VpdCUyMGlzJTIwaGlnaGx5JTIwZWxhc3RpYyUyQyUyMG9kb3JsZXNzJTJDJTIwbm9uLWlycml0YXRpbmclMjB0byUyMHRoZSUyMHNraW4lMkMlMjBsaWdodGVyJTIwYW5kJTIwdGhpbm5lciUyQyUyMGhpZ2glMjBjb2xsYXIlMjBkZXNpZ24lMkMlMjBhbmQlMjBlbGFzdGljJTIwY3VmZnMlMjBoZWxwJTIweW91JTIwbWFpbnRhaW4lMjBib2R5JTIwdGVtcGVyYXR1cmUuJTIwJTIyJTJDJTIyc2VudGVuY2UlMjIlM0ExOCUyQyUyMmNoaWxkU2VudGVuY2UlMjIlM0ExJTdEJTJDJTdCJTIydGV4dCUyMiUzQSUyMkNsYXNzaWMlMjBibGFjayUyMGFuZCUyMHdoaXRlJTIwc3RyaXBlcyUyMG1hdGNoJTIwdGhlJTIwb3V0LW9mLXRoZS1ib3glMjBjb3VwbGUncyUyMG91dGZpdC4lMjIlMkMlMjJzZW50ZW5jZSUyMiUzQTE4JTJDJTIyY2hpbGRTZW50ZW5jZSUyMiUzQTIlN0QlNUQlN0QlNUQ=\"><span data-slate-node=\"text\"><span class=\"181\" data-slate-leaf=\"true\">La combinaison de sauna YuMeSilm est hautement \u00e9lastique, inodore, non irritante pour la peau, plus l\u00e9g\u00e8re et plus fine, avec un col haut et des poignets \u00e9lastiques vous aident \u00e0 maintenir la temp\u00e9rature corporelle. <\/span><\/span><span data-slate-node=\"text\"><span class=\"182\" data-slate-leaf=\"true\">Les rayures noires et blanches classiques correspondent \u00e0 la tenue originale du couple.<\/span><\/span><\/li>\n<\/ul>","protected":false},"featured_media":8335,"comment_status":"open","ping_status":"closed","template":"","meta":{"site-sidebar-layout":"default","site-content-layout":"","ast-site-content-layout":"default","site-content-style":"default","site-sidebar-style":"default","ast-global-header-display":"","ast-banner-title-visibility":"","ast-main-header-display":"","ast-hfb-above-header-display":"","ast-hfb-below-header-display":"","ast-hfb-mobile-header-display":"","site-post-title":"","ast-breadcrumbs-content":"","ast-featured-img":"","footer-sml-layout":"","ast-disable-related-posts":"","theme-transparent-header-meta":"default","adv-header-id-meta":"","stick-header-meta":"default","header-above-stick-meta":"","header-main-stick-meta":"","header-below-stick-meta":"","astra-migrate-meta-layouts":"set","ast-page-background-enabled":"default","ast-page-background-meta":{"desktop":{"background-color":"","background-image":"","background-repeat":"repeat","background-position":"center center","background-size":"auto","background-attachment":"scroll","background-type":"","background-media":"","overlay-type":"","overlay-color":"","overlay-opacity":"","overlay-gradient":""},"tablet":{"background-color":"","background-image":"","background-repeat":"repeat","background-position":"center center","background-size":"auto","background-attachment":"scroll","background-type":"","background-media":"","overlay-type":"","overlay-color":"","overlay-opacity":"","overlay-gradient":""},"mobile":{"background-color":"","background-image":"","background-repeat":"repeat","background-position":"center center","background-size":"auto","background-attachment":"scroll","background-type":"","background-media":"","overlay-type":"","overlay-color":"","overlay-opacity":"","overlay-gradient":""}},"ast-content-background-meta":{"desktop":{"background-color":"var(--ast-global-color-5)","background-image":"","background-repeat":"repeat","background-position":"center center","background-size":"auto","background-attachment":"scroll","background-type":"","background-media":"","overlay-type":"","overlay-color":"","overlay-opacity":"","overlay-gradient":""},"tablet":{"background-color":"var(--ast-global-color-5)","background-image":"","background-repeat":"repeat","background-position":"center center","background-size":"auto","background-attachment":"scroll","background-type":"","background-media":"","overlay-type":"","overlay-color":"","overlay-opacity":"","overlay-gradient":""},"mobile":{"background-color":"var(--ast-global-color-5)","background-image":"","background-repeat":"repeat","background-position":"center center","background-size":"auto","background-attachment":"scroll","background-type":"","background-media":"","overlay-type":"","overlay-color":"","overlay-opacity":"","overlay-gradient":""}}},"product_brand":[],"product_cat":[65,76,97,102],"product_tag":[634,632,638,570,548,550],"class_list":{"0":"post-8334","1":"product","2":"type-product","3":"status-publish","4":"has-post-thumbnail","6":"product_cat-best-sellers","7":"product_cat-new-arrivels","8":"product_cat-sauna-suit","9":"product_cat-full-body-sweat-suit","10":"product_tag-sauna-jacket","11":"product_tag-sauna-lover","12":"product_tag-sauna-pants","13":"product_tag-sauna-set","14":"product_tag-sauna-sweat","15":"product_tag-with-zipper","16":"pa_color-blue","17":"pa_color-silver","18":"pa_size-l","19":"pa_size-m","20":"pa_size-s","21":"pa_size-xl","22":"pa_size-xxl","23":"pa_size-xxxl","24":"desktop-align-center","25":"tablet-align-left","26":"mobile-align-left","27":"ast-product-gallery-layout-horizontal-slider","28":"ast-product-single-variable","29":"ast-product-tabs-layout-horizontal","30":"ast-qv-on-image","32":"first","33":"instock","34":"sale","35":"shipping-taxable","36":"purchasable","37":"product-type-variable"},"tiered_pricing_type":"fixed","tiered_pricing_fixed_rules":{"5":12.45,"50":11.1,"100":9.7},"tiered_pricing_product_settings":{"layout":"default","base_unit_name":{"singular":null,"plural":null},"default_variation":null},"tiered_pricing_minimum_quantity":null,"tiered_pricing_roles_data":[],"tiered_pricing_percentage_rules":[],"_links":{"self":[{"href":"https:\/\/yume-silm.com\/fr\/wp-json\/wp\/v2\/product\/8334","targetHints":{"allow":["GET"]}}],"collection":[{"href":"https:\/\/yume-silm.com\/fr\/wp-json\/wp\/v2\/product"}],"about":[{"href":"https:\/\/yume-silm.com\/fr\/wp-json\/wp\/v2\/types\/product"}],"replies":[{"embeddable":true,"href":"https:\/\/yume-silm.com\/fr\/wp-json\/wp\/v2\/comments?post=8334"}],"wp:featuredmedia":[{"embeddable":true,"href":"https:\/\/yume-silm.com\/fr\/wp-json\/wp\/v2\/media\/8335"}],"wp:attachment":[{"href":"https:\/\/yume-silm.com\/fr\/wp-json\/wp\/v2\/media?parent=8334"}],"wp:term":[{"taxonomy":"product_brand","embeddable":true,"href":"https:\/\/yume-silm.com\/fr\/wp-json\/wp\/v2\/product_brand?post=8334"},{"taxonomy":"product_cat","embeddable":true,"href":"https:\/\/yume-silm.com\/fr\/wp-json\/wp\/v2\/product_cat?post=8334"},{"taxonomy":"product_tag","embeddable":true,"href":"https:\/\/yume-silm.com\/fr\/wp-json\/wp\/v2\/product_tag?post=8334"}],"curies":[{"name":"wp","href":"https:\/\/api.w.org\/{rel}","templated":true}]}}