{"id":8371,"date":"2024-06-13T03:54:31","date_gmt":"2024-06-13T03:54:31","guid":{"rendered":"https:\/\/yume-silm.com\/?post_type=product&#038;p=8371"},"modified":"2024-06-13T03:59:42","modified_gmt":"2024-06-13T03:59:42","slug":"haut-de-survetement-de-sauna-a-manches-courtes-et-pantalon-de-sauna","status":"publish","type":"product","link":"https:\/\/yume-silm.com\/fr\/produit\/haut-de-survetement-de-sauna-a-manches-courtes-et-pantalon-de-sauna\/","title":{"rendered":"Haut de sudation et pantalon de sauna \u00e0 manches courtes"},"content":{"rendered":"<h5>Caract\u00e9ristiques de conception<\/h5>\n<ul>\n<li><strong>EFFET SAUNA\u00a0:<\/strong> Une combinaison de sauna pour hommes et femmes peut \u00eatre un sauna ambulant. La combinaison de sauna pour perdre du poids peut aider \u00e0 acc\u00e9l\u00e9rer la transpiration, \u00e0 produire un effet sauna, \u00e0 acc\u00e9l\u00e9rer le m\u00e9tabolisme, \u00e0 favoriser la d\u00e9toxification du corps et \u00e0 vous aider \u00e0 fa\u00e7onner facilement un corps parfait.<\/li>\n<li><strong>DESSIN DE MODE:<\/strong> La nouvelle combinaison de sauna de boxe pour la salle de sport amincissante est dans un style \u00e0 manches courtes \u00e0 la mode. Les accents blancs classiques de la combinaison de sauna ultra-l\u00e9g\u00e8re vous rendront non seulement accrocheurs \u00e0 la salle de sport, mais montreront \u00e9galement votre go\u00fbt de la mode dans la vie quotidienne, faisant de vous le centre d&#039;attention dans la rue.<\/li>\n<li><strong>AJUSTEMENT CONFORTABLE\u00a0:<\/strong> Le d\u00e9bardeur et le pantalon de sauna peuvent bien bloquer la sueur, ce qui offre non seulement une bonne exp\u00e9rience de port et r\u00e9duit efficacement l&#039;inconfort pendant l&#039;exercice, mais \u00e9galement une meilleure transpiration de tout le corps, acc\u00e9l\u00e8re le m\u00e9tabolisme et une perte de poids saine.<\/li>\n<li><strong>OCCASIONS MULTIPLES\u00a0:<\/strong> La conception \u00e0 fermeture \u00e9clair de la meilleure combinaison de sauna pour perdre du poids la rend tr\u00e8s pratique \u00e0 mettre et \u00e0 enlever. Que vous fassiez de la course, du saut \u00e0 la corde, du yoga, de la boxe ou du fitness, les surv\u00eatements de sauna sont votre meilleur choix pour vous aider \u00e0 atteindre vos objectifs d&#039;entra\u00eenement et \u00e0 \u00e9voluer vers une vie plus saine et plus confiante.<\/li>\n<\/ul>\n<h6><em>Hauts et pantalons \u00e0 vapeur pour sauna pour les entra\u00eenements de perte de poids<\/em><br \/>\n<img fetchpriority=\"high\" decoding=\"async\" class=\"alignnone size-medium wp-image-8372\" src=\"https:\/\/yume-silm.com\/wp-content\/uploads\/2024\/06\/short-sleeve-sauna-sweat-top-and-sauna-pants-01-300x300.jpg\" alt=\"Haut de sudation de sauna \u00e0 manches courtes et pantalon de sauna, combinaison de sauna pour hommes et femmes\" width=\"300\" height=\"300\" title=\"\" srcset=\"https:\/\/yume-silm.com\/wp-content\/uploads\/2024\/06\/short-sleeve-sauna-sweat-top-and-sauna-pants-01-300x300.jpg 300w, https:\/\/yume-silm.com\/wp-content\/uploads\/2024\/06\/short-sleeve-sauna-sweat-top-and-sauna-pants-01-150x150.jpg 150w, https:\/\/yume-silm.com\/wp-content\/uploads\/2024\/06\/short-sleeve-sauna-sweat-top-and-sauna-pants-01-768x768.jpg 768w, https:\/\/yume-silm.com\/wp-content\/uploads\/2024\/06\/short-sleeve-sauna-sweat-top-and-sauna-pants-01-12x12.jpg 12w, https:\/\/yume-silm.com\/wp-content\/uploads\/2024\/06\/short-sleeve-sauna-sweat-top-and-sauna-pants-01-100x100.jpg 100w, https:\/\/yume-silm.com\/wp-content\/uploads\/2024\/06\/short-sleeve-sauna-sweat-top-and-sauna-pants-01.jpg 800w\" sizes=\"(max-width: 300px) 100vw, 300px\" \/><img decoding=\"async\" class=\"alignnone size-medium wp-image-8373\" src=\"https:\/\/yume-silm.com\/wp-content\/uploads\/2024\/06\/short-sleeve-sauna-sweat-top-and-sauna-pants-300x300.jpg\" alt=\"Haut de sudation de sauna \u00e0 manches courtes et pantalon de sauna, combinaison de sauna pour hommes et femmes\" width=\"300\" height=\"300\" title=\"\" srcset=\"https:\/\/yume-silm.com\/wp-content\/uploads\/2024\/06\/short-sleeve-sauna-sweat-top-and-sauna-pants-300x300.jpg 300w, https:\/\/yume-silm.com\/wp-content\/uploads\/2024\/06\/short-sleeve-sauna-sweat-top-and-sauna-pants-150x150.jpg 150w, https:\/\/yume-silm.com\/wp-content\/uploads\/2024\/06\/short-sleeve-sauna-sweat-top-and-sauna-pants-768x768.jpg 768w, https:\/\/yume-silm.com\/wp-content\/uploads\/2024\/06\/short-sleeve-sauna-sweat-top-and-sauna-pants-12x12.jpg 12w, https:\/\/yume-silm.com\/wp-content\/uploads\/2024\/06\/short-sleeve-sauna-sweat-top-and-sauna-pants-800x800.jpg 800w, https:\/\/yume-silm.com\/wp-content\/uploads\/2024\/06\/short-sleeve-sauna-sweat-top-and-sauna-pants-100x100.jpg 100w, https:\/\/yume-silm.com\/wp-content\/uploads\/2024\/06\/short-sleeve-sauna-sweat-top-and-sauna-pants.jpg 1000w\" sizes=\"(max-width: 300px) 100vw, 300px\" \/><\/h6>","protected":false},"excerpt":{"rendered":"<p>Enfilez un haut de sudation de sauna \u00e9l\u00e9gant \u00e0 manches courtes et un pantalon de sauna, \u00e9vacuez la transpiration, gagnez en confiance et red\u00e9finissez une vie saine\u00a0!<\/p>","protected":false},"featured_media":8374,"comment_status":"open","ping_status":"closed","template":"","meta":{"site-sidebar-layout":"default","site-content-layout":"","ast-site-content-layout":"default","site-content-style":"default","site-sidebar-style":"default","ast-global-header-display":"","ast-banner-title-visibility":"","ast-main-header-display":"","ast-hfb-above-header-display":"","ast-hfb-below-header-display":"","ast-hfb-mobile-header-display":"","site-post-title":"","ast-breadcrumbs-content":"","ast-featured-img":"","footer-sml-layout":"","ast-disable-related-posts":"","theme-transparent-header-meta":"default","adv-header-id-meta":"","stick-header-meta":"default","header-above-stick-meta":"","header-main-stick-meta":"","header-below-stick-meta":"","astra-migrate-meta-layouts":"set","ast-page-background-enabled":"default","ast-page-background-meta":{"desktop":{"background-color":"","background-image":"","background-repeat":"repeat","background-position":"center center","background-size":"auto","background-attachment":"scroll","background-type":"","background-media":"","overlay-type":"","overlay-color":"","overlay-opacity":"","overlay-gradient":""},"tablet":{"background-color":"","background-image":"","background-repeat":"repeat","background-position":"center center","background-size":"auto","background-attachment":"scroll","background-type":"","background-media":"","overlay-type":"","overlay-color":"","overlay-opacity":"","overlay-gradient":""},"mobile":{"background-color":"","background-image":"","background-repeat":"repeat","background-position":"center center","background-size":"auto","background-attachment":"scroll","background-type":"","background-media":"","overlay-type":"","overlay-color":"","overlay-opacity":"","overlay-gradient":""}},"ast-content-background-meta":{"desktop":{"background-color":"var(--ast-global-color-5)","background-image":"","background-repeat":"repeat","background-position":"center center","background-size":"auto","background-attachment":"scroll","background-type":"","background-media":"","overlay-type":"","overlay-color":"","overlay-opacity":"","overlay-gradient":""},"tablet":{"background-color":"var(--ast-global-color-5)","background-image":"","background-repeat":"repeat","background-position":"center center","background-size":"auto","background-attachment":"scroll","background-type":"","background-media":"","overlay-type":"","overlay-color":"","overlay-opacity":"","overlay-gradient":""},"mobile":{"background-color":"var(--ast-global-color-5)","background-image":"","background-repeat":"repeat","background-position":"center center","background-size":"auto","background-attachment":"scroll","background-type":"","background-media":"","overlay-type":"","overlay-color":"","overlay-opacity":"","overlay-gradient":""}}},"product_brand":[],"product_cat":[65,76,97,102,99,100],"product_tag":[625,548,566,550],"class_list":{"0":"post-8371","1":"product","2":"type-product","3":"status-publish","4":"has-post-thumbnail","6":"product_cat-best-sellers","7":"product_cat-new-arrivels","8":"product_cat-sauna-suit","9":"product_cat-full-body-sweat-suit","10":"product_cat-sauna-pants","11":"product_cat-sauna-tops","12":"product_tag-neoprene","13":"product_tag-sauna-sweat","14":"product_tag-short-sleeves","15":"product_tag-with-zipper","16":"pa_color-black-jacket","17":"pa_color-black-pant","18":"pa_color-black-suit","19":"pa_size-4xl","20":"pa_size-l","21":"pa_size-m","22":"pa_size-s","23":"pa_size-xl","24":"pa_size-xxl","25":"pa_size-xxxl","26":"desktop-align-center","27":"tablet-align-left","28":"mobile-align-left","29":"ast-product-gallery-layout-horizontal-slider","30":"ast-product-single-variable","31":"ast-product-tabs-layout-horizontal","32":"ast-qv-on-image","34":"first","35":"instock","36":"shipping-taxable","37":"purchasable","38":"product-type-variable"},"tiered_pricing_type":"fixed","tiered_pricing_fixed_rules":[],"tiered_pricing_product_settings":{"layout":"default","base_unit_name":{"singular":null,"plural":null},"default_variation":null},"tiered_pricing_minimum_quantity":null,"tiered_pricing_roles_data":[],"tiered_pricing_percentage_rules":[],"_links":{"self":[{"href":"https:\/\/yume-silm.com\/fr\/wp-json\/wp\/v2\/product\/8371","targetHints":{"allow":["GET"]}}],"collection":[{"href":"https:\/\/yume-silm.com\/fr\/wp-json\/wp\/v2\/product"}],"about":[{"href":"https:\/\/yume-silm.com\/fr\/wp-json\/wp\/v2\/types\/product"}],"replies":[{"embeddable":true,"href":"https:\/\/yume-silm.com\/fr\/wp-json\/wp\/v2\/comments?post=8371"}],"wp:featuredmedia":[{"embeddable":true,"href":"https:\/\/yume-silm.com\/fr\/wp-json\/wp\/v2\/media\/8374"}],"wp:attachment":[{"href":"https:\/\/yume-silm.com\/fr\/wp-json\/wp\/v2\/media?parent=8371"}],"wp:term":[{"taxonomy":"product_brand","embeddable":true,"href":"https:\/\/yume-silm.com\/fr\/wp-json\/wp\/v2\/product_brand?post=8371"},{"taxonomy":"product_cat","embeddable":true,"href":"https:\/\/yume-silm.com\/fr\/wp-json\/wp\/v2\/product_cat?post=8371"},{"taxonomy":"product_tag","embeddable":true,"href":"https:\/\/yume-silm.com\/fr\/wp-json\/wp\/v2\/product_tag?post=8371"}],"curies":[{"name":"wp","href":"https:\/\/api.w.org\/{rel}","templated":true}]}}