{"id":8411,"date":"2024-06-13T06:06:35","date_gmt":"2024-06-13T06:06:35","guid":{"rendered":"https:\/\/yume-silm.com\/?post_type=product&#038;p=8411"},"modified":"2025-04-12T03:38:46","modified_gmt":"2025-04-12T03:38:46","slug":"combinaison-de-sudation-sauna-amincissante-a-manches-longues-avec-fermeture-eclair","status":"publish","type":"product","link":"https:\/\/yume-silm.com\/fr\/produit\/combinaison-de-sudation-sauna-amincissante-a-manches-longues-avec-fermeture-eclair\/","title":{"rendered":"Combinaison de sudation amincissante \u00e0 manches longues avec fermeture \u00e9clair"},"content":{"rendered":"<h5>Caract\u00e9ristiques de conception<\/h5>\n<ul>\n<li><strong>EFFET SAUNA\u00a0:<\/strong> Les combinaisons de sauna pour femmes et hommes sont des saunas ambulants. La combinaison de sauna amaigrissante peut bien aider \u00e0 acc\u00e9l\u00e9rer la transpiration, \u00e0 produire un effet sauna, \u00e0 acc\u00e9l\u00e9rer le m\u00e9tabolisme, \u00e0 favoriser la d\u00e9toxification du corps et \u00e0 vous aider \u00e0 fa\u00e7onner facilement un corps parfait.<\/li>\n<li><strong>CONCEPTION \u00c0 LA MODE\u00a0:<\/strong> La nouvelle combinaison de sauna de boxe pour la salle de sport amincissante est dans un style \u00e0 manches longues \u00e0 la mode. L&#039;embellissement classique de la ligne jaune de la combinaison de sauna en n\u00e9opr\u00e8ne vous rend non seulement accrocheur dans la salle de sport, mais montre \u00e9galement votre go\u00fbt \u00e0 la mode dans la vie quotidienne, faisant de vous le centre d&#039;attention dans la rue.<\/li>\n<li><strong>AJUSTEMENT CONFORTABLE\u00a0:<\/strong> Les vestes de sauna \u00e0 manches longues et les pantalons de sauna peuvent bien bloquer la sueur, ce qui offre non seulement une bonne exp\u00e9rience de port et r\u00e9duit efficacement l&#039;inconfort pendant l&#039;exercice, mais offre \u00e9galement une meilleure transpiration de tout le corps, acc\u00e9l\u00e8re le m\u00e9tabolisme et une perte de poids saine.<\/li>\n<li><strong>OCCASIONS MULTIPLES\u00a0:<\/strong> La conception \u00e0 fermeture \u00e9clair de la meilleure combinaison de perte de poids pour sauna la rend tr\u00e8s facile \u00e0 mettre et \u00e0 enlever. Que vous fassiez de la course, du saut \u00e0 la corde, du yoga, de la boxe ou du fitness, une veste de sauna en sueur est votre meilleur choix pour vous aider \u00e0 atteindre vos objectifs d&#039;entra\u00eenement et \u00e0 \u00e9voluer vers une vie plus saine et plus confiante.<\/li>\n<\/ul>\n<h6><em>Combinaison de sudation de sauna \u00e0 manches longues, adapt\u00e9e aux exercices de fitness en salle de sport et \u00e0 la perte de poids<\/em><\/h6>\n<p><img fetchpriority=\"high\" decoding=\"async\" class=\"alignnone size-medium wp-image-8412\" src=\"https:\/\/yume-silm.com\/wp-content\/uploads\/2024\/06\/Slimming-Sauna-Long-Sleeve-Sweat-Suit-with-Zipper-for-men-and-women-05-300x300.jpg\" alt=\"Combinaison de sudation amincissante \u00e0 manches longues avec fermeture \u00e9clair pour hommes et femmes\" width=\"300\" height=\"300\" title=\"\" srcset=\"https:\/\/yume-silm.com\/wp-content\/uploads\/2024\/06\/Slimming-Sauna-Long-Sleeve-Sweat-Suit-with-Zipper-for-men-and-women-05-300x300.jpg 300w, https:\/\/yume-silm.com\/wp-content\/uploads\/2024\/06\/Slimming-Sauna-Long-Sleeve-Sweat-Suit-with-Zipper-for-men-and-women-05-150x150.jpg 150w, https:\/\/yume-silm.com\/wp-content\/uploads\/2024\/06\/Slimming-Sauna-Long-Sleeve-Sweat-Suit-with-Zipper-for-men-and-women-05-768x768.jpg 768w, https:\/\/yume-silm.com\/wp-content\/uploads\/2024\/06\/Slimming-Sauna-Long-Sleeve-Sweat-Suit-with-Zipper-for-men-and-women-05-12x12.jpg 12w, https:\/\/yume-silm.com\/wp-content\/uploads\/2024\/06\/Slimming-Sauna-Long-Sleeve-Sweat-Suit-with-Zipper-for-men-and-women-05-100x100.jpg 100w, https:\/\/yume-silm.com\/wp-content\/uploads\/2024\/06\/Slimming-Sauna-Long-Sleeve-Sweat-Suit-with-Zipper-for-men-and-women-05.jpg 800w\" sizes=\"(max-width: 300px) 100vw, 300px\" \/><img decoding=\"async\" class=\"alignnone size-medium wp-image-8413\" src=\"https:\/\/yume-silm.com\/wp-content\/uploads\/2024\/06\/Slimming-Sauna-Long-Sleeve-Sweat-Suit-with-Zipper-for-men-and-women-06-300x300.jpg\" alt=\"Combinaison de sudation amincissante \u00e0 manches longues avec fermeture \u00e9clair pour hommes et femmes\" width=\"300\" height=\"300\" title=\"\" srcset=\"https:\/\/yume-silm.com\/wp-content\/uploads\/2024\/06\/Slimming-Sauna-Long-Sleeve-Sweat-Suit-with-Zipper-for-men-and-women-06-300x300.jpg 300w, https:\/\/yume-silm.com\/wp-content\/uploads\/2024\/06\/Slimming-Sauna-Long-Sleeve-Sweat-Suit-with-Zipper-for-men-and-women-06-150x150.jpg 150w, https:\/\/yume-silm.com\/wp-content\/uploads\/2024\/06\/Slimming-Sauna-Long-Sleeve-Sweat-Suit-with-Zipper-for-men-and-women-06-768x768.jpg 768w, https:\/\/yume-silm.com\/wp-content\/uploads\/2024\/06\/Slimming-Sauna-Long-Sleeve-Sweat-Suit-with-Zipper-for-men-and-women-06-12x12.jpg 12w, https:\/\/yume-silm.com\/wp-content\/uploads\/2024\/06\/Slimming-Sauna-Long-Sleeve-Sweat-Suit-with-Zipper-for-men-and-women-06-100x100.jpg 100w, https:\/\/yume-silm.com\/wp-content\/uploads\/2024\/06\/Slimming-Sauna-Long-Sleeve-Sweat-Suit-with-Zipper-for-men-and-women-06.jpg 800w\" sizes=\"(max-width: 300px) 100vw, 300px\" \/><\/p>\n<p>Le surv\u00eatement amincissant \u00e0 manches longues avec fermeture \u00e9clair a un design de bandage abdominal avec double compression pour un contr\u00f4le abdominal efficace et une taille plus serr\u00e9e et plus galb\u00e9e.<\/p>","protected":false},"excerpt":{"rendered":"<p><span data-slate-fragment=\"JTVCJTdCJTIydHlwZSUyMiUzQSUyMnBhcmFncmFwaCUyMiUyQyUyMmNoaWxkcmVuJTIyJTNBJTVCJTdCJTIydGV4dCUyMiUzQSUyMlB1dCUyMG9uJTIwYSUyMHN0eWxpc2glMjBzbGltbWluZyUyMHNhdW5hJTIwbG9uZyUyMHNsZWV2ZSUyMHN3ZWF0JTIwc3VpdCUyMHdpdGglMjB6aXBwZXIlMkMlMjByZWxlYXNlJTIwc3dlYXQlMkMlMjBnYWluJTIwY29uZmlkZW5jZSUyQyUyMGFuZCUyMHJlZGVmaW5lJTIwYSUyMGhlYWx0aHklMjBsaWZlISUyMiUyQyUyMnNlbnRlbmNlJTIyJTNBMCUyQyUyMmNoaWxkU2VudGVuY2UlMjIlM0EwJTdEJTVEJTdEJTVE\">Enfilez un \u00e9l\u00e9gant surv\u00eatement amincissant \u00e0 manches longues avec fermeture \u00e9clair, \u00e9vacuez la transpiration, gagnez en confiance et red\u00e9finissez une vie saine !<\/span><\/p>","protected":false},"featured_media":8414,"comment_status":"open","ping_status":"closed","template":"","meta":{"site-sidebar-layout":"default","site-content-layout":"","ast-site-content-layout":"default","site-content-style":"default","site-sidebar-style":"default","ast-global-header-display":"","ast-banner-title-visibility":"","ast-main-header-display":"","ast-hfb-above-header-display":"","ast-hfb-below-header-display":"","ast-hfb-mobile-header-display":"","site-post-title":"","ast-breadcrumbs-content":"","ast-featured-img":"","footer-sml-layout":"","ast-disable-related-posts":"","theme-transparent-header-meta":"default","adv-header-id-meta":"","stick-header-meta":"default","header-above-stick-meta":"","header-main-stick-meta":"","header-below-stick-meta":"","astra-migrate-meta-layouts":"set","ast-page-background-enabled":"default","ast-page-background-meta":{"desktop":{"background-color":"","background-image":"","background-repeat":"repeat","background-position":"center center","background-size":"auto","background-attachment":"scroll","background-type":"","background-media":"","overlay-type":"","overlay-color":"","overlay-opacity":"","overlay-gradient":""},"tablet":{"background-color":"","background-image":"","background-repeat":"repeat","background-position":"center center","background-size":"auto","background-attachment":"scroll","background-type":"","background-media":"","overlay-type":"","overlay-color":"","overlay-opacity":"","overlay-gradient":""},"mobile":{"background-color":"","background-image":"","background-repeat":"repeat","background-position":"center center","background-size":"auto","background-attachment":"scroll","background-type":"","background-media":"","overlay-type":"","overlay-color":"","overlay-opacity":"","overlay-gradient":""}},"ast-content-background-meta":{"desktop":{"background-color":"var(--ast-global-color-5)","background-image":"","background-repeat":"repeat","background-position":"center center","background-size":"auto","background-attachment":"scroll","background-type":"","background-media":"","overlay-type":"","overlay-color":"","overlay-opacity":"","overlay-gradient":""},"tablet":{"background-color":"var(--ast-global-color-5)","background-image":"","background-repeat":"repeat","background-position":"center center","background-size":"auto","background-attachment":"scroll","background-type":"","background-media":"","overlay-type":"","overlay-color":"","overlay-opacity":"","overlay-gradient":""},"mobile":{"background-color":"var(--ast-global-color-5)","background-image":"","background-repeat":"repeat","background-position":"center center","background-size":"auto","background-attachment":"scroll","background-type":"","background-media":"","overlay-type":"","overlay-color":"","overlay-opacity":"","overlay-gradient":""}}},"product_brand":[],"product_cat":[65,76,97,102,98,99],"product_tag":[421,183,634,638,548,550],"class_list":{"0":"post-8411","1":"product","2":"type-product","3":"status-publish","4":"has-post-thumbnail","6":"product_cat-best-sellers","7":"product_cat-new-arrivels","8":"product_cat-sauna-suit","9":"product_cat-full-body-sweat-suit","10":"product_cat-sauna-jacket","11":"product_cat-sauna-pants","12":"product_tag-fashions","13":"product_tag-long-sleeve","14":"product_tag-sauna-jacket","15":"product_tag-sauna-pants","16":"product_tag-sauna-sweat","17":"product_tag-with-zipper","18":"pa_color-black-jacket","19":"pa_color-black-pant","20":"pa_size-l","21":"pa_size-m","22":"pa_size-s","23":"pa_size-xl","24":"pa_size-xxl","25":"pa_size-xxxl","26":"desktop-align-center","27":"tablet-align-left","28":"mobile-align-left","29":"ast-product-gallery-layout-horizontal-slider","30":"ast-product-single-variable","31":"ast-product-tabs-layout-horizontal","32":"ast-qv-on-image","34":"first","35":"instock","36":"shipping-taxable","37":"purchasable","38":"product-type-variable"},"tiered_pricing_type":"fixed","tiered_pricing_fixed_rules":{"2":6.5,"50":5.5,"100":5},"tiered_pricing_product_settings":{"layout":"default","base_unit_name":{"singular":null,"plural":null},"default_variation":null},"tiered_pricing_minimum_quantity":null,"tiered_pricing_roles_data":[],"tiered_pricing_percentage_rules":[],"_links":{"self":[{"href":"https:\/\/yume-silm.com\/fr\/wp-json\/wp\/v2\/product\/8411","targetHints":{"allow":["GET"]}}],"collection":[{"href":"https:\/\/yume-silm.com\/fr\/wp-json\/wp\/v2\/product"}],"about":[{"href":"https:\/\/yume-silm.com\/fr\/wp-json\/wp\/v2\/types\/product"}],"replies":[{"embeddable":true,"href":"https:\/\/yume-silm.com\/fr\/wp-json\/wp\/v2\/comments?post=8411"}],"wp:featuredmedia":[{"embeddable":true,"href":"https:\/\/yume-silm.com\/fr\/wp-json\/wp\/v2\/media\/8414"}],"wp:attachment":[{"href":"https:\/\/yume-silm.com\/fr\/wp-json\/wp\/v2\/media?parent=8411"}],"wp:term":[{"taxonomy":"product_brand","embeddable":true,"href":"https:\/\/yume-silm.com\/fr\/wp-json\/wp\/v2\/product_brand?post=8411"},{"taxonomy":"product_cat","embeddable":true,"href":"https:\/\/yume-silm.com\/fr\/wp-json\/wp\/v2\/product_cat?post=8411"},{"taxonomy":"product_tag","embeddable":true,"href":"https:\/\/yume-silm.com\/fr\/wp-json\/wp\/v2\/product_tag?post=8411"}],"curies":[{"name":"wp","href":"https:\/\/api.w.org\/{rel}","templated":true}]}}