{"id":8441,"date":"2024-06-14T03:07:58","date_gmt":"2024-06-14T03:07:58","guid":{"rendered":"https:\/\/yume-silm.com\/?post_type=product&#038;p=8441"},"modified":"2024-06-14T03:09:17","modified_gmt":"2024-06-14T03:09:17","slug":"vestes-de-sauna-a-manches-longues-survetement-pour-perdre-du-poids","status":"publish","type":"product","link":"https:\/\/yume-silm.com\/fr\/produit\/vestes-de-sauna-a-manches-longues-survetement-pour-perdre-du-poids\/","title":{"rendered":"Vestes de sauna \u00e0 manches longues, combinaison de sudation pour perdre du poids"},"content":{"rendered":"<h5>Caract\u00e9ristiques de conception<\/h5>\n<ul>\n<li><strong>EFFET SAUNA\u00a0:<\/strong> Portez nos combinaisons de sauna pour femmes et hommes et d\u00e9couvrez les effets d&#039;un sauna ambulant. La combinaison de sauna amaigrissante peut bien aider \u00e0 acc\u00e9l\u00e9rer la transpiration, \u00e0 produire un effet sauna, \u00e0 acc\u00e9l\u00e9rer le m\u00e9tabolisme, \u00e0 favoriser la d\u00e9toxification du corps et \u00e0 vous aider \u00e0 fa\u00e7onner facilement un corps parfait.<\/li>\n<li><strong>CONCEPTION \u00c0 LA MODE\u00a0:<\/strong> La nouvelle combinaison de sauna de boxe pour la salle de sport amincissante est dans un style \u00e0 manches longues \u00e0 la mode. L&#039;embellissement classique de la ligne jaune de la combinaison de sauna en n\u00e9opr\u00e8ne vous rend non seulement accrocheur dans la salle de sport, mais montre \u00e9galement votre go\u00fbt \u00e0 la mode dans la vie quotidienne, faisant de vous le centre d&#039;attention dans la rue.<\/li>\n<li><strong>AJUSTEMENT CONFORTABLE\u00a0:<\/strong> Les vestes de sauna \u00e0 manches longues et les pantalons de sauna peuvent bien bloquer la sueur, ce qui offre non seulement une bonne exp\u00e9rience de port et r\u00e9duit efficacement l&#039;inconfort pendant l&#039;exercice, mais offre \u00e9galement une meilleure transpiration de tout le corps, acc\u00e9l\u00e8re le m\u00e9tabolisme et une perte de poids saine.<\/li>\n<li><strong>OCCASIONS MULTIPLES\u00a0:<\/strong> La conception \u00e0 fermeture \u00e9clair de la meilleure combinaison de perte de poids pour sauna la rend tr\u00e8s facile \u00e0 mettre et \u00e0 enlever. Que vous couriez, sautiez \u00e0 la corde, faites du yoga, de la boxe ou du fitness, les vestes de sauna \u00e0 manches longues pour perdre du poids sont votre meilleur choix pour vous aider \u00e0 atteindre vos objectifs d&#039;entra\u00eenement et \u00e0 \u00e9voluer vers une vie plus saine et plus confiante.<\/li>\n<\/ul>\n<h6><em>Combinaison de sudation de sauna \u00e0 manches longues, adapt\u00e9e aux exercices de fitness en salle de sport et \u00e0 la perte de poids<\/em><\/h6>\n<p><img fetchpriority=\"high\" decoding=\"async\" class=\"alignnone size-medium wp-image-8454\" src=\"https:\/\/yume-silm.com\/wp-content\/uploads\/2024\/06\/long-sleeve-sauna-jackets-sweat-suit-for-weight-loss-men-and-women-05-300x300.jpg\" alt=\"Vestes de sauna \u00e0 manches longues, surv\u00eatement pour perdre du poids\" width=\"300\" height=\"300\" title=\"\" srcset=\"https:\/\/yume-silm.com\/wp-content\/uploads\/2024\/06\/long-sleeve-sauna-jackets-sweat-suit-for-weight-loss-men-and-women-05-300x300.jpg 300w, https:\/\/yume-silm.com\/wp-content\/uploads\/2024\/06\/long-sleeve-sauna-jackets-sweat-suit-for-weight-loss-men-and-women-05-150x150.jpg 150w, https:\/\/yume-silm.com\/wp-content\/uploads\/2024\/06\/long-sleeve-sauna-jackets-sweat-suit-for-weight-loss-men-and-women-05-768x768.jpg 768w, https:\/\/yume-silm.com\/wp-content\/uploads\/2024\/06\/long-sleeve-sauna-jackets-sweat-suit-for-weight-loss-men-and-women-05-12x12.jpg 12w, https:\/\/yume-silm.com\/wp-content\/uploads\/2024\/06\/long-sleeve-sauna-jackets-sweat-suit-for-weight-loss-men-and-women-05-800x800.jpg 800w, https:\/\/yume-silm.com\/wp-content\/uploads\/2024\/06\/long-sleeve-sauna-jackets-sweat-suit-for-weight-loss-men-and-women-05-100x100.jpg 100w, https:\/\/yume-silm.com\/wp-content\/uploads\/2024\/06\/long-sleeve-sauna-jackets-sweat-suit-for-weight-loss-men-and-women-05.jpg 1000w\" sizes=\"(max-width: 300px) 100vw, 300px\" \/><img decoding=\"async\" class=\"alignnone size-medium wp-image-8455\" src=\"https:\/\/yume-silm.com\/wp-content\/uploads\/2024\/06\/long-sleeve-sauna-jackets-sweat-suit-for-weight-loss-men-and-women-06-300x300.jpg\" alt=\"Vestes de sauna \u00e0 manches longues, surv\u00eatement pour perdre du poids\" width=\"300\" height=\"300\" title=\"\" srcset=\"https:\/\/yume-silm.com\/wp-content\/uploads\/2024\/06\/long-sleeve-sauna-jackets-sweat-suit-for-weight-loss-men-and-women-06-300x300.jpg 300w, https:\/\/yume-silm.com\/wp-content\/uploads\/2024\/06\/long-sleeve-sauna-jackets-sweat-suit-for-weight-loss-men-and-women-06-150x150.jpg 150w, https:\/\/yume-silm.com\/wp-content\/uploads\/2024\/06\/long-sleeve-sauna-jackets-sweat-suit-for-weight-loss-men-and-women-06-768x768.jpg 768w, https:\/\/yume-silm.com\/wp-content\/uploads\/2024\/06\/long-sleeve-sauna-jackets-sweat-suit-for-weight-loss-men-and-women-06-12x12.jpg 12w, https:\/\/yume-silm.com\/wp-content\/uploads\/2024\/06\/long-sleeve-sauna-jackets-sweat-suit-for-weight-loss-men-and-women-06-100x100.jpg 100w, https:\/\/yume-silm.com\/wp-content\/uploads\/2024\/06\/long-sleeve-sauna-jackets-sweat-suit-for-weight-loss-men-and-women-06.jpg 800w\" sizes=\"(max-width: 300px) 100vw, 300px\" \/><\/p>","protected":false},"excerpt":{"rendered":"<p><span data-slate-fragment=\"JTVCJTdCJTIydHlwZSUyMiUzQSUyMnBhcmFncmFwaCUyMiUyQyUyMmNoaWxkcmVuJTIyJTNBJTVCJTdCJTIydGV4dCUyMiUzQSUyMlB1dCUyMG9uJTIwYSUyMHN0eWxpc2glMjBzbGltbWluZyUyMHNhdW5hJTIwbG9uZyUyMHNsZWV2ZSUyMHN3ZWF0JTIwc3VpdCUyMHdpdGglMjB6aXBwZXIlMkMlMjByZWxlYXNlJTIwc3dlYXQlMkMlMjBnYWluJTIwY29uZmlkZW5jZSUyQyUyMGFuZCUyMHJlZGVmaW5lJTIwYSUyMGhlYWx0aHklMjBsaWZlISUyMiUyQyUyMnNlbnRlbmNlJTIyJTNBMCUyQyUyMmNoaWxkU2VudGVuY2UlMjIlM0EwJTdEJTVEJTdEJTVE\">Enfilez une \u00e9l\u00e9gante veste de sauna \u00e0 manches longues pour perdre du poids, \u00e9vacuer la transpiration, gagner en confiance et red\u00e9finir une vie saine !<\/span><\/p>","protected":false},"featured_media":8456,"comment_status":"open","ping_status":"closed","template":"","meta":{"site-sidebar-layout":"default","site-content-layout":"","ast-site-content-layout":"default","site-content-style":"default","site-sidebar-style":"default","ast-global-header-display":"","ast-banner-title-visibility":"","ast-main-header-display":"","ast-hfb-above-header-display":"","ast-hfb-below-header-display":"","ast-hfb-mobile-header-display":"","site-post-title":"","ast-breadcrumbs-content":"","ast-featured-img":"","footer-sml-layout":"","ast-disable-related-posts":"","theme-transparent-header-meta":"default","adv-header-id-meta":"","stick-header-meta":"default","header-above-stick-meta":"","header-main-stick-meta":"","header-below-stick-meta":"","astra-migrate-meta-layouts":"set","ast-page-background-enabled":"default","ast-page-background-meta":{"desktop":{"background-color":"","background-image":"","background-repeat":"repeat","background-position":"center center","background-size":"auto","background-attachment":"scroll","background-type":"","background-media":"","overlay-type":"","overlay-color":"","overlay-opacity":"","overlay-gradient":""},"tablet":{"background-color":"","background-image":"","background-repeat":"repeat","background-position":"center center","background-size":"auto","background-attachment":"scroll","background-type":"","background-media":"","overlay-type":"","overlay-color":"","overlay-opacity":"","overlay-gradient":""},"mobile":{"background-color":"","background-image":"","background-repeat":"repeat","background-position":"center center","background-size":"auto","background-attachment":"scroll","background-type":"","background-media":"","overlay-type":"","overlay-color":"","overlay-opacity":"","overlay-gradient":""}},"ast-content-background-meta":{"desktop":{"background-color":"var(--ast-global-color-5)","background-image":"","background-repeat":"repeat","background-position":"center center","background-size":"auto","background-attachment":"scroll","background-type":"","background-media":"","overlay-type":"","overlay-color":"","overlay-opacity":"","overlay-gradient":""},"tablet":{"background-color":"var(--ast-global-color-5)","background-image":"","background-repeat":"repeat","background-position":"center center","background-size":"auto","background-attachment":"scroll","background-type":"","background-media":"","overlay-type":"","overlay-color":"","overlay-opacity":"","overlay-gradient":""},"mobile":{"background-color":"var(--ast-global-color-5)","background-image":"","background-repeat":"repeat","background-position":"center center","background-size":"auto","background-attachment":"scroll","background-type":"","background-media":"","overlay-type":"","overlay-color":"","overlay-opacity":"","overlay-gradient":""}}},"product_brand":[],"product_cat":[65,76,97,102,98,99],"product_tag":[183,635,634,632,638,548,550],"class_list":{"0":"post-8441","1":"product","2":"type-product","3":"status-publish","4":"has-post-thumbnail","6":"product_cat-best-sellers","7":"product_cat-new-arrivels","8":"product_cat-sauna-suit","9":"product_cat-full-body-sweat-suit","10":"product_cat-sauna-jacket","11":"product_cat-sauna-pants","12":"product_tag-long-sleeve","13":"product_tag-men-and-women","14":"product_tag-sauna-jacket","15":"product_tag-sauna-lover","16":"product_tag-sauna-pants","17":"product_tag-sauna-sweat","18":"product_tag-with-zipper","19":"pa_color-black-jacket","20":"pa_color-black-pant","21":"pa_size-l","22":"pa_size-m","23":"pa_size-s","24":"pa_size-xl","25":"pa_size-xxl","26":"pa_size-xxxl","27":"desktop-align-center","28":"tablet-align-left","29":"mobile-align-left","30":"ast-product-gallery-layout-horizontal-slider","31":"ast-product-single-variable","32":"ast-product-tabs-layout-horizontal","33":"ast-qv-on-image","35":"first","36":"instock","37":"shipping-taxable","38":"purchasable","39":"product-type-variable"},"tiered_pricing_type":"fixed","tiered_pricing_fixed_rules":[],"tiered_pricing_product_settings":{"layout":"default","base_unit_name":{"singular":null,"plural":null},"default_variation":null},"tiered_pricing_minimum_quantity":null,"tiered_pricing_roles_data":[],"tiered_pricing_percentage_rules":[],"_links":{"self":[{"href":"https:\/\/yume-silm.com\/fr\/wp-json\/wp\/v2\/product\/8441","targetHints":{"allow":["GET"]}}],"collection":[{"href":"https:\/\/yume-silm.com\/fr\/wp-json\/wp\/v2\/product"}],"about":[{"href":"https:\/\/yume-silm.com\/fr\/wp-json\/wp\/v2\/types\/product"}],"replies":[{"embeddable":true,"href":"https:\/\/yume-silm.com\/fr\/wp-json\/wp\/v2\/comments?post=8441"}],"wp:featuredmedia":[{"embeddable":true,"href":"https:\/\/yume-silm.com\/fr\/wp-json\/wp\/v2\/media\/8456"}],"wp:attachment":[{"href":"https:\/\/yume-silm.com\/fr\/wp-json\/wp\/v2\/media?parent=8441"}],"wp:term":[{"taxonomy":"product_brand","embeddable":true,"href":"https:\/\/yume-silm.com\/fr\/wp-json\/wp\/v2\/product_brand?post=8441"},{"taxonomy":"product_cat","embeddable":true,"href":"https:\/\/yume-silm.com\/fr\/wp-json\/wp\/v2\/product_cat?post=8441"},{"taxonomy":"product_tag","embeddable":true,"href":"https:\/\/yume-silm.com\/fr\/wp-json\/wp\/v2\/product_tag?post=8441"}],"curies":[{"name":"wp","href":"https:\/\/api.w.org\/{rel}","templated":true}]}}