{"id":8469,"date":"2024-06-14T07:08:29","date_gmt":"2024-06-14T07:08:29","guid":{"rendered":"https:\/\/yume-silm.com\/?post_type=product&#038;p=8469"},"modified":"2025-04-09T00:46:29","modified_gmt":"2025-04-09T00:46:29","slug":"costumes-de-sauna-minces-pour-hommes-et-femmes","status":"publish","type":"product","link":"https:\/\/yume-silm.com\/fr\/produit\/costumes-de-sauna-minces-pour-hommes-et-femmes\/","title":{"rendered":"Combinaisons de sudation de sauna minces pour hommes et femmes"},"content":{"rendered":"<h5>Caract\u00e9ristiques de conception<\/h5>\n<ul>\n<li data-slate-node=\"element\"><span class=\"\" data-slate-node=\"text\"><span class=\"21\" data-slate-leaf=\"true\"><span data-slate-string=\"true\">COSTUMES DE SAUNA UNIVERSELS POUR HOMMES ET FEMMES : La veste de sauna \u00e0 manches longues avec poches vous permet de faire de l&#039;exercice en plein air plus facilement. <\/span><\/span><\/span><span data-slate-node=\"text\"><span class=\"22\" data-slate-leaf=\"true\">Les surv\u00eatements de sauna slim pour hommes et femmes sont d\u00e9cor\u00e9s de lignes blanches, ce qui leur conf\u00e8re une allure sportive et tendance.<\/span><\/span><\/li>\n<li data-slate-node=\"element\"><span data-slate-node=\"text\"><span class=\"41\" data-slate-leaf=\"true\">EFFET SAUNA EFFICACE : Le pantalon de sauna \u00e0 manches longues pour entra\u00eenement de gym est compos\u00e9 d&#039;une couche int\u00e9rieure en n\u00e9opr\u00e8ne, qui augmente rapidement la temp\u00e9rature du corps et transpire abondamment ; favorise le m\u00e9tabolisme et br\u00fble les graisses pour une perte de poids saine.<\/span><\/span><\/li>\n<li data-slate-node=\"element\"><span data-slate-node=\"text\"><span class=\"61\" data-slate-leaf=\"true\">HAUTE \u00c9LASTICIT\u00c9 ET DURABLE : Nos combinaisons de sauna pour perdre du poids ne se d\u00e9chirent pas facilement, m\u00eame pendant un exercice intense. <\/span><\/span><span data-slate-node=\"text\"><span class=\"62\" data-slate-leaf=\"true\">Les combinaisons de sauna sont douces et plus \u00e9lastiques, s&#039;adaptant facilement \u00e0 tout exercice que vous faites.<\/span><\/span><\/li>\n<li data-slate-node=\"element\"><span data-slate-node=\"text\"><span class=\"81\" data-slate-leaf=\"true\">Coupe-vent et imperm\u00e9able : notre gamme de surv\u00eatements de boxe est garantie coupe-vent et imperm\u00e9able, avec des fermetures \u00e9clair scell\u00e9es et des ceintures et poignets serr\u00e9s con\u00e7us pour maximiser la capacit\u00e9 de votre corps \u00e0 transpirer rapidement et comme un fou.<\/span><\/span><\/li>\n<\/ul>\n<h6><em>Veste de sauna, leggings de sauna pour l&#039;entra\u00eenement, perte de poids<\/em><\/h6>\n<p><img fetchpriority=\"high\" decoding=\"async\" class=\"alignnone size-medium wp-image-8494\" src=\"https:\/\/yume-silm.com\/wp-content\/uploads\/2024\/06\/slim-sauna-suits-for-men-and-women-2-300x300.jpg\" alt=\"costumes de sudation de sauna minces pour hommes et femmes\" width=\"300\" height=\"300\" title=\"\" srcset=\"https:\/\/yume-silm.com\/wp-content\/uploads\/2024\/06\/slim-sauna-suits-for-men-and-women-2-300x300.jpg 300w, https:\/\/yume-silm.com\/wp-content\/uploads\/2024\/06\/slim-sauna-suits-for-men-and-women-2-150x150.jpg 150w, https:\/\/yume-silm.com\/wp-content\/uploads\/2024\/06\/slim-sauna-suits-for-men-and-women-2-12x12.jpg 12w, https:\/\/yume-silm.com\/wp-content\/uploads\/2024\/06\/slim-sauna-suits-for-men-and-women-2-100x100.jpg 100w, https:\/\/yume-silm.com\/wp-content\/uploads\/2024\/06\/slim-sauna-suits-for-men-and-women-2.jpg 600w\" sizes=\"(max-width: 300px) 100vw, 300px\" \/><img decoding=\"async\" class=\"alignnone size-medium wp-image-8495\" src=\"https:\/\/yume-silm.com\/wp-content\/uploads\/2024\/06\/slim-sauna-suits-for-men-and-women-sauna-jacket-and-pants-300x300.jpg\" alt=\"costumes de sudation de sauna minces pour hommes et femmes\" width=\"300\" height=\"300\" title=\"\" srcset=\"https:\/\/yume-silm.com\/wp-content\/uploads\/2024\/06\/slim-sauna-suits-for-men-and-women-sauna-jacket-and-pants-300x300.jpg 300w, https:\/\/yume-silm.com\/wp-content\/uploads\/2024\/06\/slim-sauna-suits-for-men-and-women-sauna-jacket-and-pants-150x150.jpg 150w, https:\/\/yume-silm.com\/wp-content\/uploads\/2024\/06\/slim-sauna-suits-for-men-and-women-sauna-jacket-and-pants-12x12.jpg 12w, https:\/\/yume-silm.com\/wp-content\/uploads\/2024\/06\/slim-sauna-suits-for-men-and-women-sauna-jacket-and-pants-100x100.jpg 100w, https:\/\/yume-silm.com\/wp-content\/uploads\/2024\/06\/slim-sauna-suits-for-men-and-women-sauna-jacket-and-pants.jpg 600w\" sizes=\"(max-width: 300px) 100vw, 300px\" \/><\/p>\n<ul>\n<li data-slate-node=\"element\"><span data-slate-node=\"text\"><span class=\"101\" data-slate-leaf=\"true\">365 jours : portez notre combinaison de sauna \u00e0 manches longues pour homme pour transpirer 5 fois plus que d&#039;habitude. <\/span><\/span><span data-slate-node=\"text\"><span class=\"102\" data-slate-leaf=\"true\">Convient \u00e0 toutes les saisons de l&#039;ann\u00e9e, vous permet d&#039;obtenir le double de la transpiration et un effet sauna efficace dans la salle de sport. <\/span><\/span><span data-slate-node=\"text\"><span class=\"103\" data-slate-leaf=\"true\">Laissez-vous r\u00e9chauffer votre corps rapidement pendant le froid de l&#039;hiver.<\/span><\/span><\/li>\n<li data-slate-node=\"element\" data-slate-fragment=\"JTVCJTdCJTIydHlwZSUyMiUzQSUyMnBhcmFncmFwaCUyMiUyQyUyMmNoaWxkcmVuJTIyJTNBJTVCJTdCJTIydGV4dCUyMiUzQSUyMlVOSVZFUlNBTCUyMFNBVU5BJTIwU1VJVFMlMjBGT1IlMjBNRU4lMjBBTkQlMjBXT01FTiUzQSUyMFRoZSUyMGxvbmctc2xlZXZlZCUyMHNhdW5hJTIwamFja2V0JTIwd2l0aCUyMHBvY2tldHMlMjBtYWtlcyUyMGl0JTIwbW9yZSUyMGNvbnZlbmllbnQlMjBmb3IlMjB5b3UlMjB0byUyMGV4ZXJjaXNlJTIwb3V0ZG9vcnMuJTIwJTIyJTJDJTIyc2VudGVuY2UlMjIlM0EyJTJDJTIyY2hpbGRTZW50ZW5jZSUyMiUzQTElN0QlMkMlN0IlMjJ0ZXh0JTIyJTNBJTIyVGhlJTIwc2F1bmElMjBzdWl0cyUyMGZvciUyMG1lbiUyMGFuZCUyMHdvbWVuJTIwYXJlJTIwZGVjb3JhdGVkJTIwd2l0aCUyMHdoaXRlJTIwbGluZXMlMkMlMjBnaXZpbmclMjBpdCUyMGElMjBzcG9ydHklMjBhbmQlMjBmYXNoaW9uYWJsZSUyMGZlZWwuJTIyJTJDJTIyc2VudGVuY2UlMjIlM0EyJTJDJTIyY2hpbGRTZW50ZW5jZSUyMiUzQTIlN0QlNUQlN0QlMkMlN0IlMjJ0eXBlJTIyJTNBJTIycGFyYWdyYXBoJTIyJTJDJTIyY2hpbGRyZW4lMjIlM0ElNUIlN0IlMjJ0ZXh0JTIyJTNBJTIyJTIyJTJDJTIyc2VudGVuY2UlMjIlM0EzJTJDJTIyY2hpbGRTZW50ZW5jZSUyMiUzQTElN0QlNUQlN0QlMkMlN0IlMjJ0eXBlJTIyJTNBJTIycGFyYWdyYXBoJTIyJTJDJTIyY2hpbGRyZW4lMjIlM0ElNUIlN0IlMjJ0ZXh0JTIyJTNBJTIyRUZGRUNUSVZFJTIwU0FVTkElMjBFRkZFQ1QlM0ElMjBUaGUlMjBsb25nLXNsZWV2ZWQlMjBzYXVuYSUyMHBhbnRzJTIwc2F1bmElMjB0b3AlMjBneW0lMjB3b3Jrb3V0JTIwaXMlMjBtYWRlJTIwb2YlMjBhJTIwbmVvcHJlbmUlMjBpbm5lciUyMGxheWVyJTJDJTIwd2hpY2glMjByYXBpZGx5JTIwcmFpc2VzJTIwdGhlJTIwYm9keSUyMHRlbXBlcmF0dXJlJTIwYW5kJTIwc3dlYXQlMjBwcm9mdXNlbHklM0IlMjBwcm9tb3RlcyUyMG1ldGFib2xpc20lMkMlMjBhbmQlMjBidXJucyUyMGZhdCUyMGZvciUyMGhlYWx0aHklMjB3ZWlnaHQlMjBsb3NzLiUyMiUyQyUyMnNlbnRlbmNlJTIyJTNBNCUyQyUyMmNoaWxkU2VudGVuY2UlMjIlM0ExJTdEJTVEJTdEJTJDJTdCJTIydHlwZSUyMiUzQSUyMnBhcmFncmFwaCUyMiUyQyUyMmNoaWxkcmVuJTIyJTNBJTVCJTdCJTIydGV4dCUyMiUzQSUyMiUyMiUyQyUyMnNlbnRlbmNlJTIyJTNBNSUyQyUyMmNoaWxkU2VudGVuY2UlMjIlM0ExJTdEJTVEJTdEJTJDJTdCJTIydHlwZSUyMiUzQSUyMnBhcmFncmFwaCUyMiUyQyUyMmNoaWxkcmVuJTIyJTNBJTVCJTdCJTIydGV4dCUyMiUzQSUyMkhJR0glMjBFTEFTVElDSVRZJTIwQU5EJTIwRFVSQUJMRSUzQSUyME91ciUyMHNhdW5hJTIwc3VpdHMlMjBmb3IlMjB3ZWlnaHQlMjBsb3NzJTIwYXJlJTIwZ3VhcmFudGVlZCUyMG5vdCUyMHRvJTIwdGVhciUyMGVhc2lseSUyMGV2ZW4lMjBkdXJpbmclMjBzdHJlbnVvdXMlMjBleGVyY2lzZS4lMjAlMjIlMkMlMjJzZW50ZW5jZSUyMiUzQTYlMkMlMjJjaGlsZFNlbnRlbmNlJTIyJTNBMSU3RCUyQyU3QiUyMnRleHQlMjIlM0ElMjJUaGUlMjBzYXVuYSUyMHN1aXRzJTIwYXJlJTIwc29mdCUyMGFuZCUyMG1vcmUlMjBlbGFzdGljJTJDJTIwZWFzaWx5JTIwYWRhcHRpbmclMjB0byUyMGFueSUyMGV4ZXJjaXNlJTIweW91JTIwZG8uJTIyJTJDJTIyc2VudGVuY2UlMjIlM0E2JTJDJTIyY2hpbGRTZW50ZW5jZSUyMiUzQTIlN0QlNUQlN0QlMkMlN0IlMjJ0eXBlJTIyJTNBJTIycGFyYWdyYXBoJTIyJTJDJTIyY2hpbGRyZW4lMjIlM0ElNUIlN0IlMjJ0ZXh0JTIyJTNBJTIyJTIyJTJDJTIyc2VudGVuY2UlMjIlM0E3JTJDJTIyY2hpbGRTZW50ZW5jZSUyMiUzQTElN0QlNUQlN0QlMkMlN0IlMjJ0eXBlJTIyJTNBJTIycGFyYWdyYXBoJTIyJTJDJTIyY2hpbGRyZW4lMjIlM0ElNUIlN0IlMjJ0ZXh0JTIyJTNBJTIyV0lORCUyMEFORCUyMFdBVEVSUFJPT0YlM0ElMjBPdXIlMjByYW5nZSUyMG9mJTIwYm94aW5nJTIwZ3ltJTIwc3dlYXQlMjBzdWl0cyUyMGlzJTIwZ3VhcmFudGVlZCUyMHRvJTIwYmUlMjB3aW5kJTIwYW5kJTIwd2F0ZXJwcm9vZiUyQyUyMHdpdGglMjBzZWFsZWQlMjB6aXBwZXJzJTIwYW5kJTIwdGlnaHQtZml0dGluZyUyMHdhaXN0YmFuZHMlMjBhbmQlMjBjdWZmcyUyMGRlc2lnbmVkJTIwdG8lMjBtYXhpbWl6ZSUyMHlvdXIlMjBib2R5J3MlMjBhYmlsaXR5JTIwdG8lMjBzd2VhdCUyMHF1aWNrbHklMjBhbmQlMjBsaWtlJTIwY3JhenkuJTIyJTJDJTIyc2VudGVuY2UlMjIlM0E4JTJDJTIyY2hpbGRTZW50ZW5jZSUyMiUzQTElN0QlNUQlN0QlMkMlN0IlMjJ0eXBlJTIyJTNBJTIycGFyYWdyYXBoJTIyJTJDJTIyY2hpbGRyZW4lMjIlM0ElNUIlN0IlMjJ0ZXh0JTIyJTNBJTIyJTIyJTJDJTIyc2VudGVuY2UlMjIlM0E5JTJDJTIyY2hpbGRTZW50ZW5jZSUyMiUzQTElN0QlNUQlN0QlMkMlN0IlMjJ0eXBlJTIyJTNBJTIycGFyYWdyYXBoJTIyJTJDJTIyY2hpbGRyZW4lMjIlM0ElNUIlN0IlMjJ0ZXh0JTIyJTNBJTIyMzY1JTIwREFZUyUzQSUyMFdlYXIlMjBvdXIlMjBleGVyY2lzZSUyMGd5bSUyMGxvbmctc2xlZXZlZCUyMHNhdW5hJTIwc3VpdCUyMGZvciUyMG1lbiUyMHRvJTIwZ2V0JTIwNSUyMHRpbWVzJTIwbW9yZSUyMHN3ZWF0JTIwdGhhbiUyMHVzdWFsLiUyMCUyMiUyQyUyMnNlbnRlbmNlJTIyJTNBMTAlMkMlMjJjaGlsZFNlbnRlbmNlJTIyJTNBMSU3RCUyQyU3QiUyMnRleHQlMjIlM0ElMjJTdWl0YWJsZSUyMGZvciUyMGFsbCUyMHNlYXNvbnMlMjBvZiUyMHRoZSUyMHllYXIlMkMlMjBsZXRzJTIweW91JTIwZ2V0JTIwZG91YmxlJTIwdGhlJTIwc3dlYXQlMjBhbmQlMjBlZmZpY2llbnQlMjBzYXVuYSUyMGVmZmVjdCUyMGluJTIwdGhlJTIwZ3ltLiUyMCUyMiUyQyUyMnNlbnRlbmNlJTIyJTNBMTAlMkMlMjJjaGlsZFNlbnRlbmNlJTIyJTNBMiU3RCUyQyU3QiUyMnRleHQlMjIlM0ElMjJMZXQlMjB5b3UlMjB3YXJtJTIweW91ciUyMGJvZHklMjBxdWlja2x5JTIwaW4lMjB0aGUlMjBjb2xkJTIwd2ludGVyLiUyMiUyQyUyMnNlbnRlbmNlJTIyJTNBMTAlMkMlMjJjaGlsZFNlbnRlbmNlJTIyJTNBMyU3RCU1RCU3RCUyQyU3QiUyMnR5cGUlMjIlM0ElMjJwYXJhZ3JhcGglMjIlMkMlMjJjaGlsZHJlbiUyMiUzQSU1QiU3QiUyMnRleHQlMjIlM0ElMjIlMjIlMkMlMjJzZW50ZW5jZSUyMiUzQTExJTJDJTIyY2hpbGRTZW50ZW5jZSUyMiUzQTElN0QlNUQlN0QlMkMlN0IlMjJ0eXBlJTIyJTNBJTIycGFyYWdyYXBoJTIyJTJDJTIyY2hpbGRyZW4lMjIlM0ElNUIlN0IlMjJ0ZXh0JTIyJTNBJTIyTVVMVElQTEUlMjBPQ0NBU0lPTlMlMjBBUFBMSUNBQkxFJTNBJTIwVGhpcyUyMHNsaW0lMjBzYXVuYSUyMHN1aXRzJTIwZm9yJTIwbWVuJTIwYW5kJTIwd29tZW4lMjBpcyUyMGNvbWZvcnRhYmxlJTIwdG8lMjB3ZWFyJTIwYWxsJTIwZGF5JTIwbG9uZy4lMjAlMjIlMkMlMjJzZW50ZW5jZSUyMiUzQTEyJTJDJTIyY2hpbGRTZW50ZW5jZSUyMiUzQTElN0QlMkMlN0IlMjJ0ZXh0JTIyJTNBJTIySGVscCUyMHlvdSUyMGJ1cm4lMjBjYWxvcmllcyUyMGFueXRpbWUlMjBhbmQlMjBhbnl3aGVyZSUyQyUyMGxldCUyMHlvdSUyMGVuam95JTIweW91ciUyMHdvcmtvdXQlMjBhbmQlMjBzd2VhdC4lMjAlMjIlMkMlMjJzZW50ZW5jZSUyMiUzQTEyJTJDJTIyY2hpbGRTZW50ZW5jZSUyMiUzQTIlN0QlMkMlN0IlMjJ0ZXh0JTIyJTNBJTIyU3VpdGFibGUlMjBmb3IlMjBneW0lMjB0cmFpbmluZyUyQyUyMHJ1bm5pbmclMkMlMjBib3hpbmclMkMlMjB3ZWlnaHQlMjBsaWZ0aW5nJTJDJTIweW9nYSUyMGFuZCUyMHNvJTIwb24uJTIyJTJDJTIyc2VudGVuY2UlMjIlM0ExMiUyQyUyMmNoaWxkU2VudGVuY2UlMjIlM0EzJTdEJTVEJTdEJTVE\"><span data-slate-node=\"text\"><span class=\"121\" data-slate-leaf=\"true\">MULTIPLES OCCASIONS APPLICABLES\u00a0: Ce surv\u00eatement de sauna mince pour hommes et femmes est confortable \u00e0 porter toute la journ\u00e9e. <\/span><\/span><span data-slate-node=\"text\"><span class=\"122\" data-slate-leaf=\"true\">Vous aide \u00e0 br\u00fbler des calories \u00e0 tout moment et n&#039;importe o\u00f9, vous permet de profiter de votre entra\u00eenement et de votre transpiration. <\/span><\/span><span data-slate-node=\"text\"><span class=\"123\" data-slate-leaf=\"true\">Convient pour l&#039;entra\u00eenement en salle de sport, la course, la boxe, l&#039;halt\u00e9rophilie, le yoga, etc.<\/span><\/span><\/li>\n<\/ul>","protected":false},"excerpt":{"rendered":"<p>Enfilez un surv\u00eatement de sauna \u00e9l\u00e9gant \u00e0 manches longues pour hommes et femmes, \u00e9vacuez la transpiration, gagnez en confiance et red\u00e9finissez une vie saine !<\/p>","protected":false},"featured_media":8496,"comment_status":"open","ping_status":"closed","template":"","meta":{"site-sidebar-layout":"default","site-content-layout":"","ast-site-content-layout":"default","site-content-style":"default","site-sidebar-style":"default","ast-global-header-display":"","ast-banner-title-visibility":"","ast-main-header-display":"","ast-hfb-above-header-display":"","ast-hfb-below-header-display":"","ast-hfb-mobile-header-display":"","site-post-title":"","ast-breadcrumbs-content":"","ast-featured-img":"","footer-sml-layout":"","ast-disable-related-posts":"","theme-transparent-header-meta":"default","adv-header-id-meta":"","stick-header-meta":"default","header-above-stick-meta":"","header-main-stick-meta":"","header-below-stick-meta":"","astra-migrate-meta-layouts":"set","ast-page-background-enabled":"default","ast-page-background-meta":{"desktop":{"background-color":"","background-image":"","background-repeat":"repeat","background-position":"center center","background-size":"auto","background-attachment":"scroll","background-type":"","background-media":"","overlay-type":"","overlay-color":"","overlay-opacity":"","overlay-gradient":""},"tablet":{"background-color":"","background-image":"","background-repeat":"repeat","background-position":"center center","background-size":"auto","background-attachment":"scroll","background-type":"","background-media":"","overlay-type":"","overlay-color":"","overlay-opacity":"","overlay-gradient":""},"mobile":{"background-color":"","background-image":"","background-repeat":"repeat","background-position":"center center","background-size":"auto","background-attachment":"scroll","background-type":"","background-media":"","overlay-type":"","overlay-color":"","overlay-opacity":"","overlay-gradient":""}},"ast-content-background-meta":{"desktop":{"background-color":"var(--ast-global-color-5)","background-image":"","background-repeat":"repeat","background-position":"center center","background-size":"auto","background-attachment":"scroll","background-type":"","background-media":"","overlay-type":"","overlay-color":"","overlay-opacity":"","overlay-gradient":""},"tablet":{"background-color":"var(--ast-global-color-5)","background-image":"","background-repeat":"repeat","background-position":"center center","background-size":"auto","background-attachment":"scroll","background-type":"","background-media":"","overlay-type":"","overlay-color":"","overlay-opacity":"","overlay-gradient":""},"mobile":{"background-color":"var(--ast-global-color-5)","background-image":"","background-repeat":"repeat","background-position":"center center","background-size":"auto","background-attachment":"scroll","background-type":"","background-media":"","overlay-type":"","overlay-color":"","overlay-opacity":"","overlay-gradient":""}}},"product_brand":[],"product_cat":[65,76,97,102,98,99],"product_tag":[635,634,632,638,167,548],"class_list":{"0":"post-8469","1":"product","2":"type-product","3":"status-publish","4":"has-post-thumbnail","6":"product_cat-best-sellers","7":"product_cat-new-arrivels","8":"product_cat-sauna-suit","9":"product_cat-full-body-sweat-suit","10":"product_cat-sauna-jacket","11":"product_cat-sauna-pants","12":"product_tag-men-and-women","13":"product_tag-sauna-jacket","14":"product_tag-sauna-lover","15":"product_tag-sauna-pants","16":"product_tag-sauna-suit","17":"product_tag-sauna-sweat","18":"pa_color-blue-jacket","19":"pa_color-blue-pant","20":"pa_color-silver-jacket","21":"pa_color-silver-pant","22":"pa_size-l","23":"pa_size-m","24":"pa_size-s","25":"pa_size-xl","26":"pa_size-xxl","27":"pa_size-xxxl","28":"desktop-align-center","29":"tablet-align-left","30":"mobile-align-left","31":"ast-product-gallery-layout-horizontal-slider","32":"ast-product-single-variable","33":"ast-product-tabs-layout-horizontal","34":"ast-qv-on-image","36":"first","37":"instock","38":"shipping-taxable","39":"purchasable","40":"product-type-variable"},"tiered_pricing_type":"fixed","tiered_pricing_fixed_rules":[],"tiered_pricing_product_settings":{"layout":"default","base_unit_name":{"singular":null,"plural":null},"default_variation":null},"tiered_pricing_minimum_quantity":null,"tiered_pricing_roles_data":[],"tiered_pricing_percentage_rules":[],"_links":{"self":[{"href":"https:\/\/yume-silm.com\/fr\/wp-json\/wp\/v2\/product\/8469","targetHints":{"allow":["GET"]}}],"collection":[{"href":"https:\/\/yume-silm.com\/fr\/wp-json\/wp\/v2\/product"}],"about":[{"href":"https:\/\/yume-silm.com\/fr\/wp-json\/wp\/v2\/types\/product"}],"replies":[{"embeddable":true,"href":"https:\/\/yume-silm.com\/fr\/wp-json\/wp\/v2\/comments?post=8469"}],"wp:featuredmedia":[{"embeddable":true,"href":"https:\/\/yume-silm.com\/fr\/wp-json\/wp\/v2\/media\/8496"}],"wp:attachment":[{"href":"https:\/\/yume-silm.com\/fr\/wp-json\/wp\/v2\/media?parent=8469"}],"wp:term":[{"taxonomy":"product_brand","embeddable":true,"href":"https:\/\/yume-silm.com\/fr\/wp-json\/wp\/v2\/product_brand?post=8469"},{"taxonomy":"product_cat","embeddable":true,"href":"https:\/\/yume-silm.com\/fr\/wp-json\/wp\/v2\/product_cat?post=8469"},{"taxonomy":"product_tag","embeddable":true,"href":"https:\/\/yume-silm.com\/fr\/wp-json\/wp\/v2\/product_tag?post=8469"}],"curies":[{"name":"wp","href":"https:\/\/api.w.org\/{rel}","templated":true}]}}