{"id":8505,"date":"2024-06-14T08:17:44","date_gmt":"2024-06-14T08:17:44","guid":{"rendered":"https:\/\/yume-silm.com\/?post_type=product&#038;p=8505"},"modified":"2024-12-10T09:35:22","modified_gmt":"2024-12-10T09:35:22","slug":"combinaison-de-sauna-a-manches-longues-avec-capuche-et-fermeture-eclair","status":"publish","type":"product","link":"https:\/\/yume-silm.com\/fr\/produit\/combinaison-de-sauna-a-manches-longues-avec-capuche-et-fermeture-eclair\/","title":{"rendered":"Combinaison de sauna \u00e0 manches longues avec capuche et fermeture \u00e9clair"},"content":{"rendered":"<h5>Caract\u00e9ristiques de conception<\/h5>\n<ul>\n<li data-slate-node=\"element\"><span data-slate-node=\"text\"><span class=\"21\" data-slate-leaf=\"true\"><strong>COSTUMES DE SAUNA UNIVERSELS POUR HOMMES ET FEMMES\u00a0:<\/strong> La combinaison thermique \u00e0 manches longues avec capuche vous permet de faire de l&#039;exercice en plein air plus facilement. <\/span><\/span><span data-slate-node=\"text\"><span class=\"22\" data-slate-leaf=\"true\">Les combinaisons de sauna de sport noires vous procurent un sentiment de myst\u00e8re et de puissance qui attire beaucoup l&#039;attention.<\/span><\/span><\/li>\n<li data-slate-node=\"element\"><span data-slate-node=\"text\"><span class=\"41\" data-slate-leaf=\"true\"><strong>EFFET SAUNA EFFICACE\u00a0:<\/strong> Le pantalon de sauna \u00e0 manches longues pour entra\u00eenement de gym est compos\u00e9 d&#039;une couche int\u00e9rieure en n\u00e9opr\u00e8ne, qui augmente rapidement la temp\u00e9rature du corps et transpire abondamment\u00a0; favorise le m\u00e9tabolisme et br\u00fble les graisses pour une perte de poids saine.<\/span><\/span><\/li>\n<li data-slate-node=\"element\"><span data-slate-node=\"text\"><span class=\"61\" data-slate-leaf=\"true\"><strong>HAUTE \u00c9LASTICIT\u00c9 ET DURABLE\u00a0:<\/strong> Nos combinaisons de sauna pour perdre du poids ne se d\u00e9chirent pas facilement, m\u00eame pendant un exercice intense. <\/span><\/span><span class=\"\" data-slate-node=\"text\"><span class=\"62\" data-slate-leaf=\"true\"><span data-slate-string=\"true\">La combinaison de sauna \u00e0 manches longues avec capuche et fermeture \u00e9clair est douce et plus \u00e9lastique, s&#039;adaptant facilement \u00e0 tout exercice que vous faites.<\/span><\/span><\/span><\/li>\n<li data-slate-node=\"element\"><span data-slate-node=\"text\"><span class=\"81\" data-slate-leaf=\"true\"><strong>COUPE-VENT ET IMPERM\u00c9ABLE\u00a0:<\/strong> Notre gamme de vestes \u00e0 fermeture \u00e9clair pour boxe, amincissement, fitness, course \u00e0 pied, entra\u00eenement est garantie coupe-vent et imperm\u00e9able, avec des fermetures \u00e9clair scell\u00e9es et des ceintures et poignets bien ajust\u00e9s con\u00e7us pour maximiser la capacit\u00e9 de votre corps \u00e0 transpirer rapidement et comme un fou.<\/span><\/span><\/li>\n<\/ul>\n<h6><em>Veste de sauna, leggings de sauna pour perdre du poids<\/em><\/h6>\n<p><img fetchpriority=\"high\" decoding=\"async\" class=\"alignnone size-medium wp-image-8506\" src=\"https:\/\/yume-silm.com\/wp-content\/uploads\/2024\/06\/long-sleeve-sauna-suit-with-hood-and-zipper-weight-loss-men-and-women-5-300x300.jpg\" alt=\"combinaison de sauna \u00e0 manches longues avec capuche et fermeture \u00e9clair pour hommes et femmes qui perdent du poids\" width=\"300\" height=\"300\" title=\"\" srcset=\"https:\/\/yume-silm.com\/wp-content\/uploads\/2024\/06\/long-sleeve-sauna-suit-with-hood-and-zipper-weight-loss-men-and-women-5-300x300.jpg 300w, https:\/\/yume-silm.com\/wp-content\/uploads\/2024\/06\/long-sleeve-sauna-suit-with-hood-and-zipper-weight-loss-men-and-women-5-150x150.jpg 150w, https:\/\/yume-silm.com\/wp-content\/uploads\/2024\/06\/long-sleeve-sauna-suit-with-hood-and-zipper-weight-loss-men-and-women-5-12x12.jpg 12w, https:\/\/yume-silm.com\/wp-content\/uploads\/2024\/06\/long-sleeve-sauna-suit-with-hood-and-zipper-weight-loss-men-and-women-5-100x100.jpg 100w, https:\/\/yume-silm.com\/wp-content\/uploads\/2024\/06\/long-sleeve-sauna-suit-with-hood-and-zipper-weight-loss-men-and-women-5.jpg 600w\" sizes=\"(max-width: 300px) 100vw, 300px\" \/><img decoding=\"async\" class=\"alignnone size-medium wp-image-8507\" src=\"https:\/\/yume-silm.com\/wp-content\/uploads\/2024\/06\/long-sleeve-sauna-suit-with-hood-and-zipper-weight-loss-men-and-women-3-300x300.jpg\" alt=\"combinaison de sauna \u00e0 manches longues avec capuche et fermeture \u00e9clair pour hommes et femmes qui perdent du poids\" width=\"300\" height=\"300\" title=\"\" srcset=\"https:\/\/yume-silm.com\/wp-content\/uploads\/2024\/06\/long-sleeve-sauna-suit-with-hood-and-zipper-weight-loss-men-and-women-3-300x300.jpg 300w, https:\/\/yume-silm.com\/wp-content\/uploads\/2024\/06\/long-sleeve-sauna-suit-with-hood-and-zipper-weight-loss-men-and-women-3-150x150.jpg 150w, https:\/\/yume-silm.com\/wp-content\/uploads\/2024\/06\/long-sleeve-sauna-suit-with-hood-and-zipper-weight-loss-men-and-women-3-768x768.jpg 768w, https:\/\/yume-silm.com\/wp-content\/uploads\/2024\/06\/long-sleeve-sauna-suit-with-hood-and-zipper-weight-loss-men-and-women-3-12x12.jpg 12w, https:\/\/yume-silm.com\/wp-content\/uploads\/2024\/06\/long-sleeve-sauna-suit-with-hood-and-zipper-weight-loss-men-and-women-3-100x100.jpg 100w, https:\/\/yume-silm.com\/wp-content\/uploads\/2024\/06\/long-sleeve-sauna-suit-with-hood-and-zipper-weight-loss-men-and-women-3.jpg 800w\" sizes=\"(max-width: 300px) 100vw, 300px\" \/><\/p>\n<ul>\n<li data-slate-node=\"element\"><span data-slate-node=\"text\"><span class=\"101\" data-slate-leaf=\"true\"><strong>365 JOURS\u00a0:<\/strong> Portez notre ensemble haut et pantalon pour homme et femme pour transpirer 5 fois plus que d&#039;habitude. <\/span><\/span><span data-slate-node=\"text\"><span class=\"102\" data-slate-leaf=\"true\">Convient \u00e0 toutes les saisons de l&#039;ann\u00e9e, vous permet d&#039;obtenir le double de la transpiration et un effet sauna efficace dans la salle de sport. <\/span><\/span><span data-slate-node=\"text\"><span class=\"103\" data-slate-leaf=\"true\">Laissez-vous r\u00e9chauffer votre corps rapidement pendant le froid de l&#039;hiver.<\/span><\/span><\/li>\n<li data-slate-node=\"element\" data-slate-fragment=\"JTVCJTdCJTIydHlwZSUyMiUzQSUyMnBhcmFncmFwaCUyMiUyQyUyMmNoaWxkcmVuJTIyJTNBJTVCJTdCJTIydGV4dCUyMiUzQSUyMlVOSVZFUlNBTCUyMFNBVU5BJTIwU1VJVFMlMjBGT1IlMjBNRU4lMjBBTkQlMjBXT01FTiUzQSUyMFRoZSUyMGxvbmctc2xlZXZlZCUyMGZ1bGwtYm9keSUyMHN3ZWF0JTIwaGVhdCUyMHN1aXQlMjB3aXRoJTIwaG9vZCUyMG1ha2VzJTIwaXQlMjBtb3JlJTIwY29udmVuaWVudCUyMGZvciUyMHlvdSUyMHRvJTIwZXhlcmNpc2UlMjBvdXRkb29ycy4lMjAlMjIlMkMlMjJzZW50ZW5jZSUyMiUzQTIlMkMlMjJjaGlsZFNlbnRlbmNlJTIyJTNBMSU3RCUyQyU3QiUyMnRleHQlMjIlM0ElMjJCbGFjayUyMHNwb3J0cyUyMHNhdW5hJTIwc3VpdHMlMjBnaXZlJTIweW91JTIwYSUyMHNlbnNlJTIwb2YlMjBteXN0ZXJ5JTIwYW5kJTIwcG93ZXIlMjB0aGF0JTIwaXMlMjB2ZXJ5JTIwYXR0ZW50aW9uLWdyYWJiaW5nLiUyMiUyQyUyMnNlbnRlbmNlJTIyJTNBMiUyQyUyMmNoaWxkU2VudGVuY2UlMjIlM0EyJTdEJTVEJTdEJTJDJTdCJTIydHlwZSUyMiUzQSUyMnBhcmFncmFwaCUyMiUyQyUyMmNoaWxkcmVuJTIyJTNBJTVCJTdCJTIydGV4dCUyMiUzQSUyMiUyMiUyQyUyMnNlbnRlbmNlJTIyJTNBMyUyQyUyMmNoaWxkU2VudGVuY2UlMjIlM0ExJTdEJTVEJTdEJTJDJTdCJTIydHlwZSUyMiUzQSUyMnBhcmFncmFwaCUyMiUyQyUyMmNoaWxkcmVuJTIyJTNBJTVCJTdCJTIydGV4dCUyMiUzQSUyMkVGRkVDVElWRSUyMFNBVU5BJTIwRUZGRUNUJTNBJTIwVGhlJTIwbG9uZy1zbGVldmVkJTIwc2F1bmElMjBwYW50cyUyMHNhdW5hJTIwdG9wJTIwZ3ltJTIwd29ya291dCUyMGlzJTIwbWFkZSUyMG9mJTIwYSUyMG5lb3ByZW5lJTIwaW5uZXIlMjBsYXllciUyQyUyMHdoaWNoJTIwcmFwaWRseSUyMHJhaXNlcyUyMHRoZSUyMGJvZHklMjB0ZW1wZXJhdHVyZSUyMGFuZCUyMHN3ZWF0JTIwcHJvZnVzZWx5JTNCJTIwcHJvbW90ZXMlMjBtZXRhYm9saXNtJTJDJTIwYW5kJTIwYnVybnMlMjBmYXQlMjBmb3IlMjBoZWFsdGh5JTIwd2VpZ2h0JTIwbG9zcy4lMjIlMkMlMjJzZW50ZW5jZSUyMiUzQTQlMkMlMjJjaGlsZFNlbnRlbmNlJTIyJTNBMSU3RCU1RCU3RCUyQyU3QiUyMnR5cGUlMjIlM0ElMjJwYXJhZ3JhcGglMjIlMkMlMjJjaGlsZHJlbiUyMiUzQSU1QiU3QiUyMnRleHQlMjIlM0ElMjIlMjIlMkMlMjJzZW50ZW5jZSUyMiUzQTUlMkMlMjJjaGlsZFNlbnRlbmNlJTIyJTNBMSU3RCU1RCU3RCUyQyU3QiUyMnR5cGUlMjIlM0ElMjJwYXJhZ3JhcGglMjIlMkMlMjJjaGlsZHJlbiUyMiUzQSU1QiU3QiUyMnRleHQlMjIlM0ElMjJISUdIJTIwRUxBU1RJQ0lUWSUyMEFORCUyMERVUkFCTEUlM0ElMjBPdXIlMjBzYXVuYSUyMHN1aXRzJTIwZm9yJTIwd2VpZ2h0JTIwbG9zcyUyMGFyZSUyMGd1YXJhbnRlZWQlMjBub3QlMjB0byUyMHRlYXIlMjBlYXNpbHklMjBldmVuJTIwZHVyaW5nJTIwc3RyZW51b3VzJTIwZXhlcmNpc2UuJTIwJTIyJTJDJTIyc2VudGVuY2UlMjIlM0E2JTJDJTIyY2hpbGRTZW50ZW5jZSUyMiUzQTElN0QlMkMlN0IlMjJ0ZXh0JTIyJTNBJTIyVGhlJTIwc2F1bmElMjBzdWl0cyUyMGFyZSUyMHNvZnQlMjBhbmQlMjBtb3JlJTIwZWxhc3RpYyUyQyUyMGVhc2lseSUyMGFkYXB0aW5nJTIwdG8lMjBhbnklMjBleGVyY2lzZSUyMHlvdSUyMGRvLiUyMiUyQyUyMnNlbnRlbmNlJTIyJTNBNiUyQyUyMmNoaWxkU2VudGVuY2UlMjIlM0EyJTdEJTVEJTdEJTJDJTdCJTIydHlwZSUyMiUzQSUyMnBhcmFncmFwaCUyMiUyQyUyMmNoaWxkcmVuJTIyJTNBJTVCJTdCJTIydGV4dCUyMiUzQSUyMiUyMiUyQyUyMnNlbnRlbmNlJTIyJTNBNyUyQyUyMmNoaWxkU2VudGVuY2UlMjIlM0ExJTdEJTVEJTdEJTJDJTdCJTIydHlwZSUyMiUzQSUyMnBhcmFncmFwaCUyMiUyQyUyMmNoaWxkcmVuJTIyJTNBJTVCJTdCJTIydGV4dCUyMiUzQSUyMldJTkQlMjBBTkQlMjBXQVRFUlBST09GJTNBJTIwT3VyJTIwcmFuZ2UlMjBvZiUyMGJveGluZyUyMHNsaW1taW5nJTIwZ3ltJTIwZml0bmVzcyUyMHJ1bm5pbmclMjB3b3Jrb3V0JTIwemlwcGVyJTIwamFja2V0JTIwaXMlMjBndWFyYW50ZWVkJTIwdG8lMjBiZSUyMHdpbmQlMjBhbmQlMjB3YXRlcnByb29mJTJDJTIwd2l0aCUyMHNlYWxlZCUyMHppcHBlcnMlMjBhbmQlMjB0aWdodC1maXR0aW5nJTIwd2Fpc3RiYW5kcyUyMGFuZCUyMGN1ZmZzJTIwZGVzaWduZWQlMjB0byUyMG1heGltaXplJTIweW91ciUyMGJvZHkncyUyMGFiaWxpdHklMjB0byUyMHN3ZWF0JTIwcXVpY2tseSUyMGFuZCUyMGxpa2UlMjBjcmF6eS4lMjIlMkMlMjJzZW50ZW5jZSUyMiUzQTglMkMlMjJjaGlsZFNlbnRlbmNlJTIyJTNBMSU3RCU1RCU3RCUyQyU3QiUyMnR5cGUlMjIlM0ElMjJwYXJhZ3JhcGglMjIlMkMlMjJjaGlsZHJlbiUyMiUzQSU1QiU3QiUyMnRleHQlMjIlM0ElMjIlMjIlMkMlMjJzZW50ZW5jZSUyMiUzQTklMkMlMjJjaGlsZFNlbnRlbmNlJTIyJTNBMSU3RCU1RCU3RCUyQyU3QiUyMnR5cGUlMjIlM0ElMjJwYXJhZ3JhcGglMjIlMkMlMjJjaGlsZHJlbiUyMiUzQSU1QiU3QiUyMnRleHQlMjIlM0ElMjIzNjUlMjBEQVlTJTNBJTIwV2VhciUyMG91ciUyMG1lbiUyMHdvbWVuJTIwdG9wJTIwdHJvdXNlciUyMHNldCUyMHRvJTIwZ2V0JTIwNSUyMHRpbWVzJTIwbW9yZSUyMHN3ZWF0JTIwdGhhbiUyMHVzdWFsLiUyMCUyMiUyQyUyMnNlbnRlbmNlJTIyJTNBMTAlMkMlMjJjaGlsZFNlbnRlbmNlJTIyJTNBMSU3RCUyQyU3QiUyMnRleHQlMjIlM0ElMjJTdWl0YWJsZSUyMGZvciUyMGFsbCUyMHNlYXNvbnMlMjBvZiUyMHRoZSUyMHllYXIlMkMlMjBsZXRzJTIweW91JTIwZ2V0JTIwZG91YmxlJTIwdGhlJTIwc3dlYXQlMjBhbmQlMjBlZmZpY2llbnQlMjBzYXVuYSUyMGVmZmVjdCUyMGluJTIwdGhlJTIwZ3ltLiUyMCUyMiUyQyUyMnNlbnRlbmNlJTIyJTNBMTAlMkMlMjJjaGlsZFNlbnRlbmNlJTIyJTNBMiU3RCUyQyU3QiUyMnRleHQlMjIlM0ElMjJMZXQlMjB5b3UlMjB3YXJtJTIweW91ciUyMGJvZHklMjBxdWlja2x5JTIwaW4lMjB0aGUlMjBjb2xkJTIwd2ludGVyLiUyMiUyQyUyMnNlbnRlbmNlJTIyJTNBMTAlMkMlMjJjaGlsZFNlbnRlbmNlJTIyJTNBMyU3RCU1RCU3RCUyQyU3QiUyMnR5cGUlMjIlM0ElMjJwYXJhZ3JhcGglMjIlMkMlMjJjaGlsZHJlbiUyMiUzQSU1QiU3QiUyMnRleHQlMjIlM0ElMjIlMjIlMkMlMjJzZW50ZW5jZSUyMiUzQTExJTJDJTIyY2hpbGRTZW50ZW5jZSUyMiUzQTElN0QlNUQlN0QlMkMlN0IlMjJ0eXBlJTIyJTNBJTIycGFyYWdyYXBoJTIyJTJDJTIyY2hpbGRyZW4lMjIlM0ElNUIlN0IlMjJ0ZXh0JTIyJTNBJTIyTVVMVElQTEUlMjBPQ0NBU0lPTlMlMjBBUFBMSUNBQkxFJTNBJTIwVGhpcyUyMGxvbmclMjBzbGVldmUlMjBzYXVuYSUyMHN1aXQlMjB3aXRoJTIwaG9vZCUyMGFuZCUyMHppcHBlciUyMGlzJTIwY29tZm9ydGFibGUlMjB0byUyMHdlYXIlMjBhbGwlMjBkYXklMjBsb25nLiUyMCUyMiUyQyUyMnNlbnRlbmNlJTIyJTNBMTIlMkMlMjJjaGlsZFNlbnRlbmNlJTIyJTNBMSU3RCUyQyU3QiUyMnRleHQlMjIlM0ElMjJIZWxwJTIweW91JTIwYnVybiUyMGNhbG9yaWVzJTIwYW55dGltZSUyMGFuZCUyMGFueXdoZXJlJTJDJTIwbGV0JTIweW91JTIwZW5qb3klMjB5b3VyJTIwd29ya291dCUyMGFuZCUyMHN3ZWF0LiUyMCUyMiUyQyUyMnNlbnRlbmNlJTIyJTNBMTIlMkMlMjJjaGlsZFNlbnRlbmNlJTIyJTNBMiU3RCUyQyU3QiUyMnRleHQlMjIlM0ElMjJTdWl0YWJsZSUyMGZvciUyMGd5bSUyMHRyYWluaW5nJTJDJTIwcnVubmluZyUyQyUyMGJveGluZyUyQyUyMHdlaWdodCUyMGxpZnRpbmclMkMlMjB5b2dhJTIwYW5kJTIwc28lMjBvbi4lMjIlMkMlMjJzZW50ZW5jZSUyMiUzQTEyJTJDJTIyY2hpbGRTZW50ZW5jZSUyMiUzQTMlN0QlNUQlN0QlNUQ=\"><span data-slate-node=\"text\"><span class=\"121\" data-slate-leaf=\"true\"><strong>MULTIPLES OCCASIONS APPLICABLES\u00a0:<\/strong> Cette combinaison de sauna \u00e0 manches longues avec capuche et fermeture \u00e9clair est confortable \u00e0 porter toute la journ\u00e9e. <\/span><\/span><span data-slate-node=\"text\"><span class=\"122\" data-slate-leaf=\"true\">Vous aide \u00e0 br\u00fbler des calories \u00e0 tout moment et n&#039;importe o\u00f9, vous permet de profiter de votre entra\u00eenement et de votre transpiration. <\/span><\/span><span data-slate-node=\"text\"><span class=\"123\" data-slate-leaf=\"true\">Convient pour l&#039;entra\u00eenement en salle de sport, la course, la boxe, l&#039;halt\u00e9rophilie, le yoga, etc.<\/span><\/span><\/li>\n<\/ul>","protected":false},"excerpt":{"rendered":"<p>Enfilez une \u00e9l\u00e9gante combinaison de sauna \u00e0 manches longues avec capuche et fermeture \u00e9clair pour les hommes et les femmes qui perdent du poids, \u00e9vacuez la transpiration, gagnez en confiance et red\u00e9finissez une vie saine !<\/p>","protected":false},"featured_media":8508,"comment_status":"open","ping_status":"closed","template":"","meta":{"site-sidebar-layout":"default","site-content-layout":"","ast-site-content-layout":"default","site-content-style":"default","site-sidebar-style":"default","ast-global-header-display":"","ast-banner-title-visibility":"","ast-main-header-display":"","ast-hfb-above-header-display":"","ast-hfb-below-header-display":"","ast-hfb-mobile-header-display":"","site-post-title":"","ast-breadcrumbs-content":"","ast-featured-img":"","footer-sml-layout":"","ast-disable-related-posts":"","theme-transparent-header-meta":"default","adv-header-id-meta":"","stick-header-meta":"default","header-above-stick-meta":"","header-main-stick-meta":"","header-below-stick-meta":"","astra-migrate-meta-layouts":"set","ast-page-background-enabled":"default","ast-page-background-meta":{"desktop":{"background-color":"","background-image":"","background-repeat":"repeat","background-position":"center center","background-size":"auto","background-attachment":"scroll","background-type":"","background-media":"","overlay-type":"","overlay-color":"","overlay-opacity":"","overlay-gradient":""},"tablet":{"background-color":"","background-image":"","background-repeat":"repeat","background-position":"center center","background-size":"auto","background-attachment":"scroll","background-type":"","background-media":"","overlay-type":"","overlay-color":"","overlay-opacity":"","overlay-gradient":""},"mobile":{"background-color":"","background-image":"","background-repeat":"repeat","background-position":"center center","background-size":"auto","background-attachment":"scroll","background-type":"","background-media":"","overlay-type":"","overlay-color":"","overlay-opacity":"","overlay-gradient":""}},"ast-content-background-meta":{"desktop":{"background-color":"var(--ast-global-color-5)","background-image":"","background-repeat":"repeat","background-position":"center center","background-size":"auto","background-attachment":"scroll","background-type":"","background-media":"","overlay-type":"","overlay-color":"","overlay-opacity":"","overlay-gradient":""},"tablet":{"background-color":"var(--ast-global-color-5)","background-image":"","background-repeat":"repeat","background-position":"center center","background-size":"auto","background-attachment":"scroll","background-type":"","background-media":"","overlay-type":"","overlay-color":"","overlay-opacity":"","overlay-gradient":""},"mobile":{"background-color":"var(--ast-global-color-5)","background-image":"","background-repeat":"repeat","background-position":"center center","background-size":"auto","background-attachment":"scroll","background-type":"","background-media":"","overlay-type":"","overlay-color":"","overlay-opacity":"","overlay-gradient":""}}},"product_brand":[],"product_cat":[65,76,97,102,98,99],"product_tag":[634,632,638,548,154,550],"class_list":{"0":"post-8505","1":"product","2":"type-product","3":"status-publish","4":"has-post-thumbnail","6":"product_cat-best-sellers","7":"product_cat-new-arrivels","8":"product_cat-sauna-suit","9":"product_cat-full-body-sweat-suit","10":"product_cat-sauna-jacket","11":"product_cat-sauna-pants","12":"product_tag-sauna-jacket","13":"product_tag-sauna-lover","14":"product_tag-sauna-pants","15":"product_tag-sauna-sweat","16":"product_tag-with-hooks","17":"product_tag-with-zipper","18":"pa_color-silver","19":"pa_size-l","20":"pa_size-m","21":"pa_size-s","22":"pa_size-xl","23":"pa_size-xxl","24":"pa_size-xxxl","25":"desktop-align-center","26":"tablet-align-left","27":"mobile-align-left","28":"ast-product-gallery-layout-horizontal-slider","29":"ast-product-single-variable","30":"ast-product-tabs-layout-horizontal","31":"ast-qv-on-image","33":"first","34":"instock","35":"sale","36":"shipping-taxable","37":"purchasable","38":"product-type-variable"},"tiered_pricing_type":"fixed","tiered_pricing_fixed_rules":{"5":14.5,"50":13,"100":11.5},"tiered_pricing_product_settings":{"layout":"default","base_unit_name":{"singular":null,"plural":null},"default_variation":null},"tiered_pricing_minimum_quantity":null,"tiered_pricing_roles_data":[],"tiered_pricing_percentage_rules":[],"_links":{"self":[{"href":"https:\/\/yume-silm.com\/fr\/wp-json\/wp\/v2\/product\/8505","targetHints":{"allow":["GET"]}}],"collection":[{"href":"https:\/\/yume-silm.com\/fr\/wp-json\/wp\/v2\/product"}],"about":[{"href":"https:\/\/yume-silm.com\/fr\/wp-json\/wp\/v2\/types\/product"}],"replies":[{"embeddable":true,"href":"https:\/\/yume-silm.com\/fr\/wp-json\/wp\/v2\/comments?post=8505"}],"wp:featuredmedia":[{"embeddable":true,"href":"https:\/\/yume-silm.com\/fr\/wp-json\/wp\/v2\/media\/8508"}],"wp:attachment":[{"href":"https:\/\/yume-silm.com\/fr\/wp-json\/wp\/v2\/media?parent=8505"}],"wp:term":[{"taxonomy":"product_brand","embeddable":true,"href":"https:\/\/yume-silm.com\/fr\/wp-json\/wp\/v2\/product_brand?post=8505"},{"taxonomy":"product_cat","embeddable":true,"href":"https:\/\/yume-silm.com\/fr\/wp-json\/wp\/v2\/product_cat?post=8505"},{"taxonomy":"product_tag","embeddable":true,"href":"https:\/\/yume-silm.com\/fr\/wp-json\/wp\/v2\/product_tag?post=8505"}],"curies":[{"name":"wp","href":"https:\/\/api.w.org\/{rel}","templated":true}]}}