{"id":8736,"date":"2024-07-04T07:44:32","date_gmt":"2024-07-04T07:44:32","guid":{"rendered":"https:\/\/yume-silm.com\/?post_type=product&#038;p=8736"},"modified":"2024-07-05T02:39:05","modified_gmt":"2024-07-05T02:39:05","slug":"8736","status":"publish","type":"product","link":"https:\/\/yume-silm.com\/fr\/produit\/8736\/","title":{"rendered":"Body collant sexy \u00e0 col rond pour femme avec contr\u00f4le du ventre"},"content":{"rendered":"<h5>Caract\u00e9ristiques de conception<\/h5>\n<ul>\n<li><strong>Abdominoplastie\u00a0: <\/strong>Ce body collant sexy \u00e0 col rond et contr\u00f4le du ventre peut parfaitement maintenir vos seins et presser votre ventre pour am\u00e9liorer encore la forme de votre corps.<\/li>\n<li><strong>CONCEPTION DE BANDOULI\u00c8RE LARGE<\/strong>: Le nouveau body collant sexy \u00e0 col rond et contr\u00f4le du ventre est con\u00e7u avec de larges bretelles, ce qui est id\u00e9al pour cacher les bretelles du sous-v\u00eatement et r\u00e9duire la pression sur vos \u00e9paules.<\/li>\n<li><strong>ADAPT\u00c9 \u00c0 CHAQUE OCCASION<\/strong>: La combinaison shapewear pour femme peut \u00eatre port\u00e9e de n&#039;importe quelle mani\u00e8re polyvalente, peu importe que vous portiez une petite jupe ou une chemise, vous pouvez porter un string gainant en dessous pour am\u00e9liorer votre physique et augmenter votre confiance en vous.<\/li>\n<li><strong>CONCEPTION SIMPLE ET CLASSIQUE<\/strong>: Avec un design classique \u00e0 col rond, le body shapewear \u00e0 col rond pour femme montre une clavicule charmante et un charme plus \u00e9l\u00e9gant.<\/li>\n<\/ul>\n<p><a href=\"https:\/\/yume-silm.com\/wp-content\/uploads\/2024\/07\/Womens-tummy-control-sexy-tights-bodysuit-2.jpg\"><img fetchpriority=\"high\" decoding=\"async\" class=\"alignnone wp-image-8739 size-medium\" style=\"font-weight: inherit;\" src=\"https:\/\/yume-silm.com\/wp-content\/uploads\/2024\/07\/Womens-tummy-control-sexy-tights-bodysuit-2-300x300.jpg\" alt=\"women&#039;s tummy control sexy tights bodysuit\" width=\"300\" height=\"300\" title=\"\" srcset=\"https:\/\/yume-silm.com\/wp-content\/uploads\/2024\/07\/Womens-tummy-control-sexy-tights-bodysuit-2-300x300.jpg 300w, https:\/\/yume-silm.com\/wp-content\/uploads\/2024\/07\/Womens-tummy-control-sexy-tights-bodysuit-2-150x150.jpg 150w, https:\/\/yume-silm.com\/wp-content\/uploads\/2024\/07\/Womens-tummy-control-sexy-tights-bodysuit-2-768x768.jpg 768w, https:\/\/yume-silm.com\/wp-content\/uploads\/2024\/07\/Womens-tummy-control-sexy-tights-bodysuit-2-12x12.jpg 12w, https:\/\/yume-silm.com\/wp-content\/uploads\/2024\/07\/Womens-tummy-control-sexy-tights-bodysuit-2-800x800.jpg 800w, https:\/\/yume-silm.com\/wp-content\/uploads\/2024\/07\/Womens-tummy-control-sexy-tights-bodysuit-2-100x100.jpg 100w, https:\/\/yume-silm.com\/wp-content\/uploads\/2024\/07\/Womens-tummy-control-sexy-tights-bodysuit-2.jpg 1200w\" sizes=\"(max-width: 300px) 100vw, 300px\" \/><\/a><a href=\"https:\/\/yume-silm.com\/wp-content\/uploads\/2024\/07\/Womens-tummy-control-sexy-tights-bodysuit-1.jpg\"><img decoding=\"async\" class=\"alignnone wp-image-8738 size-medium\" src=\"https:\/\/yume-silm.com\/wp-content\/uploads\/2024\/07\/Womens-tummy-control-sexy-tights-bodysuit-1-300x300.jpg\" alt=\"women&#039;s tummy control sexy tights bodysuit\" width=\"300\" height=\"300\" title=\"\" srcset=\"https:\/\/yume-silm.com\/wp-content\/uploads\/2024\/07\/Womens-tummy-control-sexy-tights-bodysuit-1-300x300.jpg 300w, https:\/\/yume-silm.com\/wp-content\/uploads\/2024\/07\/Womens-tummy-control-sexy-tights-bodysuit-1-150x150.jpg 150w, https:\/\/yume-silm.com\/wp-content\/uploads\/2024\/07\/Womens-tummy-control-sexy-tights-bodysuit-1-768x768.jpg 768w, https:\/\/yume-silm.com\/wp-content\/uploads\/2024\/07\/Womens-tummy-control-sexy-tights-bodysuit-1-12x12.jpg 12w, https:\/\/yume-silm.com\/wp-content\/uploads\/2024\/07\/Womens-tummy-control-sexy-tights-bodysuit-1-800x800.jpg 800w, https:\/\/yume-silm.com\/wp-content\/uploads\/2024\/07\/Womens-tummy-control-sexy-tights-bodysuit-1-100x100.jpg 100w, https:\/\/yume-silm.com\/wp-content\/uploads\/2024\/07\/Womens-tummy-control-sexy-tights-bodysuit-1.jpg 1200w\" sizes=\"(max-width: 300px) 100vw, 300px\" \/><\/a><\/p>\n<h6><\/h6>\n<h6><em>Ventre des femmes prenant un string sexy shapewear<\/em><\/h6>\n<ul>\n<li>Notre body shaper sexy sans manches pour le contr\u00f4le du ventre combine un design de mode classique \u00e0 col rond avec des effets de contr\u00f4le du ventre, ce qui en fait un excellent choix pour les grossistes \u00e0 la recherche d&#039;un look classique, alors contactez-nous !<\/li>\n<\/ul>","protected":false},"excerpt":{"rendered":"<p>Le nouveau body collant sexy \u00e0 col rond et contr\u00f4le du ventre pour femme pr\u00e9sente un col rond classique, un design sans couture, sexy et \u00e9l\u00e9gant pour plus de confiance.<\/p>","protected":false},"featured_media":8737,"comment_status":"open","ping_status":"closed","template":"","meta":{"site-sidebar-layout":"default","site-content-layout":"","ast-site-content-layout":"default","site-content-style":"default","site-sidebar-style":"default","ast-global-header-display":"","ast-banner-title-visibility":"","ast-main-header-display":"","ast-hfb-above-header-display":"","ast-hfb-below-header-display":"","ast-hfb-mobile-header-display":"","site-post-title":"","ast-breadcrumbs-content":"","ast-featured-img":"","footer-sml-layout":"","ast-disable-related-posts":"","theme-transparent-header-meta":"default","adv-header-id-meta":"","stick-header-meta":"default","header-above-stick-meta":"","header-main-stick-meta":"","header-below-stick-meta":"","astra-migrate-meta-layouts":"set","ast-page-background-enabled":"default","ast-page-background-meta":{"desktop":{"background-color":"","background-image":"","background-repeat":"repeat","background-position":"center center","background-size":"auto","background-attachment":"scroll","background-type":"","background-media":"","overlay-type":"","overlay-color":"","overlay-opacity":"","overlay-gradient":""},"tablet":{"background-color":"","background-image":"","background-repeat":"repeat","background-position":"center center","background-size":"auto","background-attachment":"scroll","background-type":"","background-media":"","overlay-type":"","overlay-color":"","overlay-opacity":"","overlay-gradient":""},"mobile":{"background-color":"","background-image":"","background-repeat":"repeat","background-position":"center center","background-size":"auto","background-attachment":"scroll","background-type":"","background-media":"","overlay-type":"","overlay-color":"","overlay-opacity":"","overlay-gradient":""}},"ast-content-background-meta":{"desktop":{"background-color":"var(--ast-global-color-5)","background-image":"","background-repeat":"repeat","background-position":"center center","background-size":"auto","background-attachment":"scroll","background-type":"","background-media":"","overlay-type":"","overlay-color":"","overlay-opacity":"","overlay-gradient":""},"tablet":{"background-color":"var(--ast-global-color-5)","background-image":"","background-repeat":"repeat","background-position":"center center","background-size":"auto","background-attachment":"scroll","background-type":"","background-media":"","overlay-type":"","overlay-color":"","overlay-opacity":"","overlay-gradient":""},"mobile":{"background-color":"var(--ast-global-color-5)","background-image":"","background-repeat":"repeat","background-position":"center center","background-size":"auto","background-attachment":"scroll","background-type":"","background-media":"","overlay-type":"","overlay-color":"","overlay-opacity":"","overlay-gradient":""}}},"product_brand":[],"product_cat":[65,76,77,79,82,81],"product_tag":[455,503,145,639,134],"class_list":{"0":"post-8736","1":"product","2":"type-product","3":"status-publish","4":"has-post-thumbnail","6":"product_cat-best-sellers","7":"product_cat-new-arrivels","8":"product_cat-wholesale-womens-shapewear","9":"product_cat-wholesale-seemless-shaperwear","10":"product_cat-wholesale-shapewear-bodysuit","11":"product_cat-wholesale-slimming-tank-top","12":"product_tag-hourglass-figure","13":"product_tag-round-neck","14":"product_tag-sexy","15":"product_tag-tight-dresses","16":"product_tag-tummy-tucker","17":"pa_color-black","18":"pa_color-brown","19":"pa_color-dark-skin","20":"pa_color-light-skin","21":"pa_color-purple","22":"pa_size-l","23":"pa_size-m","24":"pa_size-s","25":"pa_size-xl","26":"pa_size-xxl","27":"desktop-align-center","28":"tablet-align-left","29":"mobile-align-left","30":"ast-product-gallery-layout-horizontal-slider","31":"ast-product-single-variable","32":"ast-product-tabs-layout-horizontal","33":"ast-qv-on-image","35":"first","36":"instock","37":"shipping-taxable","38":"purchasable","39":"product-type-variable"},"tiered_pricing_type":"fixed","tiered_pricing_fixed_rules":{"2":8.3,"50":7.35,"100":6.45},"tiered_pricing_product_settings":{"layout":"default","base_unit_name":{"singular":null,"plural":null},"default_variation":null},"tiered_pricing_minimum_quantity":null,"tiered_pricing_roles_data":[],"tiered_pricing_percentage_rules":[],"_links":{"self":[{"href":"https:\/\/yume-silm.com\/fr\/wp-json\/wp\/v2\/product\/8736","targetHints":{"allow":["GET"]}}],"collection":[{"href":"https:\/\/yume-silm.com\/fr\/wp-json\/wp\/v2\/product"}],"about":[{"href":"https:\/\/yume-silm.com\/fr\/wp-json\/wp\/v2\/types\/product"}],"replies":[{"embeddable":true,"href":"https:\/\/yume-silm.com\/fr\/wp-json\/wp\/v2\/comments?post=8736"}],"wp:featuredmedia":[{"embeddable":true,"href":"https:\/\/yume-silm.com\/fr\/wp-json\/wp\/v2\/media\/8737"}],"wp:attachment":[{"href":"https:\/\/yume-silm.com\/fr\/wp-json\/wp\/v2\/media?parent=8736"}],"wp:term":[{"taxonomy":"product_brand","embeddable":true,"href":"https:\/\/yume-silm.com\/fr\/wp-json\/wp\/v2\/product_brand?post=8736"},{"taxonomy":"product_cat","embeddable":true,"href":"https:\/\/yume-silm.com\/fr\/wp-json\/wp\/v2\/product_cat?post=8736"},{"taxonomy":"product_tag","embeddable":true,"href":"https:\/\/yume-silm.com\/fr\/wp-json\/wp\/v2\/product_tag?post=8736"}],"curies":[{"name":"wp","href":"https:\/\/api.w.org\/{rel}","templated":true}]}}