{"id":8780,"date":"2024-07-04T08:30:44","date_gmt":"2024-07-04T08:30:44","guid":{"rendered":"https:\/\/yume-silm.com\/?post_type=product&#038;p=8780"},"modified":"2024-07-16T01:35:05","modified_gmt":"2024-07-16T01:35:05","slug":"combinaisons-2","status":"publish","type":"product","link":"https:\/\/yume-silm.com\/fr\/produit\/combinaisons-2\/","title":{"rendered":"Combinaison sans couture pour femmes, contr\u00f4le du ventre, rehausseur de fesses"},"content":{"rendered":"<h5>Caract\u00e9ristiques de conception<\/h5>\n<ul>\n<li><strong>LEVAGE PUISSANT DES HANCHES\u00a0:<\/strong> La nouvelle combinaison sans couture avec contr\u00f4le du ventre adopte une conception taille haute pour r\u00e9duire le tour de taille, rel\u00e2cher doucement la courbe de la hanche, fa\u00e7onner efficacement la courbe C de la hanche et de la taille et rendre vos hanches plus pleines et plus sexy.<\/li>\n<li><strong>CONCEPTION SANS COUTURE\u00a0:<\/strong> La combinaison sans couture pour femmes avec contr\u00f4le du ventre et rehausseur de fesses est faite d&#039;un m\u00e9lange de nylon et d&#039;\u00e9lasthanne, qui est tr\u00e8s \u00e9lastique, confortable et respirant, et s&#039;adapte parfaitement \u00e0 votre corps, vous permettant de rester \u00e0 l&#039;aise et de montrer votre forme de sablier tout au long de la journ\u00e9e.<\/li>\n<li><strong>OCCASION:<\/strong> Notre combinaison courte amincissante sans couture est \u00e0 la mode, simple et polyvalente. Porter ce body slim lisse et confortable peut montrer le meilleur, qu&#039;il s&#039;agisse d&#039;une pr\u00e9sence ou d&#039;une f\u00eate, il peut \u00eatre parfaitement assorti.<\/li>\n<li><strong>S\u00c9LECTION DE LA TAILLE\u00a0:<\/strong> Vous pouvez suivre notre tableau des tailles pour trouver la taille qui met le mieux en valeur votre silhouette. Lorsque vous recevez la premi\u00e8re r\u00e9action, ne soyez pas surpris. Cette combinaison ventrale peut para\u00eetre petite, mais elle a une super \u00e9lasticit\u00e9, soyez confiant et portez-la.<\/li>\n<\/ul>\n<p><a href=\"https:\/\/yume-silm.com\/wp-content\/uploads\/2024\/07\/Women-Seamless-Tummy-Control-Butt-Lifter-Jumpsuit-Bodysuits-1.jpg\"><img fetchpriority=\"high\" decoding=\"async\" class=\"alignnone wp-image-8781 size-medium\" src=\"https:\/\/yume-silm.com\/wp-content\/uploads\/2024\/07\/Women-Seamless-Tummy-Control-Butt-Lifter-Jumpsuit-Bodysuits-1-300x300.jpg\" alt=\"Combinaison sans couture pour femmes, contr\u00f4le du ventre, rehausseur de fesses\" width=\"300\" height=\"300\" title=\"\" srcset=\"https:\/\/yume-silm.com\/wp-content\/uploads\/2024\/07\/Women-Seamless-Tummy-Control-Butt-Lifter-Jumpsuit-Bodysuits-1-300x300.jpg 300w, https:\/\/yume-silm.com\/wp-content\/uploads\/2024\/07\/Women-Seamless-Tummy-Control-Butt-Lifter-Jumpsuit-Bodysuits-1-150x150.jpg 150w, https:\/\/yume-silm.com\/wp-content\/uploads\/2024\/07\/Women-Seamless-Tummy-Control-Butt-Lifter-Jumpsuit-Bodysuits-1-768x768.jpg 768w, https:\/\/yume-silm.com\/wp-content\/uploads\/2024\/07\/Women-Seamless-Tummy-Control-Butt-Lifter-Jumpsuit-Bodysuits-1-12x12.jpg 12w, https:\/\/yume-silm.com\/wp-content\/uploads\/2024\/07\/Women-Seamless-Tummy-Control-Butt-Lifter-Jumpsuit-Bodysuits-1-800x800.jpg 800w, https:\/\/yume-silm.com\/wp-content\/uploads\/2024\/07\/Women-Seamless-Tummy-Control-Butt-Lifter-Jumpsuit-Bodysuits-1-100x100.jpg 100w, https:\/\/yume-silm.com\/wp-content\/uploads\/2024\/07\/Women-Seamless-Tummy-Control-Butt-Lifter-Jumpsuit-Bodysuits-1.jpg 1200w\" sizes=\"(max-width: 300px) 100vw, 300px\" \/><\/a><a href=\"https:\/\/yume-silm.com\/wp-content\/uploads\/2024\/07\/Women-Seamless-Tummy-Control-Butt-Lifter-Jumpsuit-Bodysuits-2.jpg\"><img decoding=\"async\" class=\"alignnone wp-image-8782 size-medium\" src=\"https:\/\/yume-silm.com\/wp-content\/uploads\/2024\/07\/Women-Seamless-Tummy-Control-Butt-Lifter-Jumpsuit-Bodysuits-2-300x300.jpg\" alt=\"Combinaison sans couture pour femmes, contr\u00f4le du ventre, rehausseur de fesses\" width=\"300\" height=\"300\" title=\"\" srcset=\"https:\/\/yume-silm.com\/wp-content\/uploads\/2024\/07\/Women-Seamless-Tummy-Control-Butt-Lifter-Jumpsuit-Bodysuits-2-300x300.jpg 300w, https:\/\/yume-silm.com\/wp-content\/uploads\/2024\/07\/Women-Seamless-Tummy-Control-Butt-Lifter-Jumpsuit-Bodysuits-2-150x150.jpg 150w, https:\/\/yume-silm.com\/wp-content\/uploads\/2024\/07\/Women-Seamless-Tummy-Control-Butt-Lifter-Jumpsuit-Bodysuits-2-768x768.jpg 768w, https:\/\/yume-silm.com\/wp-content\/uploads\/2024\/07\/Women-Seamless-Tummy-Control-Butt-Lifter-Jumpsuit-Bodysuits-2-12x12.jpg 12w, https:\/\/yume-silm.com\/wp-content\/uploads\/2024\/07\/Women-Seamless-Tummy-Control-Butt-Lifter-Jumpsuit-Bodysuits-2-800x800.jpg 800w, https:\/\/yume-silm.com\/wp-content\/uploads\/2024\/07\/Women-Seamless-Tummy-Control-Butt-Lifter-Jumpsuit-Bodysuits-2-100x100.jpg 100w, https:\/\/yume-silm.com\/wp-content\/uploads\/2024\/07\/Women-Seamless-Tummy-Control-Butt-Lifter-Jumpsuit-Bodysuits-2.jpg 1200w\" sizes=\"(max-width: 300px) 100vw, 300px\" \/><\/a><\/p>\n<h6><em>Combinaison ventre et hanches super \u00e9lastiques pour femmes<\/em><\/h6>\n<ul>\n<li>Notre shaper de ventre et de hanche combine un design \u00e0 col carr\u00e9 et un design sans couture avec des tons de couleur simples et \u00e0 la mode, en le portant, toute la personne semble mince et belle. Clients qui recherchent une beaut\u00e9 simul\u00e9e, venez nous contacter.<\/li>\n<\/ul>","protected":false},"excerpt":{"rendered":"<p>Portez notre nouvelle combinaison sans couture avec contr\u00f4le du ventre, montrez votre silhouette en forme de sablier et vous pourrez briller en toute confiance dans n&#039;importe quelle situation. Obtenez-le et accueillez une meilleure version de vous-m\u00eame.<\/p>","protected":false},"featured_media":8783,"comment_status":"open","ping_status":"closed","template":"","meta":{"site-sidebar-layout":"default","site-content-layout":"","ast-site-content-layout":"default","site-content-style":"default","site-sidebar-style":"default","ast-global-header-display":"","ast-banner-title-visibility":"","ast-main-header-display":"","ast-hfb-above-header-display":"","ast-hfb-below-header-display":"","ast-hfb-mobile-header-display":"","site-post-title":"","ast-breadcrumbs-content":"","ast-featured-img":"","footer-sml-layout":"","ast-disable-related-posts":"","theme-transparent-header-meta":"default","adv-header-id-meta":"","stick-header-meta":"default","header-above-stick-meta":"","header-main-stick-meta":"","header-below-stick-meta":"","astra-migrate-meta-layouts":"set","ast-page-background-enabled":"default","ast-page-background-meta":{"desktop":{"background-color":"","background-image":"","background-repeat":"repeat","background-position":"center center","background-size":"auto","background-attachment":"scroll","background-type":"","background-media":"","overlay-type":"","overlay-color":"","overlay-opacity":"","overlay-gradient":""},"tablet":{"background-color":"","background-image":"","background-repeat":"repeat","background-position":"center center","background-size":"auto","background-attachment":"scroll","background-type":"","background-media":"","overlay-type":"","overlay-color":"","overlay-opacity":"","overlay-gradient":""},"mobile":{"background-color":"","background-image":"","background-repeat":"repeat","background-position":"center center","background-size":"auto","background-attachment":"scroll","background-type":"","background-media":"","overlay-type":"","overlay-color":"","overlay-opacity":"","overlay-gradient":""}},"ast-content-background-meta":{"desktop":{"background-color":"var(--ast-global-color-5)","background-image":"","background-repeat":"repeat","background-position":"center center","background-size":"auto","background-attachment":"scroll","background-type":"","background-media":"","overlay-type":"","overlay-color":"","overlay-opacity":"","overlay-gradient":""},"tablet":{"background-color":"var(--ast-global-color-5)","background-image":"","background-repeat":"repeat","background-position":"center center","background-size":"auto","background-attachment":"scroll","background-type":"","background-media":"","overlay-type":"","overlay-color":"","overlay-opacity":"","overlay-gradient":""},"mobile":{"background-color":"var(--ast-global-color-5)","background-image":"","background-repeat":"repeat","background-position":"center center","background-size":"auto","background-attachment":"scroll","background-type":"","background-media":"","overlay-type":"","overlay-color":"","overlay-opacity":"","overlay-gradient":""}}},"product_brand":[],"product_cat":[65,76,77,79,78],"product_tag":[137,423,491,500],"class_list":{"0":"post-8780","1":"product","2":"type-product","3":"status-publish","4":"has-post-thumbnail","6":"product_cat-best-sellers","7":"product_cat-new-arrivels","8":"product_cat-wholesale-womens-shapewear","9":"product_cat-wholesale-seemless-shaperwear","10":"product_cat-wholesale-full-body-shaper","11":"product_tag-butt-lift","12":"product_tag-hip-lifting-panties","13":"product_tag-seamless","14":"product_tag-tummy-control","15":"pa_color-black","16":"pa_color-blue","17":"pa_color-brown","18":"pa_color-pink","19":"pa_color-white","20":"pa_size-l","21":"pa_size-m","22":"pa_size-s","23":"pa_size-xl","24":"pa_size-xs","25":"pa_size-xxl","26":"desktop-align-center","27":"tablet-align-left","28":"mobile-align-left","29":"ast-product-gallery-layout-horizontal-slider","30":"ast-product-single-variable","31":"ast-product-tabs-layout-horizontal","32":"ast-qv-on-image","34":"first","35":"instock","36":"shipping-taxable","37":"purchasable","38":"product-type-variable"},"tiered_pricing_type":"fixed","tiered_pricing_fixed_rules":{"2":7.3,"50":6.5,"100":5.7},"tiered_pricing_product_settings":{"layout":"default","base_unit_name":{"singular":null,"plural":null},"default_variation":null},"tiered_pricing_minimum_quantity":null,"tiered_pricing_roles_data":[],"tiered_pricing_percentage_rules":[],"_links":{"self":[{"href":"https:\/\/yume-silm.com\/fr\/wp-json\/wp\/v2\/product\/8780","targetHints":{"allow":["GET"]}}],"collection":[{"href":"https:\/\/yume-silm.com\/fr\/wp-json\/wp\/v2\/product"}],"about":[{"href":"https:\/\/yume-silm.com\/fr\/wp-json\/wp\/v2\/types\/product"}],"replies":[{"embeddable":true,"href":"https:\/\/yume-silm.com\/fr\/wp-json\/wp\/v2\/comments?post=8780"}],"wp:featuredmedia":[{"embeddable":true,"href":"https:\/\/yume-silm.com\/fr\/wp-json\/wp\/v2\/media\/8783"}],"wp:attachment":[{"href":"https:\/\/yume-silm.com\/fr\/wp-json\/wp\/v2\/media?parent=8780"}],"wp:term":[{"taxonomy":"product_brand","embeddable":true,"href":"https:\/\/yume-silm.com\/fr\/wp-json\/wp\/v2\/product_brand?post=8780"},{"taxonomy":"product_cat","embeddable":true,"href":"https:\/\/yume-silm.com\/fr\/wp-json\/wp\/v2\/product_cat?post=8780"},{"taxonomy":"product_tag","embeddable":true,"href":"https:\/\/yume-silm.com\/fr\/wp-json\/wp\/v2\/product_tag?post=8780"}],"curies":[{"name":"wp","href":"https:\/\/api.w.org\/{rel}","templated":true}]}}