{"id":8877,"date":"2024-07-06T05:34:41","date_gmt":"2024-07-06T05:34:41","guid":{"rendered":"https:\/\/yume-silm.com\/?post_type=product&#038;p=8877"},"modified":"2025-06-24T05:29:52","modified_gmt":"2025-06-24T05:29:52","slug":"shapewear-complet-du-corps-apres-la-chirurgie","status":"publish","type":"product","link":"https:\/\/yume-silm.com\/fr\/produit\/shapewear-complet-du-corps-apres-la-chirurgie\/","title":{"rendered":"V\u00eatements de modelage post-chirurgie pour tout le corps"},"content":{"rendered":"<h5>Caract\u00e9ristiques de conception<\/h5>\n<ul>\n<li><strong>ONESIE DE GENOUX MOUL\u00c9E PAR COMPRESSION\u00a0:<\/strong>Ce v\u00eatement de modelage post-chirurgical pour tout le corps est fait d&#039;un tissu \u00e9vacuant l&#039;humidit\u00e9, doux et respirant, ce qui peut acc\u00e9l\u00e9rer la r\u00e9cup\u00e9ration postop\u00e9ratoire et vous aider \u00e0 r\u00e9cup\u00e9rer plus rapidement.<\/li>\n<li><strong>CONCEPTION CONFORTABLE DE LEVAGE DE POITRINE SANS FIL<\/strong>: Notre shaper jusqu&#039;aux genoux sans manches est con\u00e7u avec un soutien de poitrine sans fil pour garantir un ajustement confortable et un tissu \u00e0 haute \u00e9lasticit\u00e9. Le nouveau body abdominal convient \u00e0 une vari\u00e9t\u00e9 de formes de poitrine, tout en offrant confort et courbes attrayantes.<\/li>\n<li><strong>LEVAGE DES HANCHES ET CONCEPTION OUVERTE<\/strong>: Notre body shaper abdominal peut soulever instantan\u00e9ment les hanches pour vous aider \u00e0 obtenir la silhouette id\u00e9ale. Avec un design \u00e0 entrejambe ouvert, portez un body sans couture et cachez-vous avec vos v\u00eatements pr\u00e9f\u00e9r\u00e9s \u00e0 tout moment pour \u00e9pouser les courbes attrayantes des hanches.<\/li>\n<li><strong>FONCTION<\/strong>: La compression jusqu&#039;aux genoux et aux cuisses de ce pantalon amincissant \u00e0 mi-cuisse emp\u00eache les abrasions, la conception 3D des hanches renforce naturellement vos hanches et une pression de compression mod\u00e9r\u00e9e resserre la graisse l\u00e2che.<\/li>\n<\/ul>\n<p><a href=\"https:\/\/yume-silm.com\/wp-content\/uploads\/2024\/07\/surgery-body-shape-kneen-butt-lifter-shapewear-hourglass-figure-01.jpg\"><img fetchpriority=\"high\" decoding=\"async\" class=\"alignnone wp-image-8880 size-medium\" src=\"https:\/\/yume-silm.com\/wp-content\/uploads\/2024\/07\/surgery-body-shape-kneen-butt-lifter-shapewear-hourglass-figure-01-300x300.jpg\" alt=\"shapewear complet du corps apr\u00e8s la chirurgie\" width=\"300\" height=\"300\" title=\"\" srcset=\"https:\/\/yume-silm.com\/wp-content\/uploads\/2024\/07\/surgery-body-shape-kneen-butt-lifter-shapewear-hourglass-figure-01-300x300.jpg 300w, https:\/\/yume-silm.com\/wp-content\/uploads\/2024\/07\/surgery-body-shape-kneen-butt-lifter-shapewear-hourglass-figure-01-150x150.jpg 150w, https:\/\/yume-silm.com\/wp-content\/uploads\/2024\/07\/surgery-body-shape-kneen-butt-lifter-shapewear-hourglass-figure-01-768x768.jpg 768w, https:\/\/yume-silm.com\/wp-content\/uploads\/2024\/07\/surgery-body-shape-kneen-butt-lifter-shapewear-hourglass-figure-01-12x12.jpg 12w, https:\/\/yume-silm.com\/wp-content\/uploads\/2024\/07\/surgery-body-shape-kneen-butt-lifter-shapewear-hourglass-figure-01-100x100.jpg 100w, https:\/\/yume-silm.com\/wp-content\/uploads\/2024\/07\/surgery-body-shape-kneen-butt-lifter-shapewear-hourglass-figure-01.jpg 800w\" sizes=\"(max-width: 300px) 100vw, 300px\" \/><\/a><a href=\"https:\/\/yume-silm.com\/wp-content\/uploads\/2024\/07\/tummy-control-post-surgery-body-shape-kneen-butt-lifter-shapewear-hourglass-figure.jpg\"><img decoding=\"async\" class=\"alignnone wp-image-8881 size-medium\" src=\"https:\/\/yume-silm.com\/wp-content\/uploads\/2024\/07\/tummy-control-post-surgery-body-shape-kneen-butt-lifter-shapewear-hourglass-figure-300x300.jpg\" alt=\"shapewear complet du corps apr\u00e8s la chirurgie\" width=\"300\" height=\"300\" title=\"\" srcset=\"https:\/\/yume-silm.com\/wp-content\/uploads\/2024\/07\/tummy-control-post-surgery-body-shape-kneen-butt-lifter-shapewear-hourglass-figure-300x300.jpg 300w, https:\/\/yume-silm.com\/wp-content\/uploads\/2024\/07\/tummy-control-post-surgery-body-shape-kneen-butt-lifter-shapewear-hourglass-figure-150x150.jpg 150w, https:\/\/yume-silm.com\/wp-content\/uploads\/2024\/07\/tummy-control-post-surgery-body-shape-kneen-butt-lifter-shapewear-hourglass-figure-768x768.jpg 768w, https:\/\/yume-silm.com\/wp-content\/uploads\/2024\/07\/tummy-control-post-surgery-body-shape-kneen-butt-lifter-shapewear-hourglass-figure-12x12.jpg 12w, https:\/\/yume-silm.com\/wp-content\/uploads\/2024\/07\/tummy-control-post-surgery-body-shape-kneen-butt-lifter-shapewear-hourglass-figure-100x100.jpg 100w, https:\/\/yume-silm.com\/wp-content\/uploads\/2024\/07\/tummy-control-post-surgery-body-shape-kneen-butt-lifter-shapewear-hourglass-figure.jpg 800w\" sizes=\"(max-width: 300px) 100vw, 300px\" \/><\/a><\/p>\n<h6><em>Body de compression postop\u00e9ratoire pour femme<\/em><\/h6>\n<ul>\n<li>Le nouveau body shaper amincissant abdominal a une conception jusqu&#039;aux genoux et une conception \u00e0 dos haut, vous permettant de vous remettre confortablement en forme tout en am\u00e9liorant la forme de votre corps. Portez notre nouveau body shaper postop\u00e9ratoire pour retrouver plus rapidement votre corps pr\u00e9op\u00e9ratoire parfait.<\/li>\n<\/ul>","protected":false},"excerpt":{"rendered":"<p>Le nouveau Fajas High Compression Full Fitting Shapewear avec fermeture \u00e9clair et crochets pr\u00e9sente une conception jusqu&#039;aux genoux et un dos haut, vous permettant de vous remettre confortablement en forme tout en am\u00e9liorant votre physique. Vous aurez fi\u00e8re allure et vous sentirez en confiance dans notre nouveau corset abdominal post-chirurgical.<\/p>","protected":false},"featured_media":8882,"comment_status":"open","ping_status":"closed","template":"","meta":{"site-sidebar-layout":"default","site-content-layout":"","ast-site-content-layout":"default","site-content-style":"default","site-sidebar-style":"default","ast-global-header-display":"","ast-banner-title-visibility":"","ast-main-header-display":"","ast-hfb-above-header-display":"","ast-hfb-below-header-display":"","ast-hfb-mobile-header-display":"","site-post-title":"","ast-breadcrumbs-content":"","ast-featured-img":"","footer-sml-layout":"","ast-disable-related-posts":"","theme-transparent-header-meta":"default","adv-header-id-meta":"","stick-header-meta":"default","header-above-stick-meta":"","header-main-stick-meta":"","header-below-stick-meta":"","astra-migrate-meta-layouts":"set","ast-page-background-enabled":"default","ast-page-background-meta":{"desktop":{"background-color":"","background-image":"","background-repeat":"repeat","background-position":"center center","background-size":"auto","background-attachment":"scroll","background-type":"","background-media":"","overlay-type":"","overlay-color":"","overlay-opacity":"","overlay-gradient":""},"tablet":{"background-color":"","background-image":"","background-repeat":"repeat","background-position":"center center","background-size":"auto","background-attachment":"scroll","background-type":"","background-media":"","overlay-type":"","overlay-color":"","overlay-opacity":"","overlay-gradient":""},"mobile":{"background-color":"","background-image":"","background-repeat":"repeat","background-position":"center center","background-size":"auto","background-attachment":"scroll","background-type":"","background-media":"","overlay-type":"","overlay-color":"","overlay-opacity":"","overlay-gradient":""}},"ast-content-background-meta":{"desktop":{"background-color":"var(--ast-global-color-5)","background-image":"","background-repeat":"repeat","background-position":"center center","background-size":"auto","background-attachment":"scroll","background-type":"","background-media":"","overlay-type":"","overlay-color":"","overlay-opacity":"","overlay-gradient":""},"tablet":{"background-color":"var(--ast-global-color-5)","background-image":"","background-repeat":"repeat","background-position":"center center","background-size":"auto","background-attachment":"scroll","background-type":"","background-media":"","overlay-type":"","overlay-color":"","overlay-opacity":"","overlay-gradient":""},"mobile":{"background-color":"var(--ast-global-color-5)","background-image":"","background-repeat":"repeat","background-position":"center center","background-size":"auto","background-attachment":"scroll","background-type":"","background-media":"","overlay-type":"","overlay-color":"","overlay-opacity":"","overlay-gradient":""}}},"product_brand":[],"product_cat":[65,77,78,82],"product_tag":[657,658,659,656,655,653,491,213,535,654],"class_list":{"0":"post-8877","1":"product","2":"type-product","3":"status-publish","4":"has-post-thumbnail","6":"product_cat-best-sellers","7":"product_cat-wholesale-womens-shapewear","8":"product_cat-wholesale-full-body-shaper","9":"product_cat-wholesale-shapewear-bodysuit","10":"product_tag-abdominal-shapewear","11":"product_tag-full-body-shaper","12":"product_tag-hip-lift","13":"product_tag-knee-length-shapewear","14":"product_tag-lift-butt","15":"product_tag-post-surgery-shapewear","16":"product_tag-seamless","17":"product_tag-sleeveless","18":"product_tag-slimming","19":"product_tag-tight","20":"pa_color-beige","21":"pa_color-black","22":"pa_size-3xl","23":"pa_size-l","24":"pa_size-m","25":"pa_size-s","26":"pa_size-xl","27":"pa_size-xs","28":"pa_size-xxl","29":"desktop-align-center","30":"tablet-align-left","31":"mobile-align-left","32":"ast-product-gallery-layout-horizontal-slider","33":"ast-product-single-variable","34":"ast-product-tabs-layout-horizontal","35":"ast-qv-on-image","37":"first","38":"instock","39":"shipping-taxable","40":"purchasable","41":"product-type-variable"},"tiered_pricing_type":"fixed","tiered_pricing_fixed_rules":{"2":27,"50":24,"100":21},"tiered_pricing_product_settings":{"layout":"default","base_unit_name":{"singular":null,"plural":null},"default_variation":null},"tiered_pricing_minimum_quantity":null,"tiered_pricing_roles_data":[],"tiered_pricing_percentage_rules":[],"_links":{"self":[{"href":"https:\/\/yume-silm.com\/fr\/wp-json\/wp\/v2\/product\/8877","targetHints":{"allow":["GET"]}}],"collection":[{"href":"https:\/\/yume-silm.com\/fr\/wp-json\/wp\/v2\/product"}],"about":[{"href":"https:\/\/yume-silm.com\/fr\/wp-json\/wp\/v2\/types\/product"}],"replies":[{"embeddable":true,"href":"https:\/\/yume-silm.com\/fr\/wp-json\/wp\/v2\/comments?post=8877"}],"wp:featuredmedia":[{"embeddable":true,"href":"https:\/\/yume-silm.com\/fr\/wp-json\/wp\/v2\/media\/8882"}],"wp:attachment":[{"href":"https:\/\/yume-silm.com\/fr\/wp-json\/wp\/v2\/media?parent=8877"}],"wp:term":[{"taxonomy":"product_brand","embeddable":true,"href":"https:\/\/yume-silm.com\/fr\/wp-json\/wp\/v2\/product_brand?post=8877"},{"taxonomy":"product_cat","embeddable":true,"href":"https:\/\/yume-silm.com\/fr\/wp-json\/wp\/v2\/product_cat?post=8877"},{"taxonomy":"product_tag","embeddable":true,"href":"https:\/\/yume-silm.com\/fr\/wp-json\/wp\/v2\/product_tag?post=8877"}],"curies":[{"name":"wp","href":"https:\/\/api.w.org\/{rel}","templated":true}]}}