{"id":8914,"date":"2024-07-06T06:54:07","date_gmt":"2024-07-06T06:54:07","guid":{"rendered":"https:\/\/yume-silm.com\/?post_type=product&#038;p=8914"},"modified":"2025-11-07T05:51:01","modified_gmt":"2025-11-07T05:51:01","slug":"shaper-abdominal-a-manches-longues-2","status":"publish","type":"product","link":"https:\/\/yume-silm.com\/fr\/produit\/shaper-abdominal-a-manches-longues-2\/","title":{"rendered":"Body Shaper \u00e0 manches longues \u00e0 la mode et confortable pour les femmes"},"content":{"rendered":"<h5>Caract\u00e9ristiques de conception<\/h5>\n<ul>\n<li><strong>SHAPER ABDOMINAL AVEC BOUTONS<\/strong>: Fermeture \u00e0 double bouton-pression au niveau du gousset, ouvertures de jambe hautes, sur le dos du string qui maintiennent invisible le shaper abdominal \u00e0 manches longues, l&#039;entrejambe est con\u00e7u avec un crochet pour rendre le port et l&#039;aller aux toilettes plus faciles et plus pratiques.<\/li>\n<li><strong>CARACT\u00c9RISTIQUES<\/strong>: Le shaper abdominal amincissant \u00e0 manches longues pour femmes met l&#039;accent sur la beaut\u00e9 naturelle des seins des femmes, en \u00e9liminant les lourds coussinets de poitrine et les anneaux en acier, un charmant col rond, un design respirant et simple, sans couture.<\/li>\n<li>\n<div data-slate-node=\"element\"><span data-slate-node=\"text\"><span class=\"00\" data-slate-leaf=\"true\"><strong>CONCEPTION \u00c0 COL ROND<\/strong>: le shaper abdominal \u00e0 manches longues \u00e0 col rond lisse et flatteur ajoute une touche d&#039;\u00e9l\u00e9gance \u00e0 chaque occasion et procure \u00e9galement un effet l\u00e9ger avec un excellent effet lissant.<\/span><\/span><\/div>\n<\/li>\n<li>\n<div data-slate-node=\"element\"><span class=\"\" data-slate-node=\"text\"><span class=\"11\" data-slate-leaf=\"true\"><span data-slate-string=\"true\"><strong>CONTR\u00d4LE DU VENTRE ET EFFET DE LIFTING DES HANCHES<\/strong>: Ce collant \u00e0 manches longues pour le contr\u00f4le du ventre et les hanches pr\u00e9sente une conception de levage des hanches arri\u00e8re, qui fa\u00e7onne efficacement les courbes de la taille et des hanches, formant une belle forme en C et am\u00e9liorant sa beaut\u00e9 naturelle.<\/span><\/span><\/span><\/div>\n<\/li>\n<\/ul>\n<p><a href=\"https:\/\/yume-silm.com\/wp-content\/uploads\/2024\/07\/Womens-abdominal-Long-Sleeve-shaper-1.jpg\"><img fetchpriority=\"high\" decoding=\"async\" class=\"alignnone wp-image-8947 size-medium\" src=\"https:\/\/yume-silm.com\/wp-content\/uploads\/2024\/07\/Womens-abdominal-Long-Sleeve-shaper-1-300x300.jpg\" alt=\"gaine abdominale \u00e0 manches longues pour femme\" width=\"300\" height=\"300\" title=\"\" srcset=\"https:\/\/yume-silm.com\/wp-content\/uploads\/2024\/07\/Womens-abdominal-Long-Sleeve-shaper-1-300x300.jpg 300w, https:\/\/yume-silm.com\/wp-content\/uploads\/2024\/07\/Womens-abdominal-Long-Sleeve-shaper-1-150x150.jpg 150w, https:\/\/yume-silm.com\/wp-content\/uploads\/2024\/07\/Womens-abdominal-Long-Sleeve-shaper-1-768x768.jpg 768w, https:\/\/yume-silm.com\/wp-content\/uploads\/2024\/07\/Womens-abdominal-Long-Sleeve-shaper-1-12x12.jpg 12w, https:\/\/yume-silm.com\/wp-content\/uploads\/2024\/07\/Womens-abdominal-Long-Sleeve-shaper-1-100x100.jpg 100w, https:\/\/yume-silm.com\/wp-content\/uploads\/2024\/07\/Womens-abdominal-Long-Sleeve-shaper-1.jpg 800w\" sizes=\"(max-width: 300px) 100vw, 300px\" \/><\/a><a href=\"https:\/\/yume-silm.com\/wp-content\/uploads\/2024\/07\/Womens-abdominal-Long-Sleeve-shaper-2.jpg\"><img decoding=\"async\" class=\"alignnone wp-image-8948 size-medium\" src=\"https:\/\/yume-silm.com\/wp-content\/uploads\/2024\/07\/Womens-abdominal-Long-Sleeve-shaper-2-300x300.jpg\" alt=\"body shaper \u00e0 manches longues \u00e0 la mode et confortable\" width=\"300\" height=\"300\" title=\"\" srcset=\"https:\/\/yume-silm.com\/wp-content\/uploads\/2024\/07\/Womens-abdominal-Long-Sleeve-shaper-2-300x300.jpg 300w, https:\/\/yume-silm.com\/wp-content\/uploads\/2024\/07\/Womens-abdominal-Long-Sleeve-shaper-2-150x150.jpg 150w, https:\/\/yume-silm.com\/wp-content\/uploads\/2024\/07\/Womens-abdominal-Long-Sleeve-shaper-2-768x768.jpg 768w, https:\/\/yume-silm.com\/wp-content\/uploads\/2024\/07\/Womens-abdominal-Long-Sleeve-shaper-2-12x12.jpg 12w, https:\/\/yume-silm.com\/wp-content\/uploads\/2024\/07\/Womens-abdominal-Long-Sleeve-shaper-2-100x100.jpg 100w, https:\/\/yume-silm.com\/wp-content\/uploads\/2024\/07\/Womens-abdominal-Long-Sleeve-shaper-2.jpg 800w\" sizes=\"(max-width: 300px) 100vw, 300px\" \/><\/a><\/p>\n<p>&nbsp;<\/p>\n<h6><em>Shapewear amincissant et liftant pour femmes<\/em><\/h6>\n<ul>\n<li><span data-slate-fragment=\"JTVCJTdCJTIydHlwZSUyMiUzQSUyMnBhcmFncmFwaCUyMiUyQyUyMmNoaWxkcmVuJTIyJTNBJTVCJTdCJTIydGV4dCUyMiUzQSUyMlRoZSUyMGNyb3RjaCUyMG9mJTIwdGhpcyUyMGxvbmctc2xlZXZlZCUyMHNsaW1taW5nJTIwYm9keXN1aXQlMjBpcyUyMGRlc2lnbmVkJTIwd2l0aCUyMGhvb2tzJTIwbWludXMlMjB0aGUlMjBoZWF2eSUyMGNoZXN0JTIwcGFkcyUyMGFuZCUyMHN0ZWVsJTIwcmluZ3MlMkMlMjBtYWtpbmclMjBlYXNpZXIlMjBmb3IlMjB5b3UlMjB0byUyMHdlYXIlMjBhbmQlMjB0aGUlMjBjb2xvciUyMGlzJTIwc2ltcGxlJTIwdGhhdCUyMHlvdSUyMGNhbiUyMHdlYXIlMjBkaWZmZXJlbnQlMjBsaWZlLiUyMiUyQyUyMnNlbnRlbmNlJTIyJTNBMCUyQyUyMmNoaWxkU2VudGVuY2UlMjIlM0EwJTdEJTVEJTdEJTVE\">L&#039;entrejambe de ce body shaper \u00e0 manches longues \u00e0 la mode et confortable est con\u00e7u avec des crochets sans les coussinets de poitrine lourds et les anneaux en acier, ce qui vous facilite le port et la couleur est simple pour que vous puissiez porter une vie diff\u00e9rente.<\/span><\/li>\n<\/ul>","protected":false},"excerpt":{"rendered":"<p>Portez notre body amincissant gainant le ventre pour aplatir l&#039;abdomen, compl\u00e9ter la courbe de la taille et repulper la courbe des hanches. Un body shaper \u00e0 manches longues \u00e0 la mode et confortable est essentiel pour porter notre shapewear<\/p>","protected":false},"featured_media":15913,"comment_status":"open","ping_status":"closed","template":"","meta":{"site-sidebar-layout":"default","site-content-layout":"","ast-site-content-layout":"default","site-content-style":"default","site-sidebar-style":"default","ast-global-header-display":"","ast-banner-title-visibility":"","ast-main-header-display":"","ast-hfb-above-header-display":"","ast-hfb-below-header-display":"","ast-hfb-mobile-header-display":"","site-post-title":"","ast-breadcrumbs-content":"","ast-featured-img":"","footer-sml-layout":"","ast-disable-related-posts":"","theme-transparent-header-meta":"default","adv-header-id-meta":"","stick-header-meta":"default","header-above-stick-meta":"","header-main-stick-meta":"","header-below-stick-meta":"","astra-migrate-meta-layouts":"set","ast-page-background-enabled":"default","ast-page-background-meta":{"desktop":{"background-color":"","background-image":"","background-repeat":"repeat","background-position":"center center","background-size":"auto","background-attachment":"scroll","background-type":"","background-media":"","overlay-type":"","overlay-color":"","overlay-opacity":"","overlay-gradient":""},"tablet":{"background-color":"","background-image":"","background-repeat":"repeat","background-position":"center center","background-size":"auto","background-attachment":"scroll","background-type":"","background-media":"","overlay-type":"","overlay-color":"","overlay-opacity":"","overlay-gradient":""},"mobile":{"background-color":"","background-image":"","background-repeat":"repeat","background-position":"center center","background-size":"auto","background-attachment":"scroll","background-type":"","background-media":"","overlay-type":"","overlay-color":"","overlay-opacity":"","overlay-gradient":""}},"ast-content-background-meta":{"desktop":{"background-color":"var(--ast-global-color-5)","background-image":"","background-repeat":"repeat","background-position":"center center","background-size":"auto","background-attachment":"scroll","background-type":"","background-media":"","overlay-type":"","overlay-color":"","overlay-opacity":"","overlay-gradient":""},"tablet":{"background-color":"var(--ast-global-color-5)","background-image":"","background-repeat":"repeat","background-position":"center center","background-size":"auto","background-attachment":"scroll","background-type":"","background-media":"","overlay-type":"","overlay-color":"","overlay-opacity":"","overlay-gradient":""},"mobile":{"background-color":"var(--ast-global-color-5)","background-image":"","background-repeat":"repeat","background-position":"center center","background-size":"auto","background-attachment":"scroll","background-type":"","background-media":"","overlay-type":"","overlay-color":"","overlay-opacity":"","overlay-gradient":""}}},"product_brand":[],"product_cat":[65,76,77,79,82,81],"product_tag":[662,492,659,183,503,491,661,535,660,500],"class_list":{"0":"post-8914","1":"product","2":"type-product","3":"status-publish","4":"has-post-thumbnail","6":"product_cat-best-sellers","7":"product_cat-new-arrivels","8":"product_cat-wholesale-womens-shapewear","9":"product_cat-wholesale-seemless-shaperwear","10":"product_cat-wholesale-shapewear-bodysuit","11":"product_cat-wholesale-slimming-tank-top","12":"product_tag-abdominal","13":"product_tag-breathable","14":"product_tag-hip-lift","15":"product_tag-long-sleeve","16":"product_tag-round-neck","17":"product_tag-seamless","18":"product_tag-simple","19":"product_tag-slimming","20":"product_tag-smooth","21":"product_tag-tummy-control","22":"pa_color-beige","23":"pa_color-black","24":"pa_color-brown","25":"pa_size-3xl","26":"pa_size-l","27":"pa_size-m","28":"pa_size-s","29":"pa_size-xl","30":"pa_size-xs","31":"pa_size-xxl","32":"desktop-align-center","33":"tablet-align-left","34":"mobile-align-left","35":"ast-product-gallery-layout-horizontal-slider","36":"ast-product-single-variable","37":"ast-product-tabs-layout-horizontal","38":"ast-qv-on-image","40":"first","41":"instock","42":"shipping-taxable","43":"purchasable","44":"product-type-variable"},"tiered_pricing_type":"fixed","tiered_pricing_fixed_rules":{"2":12.05,"50":10.7,"100":9.35},"tiered_pricing_product_settings":{"layout":"default","base_unit_name":{"singular":null,"plural":null},"default_variation":null},"tiered_pricing_minimum_quantity":null,"tiered_pricing_roles_data":[],"tiered_pricing_percentage_rules":[],"_links":{"self":[{"href":"https:\/\/yume-silm.com\/fr\/wp-json\/wp\/v2\/product\/8914","targetHints":{"allow":["GET"]}}],"collection":[{"href":"https:\/\/yume-silm.com\/fr\/wp-json\/wp\/v2\/product"}],"about":[{"href":"https:\/\/yume-silm.com\/fr\/wp-json\/wp\/v2\/types\/product"}],"replies":[{"embeddable":true,"href":"https:\/\/yume-silm.com\/fr\/wp-json\/wp\/v2\/comments?post=8914"}],"wp:featuredmedia":[{"embeddable":true,"href":"https:\/\/yume-silm.com\/fr\/wp-json\/wp\/v2\/media\/15913"}],"wp:attachment":[{"href":"https:\/\/yume-silm.com\/fr\/wp-json\/wp\/v2\/media?parent=8914"}],"wp:term":[{"taxonomy":"product_brand","embeddable":true,"href":"https:\/\/yume-silm.com\/fr\/wp-json\/wp\/v2\/product_brand?post=8914"},{"taxonomy":"product_cat","embeddable":true,"href":"https:\/\/yume-silm.com\/fr\/wp-json\/wp\/v2\/product_cat?post=8914"},{"taxonomy":"product_tag","embeddable":true,"href":"https:\/\/yume-silm.com\/fr\/wp-json\/wp\/v2\/product_tag?post=8914"}],"curies":[{"name":"wp","href":"https:\/\/api.w.org\/{rel}","templated":true}]}}