{"id":9033,"date":"2024-07-06T08:35:07","date_gmt":"2024-07-06T08:35:07","guid":{"rendered":"https:\/\/yume-silm.com\/?post_type=product&#038;p=9033"},"modified":"2025-04-16T00:38:53","modified_gmt":"2025-04-16T00:38:53","slug":"body-dentrainement-a-la-taille-et-aux-cuisses-controle-du-ventre","status":"publish","type":"product","link":"https:\/\/yume-silm.com\/fr\/produit\/body-dentrainement-a-la-taille-et-aux-cuisses-controle-du-ventre\/","title":{"rendered":"Gaine amincissante compl\u00e8te avec fermetures \u00e9clair lat\u00e9rales pour femmes"},"content":{"rendered":"<div data-slate-node=\"element\">\n<h5>Caract\u00e9ristiques de conception<\/h5>\n<\/div>\n<ul>\n<li data-slate-node=\"element\"><strong>COLLANTS \u00c0 DOUBLE COMPRESSION\u00a0:<\/strong> Adapt\u00e9 au body d&#039;entra\u00eenement pour le contr\u00f4le du ventre, des cuisses et de la taille, la conception en tissu \u00e0 2 couches am\u00e9liore la force de compression dans l&#039;abdomen. Un v\u00eatement gainant complet avec fermetures \u00e9clair lat\u00e9rales pour femmes, une force de compression mod\u00e9r\u00e9e peut resserrer la graisse l\u00e2che et aider \u00e0 mieux restaurer la silhouette.<\/li>\n<li data-slate-node=\"element\"><strong>CONCEPTION DE COFFRE OUVERT\u00a0:<\/strong> Une conception en forme de U et de larges bretelles peuvent soulager efficacement la pression sur les \u00e9paules. Apr\u00e8s avoir retir\u00e9 les lourds coussinets de poitrine, vous pouvez porter votre propre soutien-gorge, votre ventre, vos hanches et votre buste, soulignant la beaut\u00e9 naturelle des femmes.<\/li>\n<li data-slate-node=\"element\"><strong>BODY ABDOMINAL SERR\u00c9 POUR FEMME\u00a0:<\/strong> Le contr\u00f4le du ventre et la forme du corps des cuisses sont faits de tissu \u00e9lastique \u00e0 haute r\u00e9sistance, et le body sans couture sur tout le corps aide \u00e0 lisser et \u00e0 modifier votre silhouette, \u00e0 l&#039;enrouler et \u00e0 montrer aux gens votre silhouette en forme de sablier.<\/li>\n<li data-slate-node=\"element\"><strong>OCCASION:<\/strong> Body shaper complet, contr\u00f4le du ventre, rehausseur de fesses, cuisse plus mince, fermeture \u00e9clair lat\u00e9rale, adapt\u00e9 \u00e0 toutes les occasions, vous pouvez l&#039;assortir \u00e0 n&#039;importe quelle couleur, polyvalent et \u00e0 la mode, et simple, vous pouvez porter un v\u00eatement gainant pour le ventre lors de f\u00eates, de pr\u00e9sences et de rendez-vous, cachez-le sous votre jupe. , ou un pantalon, et montrez votre meilleur.<\/li>\n<\/ul>\n<p><a href=\"https:\/\/yume-silm.com\/wp-content\/uploads\/2024\/07\/tummy-control-thigh-body-shaper-short-waist-trainer-bodysuit-01.jpg\"><img fetchpriority=\"high\" decoding=\"async\" class=\"alignnone wp-image-9051 size-medium\" src=\"https:\/\/yume-silm.com\/wp-content\/uploads\/2024\/07\/tummy-control-thigh-body-shaper-short-waist-trainer-bodysuit-02-300x300.jpg\" alt=\"Body d&#039;entra\u00eenement \u00e0 taille courte, contr\u00f4le du ventre, cuisses, modelant le corps\" width=\"300\" height=\"300\" title=\"\" srcset=\"https:\/\/yume-silm.com\/wp-content\/uploads\/2024\/07\/tummy-control-thigh-body-shaper-short-waist-trainer-bodysuit-02-300x300.jpg 300w, https:\/\/yume-silm.com\/wp-content\/uploads\/2024\/07\/tummy-control-thigh-body-shaper-short-waist-trainer-bodysuit-02-150x150.jpg 150w, https:\/\/yume-silm.com\/wp-content\/uploads\/2024\/07\/tummy-control-thigh-body-shaper-short-waist-trainer-bodysuit-02-768x768.jpg 768w, https:\/\/yume-silm.com\/wp-content\/uploads\/2024\/07\/tummy-control-thigh-body-shaper-short-waist-trainer-bodysuit-02-12x12.jpg 12w, https:\/\/yume-silm.com\/wp-content\/uploads\/2024\/07\/tummy-control-thigh-body-shaper-short-waist-trainer-bodysuit-02-100x100.jpg 100w, https:\/\/yume-silm.com\/wp-content\/uploads\/2024\/07\/tummy-control-thigh-body-shaper-short-waist-trainer-bodysuit-02.jpg 800w\" sizes=\"(max-width: 300px) 100vw, 300px\" \/><img decoding=\"async\" class=\"alignnone wp-image-9050 size-medium\" src=\"https:\/\/yume-silm.com\/wp-content\/uploads\/2024\/07\/tummy-control-thigh-body-shaper-short-waist-trainer-bodysuit-01-300x300.jpg\" alt=\"Gaine amincissante compl\u00e8te avec fermetures \u00e9clair lat\u00e9rales pour femmes\" width=\"300\" height=\"300\" title=\"\" srcset=\"https:\/\/yume-silm.com\/wp-content\/uploads\/2024\/07\/tummy-control-thigh-body-shaper-short-waist-trainer-bodysuit-01-300x300.jpg 300w, https:\/\/yume-silm.com\/wp-content\/uploads\/2024\/07\/tummy-control-thigh-body-shaper-short-waist-trainer-bodysuit-01-150x150.jpg 150w, https:\/\/yume-silm.com\/wp-content\/uploads\/2024\/07\/tummy-control-thigh-body-shaper-short-waist-trainer-bodysuit-01-768x768.jpg 768w, https:\/\/yume-silm.com\/wp-content\/uploads\/2024\/07\/tummy-control-thigh-body-shaper-short-waist-trainer-bodysuit-01-12x12.jpg 12w, https:\/\/yume-silm.com\/wp-content\/uploads\/2024\/07\/tummy-control-thigh-body-shaper-short-waist-trainer-bodysuit-01-100x100.jpg 100w, https:\/\/yume-silm.com\/wp-content\/uploads\/2024\/07\/tummy-control-thigh-body-shaper-short-waist-trainer-bodysuit-01.jpg 800w\" sizes=\"(max-width: 300px) 100vw, 300px\" \/><\/a><\/p>\n<h6><em>Convient aux v\u00eatements shapewear d&#039;entra\u00eenement \u00e0 la taille pour femmes<\/em><\/h6>\n<ul>\n<li>Le tissu gainant complet avec fermetures \u00e9clair lat\u00e9rales pour femmes est doux, hautement \u00e9lastique, absorbe la transpiration, \u00e9vacue l&#039;humidit\u00e9 et est doux pour la peau, aidant \u00e0 cr\u00e9er une silhouette de sablier belle et attrayante.<\/li>\n<\/ul>","protected":false},"excerpt":{"rendered":"<p><span data-slate-fragment=\"JTVCJTdCJTIydHlwZSUyMiUzQSUyMnBhcmFncmFwaCUyMiUyQyUyMmNoaWxkcmVuJTIyJTNBJTVCJTdCJTIydGV4dCUyMiUzQSUyMlRoaXMlMjBCZWxseSUyMFRoaWdoJTIwU2hhcGUlMjBXYWlzdCUyMFRyYWluaW5nJTIwU2hhcGV3ZWFyJTIwaXMlMjBub3QlMjBvbmx5JTIwcHJhY3RpY2FsJTIwYW5kJTIwc3R1cmR5JTJDJTIwYnV0JTIwYWxzbyUyMGVsYXN0aWMlMjBlbm91Z2glMjB0byUyMGxldCUyMHlvdSUyMHdlYXIlMjBhbnklMjBjbG90aGVzJTIwYW5kJTIwaGVscCUyMHlvdSUyMGFjaGlldmUlMjBhbiUyMGhvdXJnbGFzcyUyMHNoYXBlLiUyMiUyQyUyMnNlbnRlbmNlJTIyJTNBNiUyQyUyMmNoaWxkU2VudGVuY2UlMjIlM0ExJTdEJTVEJTdEJTVE\">Ce v\u00eatement gainant pour tout le corps avec fermetures \u00e9clair lat\u00e9rales pour femme est non seulement pratique et robuste, mais \u00e9galement suffisamment \u00e9lastique pour vous permettre de porter n&#039;importe quel v\u00eatement et vous aider \u00e0 obtenir une forme de sablier.<\/span><\/p>","protected":false},"featured_media":9049,"comment_status":"open","ping_status":"closed","template":"","meta":{"site-sidebar-layout":"default","site-content-layout":"","ast-site-content-layout":"default","site-content-style":"default","site-sidebar-style":"default","ast-global-header-display":"","ast-banner-title-visibility":"","ast-main-header-display":"","ast-hfb-above-header-display":"","ast-hfb-below-header-display":"","ast-hfb-mobile-header-display":"","site-post-title":"","ast-breadcrumbs-content":"","ast-featured-img":"","footer-sml-layout":"","ast-disable-related-posts":"","theme-transparent-header-meta":"default","adv-header-id-meta":"","stick-header-meta":"default","header-above-stick-meta":"","header-main-stick-meta":"","header-below-stick-meta":"","astra-migrate-meta-layouts":"set","ast-page-background-enabled":"default","ast-page-background-meta":{"desktop":{"background-color":"","background-image":"","background-repeat":"repeat","background-position":"center center","background-size":"auto","background-attachment":"scroll","background-type":"","background-media":"","overlay-type":"","overlay-color":"","overlay-opacity":"","overlay-gradient":""},"tablet":{"background-color":"","background-image":"","background-repeat":"repeat","background-position":"center center","background-size":"auto","background-attachment":"scroll","background-type":"","background-media":"","overlay-type":"","overlay-color":"","overlay-opacity":"","overlay-gradient":""},"mobile":{"background-color":"","background-image":"","background-repeat":"repeat","background-position":"center center","background-size":"auto","background-attachment":"scroll","background-type":"","background-media":"","overlay-type":"","overlay-color":"","overlay-opacity":"","overlay-gradient":""}},"ast-content-background-meta":{"desktop":{"background-color":"var(--ast-global-color-5)","background-image":"","background-repeat":"repeat","background-position":"center center","background-size":"auto","background-attachment":"scroll","background-type":"","background-media":"","overlay-type":"","overlay-color":"","overlay-opacity":"","overlay-gradient":""},"tablet":{"background-color":"var(--ast-global-color-5)","background-image":"","background-repeat":"repeat","background-position":"center center","background-size":"auto","background-attachment":"scroll","background-type":"","background-media":"","overlay-type":"","overlay-color":"","overlay-opacity":"","overlay-gradient":""},"mobile":{"background-color":"var(--ast-global-color-5)","background-image":"","background-repeat":"repeat","background-position":"center center","background-size":"auto","background-attachment":"scroll","background-type":"","background-media":"","overlay-type":"","overlay-color":"","overlay-opacity":"","overlay-gradient":""}}},"product_brand":[],"product_cat":[65,76,77,78,82],"product_tag":[662,663,419,489,426,491,416,660,654,500,214],"class_list":{"0":"post-9033","1":"product","2":"type-product","3":"status-publish","4":"has-post-thumbnail","6":"product_cat-best-sellers","7":"product_cat-new-arrivels","8":"product_cat-wholesale-womens-shapewear","9":"product_cat-wholesale-full-body-shaper","10":"product_cat-wholesale-shapewear-bodysuit","11":"product_tag-abdominal","12":"product_tag-belly","13":"product_tag-bodysuit","14":"product_tag-compression","15":"product_tag-jumpsuit","16":"product_tag-seamless","17":"product_tag-shapewear","18":"product_tag-smooth","19":"product_tag-tight","20":"product_tag-tummy-control","21":"product_tag-waist-trainer","22":"pa_color-black","23":"pa_size-l","24":"pa_size-m","25":"pa_size-s","26":"pa_size-xl","27":"pa_size-xs","28":"pa_size-xxl","29":"pa_size-xxxl","30":"desktop-align-center","31":"tablet-align-left","32":"mobile-align-left","33":"ast-product-gallery-layout-horizontal-slider","34":"ast-product-single-variable","35":"ast-product-tabs-layout-horizontal","36":"ast-qv-on-image","38":"first","39":"instock","40":"shipping-taxable","41":"purchasable","42":"product-type-variable"},"tiered_pricing_type":"fixed","tiered_pricing_fixed_rules":{"2":20.75,"50":18.45,"100":16.1},"tiered_pricing_product_settings":{"layout":"default","base_unit_name":{"singular":null,"plural":null},"default_variation":null},"tiered_pricing_minimum_quantity":null,"tiered_pricing_roles_data":[],"tiered_pricing_percentage_rules":[],"_links":{"self":[{"href":"https:\/\/yume-silm.com\/fr\/wp-json\/wp\/v2\/product\/9033","targetHints":{"allow":["GET"]}}],"collection":[{"href":"https:\/\/yume-silm.com\/fr\/wp-json\/wp\/v2\/product"}],"about":[{"href":"https:\/\/yume-silm.com\/fr\/wp-json\/wp\/v2\/types\/product"}],"replies":[{"embeddable":true,"href":"https:\/\/yume-silm.com\/fr\/wp-json\/wp\/v2\/comments?post=9033"}],"wp:featuredmedia":[{"embeddable":true,"href":"https:\/\/yume-silm.com\/fr\/wp-json\/wp\/v2\/media\/9049"}],"wp:attachment":[{"href":"https:\/\/yume-silm.com\/fr\/wp-json\/wp\/v2\/media?parent=9033"}],"wp:term":[{"taxonomy":"product_brand","embeddable":true,"href":"https:\/\/yume-silm.com\/fr\/wp-json\/wp\/v2\/product_brand?post=9033"},{"taxonomy":"product_cat","embeddable":true,"href":"https:\/\/yume-silm.com\/fr\/wp-json\/wp\/v2\/product_cat?post=9033"},{"taxonomy":"product_tag","embeddable":true,"href":"https:\/\/yume-silm.com\/fr\/wp-json\/wp\/v2\/product_tag?post=9033"}],"curies":[{"name":"wp","href":"https:\/\/api.w.org\/{rel}","templated":true}]}}