{"id":9073,"date":"2024-07-08T01:15:45","date_gmt":"2024-07-08T01:15:45","guid":{"rendered":"https:\/\/yume-silm.com\/?post_type=product&#038;p=9073"},"modified":"2024-08-22T02:42:51","modified_gmt":"2024-08-22T02:42:51","slug":"body-abdominal-haute-compression","status":"publish","type":"product","link":"https:\/\/yume-silm.com\/fr\/produit\/body-abdominal-haute-compression\/","title":{"rendered":"Body \u00e0 poitrine ouverte \u00e0 haute compression abdominale pour femme"},"content":{"rendered":"<h5>Caract\u00e9ristiques de conception<\/h5>\n<ul>\n<li><strong>CONCEPTION DOUBLE COUCHE POUR LE VENTRE\u00a0:<\/strong> Le body abdominal \u00e0 haute compression adopte une conception unique \u00e0 double couche de maille et de ventre, qui fournit non seulement une double compression du ventre, mais ajuste \u00e9galement l&#039;\u00e9lasticit\u00e9 gr\u00e2ce \u00e0 des attaches \u00e0 crochets et \u00e0 \u0153illets pour am\u00e9liorer le moulage par compression de la graisse l\u00e2che et am\u00e9liorer la forme du corps.<\/li>\n<li><strong>Bretelles antid\u00e9rapantes\u00a0:<\/strong> Les bretelles du body \u00e0 buste ouvert \u00e0 haute compression abdominale pour femmes sont con\u00e7ues avec des propri\u00e9t\u00e9s antid\u00e9rapantes et peuvent \u00eatre ajust\u00e9es \u00e0 n&#039;importe quelle longueur pour contr\u00f4ler la graisse du ventre et des aisselles, fournir un soutien et r\u00e9duire la pression sur les \u00e9paules.<\/li>\n<li><strong>BODY \u00c0 POITRINE OUVERTE EN U\u00a0:<\/strong> Une conception sp\u00e9ciale de poitrine ouverte en forme de U sur le devant rend vos seins plus pleins, le body \u00e0 buste ouvert fa\u00e7onne le short contr\u00f4le efficacement la graisse du dos et am\u00e9liore la courbe des hanches.<\/li>\n<li><strong>OCCASION:<\/strong> vous pouvez porter une silhouette ajust\u00e9e et amincissante \u00e0 l&#039;int\u00e9rieur de n&#039;importe quel v\u00eatement, ses bretelles r\u00e9glables antid\u00e9rapantes et son design respirant, tout vous permet de choisir librement, vous pouvez porter votre soutien-gorge \u00e0 l&#039;int\u00e9rieur, vous pouvez le cacher sous une jupe ou un pantalon, vous pouvez le porter V\u00eatement gainant respirant pour contr\u00f4ler le ventre lorsque vous assistez \u00e0 une f\u00eate ou que vous sortez au travail, plus beau.<\/li>\n<\/ul>\n<p><a href=\"https:\/\/yume-silm.com\/wp-content\/uploads\/2024\/07\/Full-Body-Shaper-Post-Surgery-Shapewear-1-2.jpg\"><img fetchpriority=\"high\" decoding=\"async\" class=\"alignnone wp-image-9078 size-medium\" src=\"https:\/\/yume-silm.com\/wp-content\/uploads\/2024\/07\/Full-Body-Shaper-Post-Surgery-Shapewear-1-2-300x300.jpg\" alt=\"Body \u00e0 poitrine ouverte \u00e0 haute compression abdominale pour femme\" width=\"300\" height=\"300\" title=\"\" srcset=\"https:\/\/yume-silm.com\/wp-content\/uploads\/2024\/07\/Full-Body-Shaper-Post-Surgery-Shapewear-1-2-300x300.jpg 300w, https:\/\/yume-silm.com\/wp-content\/uploads\/2024\/07\/Full-Body-Shaper-Post-Surgery-Shapewear-1-2-150x150.jpg 150w, https:\/\/yume-silm.com\/wp-content\/uploads\/2024\/07\/Full-Body-Shaper-Post-Surgery-Shapewear-1-2-768x768.jpg 768w, https:\/\/yume-silm.com\/wp-content\/uploads\/2024\/07\/Full-Body-Shaper-Post-Surgery-Shapewear-1-2-12x12.jpg 12w, https:\/\/yume-silm.com\/wp-content\/uploads\/2024\/07\/Full-Body-Shaper-Post-Surgery-Shapewear-1-2-100x100.jpg 100w, https:\/\/yume-silm.com\/wp-content\/uploads\/2024\/07\/Full-Body-Shaper-Post-Surgery-Shapewear-1-2.jpg 800w\" sizes=\"(max-width: 300px) 100vw, 300px\" \/><\/a><a href=\"https:\/\/yume-silm.com\/wp-content\/uploads\/2024\/07\/Full-Body-Shaper-Post-Surgery-Shapewear-2.jpg\"><img decoding=\"async\" class=\"alignnone wp-image-9079 size-medium\" src=\"https:\/\/yume-silm.com\/wp-content\/uploads\/2024\/07\/Full-Body-Shaper-Post-Surgery-Shapewear-2-300x300.jpg\" alt=\"Body \u00e0 poitrine ouverte \u00e0 haute compression abdominale pour femme\" width=\"300\" height=\"300\" title=\"\" srcset=\"https:\/\/yume-silm.com\/wp-content\/uploads\/2024\/07\/Full-Body-Shaper-Post-Surgery-Shapewear-2-300x300.jpg 300w, https:\/\/yume-silm.com\/wp-content\/uploads\/2024\/07\/Full-Body-Shaper-Post-Surgery-Shapewear-2-150x150.jpg 150w, https:\/\/yume-silm.com\/wp-content\/uploads\/2024\/07\/Full-Body-Shaper-Post-Surgery-Shapewear-2-768x768.jpg 768w, https:\/\/yume-silm.com\/wp-content\/uploads\/2024\/07\/Full-Body-Shaper-Post-Surgery-Shapewear-2-12x12.jpg 12w, https:\/\/yume-silm.com\/wp-content\/uploads\/2024\/07\/Full-Body-Shaper-Post-Surgery-Shapewear-2-100x100.jpg 100w, https:\/\/yume-silm.com\/wp-content\/uploads\/2024\/07\/Full-Body-Shaper-Post-Surgery-Shapewear-2.jpg 800w\" sizes=\"(max-width: 300px) 100vw, 300px\" \/><\/a><\/p>\n<h6><em>Gaine amincissante pour femmes, entra\u00eenement de la taille et levage des hanches<\/em><\/h6>\n<ul>\n<li>Notre tissu de ces bodys \u00e0 poitrine ouverte \u00e0 haute compression abdominale pour femmes est doux, \u00e9vacue la transpiration et l&#039;humidit\u00e9, doux pour la peau et respirant.<\/li>\n<li>Vous aide \u00e0 fa\u00e7onner la forme souhait\u00e9e en peu de temps, \u00e0 avoir instantan\u00e9ment une silhouette de sablier et \u00e0 sortir en toute confiance avec vos amis et copines, joyeusement et magnifiquement.<\/li>\n<\/ul>","protected":false},"excerpt":{"rendered":"<p>Vous voulez dire au revoir \u00e0 votre pass\u00e9 ? Enfilez notre nouveau body \u00e0 buste ouvert \u00e0 haute compression abdominale pour femme, il est fait de tissu doux et hautement \u00e9lastique, fa\u00e7onnant les courbes de votre corps de haut en bas, vous permettant de vous entra\u00eener confortablement.<\/p>","protected":false},"featured_media":9092,"comment_status":"open","ping_status":"closed","template":"","meta":{"site-sidebar-layout":"default","site-content-layout":"","ast-site-content-layout":"default","site-content-style":"default","site-sidebar-style":"default","ast-global-header-display":"","ast-banner-title-visibility":"","ast-main-header-display":"","ast-hfb-above-header-display":"","ast-hfb-below-header-display":"","ast-hfb-mobile-header-display":"","site-post-title":"","ast-breadcrumbs-content":"","ast-featured-img":"","footer-sml-layout":"","ast-disable-related-posts":"","theme-transparent-header-meta":"default","adv-header-id-meta":"","stick-header-meta":"default","header-above-stick-meta":"","header-main-stick-meta":"","header-below-stick-meta":"","astra-migrate-meta-layouts":"set","ast-page-background-enabled":"default","ast-page-background-meta":{"desktop":{"background-color":"","background-image":"","background-repeat":"repeat","background-position":"center center","background-size":"auto","background-attachment":"scroll","background-type":"","background-media":"","overlay-type":"","overlay-color":"","overlay-opacity":"","overlay-gradient":""},"tablet":{"background-color":"","background-image":"","background-repeat":"repeat","background-position":"center center","background-size":"auto","background-attachment":"scroll","background-type":"","background-media":"","overlay-type":"","overlay-color":"","overlay-opacity":"","overlay-gradient":""},"mobile":{"background-color":"","background-image":"","background-repeat":"repeat","background-position":"center center","background-size":"auto","background-attachment":"scroll","background-type":"","background-media":"","overlay-type":"","overlay-color":"","overlay-opacity":"","overlay-gradient":""}},"ast-content-background-meta":{"desktop":{"background-color":"var(--ast-global-color-5)","background-image":"","background-repeat":"repeat","background-position":"center center","background-size":"auto","background-attachment":"scroll","background-type":"","background-media":"","overlay-type":"","overlay-color":"","overlay-opacity":"","overlay-gradient":""},"tablet":{"background-color":"var(--ast-global-color-5)","background-image":"","background-repeat":"repeat","background-position":"center center","background-size":"auto","background-attachment":"scroll","background-type":"","background-media":"","overlay-type":"","overlay-color":"","overlay-opacity":"","overlay-gradient":""},"mobile":{"background-color":"var(--ast-global-color-5)","background-image":"","background-repeat":"repeat","background-position":"center center","background-size":"auto","background-attachment":"scroll","background-type":"","background-media":"","overlay-type":"","overlay-color":"","overlay-opacity":"","overlay-gradient":""}}},"product_brand":[],"product_cat":[65,76,77,78,82],"product_tag":[662,663,419,492,489,665,491,535,654,500,664,666],"class_list":{"0":"post-9073","1":"product","2":"type-product","3":"status-publish","4":"has-post-thumbnail","6":"product_cat-best-sellers","7":"product_cat-new-arrivels","8":"product_cat-wholesale-womens-shapewear","9":"product_cat-wholesale-full-body-shaper","10":"product_cat-wholesale-shapewear-bodysuit","11":"product_tag-abdominal","12":"product_tag-belly","13":"product_tag-bodysuit","14":"product_tag-breathable","15":"product_tag-compression","16":"product_tag-non-slip","17":"product_tag-seamless","18":"product_tag-slimming","19":"product_tag-tight","20":"product_tag-tummy-control","21":"product_tag-u-shape","22":"product_tag-waist-lift","23":"pa_color-beige","24":"pa_color-black","25":"pa_size-l","26":"pa_size-m","27":"pa_size-s","28":"pa_size-xl","29":"pa_size-xxl","30":"pa_size-xxxl","31":"desktop-align-center","32":"tablet-align-left","33":"mobile-align-left","34":"ast-product-gallery-layout-horizontal-slider","35":"ast-product-single-variable","36":"ast-product-tabs-layout-horizontal","37":"ast-qv-on-image","39":"first","40":"instock","41":"shipping-taxable","42":"purchasable","43":"product-type-variable"},"tiered_pricing_type":"fixed","tiered_pricing_fixed_rules":{"2":14.5,"50":12.9,"100":11.3},"tiered_pricing_product_settings":{"layout":"default","base_unit_name":{"singular":null,"plural":null},"default_variation":null},"tiered_pricing_minimum_quantity":null,"tiered_pricing_roles_data":[],"tiered_pricing_percentage_rules":[],"_links":{"self":[{"href":"https:\/\/yume-silm.com\/fr\/wp-json\/wp\/v2\/product\/9073","targetHints":{"allow":["GET"]}}],"collection":[{"href":"https:\/\/yume-silm.com\/fr\/wp-json\/wp\/v2\/product"}],"about":[{"href":"https:\/\/yume-silm.com\/fr\/wp-json\/wp\/v2\/types\/product"}],"replies":[{"embeddable":true,"href":"https:\/\/yume-silm.com\/fr\/wp-json\/wp\/v2\/comments?post=9073"}],"wp:featuredmedia":[{"embeddable":true,"href":"https:\/\/yume-silm.com\/fr\/wp-json\/wp\/v2\/media\/9092"}],"wp:attachment":[{"href":"https:\/\/yume-silm.com\/fr\/wp-json\/wp\/v2\/media?parent=9073"}],"wp:term":[{"taxonomy":"product_brand","embeddable":true,"href":"https:\/\/yume-silm.com\/fr\/wp-json\/wp\/v2\/product_brand?post=9073"},{"taxonomy":"product_cat","embeddable":true,"href":"https:\/\/yume-silm.com\/fr\/wp-json\/wp\/v2\/product_cat?post=9073"},{"taxonomy":"product_tag","embeddable":true,"href":"https:\/\/yume-silm.com\/fr\/wp-json\/wp\/v2\/product_tag?post=9073"}],"curies":[{"name":"wp","href":"https:\/\/api.w.org\/{rel}","templated":true}]}}