{"id":9143,"date":"2024-07-09T07:23:56","date_gmt":"2024-07-09T07:23:56","guid":{"rendered":"https:\/\/yume-silm.com\/?post_type=product&#038;p=9143"},"modified":"2024-11-06T02:48:41","modified_gmt":"2024-11-06T02:48:41","slug":"short-modelant-le-corps-rembourre-aux-hanches-antiderapant","status":"publish","type":"product","link":"https:\/\/yume-silm.com\/fr\/produit\/short-modelant-le-corps-rembourre-aux-hanches-antiderapant\/","title":{"rendered":"Corps rembourr\u00e9 par hanche antid\u00e9rapant fa\u00e7onnant les shorts levage de hanche tridimensionnel"},"content":{"rendered":"<h5>Caract\u00e9ristiques de conception<\/h5>\n<ul>\n<li><strong>LEVAGE DES HANCHES EN TROIS DIMENSIONS<\/strong>:<span data-slate-fragment=\"JTVCJTdCJTIydHlwZSUyMiUzQSUyMnBhcmFncmFwaCUyMiUyQyUyMmNoaWxkcmVuJTIyJTNBJTVCJTdCJTIydGV4dCUyMiUzQSUyMlRoZSUyMGxhdGVzdCUyMHVwZ3JhZGVkJTIwdmVyc2lvbiUyMG9mJTIwbm9uJTIwc2xpcCUyMGhpcCUyMHBhZGRlZCUyMGJvZHklMjBzaGFwaW5nJTIwc2hvcnRzJTIwaGlwJTIwbGlmdGluZyUyMHRocmVlJTIwZGltZW5zaW9uYWwlMjBoYXMlMjBhJTIwbXVsdGktZGlyZWN0aW9uYWwlMjBmaXQlMjBhbmQlMjBjb21mb3J0YWJsZSUyMG1hdGVyaWFsJTJDJTIwdGhlJTIwdXBwZXIlMjBib2R5JTIwZWZmZWN0JTIwaXMlMjB2ZXJ5JTIwdGhpbiUyQyUyMHNleHklMkMlMjBhbmQlMjBjaGFybWluZy4lMjIlN0QlNUQlN0QlNUQ=\">La derni\u00e8re version am\u00e9lior\u00e9e du short de modelage du corps rembourr\u00e9 et antid\u00e9rapant en trois dimensions a un ajustement multidirectionnel et un mat\u00e9riau respirant confortable, l&#039;effet du haut du corps est tr\u00e8s fin, sexy et charmant.<\/span><\/li>\n<li><strong>LIFTING IMM\u00c9DIAT DES FESSES<\/strong>: Ce sous-v\u00eatement body en dentelle est con\u00e7u pour am\u00e9liorer le short gainant antid\u00e9rapant aux hanches des femmes aux fesses plates. Les coussinets respirants pour les fesses sont con\u00e7us pour ajouter du volume \u00e0 vos fesses, les rendant ainsi plus pleines et plus attrayantes.<\/li>\n<li><strong>TAILLE HAUTE ANTID\u00c9RAPANTE<\/strong>: La taille de ce short gainant sans couture utilise du silicone antid\u00e9rapant pour garantir qu&#039;il ne glisse pas facilement lors d&#039;un port \u00e0 long terme. La conception taille haute peut contr\u00f4ler efficacement le bas de l&#039;abdomen. Les v\u00eatements gainants pour le ventre et les hanches pour femmes peuvent aider \u00e0 lisser le ventre bomb\u00e9, m\u00eame si vous d\u00e9fiez des collants, vous n&#039;avez pas \u00e0 vous soucier des lignes abdominales \u00e9videntes !<\/li>\n<li><strong>COUSSINS DE HANCHES AMOVIBLES<\/strong>: Les coussinets mous et \u00e9pais qui fa\u00e7onnent les hanches garantissent que vos hanches sont soulev\u00e9es en douceur et restent en place pendant longtemps. L&#039;apparence sans couture de notre short amincissant taille haute vous rend efficacement invisible. M\u00eame si vous le portez, on dirait que vous ne le portez pas, vous pouvez donc profiter de vos hanches sexy et de vos belles courbes \u00e0 tout moment.<\/li>\n<\/ul>\n<p><a href=\"https:\/\/yume-silm.com\/wp-content\/uploads\/2024\/07\/Non-Slip-Hip-Padded-Body-Shaping-Shorts-Hip-Lifting-Three-Dimensional-back.jpg\"><img fetchpriority=\"high\" decoding=\"async\" class=\"alignnone wp-image-9141 size-medium\" style=\"font-weight: inherit;\" src=\"https:\/\/yume-silm.com\/wp-content\/uploads\/2024\/07\/Non-Slip-Hip-Padded-Body-Shaping-Shorts-Hip-Lifting-Three-Dimensional-back-300x300.jpg\" alt=\"short rembourr\u00e9 antid\u00e9rapant pour fa\u00e7onner le corps, levage des hanches, en trois dimensions\" width=\"300\" height=\"300\" title=\"\" srcset=\"https:\/\/yume-silm.com\/wp-content\/uploads\/2024\/07\/Non-Slip-Hip-Padded-Body-Shaping-Shorts-Hip-Lifting-Three-Dimensional-back-300x300.jpg 300w, https:\/\/yume-silm.com\/wp-content\/uploads\/2024\/07\/Non-Slip-Hip-Padded-Body-Shaping-Shorts-Hip-Lifting-Three-Dimensional-back-150x150.jpg 150w, https:\/\/yume-silm.com\/wp-content\/uploads\/2024\/07\/Non-Slip-Hip-Padded-Body-Shaping-Shorts-Hip-Lifting-Three-Dimensional-back-768x768.jpg 768w, https:\/\/yume-silm.com\/wp-content\/uploads\/2024\/07\/Non-Slip-Hip-Padded-Body-Shaping-Shorts-Hip-Lifting-Three-Dimensional-back-12x12.jpg 12w, https:\/\/yume-silm.com\/wp-content\/uploads\/2024\/07\/Non-Slip-Hip-Padded-Body-Shaping-Shorts-Hip-Lifting-Three-Dimensional-back-100x100.jpg 100w, https:\/\/yume-silm.com\/wp-content\/uploads\/2024\/07\/Non-Slip-Hip-Padded-Body-Shaping-Shorts-Hip-Lifting-Three-Dimensional-back.jpg 800w\" sizes=\"(max-width: 300px) 100vw, 300px\" \/><\/a><a href=\"https:\/\/yume-silm.com\/wp-content\/uploads\/2024\/07\/Non-Slip-Hip-Padded-Body-Shaping-Shorts-Hip-Lifting-Three-Dimensional-side.jpg\"><img decoding=\"async\" class=\"alignnone wp-image-9142 size-medium\" src=\"https:\/\/yume-silm.com\/wp-content\/uploads\/2024\/07\/Non-Slip-Hip-Padded-Body-Shaping-Shorts-Hip-Lifting-Three-Dimensional-side-300x300.jpg\" alt=\"short rembourr\u00e9 antid\u00e9rapant pour fa\u00e7onner le corps, levage des hanches, en trois dimensions\" width=\"300\" height=\"300\" title=\"\" srcset=\"https:\/\/yume-silm.com\/wp-content\/uploads\/2024\/07\/Non-Slip-Hip-Padded-Body-Shaping-Shorts-Hip-Lifting-Three-Dimensional-side-300x300.jpg 300w, https:\/\/yume-silm.com\/wp-content\/uploads\/2024\/07\/Non-Slip-Hip-Padded-Body-Shaping-Shorts-Hip-Lifting-Three-Dimensional-side-150x150.jpg 150w, https:\/\/yume-silm.com\/wp-content\/uploads\/2024\/07\/Non-Slip-Hip-Padded-Body-Shaping-Shorts-Hip-Lifting-Three-Dimensional-side-768x768.jpg 768w, https:\/\/yume-silm.com\/wp-content\/uploads\/2024\/07\/Non-Slip-Hip-Padded-Body-Shaping-Shorts-Hip-Lifting-Three-Dimensional-side-12x12.jpg 12w, https:\/\/yume-silm.com\/wp-content\/uploads\/2024\/07\/Non-Slip-Hip-Padded-Body-Shaping-Shorts-Hip-Lifting-Three-Dimensional-side-100x100.jpg 100w, https:\/\/yume-silm.com\/wp-content\/uploads\/2024\/07\/Non-Slip-Hip-Padded-Body-Shaping-Shorts-Hip-Lifting-Three-Dimensional-side.jpg 800w\" sizes=\"(max-width: 300px) 100vw, 300px\" \/><\/a><\/p>\n<p>&nbsp;<\/p>\n<h6><em>SOBRE ET STYL\u00c9<\/em><\/h6>\n<ul>\n<li>Ce short compressif en forme de ventre et de hanches, facile \u00e0 porter, convient \u00e0 toutes les occasions et est facile \u00e0 assortir \u00e0 n&#039;importe quelle tenue. Ce short amincissant taille haute est parfait pour une vari\u00e9t\u00e9 de tenues, telles que des jeans skinny, des robes moulantes, des costumes, des robes, etc.<\/li>\n<\/ul>","protected":false},"excerpt":{"rendered":"<p>Le short rembourr\u00e9 antid\u00e9rapant pour le corps et les hanches en trois dimensions est parfait pour un usage quotidien, les mariages, le shopping, les rendez-vous, le travail, les f\u00eates, les voyages, la vie nocturne, etc.<\/p>","protected":false},"featured_media":9134,"comment_status":"open","ping_status":"closed","template":"","meta":{"site-sidebar-layout":"default","site-content-layout":"","ast-site-content-layout":"default","site-content-style":"default","site-sidebar-style":"default","ast-global-header-display":"","ast-banner-title-visibility":"","ast-main-header-display":"","ast-hfb-above-header-display":"","ast-hfb-below-header-display":"","ast-hfb-mobile-header-display":"","site-post-title":"","ast-breadcrumbs-content":"","ast-featured-img":"","footer-sml-layout":"","ast-disable-related-posts":"","theme-transparent-header-meta":"default","adv-header-id-meta":"","stick-header-meta":"default","header-above-stick-meta":"","header-main-stick-meta":"","header-below-stick-meta":"","astra-migrate-meta-layouts":"set","ast-page-background-enabled":"default","ast-page-background-meta":{"desktop":{"background-color":"","background-image":"","background-repeat":"repeat","background-position":"center center","background-size":"auto","background-attachment":"scroll","background-type":"","background-media":"","overlay-type":"","overlay-color":"","overlay-opacity":"","overlay-gradient":""},"tablet":{"background-color":"","background-image":"","background-repeat":"repeat","background-position":"center center","background-size":"auto","background-attachment":"scroll","background-type":"","background-media":"","overlay-type":"","overlay-color":"","overlay-opacity":"","overlay-gradient":""},"mobile":{"background-color":"","background-image":"","background-repeat":"repeat","background-position":"center center","background-size":"auto","background-attachment":"scroll","background-type":"","background-media":"","overlay-type":"","overlay-color":"","overlay-opacity":"","overlay-gradient":""}},"ast-content-background-meta":{"desktop":{"background-color":"var(--ast-global-color-5)","background-image":"","background-repeat":"repeat","background-position":"center center","background-size":"auto","background-attachment":"scroll","background-type":"","background-media":"","overlay-type":"","overlay-color":"","overlay-opacity":"","overlay-gradient":""},"tablet":{"background-color":"var(--ast-global-color-5)","background-image":"","background-repeat":"repeat","background-position":"center center","background-size":"auto","background-attachment":"scroll","background-type":"","background-media":"","overlay-type":"","overlay-color":"","overlay-opacity":"","overlay-gradient":""},"mobile":{"background-color":"var(--ast-global-color-5)","background-image":"","background-repeat":"repeat","background-position":"center center","background-size":"auto","background-attachment":"scroll","background-type":"","background-media":"","overlay-type":"","overlay-color":"","overlay-opacity":"","overlay-gradient":""}}},"product_brand":[],"product_cat":[65,76,77,1092,79,80],"product_tag":[662,663,419,492,423,665,491,672,671],"class_list":{"0":"post-9143","1":"product","2":"type-product","3":"status-publish","4":"has-post-thumbnail","6":"product_cat-best-sellers","7":"product_cat-new-arrivels","8":"product_cat-wholesale-womens-shapewear","9":"product_cat-plus-size-shapewear","10":"product_cat-wholesale-seemless-shaperwear","11":"product_cat-wholesale-butt-lift-underwear","12":"product_tag-abdominal","13":"product_tag-belly","14":"product_tag-bodysuit","15":"product_tag-breathable","16":"product_tag-hip-lifting-panties","17":"product_tag-non-slip","18":"product_tag-seamless","19":"product_tag-shape-short","20":"product_tag-three-dimensional","21":"pa_color-beige","22":"pa_color-black","23":"pa_size-3xl","24":"pa_size-4xl","25":"pa_size-5xl","26":"pa_size-6xl","27":"pa_size-l","28":"pa_size-m","29":"pa_size-s","30":"pa_size-xl","31":"pa_size-xxl","32":"desktop-align-center","33":"tablet-align-left","34":"mobile-align-left","35":"ast-product-gallery-layout-horizontal-slider","36":"ast-product-single-variable","37":"ast-product-tabs-layout-horizontal","38":"ast-qv-on-image","40":"first","41":"instock","42":"shipping-taxable","43":"purchasable","44":"product-type-variable"},"tiered_pricing_type":"fixed","tiered_pricing_fixed_rules":{"5":7.25,"50":6.45,"100":5.6},"tiered_pricing_product_settings":{"layout":"default","base_unit_name":{"singular":null,"plural":null},"default_variation":null},"tiered_pricing_minimum_quantity":null,"tiered_pricing_roles_data":[],"tiered_pricing_percentage_rules":[],"_links":{"self":[{"href":"https:\/\/yume-silm.com\/fr\/wp-json\/wp\/v2\/product\/9143","targetHints":{"allow":["GET"]}}],"collection":[{"href":"https:\/\/yume-silm.com\/fr\/wp-json\/wp\/v2\/product"}],"about":[{"href":"https:\/\/yume-silm.com\/fr\/wp-json\/wp\/v2\/types\/product"}],"replies":[{"embeddable":true,"href":"https:\/\/yume-silm.com\/fr\/wp-json\/wp\/v2\/comments?post=9143"}],"wp:featuredmedia":[{"embeddable":true,"href":"https:\/\/yume-silm.com\/fr\/wp-json\/wp\/v2\/media\/9134"}],"wp:attachment":[{"href":"https:\/\/yume-silm.com\/fr\/wp-json\/wp\/v2\/media?parent=9143"}],"wp:term":[{"taxonomy":"product_brand","embeddable":true,"href":"https:\/\/yume-silm.com\/fr\/wp-json\/wp\/v2\/product_brand?post=9143"},{"taxonomy":"product_cat","embeddable":true,"href":"https:\/\/yume-silm.com\/fr\/wp-json\/wp\/v2\/product_cat?post=9143"},{"taxonomy":"product_tag","embeddable":true,"href":"https:\/\/yume-silm.com\/fr\/wp-json\/wp\/v2\/product_tag?post=9143"}],"curies":[{"name":"wp","href":"https:\/\/api.w.org\/{rel}","templated":true}]}}