{"id":9272,"date":"2024-07-13T02:22:37","date_gmt":"2024-07-13T02:22:37","guid":{"rendered":"https:\/\/yume-silm.com\/?post_type=product&#038;p=9272"},"modified":"2025-05-29T03:34:32","modified_gmt":"2025-05-29T03:34:32","slug":"short-de-sport-taille-haute","status":"publish","type":"product","link":"https:\/\/yume-silm.com\/fr\/produit\/short-de-sport-taille-haute\/","title":{"rendered":"Short de sport taille haute, contr\u00f4le du ventre, rehausseur de fesses"},"content":{"rendered":"<h5>Caract\u00e9ristiques de conception<\/h5>\n<ul>\n<li data-slate-node=\"element\"><strong>CONCEPTION SANS COUTURE<\/strong>: Ce short de gym taille haute gainant le ventre pr\u00e9sente un design sans couture et est fabriqu\u00e9 dans un tissu hautement \u00e9lastique pour garantir que votre peau soit lisse et bien ajust\u00e9e, vous donnant une courbe en C.<\/li>\n<li data-slate-node=\"element\"><strong>STRING DE CONTR\u00d4LE ABDOMINAL<\/strong>: La culotte string taille haute est faite de tissu double couche, ce qui favorise la plasticit\u00e9 du ventre gr\u00e2ce \u00e0 l&#039;utilisation d&#039;une extrusion scientifique et d&#039;un support technique.<\/li>\n<li data-slate-node=\"element\"><strong>COMBINAISON DE GYM CONFORTABLE ET RESPIRANT<\/strong>: Les tongs pour femmes peuvent \u00eatre utilis\u00e9es pour fa\u00e7onner le corps, pr\u00e8s de notre peau, rendant le corps plus mince et plus lisse. Short de sport taille haute, contr\u00f4le du ventre, rehausseur de fesses.<\/li>\n<li data-slate-node=\"element\"><strong>OCCASION<\/strong>: Ce short de sport peut \u00eatre assorti arbitrairement. <span style=\"font-size: 16px;\" data-slate-node=\"text\">Le design taille haute peut mieux vous aider \u00e0 vous glisser. <\/span><span class=\"\" style=\"font-size: 16px;\" data-slate-node=\"text\"><span data-slate-leaf=\"true\">Il peut \u00eatre utilis\u00e9 pour des rendez-vous, des rendez-vous ou des f\u00eates. <\/span><\/span><span class=\"\" style=\"font-size: 16px;\" data-slate-node=\"text\"><span data-slate-leaf=\"true\">Il peut \u00eatre cach\u00e9 sous vos v\u00eatements, vous permettant ainsi de vous \u00e9panouir avec plus de confiance.<\/span><\/span><\/li>\n<\/ul>\n<p><a href=\"https:\/\/yume-silm.com\/wp-content\/uploads\/2024\/07\/High-Waist-Gym-Shorts-Tummy-Control-Butt-Lifter-Shapewear-01.jpg\"><img fetchpriority=\"high\" decoding=\"async\" class=\"alignnone wp-image-9274 size-medium\" src=\"https:\/\/yume-silm.com\/wp-content\/uploads\/2024\/07\/High-Waist-Gym-Shorts-Tummy-Control-Butt-Lifter-Shapewear-01-300x300.jpg\" alt=\"Short de gym taille haute, contr\u00f4le du ventre, rehausseur de fesses\" width=\"300\" height=\"300\" title=\"\" srcset=\"https:\/\/yume-silm.com\/wp-content\/uploads\/2024\/07\/High-Waist-Gym-Shorts-Tummy-Control-Butt-Lifter-Shapewear-01-300x300.jpg 300w, https:\/\/yume-silm.com\/wp-content\/uploads\/2024\/07\/High-Waist-Gym-Shorts-Tummy-Control-Butt-Lifter-Shapewear-01-150x150.jpg 150w, https:\/\/yume-silm.com\/wp-content\/uploads\/2024\/07\/High-Waist-Gym-Shorts-Tummy-Control-Butt-Lifter-Shapewear-01-768x768.jpg 768w, https:\/\/yume-silm.com\/wp-content\/uploads\/2024\/07\/High-Waist-Gym-Shorts-Tummy-Control-Butt-Lifter-Shapewear-01-12x12.jpg 12w, https:\/\/yume-silm.com\/wp-content\/uploads\/2024\/07\/High-Waist-Gym-Shorts-Tummy-Control-Butt-Lifter-Shapewear-01-100x100.jpg 100w, https:\/\/yume-silm.com\/wp-content\/uploads\/2024\/07\/High-Waist-Gym-Shorts-Tummy-Control-Butt-Lifter-Shapewear-01.jpg 800w\" sizes=\"(max-width: 300px) 100vw, 300px\" \/><\/a><a href=\"https:\/\/yume-silm.com\/wp-content\/uploads\/2024\/07\/High-Waist-Gym-Shorts-Tummy-Control-Butt-Lifter-Shapewear-02.jpg\"><img decoding=\"async\" class=\"alignnone wp-image-9275 size-medium\" src=\"https:\/\/yume-silm.com\/wp-content\/uploads\/2024\/07\/High-Waist-Gym-Shorts-Tummy-Control-Butt-Lifter-Shapewear-02-300x300.jpg\" alt=\"Short de gym taille haute, contr\u00f4le du ventre, rehausseur de fesses\" width=\"300\" height=\"300\" title=\"\" srcset=\"https:\/\/yume-silm.com\/wp-content\/uploads\/2024\/07\/High-Waist-Gym-Shorts-Tummy-Control-Butt-Lifter-Shapewear-02-300x300.jpg 300w, https:\/\/yume-silm.com\/wp-content\/uploads\/2024\/07\/High-Waist-Gym-Shorts-Tummy-Control-Butt-Lifter-Shapewear-02-150x150.jpg 150w, https:\/\/yume-silm.com\/wp-content\/uploads\/2024\/07\/High-Waist-Gym-Shorts-Tummy-Control-Butt-Lifter-Shapewear-02-768x768.jpg 768w, https:\/\/yume-silm.com\/wp-content\/uploads\/2024\/07\/High-Waist-Gym-Shorts-Tummy-Control-Butt-Lifter-Shapewear-02-12x12.jpg 12w, https:\/\/yume-silm.com\/wp-content\/uploads\/2024\/07\/High-Waist-Gym-Shorts-Tummy-Control-Butt-Lifter-Shapewear-02-100x100.jpg 100w, https:\/\/yume-silm.com\/wp-content\/uploads\/2024\/07\/High-Waist-Gym-Shorts-Tummy-Control-Butt-Lifter-Shapewear-02.jpg 800w\" sizes=\"(max-width: 300px) 100vw, 300px\" \/><\/a><\/p>\n<h6><em>Pantalon gainant amincissant taille haute pour femme<\/em><\/h6>\n<ul>\n<li><span data-slate-fragment=\"JTVCJTdCJTIydHlwZSUyMiUzQSUyMnBhcmFncmFwaCUyMiUyQyUyMmNoaWxkcmVuJTIyJTNBJTVCJTdCJTIydGV4dCUyMiUzQSUyMldvbWVuJ3MlMjBzbGltbWluZyUyMGhpZ2gtd2Fpc3RlZCUyMGJvZHklMjBzY3VscHRpbmclMjBwYW50cyUzQSUyMHVzaW5nJTIwdGhlJTIwaGlnaC13YWlzdGVkJTIwZGVzaWduJTIwb2YlMjB0aG9uZ3MlMkMlMjBoaWdoJTIwd2Fpc3RzJTIwY2FuJTIwdGlnaHRlbiUyMHlvdXIlMjBhYmRvbWVuJTJDJTIwdGhvbmdzJTIwY2FuJTIwYmV0dGVyJTIwbW9kaWZ5JTIweW91ciUyMGhpcHMlMkMlMjB3ZWFyJTIwaXQlMkMlMjBhbmQlMjBlbWJyYWNlJTIwYSUyMGJldHRlciUyMHZlcnNpb24lMjBvZiUyMHlvdXJzZWxmLiUyMiUyQyUyMnNlbnRlbmNlJTIyJTNBNSUyQyUyMmNoaWxkU2VudGVuY2UlMjIlM0ExJTdEJTVEJTdEJTVE\">En utilisant la conception taille haute des tongs, les tailles hautes peuvent resserrer votre abdomen, les tongs peuvent mieux modifier vos hanches, les porter et adopter une meilleure version de vous-m\u00eame.<\/span><\/li>\n<\/ul>","protected":false},"excerpt":{"rendered":"<div data-slate-node=\"element\" data-slate-fragment=\"JTVCJTdCJTIydHlwZSUyMiUzQSUyMnBhcmFncmFwaCUyMiUyQyUyMmNoaWxkcmVuJTIyJTNBJTVCJTdCJTIydGV4dCUyMiUzQSUyMndlYXIlMjBpdCUyQyUyMGFuZCUyMGVtYnJhY2UlMjBhJTIwYmV0dGVyJTIwdmVyc2lvbiUyMG9mJTIweW91cnNlbGYuJTIyJTJDJTIyc2VudGVuY2UlMjIlM0E1JTJDJTIyY2hpbGRTZW50ZW5jZSUyMiUzQTElN0QlNUQlN0QlMkMlN0IlMjJ0eXBlJTIyJTNBJTIycGFyYWdyYXBoJTIyJTJDJTIyY2hpbGRyZW4lMjIlM0ElNUIlN0IlMjJ0ZXh0JTIyJTNBJTIyV2VhciUyMHRoZXNlJTIwc2hhcGV3ZWFyJTIwcGFudHMlMjBhbmQlMjBmaXQlMjB5b3VyJTIwYm9keSUyMHNlYW1sZXNzbHkuJTIwJTIyJTJDJTIyc2VudGVuY2UlMjIlM0E2JTJDJTIyY2hpbGRTZW50ZW5jZSUyMiUzQTElN0QlMkMlN0IlMjJ0ZXh0JTIyJTNBJTIyVGhlJTIwaGlnaC13YWlzdGVkJTIwZGVzaWduJTIwY2FuJTIwdGlnaHRlbiUyMHlvdXIlMjBhYmRvbWluYWwlMjBtdXNjbGVzJTIwYW5kJTIwZ2l2ZSUyMHlvdSUyMGFuJTIwaG91cmdsYXNzJTIwZmlndXJlLiUyMiUyQyUyMnNlbnRlbmNlJTIyJTNBNiUyQyUyMmNoaWxkU2VudGVuY2UlMjIlM0EyJTdEJTVEJTdEJTVE\"><span class=\"\" data-slate-node=\"text\"><span data-slate-leaf=\"true\">Portez un short de gym taille haute et un body de levage abdominal et s&#039;adapte parfaitement \u00e0 votre corps. <\/span><\/span><span class=\"\" data-slate-node=\"text\"><span data-slate-leaf=\"true\">La conception taille haute peut resserrer vos muscles abdominaux, vous donner une silhouette de sablier et adopter une meilleure version de vous-m\u00eame.<\/span><\/span><\/div>","protected":false},"featured_media":9273,"comment_status":"open","ping_status":"closed","template":"","meta":{"site-sidebar-layout":"default","site-content-layout":"","ast-site-content-layout":"default","site-content-style":"default","site-sidebar-style":"default","ast-global-header-display":"","ast-banner-title-visibility":"","ast-main-header-display":"","ast-hfb-above-header-display":"","ast-hfb-below-header-display":"","ast-hfb-mobile-header-display":"","site-post-title":"","ast-breadcrumbs-content":"","ast-featured-img":"","footer-sml-layout":"","ast-disable-related-posts":"","theme-transparent-header-meta":"default","adv-header-id-meta":"","stick-header-meta":"default","header-above-stick-meta":"","header-main-stick-meta":"","header-below-stick-meta":"","astra-migrate-meta-layouts":"set","ast-page-background-enabled":"default","ast-page-background-meta":{"desktop":{"background-color":"","background-image":"","background-repeat":"repeat","background-position":"center center","background-size":"auto","background-attachment":"scroll","background-type":"","background-media":"","overlay-type":"","overlay-color":"","overlay-opacity":"","overlay-gradient":""},"tablet":{"background-color":"","background-image":"","background-repeat":"repeat","background-position":"center center","background-size":"auto","background-attachment":"scroll","background-type":"","background-media":"","overlay-type":"","overlay-color":"","overlay-opacity":"","overlay-gradient":""},"mobile":{"background-color":"","background-image":"","background-repeat":"repeat","background-position":"center center","background-size":"auto","background-attachment":"scroll","background-type":"","background-media":"","overlay-type":"","overlay-color":"","overlay-opacity":"","overlay-gradient":""}},"ast-content-background-meta":{"desktop":{"background-color":"var(--ast-global-color-5)","background-image":"","background-repeat":"repeat","background-position":"center center","background-size":"auto","background-attachment":"scroll","background-type":"","background-media":"","overlay-type":"","overlay-color":"","overlay-opacity":"","overlay-gradient":""},"tablet":{"background-color":"var(--ast-global-color-5)","background-image":"","background-repeat":"repeat","background-position":"center center","background-size":"auto","background-attachment":"scroll","background-type":"","background-media":"","overlay-type":"","overlay-color":"","overlay-opacity":"","overlay-gradient":""},"mobile":{"background-color":"var(--ast-global-color-5)","background-image":"","background-repeat":"repeat","background-position":"center center","background-size":"auto","background-attachment":"scroll","background-type":"","background-media":"","overlay-type":"","overlay-color":"","overlay-opacity":"","overlay-gradient":""}}},"product_brand":[],"product_cat":[65,76,77,79,80],"product_tag":[662,492,686,684,139,679,198,685,491,654,500],"class_list":{"0":"post-9272","1":"product","2":"type-product","3":"status-publish","4":"has-post-thumbnail","6":"product_cat-best-sellers","7":"product_cat-new-arrivels","8":"product_cat-wholesale-womens-shapewear","9":"product_cat-wholesale-seemless-shaperwear","10":"product_cat-wholesale-butt-lift-underwear","11":"product_tag-abdominal","12":"product_tag-breathable","13":"product_tag-butt-lifter","14":"product_tag-gym-short","15":"product_tag-high-waist","16":"product_tag-hip-lifter","17":"product_tag-hourglass","18":"product_tag-jumpshort","19":"product_tag-seamless","20":"product_tag-tight","21":"product_tag-tummy-control","22":"pa_color-beige","23":"pa_color-black","24":"pa_color-brown","25":"pa_size-3xl","26":"pa_size-4xl","27":"pa_size-l","28":"pa_size-m","29":"pa_size-s","30":"pa_size-xl","31":"pa_size-xxl","32":"desktop-align-center","33":"tablet-align-left","34":"mobile-align-left","35":"ast-product-gallery-layout-horizontal-slider","36":"ast-product-single-variable","37":"ast-product-tabs-layout-horizontal","38":"ast-qv-on-image","40":"first","41":"instock","42":"shipping-taxable","43":"purchasable","44":"product-type-variable"},"tiered_pricing_type":"fixed","tiered_pricing_fixed_rules":{"5":3.7,"50":3.3,"100":2.9},"tiered_pricing_product_settings":{"layout":"default","base_unit_name":{"singular":null,"plural":null},"default_variation":null},"tiered_pricing_minimum_quantity":null,"tiered_pricing_roles_data":[],"tiered_pricing_percentage_rules":[],"_links":{"self":[{"href":"https:\/\/yume-silm.com\/fr\/wp-json\/wp\/v2\/product\/9272","targetHints":{"allow":["GET"]}}],"collection":[{"href":"https:\/\/yume-silm.com\/fr\/wp-json\/wp\/v2\/product"}],"about":[{"href":"https:\/\/yume-silm.com\/fr\/wp-json\/wp\/v2\/types\/product"}],"replies":[{"embeddable":true,"href":"https:\/\/yume-silm.com\/fr\/wp-json\/wp\/v2\/comments?post=9272"}],"wp:featuredmedia":[{"embeddable":true,"href":"https:\/\/yume-silm.com\/fr\/wp-json\/wp\/v2\/media\/9273"}],"wp:attachment":[{"href":"https:\/\/yume-silm.com\/fr\/wp-json\/wp\/v2\/media?parent=9272"}],"wp:term":[{"taxonomy":"product_brand","embeddable":true,"href":"https:\/\/yume-silm.com\/fr\/wp-json\/wp\/v2\/product_brand?post=9272"},{"taxonomy":"product_cat","embeddable":true,"href":"https:\/\/yume-silm.com\/fr\/wp-json\/wp\/v2\/product_cat?post=9272"},{"taxonomy":"product_tag","embeddable":true,"href":"https:\/\/yume-silm.com\/fr\/wp-json\/wp\/v2\/product_tag?post=9272"}],"curies":[{"name":"wp","href":"https:\/\/api.w.org\/{rel}","templated":true}]}}