{"id":9426,"date":"2024-07-18T07:00:31","date_gmt":"2024-07-18T07:00:31","guid":{"rendered":"https:\/\/yume-silm.com\/?post_type=product&#038;p=9426"},"modified":"2025-05-29T03:34:36","modified_gmt":"2025-05-29T03:34:36","slug":"combinaison-de-sauna-3-en-1-entraineur-de-taille-pour-tout-le-corps","status":"publish","type":"product","link":"https:\/\/yume-silm.com\/fr\/produit\/combinaison-de-sauna-3-en-1-entraineur-de-taille-pour-tout-le-corps\/","title":{"rendered":"Combinaison de Sauna amincissante, entra\u00eeneur de taille complet du corps 3 en 1"},"content":{"rendered":"<div data-slate-node=\"element\">\n<h5>Caract\u00e9ristiques de conception<\/h5>\n<\/div>\n<ul>\n<li data-slate-node=\"element\"><span class=\"\" data-slate-node=\"text\"><span data-slate-leaf=\"true\"><strong>PERTE DE POIDS<\/strong>: Cette combinaison de sauna 3 en 1 pour tout le corps est dot\u00e9e d&#039;un tissu polym\u00e8re am\u00e9lior\u00e9 absorbant la chaleur qui favorise une transpiration abondante et augmente la combustion des graisses 5 fois pendant les entra\u00eenements. Ce tissu augmente la temp\u00e9rature corporelle tandis que le v\u00eatement chauffant aide \u00e0 augmenter notre temp\u00e9rature corporelle naturelle et stimule la transpiration gr\u00e2ce \u00e0 l&#039;activit\u00e9 physique, entra\u00eenant une perte de poids.<br \/>\n<\/span><\/span><\/li>\n<li data-slate-node=\"element\"><strong>ENTRA\u00ceNEMENT DE TAILLE TROIS EN UN<\/strong> : peut \u00eatre utilis\u00e9 comme gilet anti-transpiration + coupe-bras + cuisse plus mince, enveloppe votre corps \u00e0 360 \u00b0, rendant tout votre corps plus mince, la conception de la fermeture \u00e0 glissi\u00e8re facilite l&#039;habillement, la maille respirante unique aux aisselles et \u00e0 l&#039;entrejambe am\u00e9liore le confort de la forme physique, nous permettant de profiter des changements dans le sport et le confort physique.<\/li>\n<li data-slate-node=\"element\"><strong>RESPECTUEUX DE LA PEAU ET CONFORTABLE<\/strong>: Ce <span class=\"\" data-slate-node=\"text\"><span data-slate-leaf=\"true\">Combinaison de sauna minceur 3 en 1<\/span><\/span> est fait d&#039;un mat\u00e9riau polym\u00e8re argent\u00e9 doux et confortable absorbant la chaleur, qui augmente la temp\u00e9rature corporelle, \u00e9vacue la transpiration et est en m\u00eame temps doux pour la peau.<\/li>\n<li data-slate-node=\"element\"><span data-slate-leaf=\"true\"><strong>ADAPT\u00c9<\/strong>: Ces saunas ont \u00e9t\u00e9 con\u00e7us dans un souci d&#039;ergonomie, proposant des versions 3D pour diff\u00e9rentes morphologies, petites et grandes. <\/span><span class=\"\" style=\"font-size: 16px;\" data-slate-node=\"text\"><span data-slate-leaf=\"true\">Les mat\u00e9riaux ultra-\u00e9lastiques permettent un mouvement confortable pendant les entra\u00eenements, ce qui en fait une option \u00e9l\u00e9gante et pratique pour les amateurs de fitness.<\/span><\/span><\/li>\n<\/ul>\n<p><a href=\"https:\/\/yume-silm.com\/wp-content\/uploads\/2024\/07\/Slimming-Sauna-Suit-Full-Body-WaistT-rainer-3-In-1-tummy-control-01-1.jpg\"><img fetchpriority=\"high\" decoding=\"async\" class=\"alignnone wp-image-9428 size-medium\" src=\"https:\/\/yume-silm.com\/wp-content\/uploads\/2024\/07\/Slimming-Sauna-Suit-Full-Body-WaistT-rainer-3-In-1-tummy-control-01-1-300x300.jpg\" alt=\"Combinaison de sauna amincissante 3 en 1, entra\u00eeneur de taille pour tout le corps\" width=\"300\" height=\"300\" title=\"\" srcset=\"https:\/\/yume-silm.com\/wp-content\/uploads\/2024\/07\/Slimming-Sauna-Suit-Full-Body-WaistT-rainer-3-In-1-tummy-control-01-1-300x300.jpg 300w, https:\/\/yume-silm.com\/wp-content\/uploads\/2024\/07\/Slimming-Sauna-Suit-Full-Body-WaistT-rainer-3-In-1-tummy-control-01-1-150x150.jpg 150w, https:\/\/yume-silm.com\/wp-content\/uploads\/2024\/07\/Slimming-Sauna-Suit-Full-Body-WaistT-rainer-3-In-1-tummy-control-01-1-768x768.jpg 768w, https:\/\/yume-silm.com\/wp-content\/uploads\/2024\/07\/Slimming-Sauna-Suit-Full-Body-WaistT-rainer-3-In-1-tummy-control-01-1-12x12.jpg 12w, https:\/\/yume-silm.com\/wp-content\/uploads\/2024\/07\/Slimming-Sauna-Suit-Full-Body-WaistT-rainer-3-In-1-tummy-control-01-1-100x100.jpg 100w, https:\/\/yume-silm.com\/wp-content\/uploads\/2024\/07\/Slimming-Sauna-Suit-Full-Body-WaistT-rainer-3-In-1-tummy-control-01-1.jpg 800w\" sizes=\"(max-width: 300px) 100vw, 300px\" \/><\/a> <a href=\"https:\/\/yume-silm.com\/wp-content\/uploads\/2024\/07\/Slimming-Sauna-Suit-Full-Body-WaistT-rainer-3-In-1-tummy-control-02.jpg\"><img decoding=\"async\" class=\"alignnone wp-image-9429 size-medium\" src=\"https:\/\/yume-silm.com\/wp-content\/uploads\/2024\/07\/Slimming-Sauna-Suit-Full-Body-WaistT-rainer-3-In-1-tummy-control-02-300x300.jpg\" alt=\"Combinaison de sauna amincissante 3 en 1, entra\u00eeneur de taille pour tout le corps\" width=\"300\" height=\"300\" title=\"\" srcset=\"https:\/\/yume-silm.com\/wp-content\/uploads\/2024\/07\/Slimming-Sauna-Suit-Full-Body-WaistT-rainer-3-In-1-tummy-control-02-300x300.jpg 300w, https:\/\/yume-silm.com\/wp-content\/uploads\/2024\/07\/Slimming-Sauna-Suit-Full-Body-WaistT-rainer-3-In-1-tummy-control-02-150x150.jpg 150w, https:\/\/yume-silm.com\/wp-content\/uploads\/2024\/07\/Slimming-Sauna-Suit-Full-Body-WaistT-rainer-3-In-1-tummy-control-02-768x768.jpg 768w, https:\/\/yume-silm.com\/wp-content\/uploads\/2024\/07\/Slimming-Sauna-Suit-Full-Body-WaistT-rainer-3-In-1-tummy-control-02-12x12.jpg 12w, https:\/\/yume-silm.com\/wp-content\/uploads\/2024\/07\/Slimming-Sauna-Suit-Full-Body-WaistT-rainer-3-In-1-tummy-control-02-100x100.jpg 100w, https:\/\/yume-silm.com\/wp-content\/uploads\/2024\/07\/Slimming-Sauna-Suit-Full-Body-WaistT-rainer-3-In-1-tummy-control-02.jpg 800w\" sizes=\"(max-width: 300px) 100vw, 300px\" \/><\/a><\/p>\n<h6><em>Combinaison de Sauna amincissante pour tout le corps<\/em><\/h6>\n<ul>\n<li>Fabriqu\u00e9 en mat\u00e9riau polym\u00e8re argent\u00e9 absorbant la chaleur, il peut augmenter la vitesse de combustion des graisses cinq fois pendant votre exercice. La conception 3-en-1 peut vous permettre d&#039;obtenir l&#039;effet d&#039;amincir sur tout votre corps.<\/li>\n<\/ul>","protected":false},"excerpt":{"rendered":"<p>En portant cette combinaison de sauna 3 en 1 pour tout le corps, elle enveloppe votre corps \u00e0 360 degr\u00e9s. La conception unique en maille et en tissu super \u00e9lastique est \u00e0 la fois un choix \u00e0 la mode et pratique pour les amateurs de fitness.<\/p>","protected":false},"featured_media":9430,"comment_status":"open","ping_status":"closed","template":"","meta":{"site-sidebar-layout":"default","site-content-layout":"","ast-site-content-layout":"default","site-content-style":"default","site-sidebar-style":"default","ast-global-header-display":"","ast-banner-title-visibility":"","ast-main-header-display":"","ast-hfb-above-header-display":"","ast-hfb-below-header-display":"","ast-hfb-mobile-header-display":"","site-post-title":"","ast-breadcrumbs-content":"","ast-featured-img":"","footer-sml-layout":"","ast-disable-related-posts":"","theme-transparent-header-meta":"default","adv-header-id-meta":"","stick-header-meta":"default","header-above-stick-meta":"","header-main-stick-meta":"","header-below-stick-meta":"","astra-migrate-meta-layouts":"set","ast-page-background-enabled":"default","ast-page-background-meta":{"desktop":{"background-color":"","background-image":"","background-repeat":"repeat","background-position":"center center","background-size":"auto","background-attachment":"scroll","background-type":"","background-media":"","overlay-type":"","overlay-color":"","overlay-opacity":"","overlay-gradient":""},"tablet":{"background-color":"","background-image":"","background-repeat":"repeat","background-position":"center center","background-size":"auto","background-attachment":"scroll","background-type":"","background-media":"","overlay-type":"","overlay-color":"","overlay-opacity":"","overlay-gradient":""},"mobile":{"background-color":"","background-image":"","background-repeat":"repeat","background-position":"center center","background-size":"auto","background-attachment":"scroll","background-type":"","background-media":"","overlay-type":"","overlay-color":"","overlay-opacity":"","overlay-gradient":""}},"ast-content-background-meta":{"desktop":{"background-color":"var(--ast-global-color-5)","background-image":"","background-repeat":"repeat","background-position":"center center","background-size":"auto","background-attachment":"scroll","background-type":"","background-media":"","overlay-type":"","overlay-color":"","overlay-opacity":"","overlay-gradient":""},"tablet":{"background-color":"var(--ast-global-color-5)","background-image":"","background-repeat":"repeat","background-position":"center center","background-size":"auto","background-attachment":"scroll","background-type":"","background-media":"","overlay-type":"","overlay-color":"","overlay-opacity":"","overlay-gradient":""},"mobile":{"background-color":"var(--ast-global-color-5)","background-image":"","background-repeat":"repeat","background-position":"center center","background-size":"auto","background-attachment":"scroll","background-type":"","background-media":"","overlay-type":"","overlay-color":"","overlay-opacity":"","overlay-gradient":""}}},"product_brand":[],"product_cat":[65,76,97,102],"product_tag":[702,700,698,699,701,697,417,696,633,214],"class_list":{"0":"post-9426","1":"product","2":"type-product","3":"status-publish","4":"has-post-thumbnail","6":"product_cat-best-sellers","7":"product_cat-new-arrivels","8":"product_cat-sauna-suit","9":"product_cat-full-body-sweat-suit","10":"product_tag-360-degrees","11":"product_tag-body-shape","12":"product_tag-breathable-mesh","13":"product_tag-comfort","14":"product_tag-fashionable","15":"product_tag-loss-weight","16":"product_tag-slim-fit","17":"product_tag-slimming-sauna-suit","18":"product_tag-sweat","19":"product_tag-waist-trainer","20":"pa_color-blue","21":"pa_color-silver","22":"pa_size-2xl","23":"pa_size-3xl","24":"pa_size-l","25":"pa_size-m","26":"pa_size-s","27":"pa_size-xl","28":"desktop-align-center","29":"tablet-align-left","30":"mobile-align-left","31":"ast-product-gallery-layout-horizontal-slider","32":"ast-product-single-variable","33":"ast-product-tabs-layout-horizontal","34":"ast-qv-on-image","36":"first","37":"instock","38":"shipping-taxable","39":"purchasable","40":"product-type-variable"},"tiered_pricing_type":"fixed","tiered_pricing_fixed_rules":{"2":5.4,"50":4.8,"100":4.2},"tiered_pricing_product_settings":{"layout":"default","base_unit_name":{"singular":null,"plural":null},"default_variation":null},"tiered_pricing_minimum_quantity":null,"tiered_pricing_roles_data":[],"tiered_pricing_percentage_rules":[],"_links":{"self":[{"href":"https:\/\/yume-silm.com\/fr\/wp-json\/wp\/v2\/product\/9426","targetHints":{"allow":["GET"]}}],"collection":[{"href":"https:\/\/yume-silm.com\/fr\/wp-json\/wp\/v2\/product"}],"about":[{"href":"https:\/\/yume-silm.com\/fr\/wp-json\/wp\/v2\/types\/product"}],"replies":[{"embeddable":true,"href":"https:\/\/yume-silm.com\/fr\/wp-json\/wp\/v2\/comments?post=9426"}],"wp:featuredmedia":[{"embeddable":true,"href":"https:\/\/yume-silm.com\/fr\/wp-json\/wp\/v2\/media\/9430"}],"wp:attachment":[{"href":"https:\/\/yume-silm.com\/fr\/wp-json\/wp\/v2\/media?parent=9426"}],"wp:term":[{"taxonomy":"product_brand","embeddable":true,"href":"https:\/\/yume-silm.com\/fr\/wp-json\/wp\/v2\/product_brand?post=9426"},{"taxonomy":"product_cat","embeddable":true,"href":"https:\/\/yume-silm.com\/fr\/wp-json\/wp\/v2\/product_cat?post=9426"},{"taxonomy":"product_tag","embeddable":true,"href":"https:\/\/yume-silm.com\/fr\/wp-json\/wp\/v2\/product_tag?post=9426"}],"curies":[{"name":"wp","href":"https:\/\/api.w.org\/{rel}","templated":true}]}}