{"id":9547,"date":"2024-07-20T01:40:31","date_gmt":"2024-07-20T01:40:31","guid":{"rendered":"https:\/\/yume-silm.com\/?post_type=product&#038;p=9547"},"modified":"2024-11-08T08:39:20","modified_gmt":"2024-11-08T08:39:20","slug":"soutien-gorge-adhesif-en-silicone-sans-bretelles-en-forme-de-u-dune-seule-piece","status":"publish","type":"product","link":"https:\/\/yume-silm.com\/fr\/produit\/soutien-gorge-adhesif-en-silicone-sans-bretelles-en-forme-de-u-dune-seule-piece\/","title":{"rendered":"Soutien-gorge adh\u00e9sif en silicone sans bretelles en forme de U d&#039;une seule pi\u00e8ce"},"content":{"rendered":"<h5>Caract\u00e9ristiques de conception<\/h5>\n<ul>\n<li>\n<div data-slate-node=\"element\"><strong>CONCEPTION EN FORME DE U<\/strong>: Ce soutien-gorge adh\u00e9sif en silicone sans bretelles en forme de U pr\u00e9sente un design en forme de U, cr\u00e9ant un effet de V profond, qui aide \u00e0 fermer la poitrine, \u00e0 obtenir une couverture compl\u00e8te et \u00e0 cr\u00e9er un d\u00e9collet\u00e9 profond et attrayant, qui peut cr\u00e9er un d\u00e9collet\u00e9 complet, rebondi et attrayant. seins en V profond.<\/div>\n<\/li>\n<li>\n<div data-slate-node=\"element\"><strong>MAT\u00c9RIAU DOUX ET CONFORTABLE<\/strong>: Ce soutien-gorge adh\u00e9sif monobloc est fait de silicone doux et confortable et d&#039;un mat\u00e9riau collant, doux pour la peau et l\u00e9ger, et n&#039;exerce aucune pression sur la peau. Vous pouvez porter ce soutien-gorge invisible une pi\u00e8ce confortablement \u00e0 tout moment et n&#039;importe o\u00f9.<\/div>\n<\/li>\n<li>\n<div data-slate-node=\"element\"><strong>SOUTIEN-GORGE SANS BRETELLES<\/strong>: Ce soutien-gorge sans bretelles est parfait pour les robes de mari\u00e9e, les robes d\u00e9collet\u00e9es, les robes de bal et de retour ou toute robe de soir\u00e9e formelle.<\/div>\n<\/li>\n<li>\n<div data-slate-node=\"element\"><strong>R\u00c9UTILISABLE ET LAVABLE<\/strong>: Ce soutien-gorge collant est facile \u00e0 laver et \u00e0 r\u00e9utiliser. Apr\u00e8s utilisation, il vous suffit de le laver \u00e0 la main avec du savon doux et de l&#039;eau courante. Gardez-les au sec naturellement et conservez le gel collant pour la prochaine utilisation.<\/div>\n<\/li>\n<\/ul>\n<p><a href=\"https:\/\/yume-silm.com\/wp-content\/uploads\/2024\/07\/One-Piece-U-Shaped-Strapless-Silicone-Adhesive-Bra-01.jpg\"><img fetchpriority=\"high\" decoding=\"async\" class=\"alignnone wp-image-9549 size-medium\" src=\"https:\/\/yume-silm.com\/wp-content\/uploads\/2024\/07\/One-Piece-U-Shaped-Strapless-Silicone-Adhesive-Bra-01-300x300.jpg\" alt=\"soutien-gorge adh\u00e9sif en silicone sans bretelles en forme de U d&#039;une seule pi\u00e8ce\" width=\"300\" height=\"300\" title=\"\" srcset=\"https:\/\/yume-silm.com\/wp-content\/uploads\/2024\/07\/One-Piece-U-Shaped-Strapless-Silicone-Adhesive-Bra-01-300x300.jpg 300w, https:\/\/yume-silm.com\/wp-content\/uploads\/2024\/07\/One-Piece-U-Shaped-Strapless-Silicone-Adhesive-Bra-01-150x150.jpg 150w, https:\/\/yume-silm.com\/wp-content\/uploads\/2024\/07\/One-Piece-U-Shaped-Strapless-Silicone-Adhesive-Bra-01-768x768.jpg 768w, https:\/\/yume-silm.com\/wp-content\/uploads\/2024\/07\/One-Piece-U-Shaped-Strapless-Silicone-Adhesive-Bra-01-12x12.jpg 12w, https:\/\/yume-silm.com\/wp-content\/uploads\/2024\/07\/One-Piece-U-Shaped-Strapless-Silicone-Adhesive-Bra-01-100x100.jpg 100w, https:\/\/yume-silm.com\/wp-content\/uploads\/2024\/07\/One-Piece-U-Shaped-Strapless-Silicone-Adhesive-Bra-01.jpg 800w\" sizes=\"(max-width: 300px) 100vw, 300px\" \/><\/a><a href=\"https:\/\/yume-silm.com\/wp-content\/uploads\/2024\/07\/One-Piece-U-Shaped-Strapless-Silicone-Adhesive-Bra-02.jpg\"><img decoding=\"async\" class=\"alignnone wp-image-9550 size-medium\" src=\"https:\/\/yume-silm.com\/wp-content\/uploads\/2024\/07\/One-Piece-U-Shaped-Strapless-Silicone-Adhesive-Bra-02-300x300.jpg\" alt=\"soutien-gorge adh\u00e9sif en silicone sans bretelles en forme de U d&#039;une seule pi\u00e8ce\" width=\"300\" height=\"300\" title=\"\" srcset=\"https:\/\/yume-silm.com\/wp-content\/uploads\/2024\/07\/One-Piece-U-Shaped-Strapless-Silicone-Adhesive-Bra-02-300x300.jpg 300w, https:\/\/yume-silm.com\/wp-content\/uploads\/2024\/07\/One-Piece-U-Shaped-Strapless-Silicone-Adhesive-Bra-02-150x150.jpg 150w, https:\/\/yume-silm.com\/wp-content\/uploads\/2024\/07\/One-Piece-U-Shaped-Strapless-Silicone-Adhesive-Bra-02-768x768.jpg 768w, https:\/\/yume-silm.com\/wp-content\/uploads\/2024\/07\/One-Piece-U-Shaped-Strapless-Silicone-Adhesive-Bra-02-12x12.jpg 12w, https:\/\/yume-silm.com\/wp-content\/uploads\/2024\/07\/One-Piece-U-Shaped-Strapless-Silicone-Adhesive-Bra-02-100x100.jpg 100w, https:\/\/yume-silm.com\/wp-content\/uploads\/2024\/07\/One-Piece-U-Shaped-Strapless-Silicone-Adhesive-Bra-02.jpg 800w\" sizes=\"(max-width: 300px) 100vw, 300px\" \/><\/a><\/p>\n<p>&nbsp;<\/p>\n<div data-slate-node=\"element\"><\/div>\n<h6 data-slate-node=\"element\"><em><span class=\"\" data-slate-node=\"text\">Soutien-gorge invisible respirant pour femmes<\/span><\/em><\/h6>\n<ul>\n<li data-slate-node=\"element\"><span class=\"\" data-slate-node=\"text\"><span data-slate-leaf=\"true\">Utilisant un tissu respirant et doux et un mat\u00e9riau en silicone m\u00e9dical, il est plus s\u00fbr de prot\u00e9ger votre peau contre les dommages. <\/span><\/span><span class=\"\" data-slate-node=\"text\"><span data-slate-leaf=\"true\">Le bonnet de soutien-gorge adh\u00e9sif en forme de U profond offre un effet fronc\u00e9, cr\u00e9ant un d\u00e9collet\u00e9 incroyable, ce qui me rend plus confiant et attrayant.<\/span><\/span><\/li>\n<\/ul>\n<div data-slate-node=\"element\" data-slate-fragment=\"JTVCJTdCJTIydHlwZSUyMiUzQSUyMnBhcmFncmFwaCUyMiUyQyUyMmNoaWxkcmVuJTIyJTNBJTVCJTdCJTIydGV4dCUyMiUzQSUyMkxhZGllcyUyMEJyZWF0aGFibGUlMjBHYXRoZXJpbmclMjBJbnZpc2libGUlMjBCcmElMjIlMkMlMjJzZW50ZW5jZSUyMiUzQTQlMkMlMjJjaGlsZFNlbnRlbmNlJTIyJTNBMSU3RCU1RCU3RCUyQyU3QiUyMnR5cGUlMjIlM0ElMjJwYXJhZ3JhcGglMjIlMkMlMjJjaGlsZHJlbiUyMiUzQSU1QiU3QiUyMnRleHQlMjIlM0ElMjJVc2luZyUyMGJyZWF0aGFibGUlMkMlMjBzb2Z0JTIwZmFicmljJTIwYW5kJTIwbWVkaWNhbCUyMHNpbGljb25lJTIwbWF0ZXJpYWwlMkMlMjBpdCUyMGlzJTIwbW9yZSUyMHNlY3VyZSUyMHRvJTIwcHJvdGVjdCUyMHlvdXIlMjBza2luJTIwZnJvbSUyMGRhbWFnZS4lMjAlMjIlMkMlMjJzZW50ZW5jZSUyMiUzQTUlMkMlMjJjaGlsZFNlbnRlbmNlJTIyJTNBMSU3RCUyQyU3QiUyMnRleHQlMjIlM0ElMjJUaGUlMjBkZWVwJTIwVS1zaGFwZWQlMjBnZWwlMjBicmElMjBjdXAlMjBwcm92aWRlcyUyMGElMjBnYXRoZXJpbmclMjBlZmZlY3QlMkMlMjBjcmVhdGluZyUyMGFtYXppbmclMjBjbGVhdmFnZSUyQyUyMG1ha2luZyUyMGklMjBtb3JlJTIwY29uZmlkZW50JTIwYW5kJTIwYXR0cmFjdGl2ZS4lMjIlMkMlMjJzZW50ZW5jZSUyMiUzQTUlMkMlMjJjaGlsZFNlbnRlbmNlJTIyJTNBMiU3RCU1RCU3RCUyQyU3QiUyMnR5cGUlMjIlM0ElMjJwYXJhZ3JhcGglMjIlMkMlMjJjaGlsZHJlbiUyMiUzQSU1QiU3QiUyMnRleHQlMjIlM0ElMjJXZWFyJTIwb3VyJTIwYWxsLWluLW9uZSUyMFUtc3RyYXBsZXNzJTIwc2lsaWNvbmUlMjBzdGVhbHRoJTIwdW5kZXJ3ZWFyJTJDJTIwd2hpY2glMjB5b3UlMjBjYW4lMjB3ZWFyJTIwaW4lMjB5b3VyJTIwd2VkZGluZyUyMGRyZXNzJTJDJTIwbG93JTIwY3V0JTIwZHJlc3MlMkMlMjBwcm9tJTIwYW5kJTIwaG9tZWNvbWluZyUyMGdvd24lMjBvciUyMGFueSUyMGZvcm1hbCUyMGV2ZW5pbmclMjBnb3duLiUyMCUyMiUyQyUyMnNlbnRlbmNlJTIyJTNBNiUyQyUyMmNoaWxkU2VudGVuY2UlMjIlM0ExJTdEJTJDJTdCJTIydGV4dCUyMiUzQSUyMk1ha2UlMjB5b3UlMjBtb3JlJTIwZGF6emxpbmcuJTIyJTJDJTIyc2VudGVuY2UlMjIlM0E2JTJDJTIyY2hpbGRTZW50ZW5jZSUyMiUzQTIlN0QlNUQlN0QlNUQ=\"><\/div>","protected":false},"excerpt":{"rendered":"<p><span class=\"\" data-slate-node=\"text\"><span data-slate-leaf=\"true\">Portez notre soutien-gorge adh\u00e9sif en silicone sans bretelles en forme de U d&#039;une seule pi\u00e8ce, que vous pouvez porter dans votre robe de mari\u00e9e, votre robe d\u00e9collet\u00e9e, votre robe de bal et de retour ou toute robe de soir\u00e9e formelle. <\/span><\/span><span data-slate-node=\"text\">Vous rend plus \u00e9blouissant et ne ressent pas de pression.<\/span><\/p>","protected":false},"featured_media":9551,"comment_status":"open","ping_status":"closed","template":"","meta":{"site-sidebar-layout":"default","site-content-layout":"","ast-site-content-layout":"default","site-content-style":"default","site-sidebar-style":"default","ast-global-header-display":"","ast-banner-title-visibility":"","ast-main-header-display":"","ast-hfb-above-header-display":"","ast-hfb-below-header-display":"","ast-hfb-mobile-header-display":"","site-post-title":"","ast-breadcrumbs-content":"","ast-featured-img":"","footer-sml-layout":"","ast-disable-related-posts":"","theme-transparent-header-meta":"default","adv-header-id-meta":"","stick-header-meta":"default","header-above-stick-meta":"","header-main-stick-meta":"","header-below-stick-meta":"","astra-migrate-meta-layouts":"set","ast-page-background-enabled":"default","ast-page-background-meta":{"desktop":{"background-color":"","background-image":"","background-repeat":"repeat","background-position":"center center","background-size":"auto","background-attachment":"scroll","background-type":"","background-media":"","overlay-type":"","overlay-color":"","overlay-opacity":"","overlay-gradient":""},"tablet":{"background-color":"","background-image":"","background-repeat":"repeat","background-position":"center center","background-size":"auto","background-attachment":"scroll","background-type":"","background-media":"","overlay-type":"","overlay-color":"","overlay-opacity":"","overlay-gradient":""},"mobile":{"background-color":"","background-image":"","background-repeat":"repeat","background-position":"center center","background-size":"auto","background-attachment":"scroll","background-type":"","background-media":"","overlay-type":"","overlay-color":"","overlay-opacity":"","overlay-gradient":""}},"ast-content-background-meta":{"desktop":{"background-color":"var(--ast-global-color-5)","background-image":"","background-repeat":"repeat","background-position":"center center","background-size":"auto","background-attachment":"scroll","background-type":"","background-media":"","overlay-type":"","overlay-color":"","overlay-opacity":"","overlay-gradient":""},"tablet":{"background-color":"var(--ast-global-color-5)","background-image":"","background-repeat":"repeat","background-position":"center center","background-size":"auto","background-attachment":"scroll","background-type":"","background-media":"","overlay-type":"","overlay-color":"","overlay-opacity":"","overlay-gradient":""},"mobile":{"background-color":"var(--ast-global-color-5)","background-image":"","background-repeat":"repeat","background-position":"center center","background-size":"auto","background-attachment":"scroll","background-type":"","background-media":"","overlay-type":"","overlay-color":"","overlay-opacity":"","overlay-gradient":""}}},"product_brand":[],"product_cat":[65,76,259,584],"product_tag":[603,731,492,646,730,713,707,148,733,732,601,687,140,729],"class_list":{"0":"post-9547","1":"product","2":"type-product","3":"status-publish","4":"has-post-thumbnail","6":"product_cat-best-sellers","7":"product_cat-new-arrivels","8":"product_cat-lingerie","9":"product_cat-adhesive-bras","10":"product_tag-adhesive","11":"product_tag-attractive","12":"product_tag-breathable","13":"product_tag-comfortable","14":"product_tag-dazzling","15":"product_tag-gather","16":"product_tag-invisible","17":"product_tag-one-piece","18":"product_tag-pressure","19":"product_tag-reusable","20":"product_tag-silicone","21":"product_tag-soft","22":"product_tag-strapless","23":"product_tag-u-shaped","24":"pa_color-beige","25":"pa_color-black","26":"pa_size-a","27":"pa_size-b","28":"pa_size-c","29":"pa_size-d","30":"desktop-align-center","31":"tablet-align-left","32":"mobile-align-left","33":"ast-product-gallery-layout-horizontal-slider","34":"ast-product-single-variable","35":"ast-product-tabs-layout-horizontal","36":"ast-qv-on-image","38":"first","39":"instock","40":"shipping-taxable","41":"purchasable","42":"product-type-variable"},"tiered_pricing_type":"fixed","tiered_pricing_fixed_rules":{"10":3.75,"50":3.3,"100":2.9},"tiered_pricing_product_settings":{"layout":"default","base_unit_name":{"singular":null,"plural":null},"default_variation":null},"tiered_pricing_minimum_quantity":null,"tiered_pricing_roles_data":[],"tiered_pricing_percentage_rules":[],"_links":{"self":[{"href":"https:\/\/yume-silm.com\/fr\/wp-json\/wp\/v2\/product\/9547","targetHints":{"allow":["GET"]}}],"collection":[{"href":"https:\/\/yume-silm.com\/fr\/wp-json\/wp\/v2\/product"}],"about":[{"href":"https:\/\/yume-silm.com\/fr\/wp-json\/wp\/v2\/types\/product"}],"replies":[{"embeddable":true,"href":"https:\/\/yume-silm.com\/fr\/wp-json\/wp\/v2\/comments?post=9547"}],"wp:featuredmedia":[{"embeddable":true,"href":"https:\/\/yume-silm.com\/fr\/wp-json\/wp\/v2\/media\/9551"}],"wp:attachment":[{"href":"https:\/\/yume-silm.com\/fr\/wp-json\/wp\/v2\/media?parent=9547"}],"wp:term":[{"taxonomy":"product_brand","embeddable":true,"href":"https:\/\/yume-silm.com\/fr\/wp-json\/wp\/v2\/product_brand?post=9547"},{"taxonomy":"product_cat","embeddable":true,"href":"https:\/\/yume-silm.com\/fr\/wp-json\/wp\/v2\/product_cat?post=9547"},{"taxonomy":"product_tag","embeddable":true,"href":"https:\/\/yume-silm.com\/fr\/wp-json\/wp\/v2\/product_tag?post=9547"}],"curies":[{"name":"wp","href":"https:\/\/api.w.org\/{rel}","templated":true}]}}