{"id":9625,"date":"2024-07-27T06:05:41","date_gmt":"2024-07-27T06:05:41","guid":{"rendered":"https:\/\/yume-silm.com\/?post_type=product&#038;p=9625"},"modified":"2024-08-05T05:33:17","modified_gmt":"2024-08-05T05:33:17","slug":"short-gainant-pour-tout-le-corps-poitrine-ouverte-avec-crochet-sur-le-devant","status":"publish","type":"product","link":"https:\/\/yume-silm.com\/fr\/produit\/short-gainant-pour-tout-le-corps-poitrine-ouverte-avec-crochet-sur-le-devant\/","title":{"rendered":"Short sculptant tout le corps \u00e0 poitrine ouverte avec crochets avant"},"content":{"rendered":"<h5>Caract\u00e9ristiques de conception<\/h5>\n<ul>\n<li><strong>SHAPEWEAR POITRINE OUVERTE EN FORME DE U<\/strong>:Le short gainant pour tout le corps \u00e0 poitrine ouverte avec crochet avant adopte une conception de poitrine ouverte en forme de U, qui peut fournir un soutien \u00e0 la poitrine, contr\u00f4ler fermement la graisse dans les aisselles et le dos, et peut \u00e9galement porter un soutien-gorge qui vous convient \u00e0 volont\u00e9, mettant l&#039;accent sur la beaut\u00e9 naturelle des seins des femmes.<\/li>\n<li><strong>Bretelles r\u00e9glables.<\/strong>: Ce short gainant pour tout le corps \u00e0 poitrine ouverte avec crochets avant est dot\u00e9 d&#039;une sangle de poitrine amovible, qui peut \u00eatre ajust\u00e9e \u00e0 volont\u00e9 pour vous aider \u00e0 resserrer et \u00e0 fa\u00e7onner une poitrine pleine et arrondie, et il peut \u00e9galement vous aider efficacement \u00e0 soulager la pression sur vos \u00e9paules.<\/li>\n<li><strong>CONCEPTION DE CONTR\u00d4LE DU VENTRE<\/strong>: Conception de tissu \u00e0 double couche, am\u00e9liore la pression sur l&#039;abdomen, resserre la graisse sur la taille et l&#039;abdomen lisses, la boucle \u00e0 trois boutons de ce shapewear peut garantir que vous pouvez vous adapter \u00e0 diff\u00e9rents degr\u00e9s et am\u00e9liorer une silhouette lisse.<\/li>\n<li><strong>AM\u00c9LIORER LA POSTURE<\/strong>: La taille est \u00e9quip\u00e9e de 4 os en acier solides int\u00e9gr\u00e9s dans la plaque arri\u00e8re pour \u00e9viter de rouler, rendant la courbe de votre taille plus attrayante et am\u00e9liorant votre posture.<\/li>\n<\/ul>\n<p><a href=\"https:\/\/yume-silm.com\/wp-content\/uploads\/2024\/07\/Open-Chest-Full-Body-Shaper-Shorts-with-Front-Hook-1.jpg\"><img fetchpriority=\"high\" decoding=\"async\" class=\"alignnone wp-image-9632 size-medium\" src=\"https:\/\/yume-silm.com\/wp-content\/uploads\/2024\/07\/Open-Chest-Full-Body-Shaper-Shorts-with-Front-Hook-1-300x300.jpg\" alt=\"Short gainant pour tout le corps, poitrine ouverte, avec crochet sur le devant\" width=\"300\" height=\"300\" title=\"\" srcset=\"https:\/\/yume-silm.com\/wp-content\/uploads\/2024\/07\/Open-Chest-Full-Body-Shaper-Shorts-with-Front-Hook-1-300x300.jpg 300w, https:\/\/yume-silm.com\/wp-content\/uploads\/2024\/07\/Open-Chest-Full-Body-Shaper-Shorts-with-Front-Hook-1-150x150.jpg 150w, https:\/\/yume-silm.com\/wp-content\/uploads\/2024\/07\/Open-Chest-Full-Body-Shaper-Shorts-with-Front-Hook-1-768x768.jpg 768w, https:\/\/yume-silm.com\/wp-content\/uploads\/2024\/07\/Open-Chest-Full-Body-Shaper-Shorts-with-Front-Hook-1-12x12.jpg 12w, https:\/\/yume-silm.com\/wp-content\/uploads\/2024\/07\/Open-Chest-Full-Body-Shaper-Shorts-with-Front-Hook-1-100x100.jpg 100w, https:\/\/yume-silm.com\/wp-content\/uploads\/2024\/07\/Open-Chest-Full-Body-Shaper-Shorts-with-Front-Hook-1.jpg 800w\" sizes=\"(max-width: 300px) 100vw, 300px\" \/><\/a> <a href=\"https:\/\/yume-silm.com\/wp-content\/uploads\/2024\/07\/Open-Chest-Full-Body-Shaper-Shorts-with-Front-Hook-2.jpg\"><img decoding=\"async\" class=\"alignnone wp-image-9633 size-medium\" src=\"https:\/\/yume-silm.com\/wp-content\/uploads\/2024\/07\/Open-Chest-Full-Body-Shaper-Shorts-with-Front-Hook-2-300x300.jpg\" alt=\"Short gainant pour tout le corps, poitrine ouverte, avec crochet sur le devant\" width=\"300\" height=\"300\" title=\"\" srcset=\"https:\/\/yume-silm.com\/wp-content\/uploads\/2024\/07\/Open-Chest-Full-Body-Shaper-Shorts-with-Front-Hook-2-300x300.jpg 300w, https:\/\/yume-silm.com\/wp-content\/uploads\/2024\/07\/Open-Chest-Full-Body-Shaper-Shorts-with-Front-Hook-2-150x150.jpg 150w, https:\/\/yume-silm.com\/wp-content\/uploads\/2024\/07\/Open-Chest-Full-Body-Shaper-Shorts-with-Front-Hook-2-768x768.jpg 768w, https:\/\/yume-silm.com\/wp-content\/uploads\/2024\/07\/Open-Chest-Full-Body-Shaper-Shorts-with-Front-Hook-2-12x12.jpg 12w, https:\/\/yume-silm.com\/wp-content\/uploads\/2024\/07\/Open-Chest-Full-Body-Shaper-Shorts-with-Front-Hook-2-100x100.jpg 100w, https:\/\/yume-silm.com\/wp-content\/uploads\/2024\/07\/Open-Chest-Full-Body-Shaper-Shorts-with-Front-Hook-2.jpg 800w\" sizes=\"(max-width: 300px) 100vw, 300px\" \/><\/a><\/p>\n<h6><em>aux femmes<\/em><strong><em> Haute compression<\/em><\/strong><em> Manches<\/em><em>ss<\/em><strong><em> Shapewear<\/em><\/strong><\/h6>\n<ul>\n<li>L&#039;utilisation intelligente de l&#039;extrusion et de la compression scientifiques de tissus \u00e0 double couche peut presser la graisse du ventre et de la taille plus rapidement. La conception sans manches vous permet de mieux vous cacher dans les v\u00eatements.<\/li>\n<\/ul>","protected":false},"excerpt":{"rendered":"<p>Ce short moulant \u00e0 poitrine ouverte avec crochet avant peut mieux montrer votre corps parfait et mieux cr\u00e9er un corps en forme de sablier pour vous. Les hanches et les liftings des hanches peuvent mieux am\u00e9liorer la forme naturelle des hanches. Si vous souhaitez le porter, contactez-nous !<\/p>","protected":false},"featured_media":9626,"comment_status":"open","ping_status":"closed","template":"","meta":{"site-sidebar-layout":"default","site-content-layout":"","ast-site-content-layout":"default","site-content-style":"default","site-sidebar-style":"default","ast-global-header-display":"","ast-banner-title-visibility":"","ast-main-header-display":"","ast-hfb-above-header-display":"","ast-hfb-below-header-display":"","ast-hfb-mobile-header-display":"","site-post-title":"","ast-breadcrumbs-content":"","ast-featured-img":"","footer-sml-layout":"","ast-disable-related-posts":"","theme-transparent-header-meta":"default","adv-header-id-meta":"","stick-header-meta":"default","header-above-stick-meta":"","header-main-stick-meta":"","header-below-stick-meta":"","astra-migrate-meta-layouts":"set","ast-page-background-enabled":"default","ast-page-background-meta":{"desktop":{"background-color":"","background-image":"","background-repeat":"repeat","background-position":"center center","background-size":"auto","background-attachment":"scroll","background-type":"","background-media":"","overlay-type":"","overlay-color":"","overlay-opacity":"","overlay-gradient":""},"tablet":{"background-color":"","background-image":"","background-repeat":"repeat","background-position":"center center","background-size":"auto","background-attachment":"scroll","background-type":"","background-media":"","overlay-type":"","overlay-color":"","overlay-opacity":"","overlay-gradient":""},"mobile":{"background-color":"","background-image":"","background-repeat":"repeat","background-position":"center center","background-size":"auto","background-attachment":"scroll","background-type":"","background-media":"","overlay-type":"","overlay-color":"","overlay-opacity":"","overlay-gradient":""}},"ast-content-background-meta":{"desktop":{"background-color":"var(--ast-global-color-5)","background-image":"","background-repeat":"repeat","background-position":"center center","background-size":"auto","background-attachment":"scroll","background-type":"","background-media":"","overlay-type":"","overlay-color":"","overlay-opacity":"","overlay-gradient":""},"tablet":{"background-color":"var(--ast-global-color-5)","background-image":"","background-repeat":"repeat","background-position":"center center","background-size":"auto","background-attachment":"scroll","background-type":"","background-media":"","overlay-type":"","overlay-color":"","overlay-opacity":"","overlay-gradient":""},"mobile":{"background-color":"var(--ast-global-color-5)","background-image":"","background-repeat":"repeat","background-position":"center center","background-size":"auto","background-attachment":"scroll","background-type":"","background-media":"","overlay-type":"","overlay-color":"","overlay-opacity":"","overlay-gradient":""}}},"product_brand":[],"product_cat":[65,76,77,79,78,82,80],"product_tag":[662,731,663,769,738,658,739,740,515,705,213,729],"class_list":{"0":"post-9625","1":"product","2":"type-product","3":"status-publish","4":"has-post-thumbnail","6":"product_cat-best-sellers","7":"product_cat-new-arrivels","8":"product_cat-wholesale-womens-shapewear","9":"product_cat-wholesale-seemless-shaperwear","10":"product_cat-wholesale-full-body-shaper","11":"product_cat-wholesale-shapewear-bodysuit","12":"product_cat-wholesale-butt-lift-underwear","13":"product_tag-abdominal","14":"product_tag-attractive","15":"product_tag-belly","16":"product_tag-double-layer","17":"product_tag-front-hook","18":"product_tag-full-body-shaper","19":"product_tag-high-compression","20":"product_tag-hourglass-shaped","21":"product_tag-open-chest","22":"product_tag-plump","23":"product_tag-sleeveless","24":"product_tag-u-shaped","25":"pa_color-beige","26":"pa_color-black","27":"pa_size-2xl","28":"pa_size-3xl","29":"pa_size-l","30":"pa_size-m","31":"pa_size-s","32":"pa_size-xl","33":"desktop-align-center","34":"tablet-align-left","35":"mobile-align-left","36":"ast-product-gallery-layout-horizontal-slider","37":"ast-product-single-variable","38":"ast-product-tabs-layout-horizontal","39":"ast-qv-on-image","41":"first","42":"instock","43":"shipping-taxable","44":"purchasable","45":"product-type-variable"},"tiered_pricing_type":"fixed","tiered_pricing_fixed_rules":{"5":15.15,"50":13.5,"100":11.8},"tiered_pricing_product_settings":{"layout":"default","base_unit_name":{"singular":null,"plural":null},"default_variation":null},"tiered_pricing_minimum_quantity":null,"tiered_pricing_roles_data":[],"tiered_pricing_percentage_rules":[],"_links":{"self":[{"href":"https:\/\/yume-silm.com\/fr\/wp-json\/wp\/v2\/product\/9625","targetHints":{"allow":["GET"]}}],"collection":[{"href":"https:\/\/yume-silm.com\/fr\/wp-json\/wp\/v2\/product"}],"about":[{"href":"https:\/\/yume-silm.com\/fr\/wp-json\/wp\/v2\/types\/product"}],"replies":[{"embeddable":true,"href":"https:\/\/yume-silm.com\/fr\/wp-json\/wp\/v2\/comments?post=9625"}],"wp:featuredmedia":[{"embeddable":true,"href":"https:\/\/yume-silm.com\/fr\/wp-json\/wp\/v2\/media\/9626"}],"wp:attachment":[{"href":"https:\/\/yume-silm.com\/fr\/wp-json\/wp\/v2\/media?parent=9625"}],"wp:term":[{"taxonomy":"product_brand","embeddable":true,"href":"https:\/\/yume-silm.com\/fr\/wp-json\/wp\/v2\/product_brand?post=9625"},{"taxonomy":"product_cat","embeddable":true,"href":"https:\/\/yume-silm.com\/fr\/wp-json\/wp\/v2\/product_cat?post=9625"},{"taxonomy":"product_tag","embeddable":true,"href":"https:\/\/yume-silm.com\/fr\/wp-json\/wp\/v2\/product_tag?post=9625"}],"curies":[{"name":"wp","href":"https:\/\/api.w.org\/{rel}","templated":true}]}}