{"id":9731,"date":"2024-07-29T03:25:50","date_gmt":"2024-07-29T03:25:50","guid":{"rendered":"https:\/\/yume-silm.com\/?post_type=product&#038;p=9731"},"modified":"2024-11-08T08:26:35","modified_gmt":"2024-11-08T08:26:35","slug":"short-de-yoga-fitness-tie-dye-pour-femme","status":"publish","type":"product","link":"https:\/\/yume-silm.com\/fr\/produit\/short-de-yoga-fitness-tie-dye-pour-femme\/","title":{"rendered":"Short de yoga fitness tie-dye pour femme"},"content":{"rendered":"<h5>Caract\u00e9ristiques de conception<\/h5>\n<ul>\n<li><strong>PANTALON DE YOGA VENTRE TAILLE HAUTE<\/strong>: Ces shorts de yoga fitness tie-dye pour femmes ont une taille haute avec une ceinture \u00e9lastique, con\u00e7us pour reposer \u00e0 plat sur la peau et l&#039;abdomen, peuvent mieux resserrer la graisse entre la taille et l&#039;abdomen, cr\u00e9er des courbes douces, des contours attrayants et une mise en forme des hanches<\/li>\n<li><strong>CONCEPTION PLISS\u00c9E<\/strong>:Ces shorts de yoga de fitness tie-dye pour femmes ont un effet de levage des hanches pour cr\u00e9er un profil attrayant, vous aider \u00e0 avoir une hanche p\u00eache et vous rendre plus sexy et attrayant.<\/li>\n<li><strong>CONFORT MAT\u00c9RIEL<\/strong>: La combinaison du nylon et du spandex cr\u00e9e un tissu tr\u00e8s \u00e9lastique et confortable qui peut bouger avec vous pendant l&#039;exercice.<\/li>\n<li><strong>OCCASION<\/strong>: Ces shorts de yoga sont polyvalents et pratiques, id\u00e9aux pour le yoga, la course, le cyclisme, le fitness, la danse et les activit\u00e9s de loisirs.<\/li>\n<\/ul>\n<h6><a href=\"https:\/\/yume-silm.com\/wp-content\/uploads\/2024\/07\/Womens-Tie-Dye-Fitness-Yoga-Shorts-lium-purple.jpg\"><img fetchpriority=\"high\" decoding=\"async\" class=\"alignnone wp-image-9732 size-medium\" src=\"https:\/\/yume-silm.com\/wp-content\/uploads\/2024\/07\/Womens-Tie-Dye-Fitness-Yoga-Shorts-lium-purple-300x300.jpg\" alt=\"women&#039;s tie dye fitness yoga shorts\" width=\"300\" height=\"300\" title=\"\" srcset=\"https:\/\/yume-silm.com\/wp-content\/uploads\/2024\/07\/Womens-Tie-Dye-Fitness-Yoga-Shorts-lium-purple-300x300.jpg 300w, https:\/\/yume-silm.com\/wp-content\/uploads\/2024\/07\/Womens-Tie-Dye-Fitness-Yoga-Shorts-lium-purple-150x150.jpg 150w, https:\/\/yume-silm.com\/wp-content\/uploads\/2024\/07\/Womens-Tie-Dye-Fitness-Yoga-Shorts-lium-purple-768x768.jpg 768w, https:\/\/yume-silm.com\/wp-content\/uploads\/2024\/07\/Womens-Tie-Dye-Fitness-Yoga-Shorts-lium-purple-12x12.jpg 12w, https:\/\/yume-silm.com\/wp-content\/uploads\/2024\/07\/Womens-Tie-Dye-Fitness-Yoga-Shorts-lium-purple-100x100.jpg 100w, https:\/\/yume-silm.com\/wp-content\/uploads\/2024\/07\/Womens-Tie-Dye-Fitness-Yoga-Shorts-lium-purple.jpg 800w\" sizes=\"(max-width: 300px) 100vw, 300px\" \/><\/a><\/h6>\n<h6><em>Short de yoga taille haute tie-dye pour femme<\/em><\/h6>\n<ul>\n<li><span data-slate-fragment=\"JTVCJTdCJTIydHlwZSUyMiUzQSUyMnBhcmFncmFwaCUyMiUyQyUyMmNoaWxkcmVuJTIyJTNBJTVCJTdCJTIydGV4dCUyMiUzQSUyMlRoaXMlMjB3b21lbidzJTIwdGllLWR5ZSUyMGhpZ2gtd2Fpc3RlZCUyMGhpcC1saWZ0aW5nJTIweW9nYSUyMHNob3J0cyUyQyUyMGElMjB2YXJpZXR5JTIwb2YlMjBjb2xvciUyMG9wdGlvbnMlMkMlMjB1c2luZyUyMHN1cGVyJTIwc29mdCUyQyUyMGJyZWF0aGFibGUlMjBmYWJyaWNzJTJDJTIwaGlnaC13YWlzdGVkJTIwZGVzaWduJTIwY2FuJTIwY3JlYXRlJTIwYSUyMHNtb290aCUyMGN1cnZlJTIwYW5kJTIwcGxlYXRlZCUyMGRlc2lnbiUyMGZvciUyMHlvdSUyQyUyMHdoaWNoJTIwY2FuJTIwcXVpY2tseSUyMGhlbHAlMjB5b3UlMjBoYXZlJTIwcGVhY2glMjBidXR0b2NrcyUyMGFuZCUyMG1ha2UlMjB5b3UlMjBsb29rJTIwbW9yZSUyMHNleHklMjBhbmQlMjBjaGFybWluZy4lMjIlMkMlMjJzZW50ZW5jZSUyMiUzQTAlMkMlMjJjaGlsZFNlbnRlbmNlJTIyJTNBMCU3RCU1RCU3RCU1RA==\">Il a une vari\u00e9t\u00e9 d&#039;options de couleurs, utilisant des tissus super doux et respirants, un design taille haute peut cr\u00e9er une courbe douce et un design pliss\u00e9 pour vous, ce qui peut rapidement vous aider \u00e0 avoir des fesses p\u00eache et vous rendre plus sexy et charmant.<\/span><\/li>\n<\/ul>","protected":false},"excerpt":{"rendered":"<p>Ce short de yoga fitness tie-dye pour femme pr\u00e9sente un design sans couture et un dos sans couture en forme de V. La combinaison de nylon et d&#039;\u00e9lasthanne rafra\u00eechit le haut de votre corps et vous permet de faire de l&#039;exercice plus librement.<\/p>","protected":false},"featured_media":9733,"comment_status":"open","ping_status":"closed","template":"","meta":{"site-sidebar-layout":"default","site-content-layout":"","ast-site-content-layout":"default","site-content-style":"default","site-sidebar-style":"default","ast-global-header-display":"","ast-banner-title-visibility":"","ast-main-header-display":"","ast-hfb-above-header-display":"","ast-hfb-below-header-display":"","ast-hfb-mobile-header-display":"","site-post-title":"","ast-breadcrumbs-content":"","ast-featured-img":"","footer-sml-layout":"","ast-disable-related-posts":"","theme-transparent-header-meta":"default","adv-header-id-meta":"","stick-header-meta":"default","header-above-stick-meta":"","header-main-stick-meta":"","header-below-stick-meta":"","astra-migrate-meta-layouts":"set","ast-page-background-enabled":"default","ast-page-background-meta":{"desktop":{"background-color":"","background-image":"","background-repeat":"repeat","background-position":"center center","background-size":"auto","background-attachment":"scroll","background-type":"","background-media":"","overlay-type":"","overlay-color":"","overlay-opacity":"","overlay-gradient":""},"tablet":{"background-color":"","background-image":"","background-repeat":"repeat","background-position":"center center","background-size":"auto","background-attachment":"scroll","background-type":"","background-media":"","overlay-type":"","overlay-color":"","overlay-opacity":"","overlay-gradient":""},"mobile":{"background-color":"","background-image":"","background-repeat":"repeat","background-position":"center center","background-size":"auto","background-attachment":"scroll","background-type":"","background-media":"","overlay-type":"","overlay-color":"","overlay-opacity":"","overlay-gradient":""}},"ast-content-background-meta":{"desktop":{"background-color":"var(--ast-global-color-5)","background-image":"","background-repeat":"repeat","background-position":"center center","background-size":"auto","background-attachment":"scroll","background-type":"","background-media":"","overlay-type":"","overlay-color":"","overlay-opacity":"","overlay-gradient":""},"tablet":{"background-color":"var(--ast-global-color-5)","background-image":"","background-repeat":"repeat","background-position":"center center","background-size":"auto","background-attachment":"scroll","background-type":"","background-media":"","overlay-type":"","overlay-color":"","overlay-opacity":"","overlay-gradient":""},"mobile":{"background-color":"var(--ast-global-color-5)","background-image":"","background-repeat":"repeat","background-position":"center center","background-size":"auto","background-attachment":"scroll","background-type":"","background-media":"","overlay-type":"","overlay-color":"","overlay-opacity":"","overlay-gradient":""}}},"product_brand":[],"product_cat":[65,76,734,736],"product_tag":[747,492,675,413,139,679,491,145,660,749,764],"class_list":{"0":"post-9731","1":"product","2":"type-product","3":"status-publish","4":"has-post-thumbnail","6":"product_cat-best-sellers","7":"product_cat-new-arrivels","8":"product_cat-yoga-suits","9":"product_cat-yoga-shorts","10":"product_tag-abdomen","11":"product_tag-breathable","12":"product_tag-charming","13":"product_tag-fitness","14":"product_tag-high-waist","15":"product_tag-hip-lifter","16":"product_tag-seamless","17":"product_tag-sexy","18":"product_tag-smooth","19":"product_tag-tie-dye","20":"product_tag-v-shape","21":"pa_color-coral","22":"pa_color-pink","23":"pa_color-plum-purple","24":"pa_color-purple","25":"pa_color-red-bean-paste","26":"pa_size-l","27":"pa_size-m","28":"pa_size-s","29":"desktop-align-center","30":"tablet-align-left","31":"mobile-align-left","32":"ast-product-gallery-layout-horizontal-slider","33":"ast-product-single-variable","34":"ast-product-tabs-layout-horizontal","35":"ast-qv-on-image","37":"first","38":"instock","39":"shipping-taxable","40":"purchasable","41":"product-type-variable"},"tiered_pricing_type":"fixed","tiered_pricing_fixed_rules":{"5":4.15,"50":3.65,"100":3.2},"tiered_pricing_product_settings":{"layout":"default","base_unit_name":{"singular":null,"plural":null},"default_variation":null},"tiered_pricing_minimum_quantity":null,"tiered_pricing_roles_data":[],"tiered_pricing_percentage_rules":[],"_links":{"self":[{"href":"https:\/\/yume-silm.com\/fr\/wp-json\/wp\/v2\/product\/9731","targetHints":{"allow":["GET"]}}],"collection":[{"href":"https:\/\/yume-silm.com\/fr\/wp-json\/wp\/v2\/product"}],"about":[{"href":"https:\/\/yume-silm.com\/fr\/wp-json\/wp\/v2\/types\/product"}],"replies":[{"embeddable":true,"href":"https:\/\/yume-silm.com\/fr\/wp-json\/wp\/v2\/comments?post=9731"}],"wp:featuredmedia":[{"embeddable":true,"href":"https:\/\/yume-silm.com\/fr\/wp-json\/wp\/v2\/media\/9733"}],"wp:attachment":[{"href":"https:\/\/yume-silm.com\/fr\/wp-json\/wp\/v2\/media?parent=9731"}],"wp:term":[{"taxonomy":"product_brand","embeddable":true,"href":"https:\/\/yume-silm.com\/fr\/wp-json\/wp\/v2\/product_brand?post=9731"},{"taxonomy":"product_cat","embeddable":true,"href":"https:\/\/yume-silm.com\/fr\/wp-json\/wp\/v2\/product_cat?post=9731"},{"taxonomy":"product_tag","embeddable":true,"href":"https:\/\/yume-silm.com\/fr\/wp-json\/wp\/v2\/product_tag?post=9731"}],"curies":[{"name":"wp","href":"https:\/\/api.w.org\/{rel}","templated":true}]}}