{"id":9790,"date":"2024-07-31T09:13:33","date_gmt":"2024-07-31T09:13:33","guid":{"rendered":"https:\/\/yume-silm.com\/?post_type=product&#038;p=9790"},"modified":"2024-08-01T01:34:42","modified_gmt":"2024-08-01T01:34:42","slug":"leggings-de-yoga-taille-haute-extensibles-pour-femmes","status":"publish","type":"product","link":"https:\/\/yume-silm.com\/fr\/produit\/leggings-de-yoga-taille-haute-extensibles-pour-femmes\/","title":{"rendered":"Leggings de yoga extensibles taille haute pour femmes"},"content":{"rendered":"<h5>Caract\u00e9ristiques de conception<\/h5>\n<ul>\n<li><strong>CONCEPTION \u00c0 HAUTE \u00c9LASTICIT\u00c9\u00a0:<\/strong> Les leggings de yoga extensibles taille haute pour femmes adoptent un design \u00e0 haute \u00e9lasticit\u00e9, \u00e0 la mode et g\u00e9n\u00e9reux, avec une superposition sexy et \u00e9l\u00e9gante, un design sans couture vous offre un confort optimal pendant le yoga et l&#039;exercice.<\/li>\n<li><strong>CONCEPTION TAILLE HAUTE\u00a0:<\/strong>La conception taille haute sur les hanches et la taille du ventre peut ajouter un point culminant \u00e0 la mode \u00e0 la belle version, vous aidant \u00e0 devenir le centre de la mode, et le tissu super doux peut parfaitement s&#039;adapter \u00e0 la courbe de votre corps, gardant toujours votre silhouette sexy parfaite.<\/li>\n<li><strong>\u00c9VACUATION DE L&#039;HUMIDIT\u00c9:<\/strong> Le tissu respirant, doux et extensible offre une couverture compl\u00e8te et une bonne respirabilit\u00e9. Dans le m\u00eame temps, la conception taille haute resserre les hanches et l&#039;abdomen sans exposer l&#039;abdomen, mettant en valeur la courbe parfaite de votre corps.<\/li>\n<li><strong>OCCASION:<\/strong> Que vous fassiez du sport ou jouiez avec des amis, le tissu respirant et super extensible vous fera vous sentir d\u00e9tendu, parfait pour le yoga, la course, la gym, tout type de sport, toute saison ou pour un usage quotidien.<\/li>\n<\/ul>\n<h6><a href=\"https:\/\/yume-silm.com\/wp-content\/uploads\/2024\/07\/Womens-Stretchy-High-Waist-Yoga-Leggings-1.jpg\"><img fetchpriority=\"high\" decoding=\"async\" class=\"alignnone wp-image-9792 size-medium\" src=\"https:\/\/yume-silm.com\/wp-content\/uploads\/2024\/07\/Womens-Stretchy-High-Waist-Yoga-Leggings-1-300x300.jpg\" alt=\"leggings de yoga extensibles taille haute pour femmes \" width=\"300\" height=\"300\" title=\"\" srcset=\"https:\/\/yume-silm.com\/wp-content\/uploads\/2024\/07\/Womens-Stretchy-High-Waist-Yoga-Leggings-1-300x300.jpg 300w, https:\/\/yume-silm.com\/wp-content\/uploads\/2024\/07\/Womens-Stretchy-High-Waist-Yoga-Leggings-1-150x150.jpg 150w, https:\/\/yume-silm.com\/wp-content\/uploads\/2024\/07\/Womens-Stretchy-High-Waist-Yoga-Leggings-1-768x768.jpg 768w, https:\/\/yume-silm.com\/wp-content\/uploads\/2024\/07\/Womens-Stretchy-High-Waist-Yoga-Leggings-1-12x12.jpg 12w, https:\/\/yume-silm.com\/wp-content\/uploads\/2024\/07\/Womens-Stretchy-High-Waist-Yoga-Leggings-1-100x100.jpg 100w, https:\/\/yume-silm.com\/wp-content\/uploads\/2024\/07\/Womens-Stretchy-High-Waist-Yoga-Leggings-1.jpg 800w\" sizes=\"(max-width: 300px) 100vw, 300px\" \/><\/a><a href=\"https:\/\/yume-silm.com\/wp-content\/uploads\/2024\/07\/Womens-Stretchy-High-Waist-Yoga-Leggings-2.jpg\"><img decoding=\"async\" class=\"alignnone wp-image-9793 size-medium\" src=\"https:\/\/yume-silm.com\/wp-content\/uploads\/2024\/07\/Womens-Stretchy-High-Waist-Yoga-Leggings-2-300x300.jpg\" alt=\"leggings de yoga extensibles taille haute pour femmes\" width=\"300\" height=\"300\" title=\"\" srcset=\"https:\/\/yume-silm.com\/wp-content\/uploads\/2024\/07\/Womens-Stretchy-High-Waist-Yoga-Leggings-2-300x300.jpg 300w, https:\/\/yume-silm.com\/wp-content\/uploads\/2024\/07\/Womens-Stretchy-High-Waist-Yoga-Leggings-2-150x150.jpg 150w, https:\/\/yume-silm.com\/wp-content\/uploads\/2024\/07\/Womens-Stretchy-High-Waist-Yoga-Leggings-2-768x768.jpg 768w, https:\/\/yume-silm.com\/wp-content\/uploads\/2024\/07\/Womens-Stretchy-High-Waist-Yoga-Leggings-2-12x12.jpg 12w, https:\/\/yume-silm.com\/wp-content\/uploads\/2024\/07\/Womens-Stretchy-High-Waist-Yoga-Leggings-2-100x100.jpg 100w, https:\/\/yume-silm.com\/wp-content\/uploads\/2024\/07\/Womens-Stretchy-High-Waist-Yoga-Leggings-2.jpg 800w\" sizes=\"(max-width: 300px) 100vw, 300px\" \/><\/a><\/h6>\n<h6><em>Pantalons de yoga pour le ventre et les hanches pour femmes<\/em><\/h6>\n<ul>\n<li>Ce legging de yoga extensible taille haute pour femme a une large ceinture, qui peut mieux contr\u00f4ler votre abdomen. En m\u00eame temps, il adopte la technologie de tricotage sans couture 4D pour comprimer et resserrer le corps. Il peut \u00eatre constamment enroul\u00e9 autour du corps pendant l&#039;exercice, et il ne se d\u00e9tachera pas, ne glissera pas et \u00e9vitera l&#039;embarras. Vous rend plus confiant.<\/li>\n<\/ul>","protected":false},"excerpt":{"rendered":"<p>Ce legging de yoga extensible taille haute pour femme s&#039;adapte parfaitement \u00e0 la courbe de votre silhouette, la taille haute, l&#039;abdomen et la hanche peuvent toujours maintenir une silhouette parfaite pour vous, tous les v\u00eatements assortis, il n&#039;y aura pas de perspective, portez-le, laissez-vous devenir votre moniteur de silhouette. .<\/p>","protected":false},"featured_media":9791,"comment_status":"open","ping_status":"closed","template":"","meta":{"site-sidebar-layout":"default","site-content-layout":"","ast-site-content-layout":"default","site-content-style":"default","site-sidebar-style":"default","ast-global-header-display":"","ast-banner-title-visibility":"","ast-main-header-display":"","ast-hfb-above-header-display":"","ast-hfb-below-header-display":"","ast-hfb-mobile-header-display":"","site-post-title":"","ast-breadcrumbs-content":"","ast-featured-img":"","footer-sml-layout":"","ast-disable-related-posts":"","theme-transparent-header-meta":"default","adv-header-id-meta":"","stick-header-meta":"default","header-above-stick-meta":"","header-main-stick-meta":"","header-below-stick-meta":"","astra-migrate-meta-layouts":"set","ast-page-background-enabled":"default","ast-page-background-meta":{"desktop":{"background-color":"","background-image":"","background-repeat":"repeat","background-position":"center center","background-size":"auto","background-attachment":"scroll","background-type":"","background-media":"","overlay-type":"","overlay-color":"","overlay-opacity":"","overlay-gradient":""},"tablet":{"background-color":"","background-image":"","background-repeat":"repeat","background-position":"center center","background-size":"auto","background-attachment":"scroll","background-type":"","background-media":"","overlay-type":"","overlay-color":"","overlay-opacity":"","overlay-gradient":""},"mobile":{"background-color":"","background-image":"","background-repeat":"repeat","background-position":"center center","background-size":"auto","background-attachment":"scroll","background-type":"","background-media":"","overlay-type":"","overlay-color":"","overlay-opacity":"","overlay-gradient":""}},"ast-content-background-meta":{"desktop":{"background-color":"var(--ast-global-color-5)","background-image":"","background-repeat":"repeat","background-position":"center center","background-size":"auto","background-attachment":"scroll","background-type":"","background-media":"","overlay-type":"","overlay-color":"","overlay-opacity":"","overlay-gradient":""},"tablet":{"background-color":"var(--ast-global-color-5)","background-image":"","background-repeat":"repeat","background-position":"center center","background-size":"auto","background-attachment":"scroll","background-type":"","background-media":"","overlay-type":"","overlay-color":"","overlay-opacity":"","overlay-gradient":""},"mobile":{"background-color":"var(--ast-global-color-5)","background-image":"","background-repeat":"repeat","background-position":"center center","background-size":"auto","background-attachment":"scroll","background-type":"","background-media":"","overlay-type":"","overlay-color":"","overlay-opacity":"","overlay-gradient":""}}},"product_brand":[],"product_cat":[734,65,76,737],"product_tag":[662,663,492,777,701,460,773,776,145,687,775,774],"class_list":{"0":"post-9790","1":"product","2":"type-product","3":"status-publish","4":"has-post-thumbnail","6":"product_cat-yoga-suits","7":"product_cat-best-sellers","8":"product_cat-new-arrivels","9":"product_cat-yoga-leggings","10":"product_tag-abdominal","11":"product_tag-belly","12":"product_tag-breathable","13":"product_tag-confident","14":"product_tag-fashionable","15":"product_tag-high-elasticity","16":"product_tag-high-wasit","17":"product_tag-highlight","18":"product_tag-sexy","19":"product_tag-soft","20":"product_tag-stretchy","21":"product_tag-yoga-legging","22":"pa_color-armygreen","23":"pa_color-claret","24":"pa_color-purple","25":"pa_color-watermelon-red","26":"pa_color-yellow","27":"pa_size-l","28":"pa_size-m","29":"pa_size-s","30":"desktop-align-center","31":"tablet-align-left","32":"mobile-align-left","33":"ast-product-gallery-layout-horizontal-slider","34":"ast-product-single-variable","35":"ast-product-tabs-layout-horizontal","36":"ast-qv-on-image","38":"first","39":"instock","40":"shipping-taxable","41":"purchasable","42":"product-type-variable"},"tiered_pricing_type":"fixed","tiered_pricing_fixed_rules":{"5":6.65,"50":5.9,"100":5.2},"tiered_pricing_product_settings":{"layout":"default","base_unit_name":{"singular":null,"plural":null},"default_variation":null},"tiered_pricing_minimum_quantity":null,"tiered_pricing_roles_data":[],"tiered_pricing_percentage_rules":[],"_links":{"self":[{"href":"https:\/\/yume-silm.com\/fr\/wp-json\/wp\/v2\/product\/9790","targetHints":{"allow":["GET"]}}],"collection":[{"href":"https:\/\/yume-silm.com\/fr\/wp-json\/wp\/v2\/product"}],"about":[{"href":"https:\/\/yume-silm.com\/fr\/wp-json\/wp\/v2\/types\/product"}],"replies":[{"embeddable":true,"href":"https:\/\/yume-silm.com\/fr\/wp-json\/wp\/v2\/comments?post=9790"}],"wp:featuredmedia":[{"embeddable":true,"href":"https:\/\/yume-silm.com\/fr\/wp-json\/wp\/v2\/media\/9791"}],"wp:attachment":[{"href":"https:\/\/yume-silm.com\/fr\/wp-json\/wp\/v2\/media?parent=9790"}],"wp:term":[{"taxonomy":"product_brand","embeddable":true,"href":"https:\/\/yume-silm.com\/fr\/wp-json\/wp\/v2\/product_brand?post=9790"},{"taxonomy":"product_cat","embeddable":true,"href":"https:\/\/yume-silm.com\/fr\/wp-json\/wp\/v2\/product_cat?post=9790"},{"taxonomy":"product_tag","embeddable":true,"href":"https:\/\/yume-silm.com\/fr\/wp-json\/wp\/v2\/product_tag?post=9790"}],"curies":[{"name":"wp","href":"https:\/\/api.w.org\/{rel}","templated":true}]}}