{"id":9878,"date":"2024-08-05T07:23:28","date_gmt":"2024-08-05T07:23:28","guid":{"rendered":"https:\/\/yume-silm.com\/?post_type=product&#038;p=9878"},"modified":"2024-08-28T08:29:35","modified_gmt":"2024-08-28T08:29:35","slug":"soutien-gorge-de-yoga-de-fitness-push-up-antichoc-pour-femmes","status":"publish","type":"product","link":"https:\/\/yume-silm.com\/fr\/produit\/soutien-gorge-de-yoga-de-fitness-push-up-antichoc-pour-femmes\/","title":{"rendered":"Soutien-gorge de yoga push-up r\u00e9sistant aux chocs pour femmes"},"content":{"rendered":"<h5>Caract\u00e9ristiques de conception<\/h5>\n<ul>\n<li><strong>DESIGN UNIQUE:<\/strong> Le dos de ce soutien-gorge de yoga push-up r\u00e9sistant aux chocs pour femme pr\u00e9sente une conception de poutre de travail pour r\u00e9duire la pression sur les \u00e9paules, et un ourlet \u00e9lastique plus large augmente le soutien de la poitrine.<\/li>\n<li><strong>TISSU RESPIRANT\u00a0:<\/strong>Utilisez un tissu doux et respirant, tr\u00e8s \u00e9lastique, l\u00e9ger et mieux adapt\u00e9 au corps, ce qui aide \u00e0 rafra\u00eechir la peau.<\/li>\n<li><strong>CONCEPTION DE MAILLE\u00a0:<\/strong> La conception en maille losange est plac\u00e9e sur le dos, vous permettant d&#039;obtenir une transpiration efficace pendant l&#039;exercice ou l&#039;exercice, gardant votre corps au frais et au sec et vous permettant de vous sentir \u00e0 l&#039;aise pendant longtemps.<\/li>\n<li><strong>OCCASION:<\/strong>Que vous couriez, fassiez de l&#039;exercice, fassiez du v\u00e9lo ou fassiez d&#039;autres exercices de haute intensit\u00e9, vous pouvez porter ce sous-v\u00eatement de yoga qui \u00e9vacue la transpiration et absorbe l&#039;humidit\u00e9, vous gardant au frais tout au long de la journ\u00e9e.<\/li>\n<\/ul>\n<p><img fetchpriority=\"high\" decoding=\"async\" class=\"alignnone size-medium wp-image-10760\" src=\"https:\/\/yume-silm.com\/wp-content\/uploads\/2024\/08\/yumesilm-womens-shockproof-push-up-crop-fitness-yoga-bra-01-300x300.jpg\" alt=\"Soutien-gorge de yoga push-up r\u00e9sistant aux chocs pour femmes\" width=\"300\" height=\"300\" title=\"\" srcset=\"https:\/\/yume-silm.com\/wp-content\/uploads\/2024\/08\/yumesilm-womens-shockproof-push-up-crop-fitness-yoga-bra-01-300x300.jpg 300w, https:\/\/yume-silm.com\/wp-content\/uploads\/2024\/08\/yumesilm-womens-shockproof-push-up-crop-fitness-yoga-bra-01-150x150.jpg 150w, https:\/\/yume-silm.com\/wp-content\/uploads\/2024\/08\/yumesilm-womens-shockproof-push-up-crop-fitness-yoga-bra-01-768x768.jpg 768w, https:\/\/yume-silm.com\/wp-content\/uploads\/2024\/08\/yumesilm-womens-shockproof-push-up-crop-fitness-yoga-bra-01-12x12.jpg 12w, https:\/\/yume-silm.com\/wp-content\/uploads\/2024\/08\/yumesilm-womens-shockproof-push-up-crop-fitness-yoga-bra-01-100x100.jpg 100w, https:\/\/yume-silm.com\/wp-content\/uploads\/2024\/08\/yumesilm-womens-shockproof-push-up-crop-fitness-yoga-bra-01.jpg 800w\" sizes=\"(max-width: 300px) 100vw, 300px\" \/><\/p>\n<p>&nbsp;<\/p>\n<h6><em>Sous-v\u00eatements de yoga de course respirants au dos pour femmes<\/em><\/h6>\n<ul>\n<li>Ce soutien-gorge de yoga push-up r\u00e9sistant aux chocs pour femme, extensible dans quatre directions, respirant et \u00e0 s\u00e9chage rapide, est con\u00e7u pour soulager la pression sur les \u00e9paules, emp\u00eacher l&#039;affaissement de la poitrine lors de la course et am\u00e9liorer la posture du dos. Le tissu double couche est meilleur pour votre corps.<\/li>\n<\/ul>","protected":false},"excerpt":{"rendered":"<p>Portez ce soutien-gorge de yoga push-up r\u00e9sistant aux chocs pour femmes, une vari\u00e9t\u00e9 de tailles parmi lesquelles choisir, le tissu respirant hautement extensible vous offre un maximum de confort et de protection, vous rendant plus confiant et audacieux.<\/p>","protected":false},"featured_media":9882,"comment_status":"open","ping_status":"closed","template":"","meta":{"site-sidebar-layout":"default","site-content-layout":"","ast-site-content-layout":"default","site-content-style":"default","site-sidebar-style":"default","ast-global-header-display":"","ast-banner-title-visibility":"","ast-main-header-display":"","ast-hfb-above-header-display":"","ast-hfb-below-header-display":"","ast-hfb-mobile-header-display":"","site-post-title":"","ast-breadcrumbs-content":"","ast-featured-img":"","footer-sml-layout":"","ast-disable-related-posts":"","theme-transparent-header-meta":"default","adv-header-id-meta":"","stick-header-meta":"default","header-above-stick-meta":"","header-main-stick-meta":"","header-below-stick-meta":"","astra-migrate-meta-layouts":"set","ast-page-background-enabled":"default","ast-page-background-meta":{"desktop":{"background-color":"","background-image":"","background-repeat":"repeat","background-position":"center center","background-size":"auto","background-attachment":"scroll","background-type":"","background-media":"","overlay-type":"","overlay-color":"","overlay-opacity":"","overlay-gradient":""},"tablet":{"background-color":"","background-image":"","background-repeat":"repeat","background-position":"center center","background-size":"auto","background-attachment":"scroll","background-type":"","background-media":"","overlay-type":"","overlay-color":"","overlay-opacity":"","overlay-gradient":""},"mobile":{"background-color":"","background-image":"","background-repeat":"repeat","background-position":"center center","background-size":"auto","background-attachment":"scroll","background-type":"","background-media":"","overlay-type":"","overlay-color":"","overlay-opacity":"","overlay-gradient":""}},"ast-content-background-meta":{"desktop":{"background-color":"var(--ast-global-color-5)","background-image":"","background-repeat":"repeat","background-position":"center center","background-size":"auto","background-attachment":"scroll","background-type":"","background-media":"","overlay-type":"","overlay-color":"","overlay-opacity":"","overlay-gradient":""},"tablet":{"background-color":"var(--ast-global-color-5)","background-image":"","background-repeat":"repeat","background-position":"center center","background-size":"auto","background-attachment":"scroll","background-type":"","background-media":"","overlay-type":"","overlay-color":"","overlay-opacity":"","overlay-gradient":""},"mobile":{"background-color":"var(--ast-global-color-5)","background-image":"","background-repeat":"repeat","background-position":"center center","background-size":"auto","background-attachment":"scroll","background-type":"","background-media":"","overlay-type":"","overlay-color":"","overlay-opacity":"","overlay-gradient":""}}},"product_brand":[],"product_cat":[734,65,76,735],"product_tag":[789,788,492,787,791,413,782,602,790,786,719],"class_list":{"0":"post-9878","1":"product","2":"type-product","3":"status-publish","4":"has-post-thumbnail","6":"product_cat-yoga-suits","7":"product_cat-best-sellers","8":"product_cat-new-arrivels","9":"product_cat-yoga-tops","10":"product_tag-beautiful","11":"product_tag-bold","12":"product_tag-breathable","13":"product_tag-comfident","14":"product_tag-elastic","15":"product_tag-fitness","16":"product_tag-mesh","17":"product_tag-push-up","18":"product_tag-quick-drying","19":"product_tag-shockproof","20":"product_tag-unique-design","21":"pa_color-black","22":"pa_color-dark-blue","23":"pa_color-light-green","24":"pa_color-pink","25":"pa_color-plum-purple","26":"pa_size-2xl","27":"pa_size-3xl","28":"pa_size-l","29":"pa_size-m","30":"pa_size-s","31":"pa_size-xl","32":"desktop-align-center","33":"tablet-align-left","34":"mobile-align-left","35":"ast-product-gallery-layout-horizontal-slider","36":"ast-product-single-variable","37":"ast-product-tabs-layout-horizontal","38":"ast-qv-on-image","40":"first","41":"instock","42":"shipping-taxable","43":"purchasable","44":"product-type-variable"},"tiered_pricing_type":"fixed","tiered_pricing_fixed_rules":{"5":7.9,"50":6.7,"100":5.8},"tiered_pricing_product_settings":{"layout":"default","base_unit_name":{"singular":null,"plural":null},"default_variation":null},"tiered_pricing_minimum_quantity":null,"tiered_pricing_roles_data":[],"tiered_pricing_percentage_rules":[],"_links":{"self":[{"href":"https:\/\/yume-silm.com\/fr\/wp-json\/wp\/v2\/product\/9878","targetHints":{"allow":["GET"]}}],"collection":[{"href":"https:\/\/yume-silm.com\/fr\/wp-json\/wp\/v2\/product"}],"about":[{"href":"https:\/\/yume-silm.com\/fr\/wp-json\/wp\/v2\/types\/product"}],"replies":[{"embeddable":true,"href":"https:\/\/yume-silm.com\/fr\/wp-json\/wp\/v2\/comments?post=9878"}],"wp:featuredmedia":[{"embeddable":true,"href":"https:\/\/yume-silm.com\/fr\/wp-json\/wp\/v2\/media\/9882"}],"wp:attachment":[{"href":"https:\/\/yume-silm.com\/fr\/wp-json\/wp\/v2\/media?parent=9878"}],"wp:term":[{"taxonomy":"product_brand","embeddable":true,"href":"https:\/\/yume-silm.com\/fr\/wp-json\/wp\/v2\/product_brand?post=9878"},{"taxonomy":"product_cat","embeddable":true,"href":"https:\/\/yume-silm.com\/fr\/wp-json\/wp\/v2\/product_cat?post=9878"},{"taxonomy":"product_tag","embeddable":true,"href":"https:\/\/yume-silm.com\/fr\/wp-json\/wp\/v2\/product_tag?post=9878"}],"curies":[{"name":"wp","href":"https:\/\/api.w.org\/{rel}","templated":true}]}}