{"id":1352,"date":"2023-04-13T23:44:48","date_gmt":"2023-04-13T23:44:48","guid":{"rendered":"https:\/\/yume-silm.com\/?page_id=1352"},"modified":"2023-11-06T02:46:36","modified_gmt":"2023-11-06T02:46:36","slug":"metodi-di-spedizione","status":"publish","type":"page","link":"https:\/\/yume-silm.com\/it\/metodi-di-spedizione\/","title":{"rendered":"Metodi di spedizione"},"content":{"rendered":"<div data-elementor-type=\"wp-page\" data-elementor-id=\"1352\" class=\"elementor elementor-1352\" data-elementor-post-type=\"page\">\n\t\t\t\t\t\t<section class=\"elementor-section elementor-top-section elementor-element elementor-element-41777c2 elementor-section-boxed elementor-section-height-default elementor-section-height-default\" data-id=\"41777c2\" data-element_type=\"section\">\n\t\t\t\t\t\t<div class=\"elementor-container elementor-column-gap-default\">\n\t\t\t\t\t<div class=\"elementor-column elementor-col-100 elementor-top-column elementor-element elementor-element-2837f24\" data-id=\"2837f24\" data-element_type=\"column\">\n\t\t\t<div class=\"elementor-widget-wrap elementor-element-populated\">\n\t\t\t\t\t\t<div class=\"elementor-element elementor-element-ec3f608 elementor-widget elementor-widget-text-editor\" data-id=\"ec3f608\" data-element_type=\"widget\" data-widget_type=\"text-editor.default\">\n\t\t\t\t<div class=\"elementor-widget-container\">\n\t\t\t\t\t\t\t\t\t<p>1. Metodi di spedizione<\/p><p>spediremo dai pacchetti internazionali\/EMS\/DHL\/UPS\/TNT\/FedEx, o spediremo dal mare, se il cubage di ordine \u00e8 pi\u00f9 di 1 stere, che dipende dall'area che vivete in.<\/p><p>2. Sconto sulle spese di spedizione<\/p><p>Siamo il VIP della societ\u00e0 pi\u00f9 internazionale espresso, possiamo avere un prezzo preferenziale pi\u00f9 conveniente della spedizione. Per esempio, siamo il VIP di FEDEX, allora possiamo ottenere 35% sconto da FEDEX (FEDX IP 3 giorni di spedizione, FedEx IE 5 giorni di spedizione); siamo il VIP di DHL troppo, allora possiamo ottenere 35% sconto da DHL (3-5 giorni di spedizione).<\/p><p>3. Tempi di spedizione e consegna<\/p><p>Dopo aver effettuato un ordine, controlleremo il vostro ordine prima e poi inviare la fattura a voi entro 24 ore. E come i nostri vecchi grossisti, (ordine da noi prima.) controlleremo il vostro ordine priorit\u00e0, e ottenere gli elementi che abbiamo stock pronto per voi prima, e poi inviare la fattura a voi includono l'affrancatura accurata. In modo che dopo aver pagato, e lo invieremo a voi entro 1 giorno lavorativo. E come i nuovi grossisti, generale potremmo inviare il vostro pacco a voi entro 2 giorni lavorativi.<\/p><p>In generale, UPS impiega 3-4 giorni lavorativi in tutto il mondo e TNT\/DHL impiega 3-5 giorni lavorativi, a seconda dell'area in cui si vive. e FedEx IP impiega 3-5 giorni lavorativi, FedEx IE 5-7 giorni, a seconda dell'area in cui si vive.<\/p><p>Un pacco pu\u00f2 subire un ritardo a causa della carenza di merce. Di solito sono necessari 3-15 giorni per ricostituire le scorte. Vi invieremo un'e-mail una volta che l'articolo \u00e8 esaurito, e nessun processo sar\u00e0 effettuato fino alla vostra risposta. Possiamo offrire un servizio di sostituzione o cancellazione in base alla vostra volont\u00e0.<\/p><p>4. Calcolo dell'affrancatura<\/p><p>Le spese di spedizione sono calcolate in base al peso, quindi acquistate di pi\u00f9 e risparmiate di pi\u00f9! Ad esempio, il costo di FedEx express \u00e8 quasi lo stesso per 1 o 5 articoli del pacco. Pi\u00f9 pesante \u00e8 il pacco, pi\u00f9 basso \u00e8 il costo di spedizione per KG.<\/p><p>5. Il costo della spedizione<\/p><p>le spese di spedizione dipendono dal peso, dalla modalit\u00e0 di consegna (DHL, TNT, UPS, FedEx o transito marittimo) e dal paese di destinazione. Quindi \u00e8 difficile per noi dichiarare una tassa di spedizione esatta prima di effettuare un ordine (il peso di un pezzo bikini \u00e8 di circa 0,05 kg, ma la pelle \u00e8 di circa 0,3 kg \/pc). Potete scegliere la compagnia di spedizione che preferite e noi controlleremo tutti gli espressi e vi suggeriremo il modo pi\u00f9 adatto a voi. Se non siete soddisfatti della nostra tariffa di spedizione, sentitevi liberi di contattarci tramite il pulsante live chat o inviate un'e-mail a: info@yume-silm.com.<\/p><p>Grazie per la vostra comprensione.<\/p>\t\t\t\t\t\t\t\t<\/div>\n\t\t\t\t<\/div>\n\t\t\t\t\t<\/div>\n\t\t<\/div>\n\t\t\t\t\t<\/div>\n\t\t<\/section>\n\t\t\t\t<\/div>","protected":false},"excerpt":{"rendered":"<p>1. [&hellip;]<\/p>","protected":false},"author":1,"featured_media":0,"parent":0,"menu_order":0,"comment_status":"closed","ping_status":"closed","template":"","meta":{"site-sidebar-layout":"default","site-content-layout":"","ast-site-content-layout":"default","site-content-style":"default","site-sidebar-style":"default","ast-global-header-display":"","ast-banner-title-visibility":"","ast-main-header-display":"","ast-hfb-above-header-display":"","ast-hfb-below-header-display":"","ast-hfb-mobile-header-display":"","site-post-title":"","ast-breadcrumbs-content":"","ast-featured-img":"","footer-sml-layout":"","ast-disable-related-posts":"","theme-transparent-header-meta":"","adv-header-id-meta":"","stick-header-meta":"","header-above-stick-meta":"","header-main-stick-meta":"","header-below-stick-meta":"","astra-migrate-meta-layouts":"default","ast-page-background-enabled":"default","ast-page-background-meta":{"desktop":{"background-color":"","background-image":"","background-repeat":"repeat","background-position":"center center","background-size":"auto","background-attachment":"scroll","background-type":"","background-media":"","overlay-type":"","overlay-color":"","overlay-opacity":"","overlay-gradient":""},"tablet":{"background-color":"","background-image":"","background-repeat":"repeat","background-position":"center center","background-size":"auto","background-attachment":"scroll","background-type":"","background-media":"","overlay-type":"","overlay-color":"","overlay-opacity":"","overlay-gradient":""},"mobile":{"background-color":"","background-image":"","background-repeat":"repeat","background-position":"center center","background-size":"auto","background-attachment":"scroll","background-type":"","background-media":"","overlay-type":"","overlay-color":"","overlay-opacity":"","overlay-gradient":""}},"ast-content-background-meta":{"desktop":{"background-color":"var(--ast-global-color-5)","background-image":"","background-repeat":"repeat","background-position":"center center","background-size":"auto","background-attachment":"scroll","background-type":"","background-media":"","overlay-type":"","overlay-color":"","overlay-opacity":"","overlay-gradient":""},"tablet":{"background-color":"var(--ast-global-color-5)","background-image":"","background-repeat":"repeat","background-position":"center center","background-size":"auto","background-attachment":"scroll","background-type":"","background-media":"","overlay-type":"","overlay-color":"","overlay-opacity":"","overlay-gradient":""},"mobile":{"background-color":"var(--ast-global-color-5)","background-image":"","background-repeat":"repeat","background-position":"center center","background-size":"auto","background-attachment":"scroll","background-type":"","background-media":"","overlay-type":"","overlay-color":"","overlay-opacity":"","overlay-gradient":""}},"footnotes":""},"class_list":["post-1352","page","type-page","status-publish","hentry"],"_links":{"self":[{"href":"https:\/\/yume-silm.com\/it\/wp-json\/wp\/v2\/pages\/1352","targetHints":{"allow":["GET"]}}],"collection":[{"href":"https:\/\/yume-silm.com\/it\/wp-json\/wp\/v2\/pages"}],"about":[{"href":"https:\/\/yume-silm.com\/it\/wp-json\/wp\/v2\/types\/page"}],"author":[{"embeddable":true,"href":"https:\/\/yume-silm.com\/it\/wp-json\/wp\/v2\/users\/1"}],"replies":[{"embeddable":true,"href":"https:\/\/yume-silm.com\/it\/wp-json\/wp\/v2\/comments?post=1352"}],"version-history":[{"count":0,"href":"https:\/\/yume-silm.com\/it\/wp-json\/wp\/v2\/pages\/1352\/revisions"}],"wp:attachment":[{"href":"https:\/\/yume-silm.com\/it\/wp-json\/wp\/v2\/media?parent=1352"}],"curies":[{"name":"wp","href":"https:\/\/api.w.org\/{rel}","templated":true}]}}