{"id":10103,"date":"2024-08-06T08:05:02","date_gmt":"2024-08-06T08:05:02","guid":{"rendered":"https:\/\/yume-silm.com\/?post_type=product&#038;p=10103"},"modified":"2024-08-06T08:22:15","modified_gmt":"2024-08-06T08:22:15","slug":"pantaloncini-da-yoga-a-vita-alta-da-donna-a-costine-per-il-controllo-della-pancia","status":"publish","type":"product","link":"https:\/\/yume-silm.com\/it\/prodotto\/pantaloncini-da-yoga-a-vita-alta-da-donna-a-costine-per-il-controllo-della-pancia\/","title":{"rendered":"Pantaloncini da yoga a vita alta per il controllo della pancia a costine da donna"},"content":{"rendered":"<h5>Caratteristiche del progetto<\/h5>\n<ul>\n<li><strong>ASSORBIMENTO DELL&#039;UMIDIT\u00c0:<\/strong> Questi pantaloncini da yoga da donna a vita alta per il controllo della pancia a costine sono traspiranti con l&#039;ampia cintura a coste di supporto e il tessuto traspirante ad asciugatura rapida ti mantengono asciutto durante l&#039;allenamento.<\/li>\n<li><strong>ELEVATA ELASTICIT\u00c0:<\/strong> Questi pantaloni da yoga senza cuciture sono elasticizzati in quattro direzioni, resistenti al sudore, realizzati in tessuto traspirante e morbido con forte elasticit\u00e0, che pu\u00f2 offrirti un migliore comfort e protezione in varie pose e movimenti.<\/li>\n<li><strong>ANTI BLOCCANTE:<\/strong> Il design a triangolo del cavallo ti d\u00e0 pi\u00f9 spazio per cambiare postura e previene l&#039;attrito con le cosce. Allo stesso tempo, il cavallo migliorato fornisce supporto, comfort e un aspetto snello per le donne con gambe grosse.<\/li>\n<li><strong>VITA ALTA E CONTROLLO DELLA PANCIA:<\/strong> Questi pantaloncini da yoga a vita alta per il controllo della pancia a costine da donna sono realizzati in tessuto a doppio strato e tessuto morbido traspirante, \u00e8 pi\u00f9 morbido, delicato sulla pelle e traspirante, mentre ti fissa nella giusta posizione. Modella meglio la tua curva dell&#039;anca affascinante e sexy.<\/li>\n<\/ul>\n<p><a href=\"https:\/\/yume-silm.com\/wp-content\/uploads\/2024\/08\/Womens-Ribbed-Tummy-Control-High-Waist-Yoga-Shorts-light-coffee.jpg\"><img fetchpriority=\"high\" decoding=\"async\" class=\"alignnone wp-image-10135 size-medium\" src=\"https:\/\/yume-silm.com\/wp-content\/uploads\/2024\/08\/Womens-Ribbed-Tummy-Control-High-Waist-Yoga-Shorts-light-coffee-300x300.jpg\" alt=\"pantaloncini da yoga a vita alta con controllo della pancia a coste da donna\" width=\"300\" height=\"300\" title=\"\" srcset=\"https:\/\/yume-silm.com\/wp-content\/uploads\/2024\/08\/Womens-Ribbed-Tummy-Control-High-Waist-Yoga-Shorts-light-coffee-300x300.jpg 300w, https:\/\/yume-silm.com\/wp-content\/uploads\/2024\/08\/Womens-Ribbed-Tummy-Control-High-Waist-Yoga-Shorts-light-coffee-150x150.jpg 150w, https:\/\/yume-silm.com\/wp-content\/uploads\/2024\/08\/Womens-Ribbed-Tummy-Control-High-Waist-Yoga-Shorts-light-coffee-12x12.jpg 12w, https:\/\/yume-silm.com\/wp-content\/uploads\/2024\/08\/Womens-Ribbed-Tummy-Control-High-Waist-Yoga-Shorts-light-coffee-100x100.jpg 100w, https:\/\/yume-silm.com\/wp-content\/uploads\/2024\/08\/Womens-Ribbed-Tummy-Control-High-Waist-Yoga-Shorts-light-coffee.jpg 600w\" sizes=\"(max-width: 300px) 100vw, 300px\" \/><\/a><a href=\"https:\/\/yume-silm.com\/wp-content\/uploads\/2024\/08\/Womens-Ribbed-Tummy-Control-High-Waist-Yoga-Shorts-brown-1.jpg\"><img decoding=\"async\" class=\"alignnone wp-image-10133 size-medium\" src=\"https:\/\/yume-silm.com\/wp-content\/uploads\/2024\/08\/Womens-Ribbed-Tummy-Control-High-Waist-Yoga-Shorts-brown-1-300x300.jpg\" alt=\"pantaloncini da yoga a vita alta con controllo della pancia a coste da donna\" width=\"300\" height=\"300\" title=\"\" srcset=\"https:\/\/yume-silm.com\/wp-content\/uploads\/2024\/08\/Womens-Ribbed-Tummy-Control-High-Waist-Yoga-Shorts-brown-1-300x300.jpg 300w, https:\/\/yume-silm.com\/wp-content\/uploads\/2024\/08\/Womens-Ribbed-Tummy-Control-High-Waist-Yoga-Shorts-brown-1-150x150.jpg 150w, https:\/\/yume-silm.com\/wp-content\/uploads\/2024\/08\/Womens-Ribbed-Tummy-Control-High-Waist-Yoga-Shorts-brown-1-12x12.jpg 12w, https:\/\/yume-silm.com\/wp-content\/uploads\/2024\/08\/Womens-Ribbed-Tummy-Control-High-Waist-Yoga-Shorts-brown-1-100x100.jpg 100w, https:\/\/yume-silm.com\/wp-content\/uploads\/2024\/08\/Womens-Ribbed-Tummy-Control-High-Waist-Yoga-Shorts-brown-1.jpg 600w\" sizes=\"(max-width: 300px) 100vw, 300px\" \/><\/a><\/p>\n<h6><em>Pantaloni da yoga per il sollevamento del sedere senza cuciture da donna<\/em><\/h6>\n<ul>\n<li>Questi pantaloni da yoga per il sollevamento del sedere senza cuciture da donna possono aiutare meglio il tuo corpo a ottenere migliori effetti di sollevamento della pancia e del sedere. \u00c8 realizzato in tessuto ad alta elasticit\u00e0, morbido e traspirante, che pu\u00f2 prevenire meglio la trasparenza e migliorare la tua sicurezza.<\/li>\n<\/ul>","protected":false},"excerpt":{"rendered":"<p>Immagina di indossare i nostri pantaloncini da yoga da donna a vita alta per il controllo della pancia a costine, realizzati in tessuto ad alta elasticit\u00e0 e traspirante, che ti offrono la massima protezione e comfort, nonch\u00e9 il massimo supporto. Nelle belle giornate sembrerai pi\u00f9 giovane e pi\u00f9 energica indossando questi pantaloncini casual.<\/p>","protected":false},"featured_media":10104,"comment_status":"open","ping_status":"closed","template":"","meta":{"site-sidebar-layout":"default","site-content-layout":"","ast-site-content-layout":"default","site-content-style":"default","site-sidebar-style":"default","ast-global-header-display":"","ast-banner-title-visibility":"","ast-main-header-display":"","ast-hfb-above-header-display":"","ast-hfb-below-header-display":"","ast-hfb-mobile-header-display":"","site-post-title":"","ast-breadcrumbs-content":"","ast-featured-img":"","footer-sml-layout":"","ast-disable-related-posts":"","theme-transparent-header-meta":"default","adv-header-id-meta":"","stick-header-meta":"default","header-above-stick-meta":"","header-main-stick-meta":"","header-below-stick-meta":"","astra-migrate-meta-layouts":"set","ast-page-background-enabled":"default","ast-page-background-meta":{"desktop":{"background-color":"","background-image":"","background-repeat":"repeat","background-position":"center center","background-size":"auto","background-attachment":"scroll","background-type":"","background-media":"","overlay-type":"","overlay-color":"","overlay-opacity":"","overlay-gradient":""},"tablet":{"background-color":"","background-image":"","background-repeat":"repeat","background-position":"center center","background-size":"auto","background-attachment":"scroll","background-type":"","background-media":"","overlay-type":"","overlay-color":"","overlay-opacity":"","overlay-gradient":""},"mobile":{"background-color":"","background-image":"","background-repeat":"repeat","background-position":"center center","background-size":"auto","background-attachment":"scroll","background-type":"","background-media":"","overlay-type":"","overlay-color":"","overlay-opacity":"","overlay-gradient":""}},"ast-content-background-meta":{"desktop":{"background-color":"var(--ast-global-color-5)","background-image":"","background-repeat":"repeat","background-position":"center center","background-size":"auto","background-attachment":"scroll","background-type":"","background-media":"","overlay-type":"","overlay-color":"","overlay-opacity":"","overlay-gradient":""},"tablet":{"background-color":"var(--ast-global-color-5)","background-image":"","background-repeat":"repeat","background-position":"center center","background-size":"auto","background-attachment":"scroll","background-type":"","background-media":"","overlay-type":"","overlay-color":"","overlay-opacity":"","overlay-gradient":""},"mobile":{"background-color":"var(--ast-global-color-5)","background-image":"","background-repeat":"repeat","background-position":"center center","background-size":"auto","background-attachment":"scroll","background-type":"","background-media":"","overlay-type":"","overlay-color":"","overlay-opacity":"","overlay-gradient":""}}},"product_brand":[],"product_cat":[65,76,734,737],"product_tag":[492,686,699,693,139,491,816,810,500,815],"class_list":{"0":"post-10103","1":"product","2":"type-product","3":"status-publish","4":"has-post-thumbnail","6":"product_cat-best-sellers","7":"product_cat-new-arrivels","8":"product_cat-yoga-suits","9":"product_cat-yoga-leggings","10":"product_tag-breathable","11":"product_tag-butt-lifter","12":"product_tag-comfort","13":"product_tag-high-elastic","14":"product_tag-high-waist","15":"product_tag-seamless","16":"product_tag-sweat-proof","17":"product_tag-thick","18":"product_tag-tummy-control","19":"product_tag-yoga-shorts","20":"pa_color-beige","21":"pa_color-black","22":"pa_color-bluegrey","23":"pa_color-brown","24":"pa_color-dark-coffee","25":"pa_color-light-coffee","26":"pa_size-l","27":"pa_size-m","28":"pa_size-s","29":"desktop-align-center","30":"tablet-align-left","31":"mobile-align-left","32":"ast-product-gallery-layout-horizontal-slider","33":"ast-product-single-variable","34":"ast-product-tabs-layout-horizontal","35":"ast-qv-on-image","37":"first","38":"instock","39":"shipping-taxable","40":"purchasable","41":"product-type-variable"},"tiered_pricing_type":"fixed","tiered_pricing_fixed_rules":{"5":5.8,"50":5,"100":4.2},"tiered_pricing_product_settings":{"layout":"default","base_unit_name":{"singular":null,"plural":null},"default_variation":null},"tiered_pricing_minimum_quantity":null,"tiered_pricing_roles_data":[],"tiered_pricing_percentage_rules":[],"_links":{"self":[{"href":"https:\/\/yume-silm.com\/it\/wp-json\/wp\/v2\/product\/10103","targetHints":{"allow":["GET"]}}],"collection":[{"href":"https:\/\/yume-silm.com\/it\/wp-json\/wp\/v2\/product"}],"about":[{"href":"https:\/\/yume-silm.com\/it\/wp-json\/wp\/v2\/types\/product"}],"replies":[{"embeddable":true,"href":"https:\/\/yume-silm.com\/it\/wp-json\/wp\/v2\/comments?post=10103"}],"wp:featuredmedia":[{"embeddable":true,"href":"https:\/\/yume-silm.com\/it\/wp-json\/wp\/v2\/media\/10104"}],"wp:attachment":[{"href":"https:\/\/yume-silm.com\/it\/wp-json\/wp\/v2\/media?parent=10103"}],"wp:term":[{"taxonomy":"product_brand","embeddable":true,"href":"https:\/\/yume-silm.com\/it\/wp-json\/wp\/v2\/product_brand?post=10103"},{"taxonomy":"product_cat","embeddable":true,"href":"https:\/\/yume-silm.com\/it\/wp-json\/wp\/v2\/product_cat?post=10103"},{"taxonomy":"product_tag","embeddable":true,"href":"https:\/\/yume-silm.com\/it\/wp-json\/wp\/v2\/product_tag?post=10103"}],"curies":[{"name":"wp","href":"https:\/\/api.w.org\/{rel}","templated":true}]}}