{"id":10137,"date":"2024-08-07T08:10:32","date_gmt":"2024-08-07T08:10:32","guid":{"rendered":"https:\/\/yume-silm.com\/?post_type=product&#038;p=10137"},"modified":"2025-04-09T00:44:34","modified_gmt":"2025-04-09T00:44:34","slug":"pantaloni-da-yoga-stretti-senza-cuciture-da-donna","status":"publish","type":"product","link":"https:\/\/yume-silm.com\/it\/prodotto\/pantaloni-da-yoga-stretti-senza-cuciture-da-donna\/","title":{"rendered":"Pantaloni da yoga stretti senza cuciture da donna"},"content":{"rendered":"<h5>Caratteristiche del progetto<\/h5>\n<ul>\n<li><strong>ELEVATA ELASTICIT\u00c0:<\/strong>Questi pantaloni da yoga attillati senza cuciture da donna sono elasticizzati in quattro direzioni e non trasparenti, realizzati in tessuto morbido e traspirante con forte resilienza, progettati per offrirti un comfort migliore quando effettui movimenti ampi.<\/li>\n<li><strong>CAVALLO SPECIALE:<\/strong> Questi pantaloni da yoga attillati senza cuciture da donna adottano uno speciale design del cavallo, che consente di ridurre al minimo gli sfregamenti e massimizzare il comfort quando ci si accovaccia, si piega e si torce liberamente.<\/li>\n<li><strong>DESIGN SOLLEVAMENTO HIP:<\/strong> I pantaloni da yoga attillati senza cuciture con design a vita alta e ampia cintura offrono una vestibilit\u00e0 morbida e sicura, mostrando perfettamente la tua figura. Semplificano i fianchi, combinati con asciugatura rapida, assorbimento dell&#039;umidit\u00e0, super elasticit\u00e0, molto comodi e morbidi, si adattano alla curva del tuo corpo.<\/li>\n<li><strong>OCCASIONE:<\/strong>I pantaloncini da yoga hanno un design semplice e alla moda che pu\u00f2 essere utilizzato in varie occasioni, come palestra, corsa, yoga e persino nell&#039;uso quotidiano, per modellare la curva del corpo perfetta per te.<\/li>\n<\/ul>\n<p><a href=\"https:\/\/yume-silm.com\/wp-content\/uploads\/2024\/08\/Womens-Nude-Tight-Seamless-Yoga-Pants-2.jpg\"><img fetchpriority=\"high\" decoding=\"async\" class=\"alignnone wp-image-10139 size-medium\" src=\"https:\/\/yume-silm.com\/wp-content\/uploads\/2024\/08\/Womens-Nude-Tight-Seamless-Yoga-Pants-2-300x300.jpg\" alt=\"pantaloni da yoga aderenti senza cuciture color carne da donna\" width=\"300\" height=\"300\" title=\"\" srcset=\"https:\/\/yume-silm.com\/wp-content\/uploads\/2024\/08\/Womens-Nude-Tight-Seamless-Yoga-Pants-2-300x300.jpg 300w, https:\/\/yume-silm.com\/wp-content\/uploads\/2024\/08\/Womens-Nude-Tight-Seamless-Yoga-Pants-2-150x150.jpg 150w, https:\/\/yume-silm.com\/wp-content\/uploads\/2024\/08\/Womens-Nude-Tight-Seamless-Yoga-Pants-2-768x768.jpg 768w, https:\/\/yume-silm.com\/wp-content\/uploads\/2024\/08\/Womens-Nude-Tight-Seamless-Yoga-Pants-2-12x12.jpg 12w, https:\/\/yume-silm.com\/wp-content\/uploads\/2024\/08\/Womens-Nude-Tight-Seamless-Yoga-Pants-2-100x100.jpg 100w, https:\/\/yume-silm.com\/wp-content\/uploads\/2024\/08\/Womens-Nude-Tight-Seamless-Yoga-Pants-2.jpg 800w\" sizes=\"(max-width: 300px) 100vw, 300px\" \/><\/a><a href=\"https:\/\/yume-silm.com\/wp-content\/uploads\/2024\/08\/Womens-Nude-Tight-Seamless-Yoga-Pants-1.jpg\"><img decoding=\"async\" class=\"alignnone wp-image-10138 size-medium\" src=\"https:\/\/yume-silm.com\/wp-content\/uploads\/2024\/08\/Womens-Nude-Tight-Seamless-Yoga-Pants-1-300x300.jpg\" alt=\"pantaloni da yoga aderenti senza cuciture color carne da donna\" width=\"300\" height=\"300\" title=\"\" srcset=\"https:\/\/yume-silm.com\/wp-content\/uploads\/2024\/08\/Womens-Nude-Tight-Seamless-Yoga-Pants-1-300x300.jpg 300w, https:\/\/yume-silm.com\/wp-content\/uploads\/2024\/08\/Womens-Nude-Tight-Seamless-Yoga-Pants-1-150x150.jpg 150w, https:\/\/yume-silm.com\/wp-content\/uploads\/2024\/08\/Womens-Nude-Tight-Seamless-Yoga-Pants-1-768x768.jpg 768w, https:\/\/yume-silm.com\/wp-content\/uploads\/2024\/08\/Womens-Nude-Tight-Seamless-Yoga-Pants-1-12x12.jpg 12w, https:\/\/yume-silm.com\/wp-content\/uploads\/2024\/08\/Womens-Nude-Tight-Seamless-Yoga-Pants-1-100x100.jpg 100w, https:\/\/yume-silm.com\/wp-content\/uploads\/2024\/08\/Womens-Nude-Tight-Seamless-Yoga-Pants-1.jpg 800w\" sizes=\"(max-width: 300px) 100vw, 300px\" \/><\/a><\/p>\n<h6><em>Pantaloni da yoga color pesca attillati a vita alta da donna<\/em><\/h6>\n<ul>\n<li>Indossando questi pantaloni da yoga color pesca aderenti a vita alta da donna, il design a vita alta pu\u00f2 stringere l&#039;addome e il grasso in vita, e il collant sui fianchi pu\u00f2 ottenere meglio l&#039;effetto di sollevamento dell&#039;anca e creare il tuo fianco color pesca.<\/li>\n<\/ul>","protected":false},"excerpt":{"rendered":"<p>Questi pantaloni da yoga attillati senza cuciture da donna hanno un&#039;ampia cintura, che pu\u00f2 controllare meglio l&#039;addome. L&#039;elevata elasticit\u00e0 ti consente di continuare ad allenarti senza preoccuparti di compromettere il tuo aspetto e pu\u00f2 adattarsi perfettamente alle curve del tuo corpo.<\/p>","protected":false},"featured_media":10140,"comment_status":"open","ping_status":"closed","template":"","meta":{"site-sidebar-layout":"default","site-content-layout":"","ast-site-content-layout":"default","site-content-style":"default","site-sidebar-style":"default","ast-global-header-display":"","ast-banner-title-visibility":"","ast-main-header-display":"","ast-hfb-above-header-display":"","ast-hfb-below-header-display":"","ast-hfb-mobile-header-display":"","site-post-title":"","ast-breadcrumbs-content":"","ast-featured-img":"","footer-sml-layout":"","ast-disable-related-posts":"","theme-transparent-header-meta":"default","adv-header-id-meta":"","stick-header-meta":"default","header-above-stick-meta":"","header-main-stick-meta":"","header-below-stick-meta":"","astra-migrate-meta-layouts":"set","ast-page-background-enabled":"default","ast-page-background-meta":{"desktop":{"background-color":"","background-image":"","background-repeat":"repeat","background-position":"center center","background-size":"auto","background-attachment":"scroll","background-type":"","background-media":"","overlay-type":"","overlay-color":"","overlay-opacity":"","overlay-gradient":""},"tablet":{"background-color":"","background-image":"","background-repeat":"repeat","background-position":"center center","background-size":"auto","background-attachment":"scroll","background-type":"","background-media":"","overlay-type":"","overlay-color":"","overlay-opacity":"","overlay-gradient":""},"mobile":{"background-color":"","background-image":"","background-repeat":"repeat","background-position":"center center","background-size":"auto","background-attachment":"scroll","background-type":"","background-media":"","overlay-type":"","overlay-color":"","overlay-opacity":"","overlay-gradient":""}},"ast-content-background-meta":{"desktop":{"background-color":"var(--ast-global-color-5)","background-image":"","background-repeat":"repeat","background-position":"center center","background-size":"auto","background-attachment":"scroll","background-type":"","background-media":"","overlay-type":"","overlay-color":"","overlay-opacity":"","overlay-gradient":""},"tablet":{"background-color":"var(--ast-global-color-5)","background-image":"","background-repeat":"repeat","background-position":"center center","background-size":"auto","background-attachment":"scroll","background-type":"","background-media":"","overlay-type":"","overlay-color":"","overlay-opacity":"","overlay-gradient":""},"mobile":{"background-color":"var(--ast-global-color-5)","background-image":"","background-repeat":"repeat","background-position":"center center","background-size":"auto","background-attachment":"scroll","background-type":"","background-media":"","overlay-type":"","overlay-color":"","overlay-opacity":"","overlay-gradient":""}}},"product_brand":[],"product_cat":[734,65,76,737],"product_tag":[747,492,646,460,139,811,819,818,817,790,687,654],"class_list":{"0":"post-10137","1":"product","2":"type-product","3":"status-publish","4":"has-post-thumbnail","6":"product_cat-yoga-suits","7":"product_cat-best-sellers","8":"product_cat-new-arrivels","9":"product_cat-yoga-leggings","10":"product_tag-abdomen","11":"product_tag-breathable","12":"product_tag-comfortable","13":"product_tag-high-elasticity","14":"product_tag-high-waist","15":"product_tag-hip-lifting","16":"product_tag-large-movements","17":"product_tag-nude","18":"product_tag-peach-yoga-pants","19":"product_tag-quick-drying","20":"product_tag-soft","21":"product_tag-tight","22":"pa_color-blue","23":"pa_color-claret","24":"pa_color-dark-blue","25":"pa_color-green","26":"pa_color-orange","27":"pa_color-purple","28":"pa_color-red","29":"pa_color-rose-red","30":"pa_color-yellow","31":"pa_size-l","32":"pa_size-m","33":"pa_size-s","34":"pa_size-xl","35":"desktop-align-center","36":"tablet-align-left","37":"mobile-align-left","38":"ast-product-gallery-layout-horizontal-slider","39":"ast-product-single-variable","40":"ast-product-tabs-layout-horizontal","41":"ast-qv-on-image","43":"first","44":"instock","45":"shipping-taxable","46":"purchasable","47":"product-type-variable"},"tiered_pricing_type":"fixed","tiered_pricing_fixed_rules":{"5":4.25,"50":3.65,"100":3.1},"tiered_pricing_product_settings":{"layout":"default","base_unit_name":{"singular":null,"plural":null},"default_variation":null},"tiered_pricing_minimum_quantity":null,"tiered_pricing_roles_data":[],"tiered_pricing_percentage_rules":[],"_links":{"self":[{"href":"https:\/\/yume-silm.com\/it\/wp-json\/wp\/v2\/product\/10137","targetHints":{"allow":["GET"]}}],"collection":[{"href":"https:\/\/yume-silm.com\/it\/wp-json\/wp\/v2\/product"}],"about":[{"href":"https:\/\/yume-silm.com\/it\/wp-json\/wp\/v2\/types\/product"}],"replies":[{"embeddable":true,"href":"https:\/\/yume-silm.com\/it\/wp-json\/wp\/v2\/comments?post=10137"}],"wp:featuredmedia":[{"embeddable":true,"href":"https:\/\/yume-silm.com\/it\/wp-json\/wp\/v2\/media\/10140"}],"wp:attachment":[{"href":"https:\/\/yume-silm.com\/it\/wp-json\/wp\/v2\/media?parent=10137"}],"wp:term":[{"taxonomy":"product_brand","embeddable":true,"href":"https:\/\/yume-silm.com\/it\/wp-json\/wp\/v2\/product_brand?post=10137"},{"taxonomy":"product_cat","embeddable":true,"href":"https:\/\/yume-silm.com\/it\/wp-json\/wp\/v2\/product_cat?post=10137"},{"taxonomy":"product_tag","embeddable":true,"href":"https:\/\/yume-silm.com\/it\/wp-json\/wp\/v2\/product_tag?post=10137"}],"curies":[{"name":"wp","href":"https:\/\/api.w.org\/{rel}","templated":true}]}}