{"id":10591,"date":"2024-08-20T09:05:40","date_gmt":"2024-08-20T09:05:40","guid":{"rendered":"https:\/\/yume-silm.com\/?post_type=product&#038;p=10591"},"modified":"2024-08-20T09:10:02","modified_gmt":"2024-08-20T09:10:02","slug":"cintura-addominale-con-gancio-frontale","status":"publish","type":"product","link":"https:\/\/yume-silm.com\/it\/prodotto\/cintura-addominale-con-gancio-frontale\/","title":{"rendered":"Cintura addominale modellante con gancio anteriore da donna"},"content":{"rendered":"<h5>Caratteristiche del progetto<\/h5>\n<ul>\n<li><strong>OCCASIONE:<\/strong> Questa cintura addominale con gancio anteriore \u00e8 adatta per il lavoro, l&#039;uso quotidiano, lo yoga, il recupero post-partum, la palestra, lo sport, il modellamento del corpo e altre occasioni, assicurandoti di mantenere la postura corretta anche dopo un uso prolungato.<\/li>\n<li><strong>MIGLIORA LA POSTURA DELLA SCHIENA:<\/strong> Realizzato in tessuto ad alta compressione elastica, pu\u00f2 essere facilmente piegato o tornare immediatamente alla sua forma originale, aiuta a sollevare il torace, fornisce supporto laterale e posteriore, allevia il dolore al corpo e corregge la cattiva postura.<\/li>\n<li><strong>PERDITA DI PESO:<\/strong> Realizzato con tecnologia corporea artificiale, accelera la sudorazione del core, aumenta la temperatura addominale, stimola la rapida combustione del grasso addominale, accelera la perdita di peso.<\/li>\n<li><span style=\"font-size: 16px;\"><strong>INVISIBILE:<\/strong> La nostra fascia addominale \u00e8 morbida e confortevole, pu\u00f2 essere indossata dentro o fuori dai vestiti, \u00e8 completamente invisibile, nessuno noter\u00e0 che indossi una cintura addominale senza cuciture.<\/span><\/li>\n<\/ul>\n<p><em style=\"font-size: 1.1em; font-weight: bold;\">Cintura da allenamento per donne ad alta intensit\u00e0<\/em><\/p>\n<ul>\n<li><span style=\"font-size: 16px;\">Questa fascia di supporto extra per allenamento ad alta intensit\u00e0 da donna offre una compressione extra per aiutarti a perdere peso velocemente ad alta intensit\u00e0. Si adatter\u00e0 a tutto il tuo percorso di allenamento\/perdita di peso. Ricorda, la sicurezza \u00e8 il miglior elemento per tutti.<\/span><\/li>\n<\/ul>","protected":false},"excerpt":{"rendered":"<p>Questo corsetto addominale con gancio frontale aiuta ad appiattire la pancia, ridurre il girovita, sostenere la schiena, migliorare la postura e si adatter\u00e0 a tutto il tuo percorso di allenamento\/perdita di peso. Ricorda, la sicurezza \u00e8 il miglior elemento per tutti.<\/p>\n<p>&nbsp;<\/p>","protected":false},"featured_media":10592,"comment_status":"open","ping_status":"closed","template":"","meta":{"site-sidebar-layout":"default","site-content-layout":"","ast-site-content-layout":"default","site-content-style":"default","site-sidebar-style":"default","ast-global-header-display":"","ast-banner-title-visibility":"","ast-main-header-display":"","ast-hfb-above-header-display":"","ast-hfb-below-header-display":"","ast-hfb-mobile-header-display":"","site-post-title":"","ast-breadcrumbs-content":"","ast-featured-img":"","footer-sml-layout":"","ast-disable-related-posts":"","theme-transparent-header-meta":"default","adv-header-id-meta":"","stick-header-meta":"default","header-above-stick-meta":"","header-main-stick-meta":"","header-below-stick-meta":"","astra-migrate-meta-layouts":"set","ast-page-background-enabled":"default","ast-page-background-meta":{"desktop":{"background-color":"","background-image":"","background-repeat":"repeat","background-position":"center center","background-size":"auto","background-attachment":"scroll","background-type":"","background-media":"","overlay-type":"","overlay-color":"","overlay-opacity":"","overlay-gradient":""},"tablet":{"background-color":"","background-image":"","background-repeat":"repeat","background-position":"center center","background-size":"auto","background-attachment":"scroll","background-type":"","background-media":"","overlay-type":"","overlay-color":"","overlay-opacity":"","overlay-gradient":""},"mobile":{"background-color":"","background-image":"","background-repeat":"repeat","background-position":"center center","background-size":"auto","background-attachment":"scroll","background-type":"","background-media":"","overlay-type":"","overlay-color":"","overlay-opacity":"","overlay-gradient":""}},"ast-content-background-meta":{"desktop":{"background-color":"var(--ast-global-color-5)","background-image":"","background-repeat":"repeat","background-position":"center center","background-size":"auto","background-attachment":"scroll","background-type":"","background-media":"","overlay-type":"","overlay-color":"","overlay-opacity":"","overlay-gradient":""},"tablet":{"background-color":"var(--ast-global-color-5)","background-image":"","background-repeat":"repeat","background-position":"center center","background-size":"auto","background-attachment":"scroll","background-type":"","background-media":"","overlay-type":"","overlay-color":"","overlay-opacity":"","overlay-gradient":""},"mobile":{"background-color":"var(--ast-global-color-5)","background-image":"","background-repeat":"repeat","background-position":"center center","background-size":"auto","background-attachment":"scroll","background-type":"","background-media":"","overlay-type":"","overlay-color":"","overlay-opacity":"","overlay-gradient":""}}},"product_brand":[],"product_cat":[65,76,90,93,96,95,92],"product_tag":[662,663,646,777,738,850,707,697,851,687,214],"class_list":{"0":"post-10591","1":"product","2":"type-product","3":"status-publish","4":"has-post-thumbnail","6":"product_cat-best-sellers","7":"product_cat-new-arrivels","8":"product_cat-wholesale-waist-trainer","9":"product_cat-wholesale-plus-size-waist-trainer","10":"product_cat-sweat-waist-trainer","11":"product_cat-waist-cincher","12":"product_cat-wholesale-waist-girdle","13":"product_tag-abdominal","14":"product_tag-belly","15":"product_tag-comfortable","16":"product_tag-confident","17":"product_tag-front-hook","18":"product_tag-high-elastic-compression","19":"product_tag-invisible","20":"product_tag-loss-weight","21":"product_tag-perspiration","22":"product_tag-soft","23":"product_tag-waist-trainer","24":"pa_color-beige","25":"pa_color-black","26":"pa_size-2xl","27":"pa_size-3xl","28":"pa_size-l","29":"pa_size-m","30":"pa_size-s","31":"pa_size-xl","32":"pa_size-xs","33":"desktop-align-center","34":"tablet-align-left","35":"mobile-align-left","36":"ast-product-gallery-layout-horizontal-slider","37":"ast-product-single-variable","38":"ast-product-tabs-layout-horizontal","39":"ast-qv-on-image","41":"first","42":"instock","43":"shipping-taxable","44":"purchasable","45":"product-type-variable"},"tiered_pricing_type":"fixed","tiered_pricing_fixed_rules":{"5":6.5,"50":6,"100":5},"tiered_pricing_product_settings":{"layout":"default","base_unit_name":{"singular":null,"plural":null},"default_variation":null},"tiered_pricing_minimum_quantity":null,"tiered_pricing_roles_data":[],"tiered_pricing_percentage_rules":[],"_links":{"self":[{"href":"https:\/\/yume-silm.com\/it\/wp-json\/wp\/v2\/product\/10591","targetHints":{"allow":["GET"]}}],"collection":[{"href":"https:\/\/yume-silm.com\/it\/wp-json\/wp\/v2\/product"}],"about":[{"href":"https:\/\/yume-silm.com\/it\/wp-json\/wp\/v2\/types\/product"}],"replies":[{"embeddable":true,"href":"https:\/\/yume-silm.com\/it\/wp-json\/wp\/v2\/comments?post=10591"}],"wp:featuredmedia":[{"embeddable":true,"href":"https:\/\/yume-silm.com\/it\/wp-json\/wp\/v2\/media\/10592"}],"wp:attachment":[{"href":"https:\/\/yume-silm.com\/it\/wp-json\/wp\/v2\/media?parent=10591"}],"wp:term":[{"taxonomy":"product_brand","embeddable":true,"href":"https:\/\/yume-silm.com\/it\/wp-json\/wp\/v2\/product_brand?post=10591"},{"taxonomy":"product_cat","embeddable":true,"href":"https:\/\/yume-silm.com\/it\/wp-json\/wp\/v2\/product_cat?post=10591"},{"taxonomy":"product_tag","embeddable":true,"href":"https:\/\/yume-silm.com\/it\/wp-json\/wp\/v2\/product_tag?post=10591"}],"curies":[{"name":"wp","href":"https:\/\/api.w.org\/{rel}","templated":true}]}}