{"id":10787,"date":"2024-08-30T05:52:05","date_gmt":"2024-08-30T05:52:05","guid":{"rendered":"https:\/\/yume-silm.com\/?post_type=product&#038;p=10787"},"modified":"2024-08-30T05:56:18","modified_gmt":"2024-08-30T05:56:18","slug":"shapewear-per-il-controllo-della-pancia-e-della-vita","status":"publish","type":"product","link":"https:\/\/yume-silm.com\/it\/prodotto\/shapewear-per-il-controllo-della-pancia-e-della-vita\/","title":{"rendered":"Maglietta a compressione da uomo, controllo della pancia, modellante per allenamento in vita"},"content":{"rendered":"<h5>Caratteristiche del progetto<\/h5>\n<ul>\n<li><strong>DESIGN UNICO:<\/strong> La struttura di compressione a doppio strato \u00e8 appositamente progettata per la pancia, levigando efficacemente la curva della pancia. Lo strato esterno \u00e8 dotato di tre file di ganci e occhielli, che possono essere liberamente regolati a una lunghezza confortevole, modellando facilmente una figura perfetta.<\/li>\n<li><strong>FUNZIONALIT\u00c0:<\/strong> Fornisce supporto alla compressione toracica, lo strato superiore \u00e8 progettato con rete traspirante, appositamente studiata per le aree sudate, accelerando l&#039;evaporazione del sudore e mantenendoti fresco e asciutto.<\/li>\n<li><strong>TESSUTO DI QUALIT\u00c0:<\/strong> I tessuti selezionati in spandex e poliestere sono morbidi, confortevoli ed elastici, possono resistere a forti sollecitazioni e si adattano perfettamente alla pelle, aiutandoti a sfoggiare una forma del corpo pi\u00f9 bella.<\/li>\n<li><strong>APPLICAZIONI:<\/strong> Questa guaina modellante per il controllo della pancia \u00e8 perfetta per una variet\u00e0 di attivit\u00e0, attraverso la compressione mirata dell&#039;addome, solleva l&#039;addome, \u00e8 la scelta ideale per ottenere una forma del corpo in forma<\/li>\n<\/ul>\n<p><a href=\"https:\/\/yume-silm.com\/wp-content\/uploads\/2024\/08\/Mens-Compression-Shirt-Tummy-Control-Waist-Training-Shapewear-1.png\"><img fetchpriority=\"high\" decoding=\"async\" class=\"alignnone wp-image-10790 size-medium\" src=\"https:\/\/yume-silm.com\/wp-content\/uploads\/2024\/08\/Mens-Compression-Shirt-Tummy-Control-Waist-Training-Shapewear-1-300x300.png\" alt=\"maglietta a compressione da uomo controllo pancia vita allenamento shapewear (yumesilm)\" width=\"300\" height=\"300\" title=\"\" srcset=\"https:\/\/yume-silm.com\/wp-content\/uploads\/2024\/08\/Mens-Compression-Shirt-Tummy-Control-Waist-Training-Shapewear-1-300x300.png 300w, https:\/\/yume-silm.com\/wp-content\/uploads\/2024\/08\/Mens-Compression-Shirt-Tummy-Control-Waist-Training-Shapewear-1-150x150.png 150w, https:\/\/yume-silm.com\/wp-content\/uploads\/2024\/08\/Mens-Compression-Shirt-Tummy-Control-Waist-Training-Shapewear-1-768x768.png 768w, https:\/\/yume-silm.com\/wp-content\/uploads\/2024\/08\/Mens-Compression-Shirt-Tummy-Control-Waist-Training-Shapewear-1-12x12.png 12w, https:\/\/yume-silm.com\/wp-content\/uploads\/2024\/08\/Mens-Compression-Shirt-Tummy-Control-Waist-Training-Shapewear-1-100x100.png 100w, https:\/\/yume-silm.com\/wp-content\/uploads\/2024\/08\/Mens-Compression-Shirt-Tummy-Control-Waist-Training-Shapewear-1.png 800w\" sizes=\"(max-width: 300px) 100vw, 300px\" \/><\/a><a href=\"https:\/\/yume-silm.com\/wp-content\/uploads\/2024\/08\/Mens-Compression-Shirt-Tummy-Control-Waist-Training-Shapewear-1-1.png\"><img decoding=\"async\" class=\"alignnone wp-image-10791 size-medium\" src=\"https:\/\/yume-silm.com\/wp-content\/uploads\/2024\/08\/Mens-Compression-Shirt-Tummy-Control-Waist-Training-Shapewear-1-1-300x300.png\" alt=\"maglietta a compressione da uomo controllo pancia vita allenamento shapewear (yumesilm)\" width=\"300\" height=\"300\" title=\"\" srcset=\"https:\/\/yume-silm.com\/wp-content\/uploads\/2024\/08\/Mens-Compression-Shirt-Tummy-Control-Waist-Training-Shapewear-1-1-300x300.png 300w, https:\/\/yume-silm.com\/wp-content\/uploads\/2024\/08\/Mens-Compression-Shirt-Tummy-Control-Waist-Training-Shapewear-1-1-150x150.png 150w, https:\/\/yume-silm.com\/wp-content\/uploads\/2024\/08\/Mens-Compression-Shirt-Tummy-Control-Waist-Training-Shapewear-1-1-768x768.png 768w, https:\/\/yume-silm.com\/wp-content\/uploads\/2024\/08\/Mens-Compression-Shirt-Tummy-Control-Waist-Training-Shapewear-1-1-12x12.png 12w, https:\/\/yume-silm.com\/wp-content\/uploads\/2024\/08\/Mens-Compression-Shirt-Tummy-Control-Waist-Training-Shapewear-1-1-100x100.png 100w, https:\/\/yume-silm.com\/wp-content\/uploads\/2024\/08\/Mens-Compression-Shirt-Tummy-Control-Waist-Training-Shapewear-1-1.png 800w\" sizes=\"(max-width: 300px) 100vw, 300px\" \/><\/a><\/p>\n<h6><em>Shapewear a compressione addominale da uomo<\/em><\/h6>\n<ul>\n<li>Questa guaina modellante a compressione da uomo \u00e8 progettata per allenare gli addominali, rassodare la pancia, rafforzare i muscoli del core durante l&#039;attivit\u00e0 fisica e aiutarti a ottenere un corpo tonico.<\/li>\n<\/ul>","protected":false},"excerpt":{"rendered":"<p>La guaina modellante per il controllo della pancia \u00e8 progettata per fornire un supporto solido e robusto che aiuta a rassodare pancia e girovita, garantendo al contempo risultati dimagranti immediati per creare la figura pi\u00f9 snella che desideri.<\/p>","protected":false},"featured_media":10789,"comment_status":"open","ping_status":"closed","template":"","meta":{"site-sidebar-layout":"default","site-content-layout":"","ast-site-content-layout":"default","site-content-style":"default","site-sidebar-style":"default","ast-global-header-display":"","ast-banner-title-visibility":"","ast-main-header-display":"","ast-hfb-above-header-display":"","ast-hfb-below-header-display":"","ast-hfb-mobile-header-display":"","site-post-title":"","ast-breadcrumbs-content":"","ast-featured-img":"","footer-sml-layout":"","ast-disable-related-posts":"","theme-transparent-header-meta":"default","adv-header-id-meta":"","stick-header-meta":"default","header-above-stick-meta":"","header-main-stick-meta":"","header-below-stick-meta":"","astra-migrate-meta-layouts":"set","ast-page-background-enabled":"default","ast-page-background-meta":{"desktop":{"background-color":"","background-image":"","background-repeat":"repeat","background-position":"center center","background-size":"auto","background-attachment":"scroll","background-type":"","background-media":"","overlay-type":"","overlay-color":"","overlay-opacity":"","overlay-gradient":""},"tablet":{"background-color":"","background-image":"","background-repeat":"repeat","background-position":"center center","background-size":"auto","background-attachment":"scroll","background-type":"","background-media":"","overlay-type":"","overlay-color":"","overlay-opacity":"","overlay-gradient":""},"mobile":{"background-color":"","background-image":"","background-repeat":"repeat","background-position":"center center","background-size":"auto","background-attachment":"scroll","background-type":"","background-media":"","overlay-type":"","overlay-color":"","overlay-opacity":"","overlay-gradient":""}},"ast-content-background-meta":{"desktop":{"background-color":"var(--ast-global-color-5)","background-image":"","background-repeat":"repeat","background-position":"center center","background-size":"auto","background-attachment":"scroll","background-type":"","background-media":"","overlay-type":"","overlay-color":"","overlay-opacity":"","overlay-gradient":""},"tablet":{"background-color":"var(--ast-global-color-5)","background-image":"","background-repeat":"repeat","background-position":"center center","background-size":"auto","background-attachment":"scroll","background-type":"","background-media":"","overlay-type":"","overlay-color":"","overlay-opacity":"","overlay-gradient":""},"mobile":{"background-color":"var(--ast-global-color-5)","background-image":"","background-repeat":"repeat","background-position":"center center","background-size":"auto","background-attachment":"scroll","background-type":"","background-media":"","overlay-type":"","overlay-color":"","overlay-opacity":"","overlay-gradient":""}}},"product_brand":[],"product_cat":[76,65,85,86,88],"product_tag":[662,492,646,783,693,535,660,500,890],"class_list":{"0":"post-10787","1":"product","2":"type-product","3":"status-publish","4":"has-post-thumbnail","6":"product_cat-new-arrivels","7":"product_cat-best-sellers","8":"product_cat-wholesale-mens-shapewear","9":"product_cat-wholesale-men-sliming-vest","10":"product_cat-wholesale-men-t-shirt-shaper","11":"product_tag-abdominal","12":"product_tag-breathable","13":"product_tag-comfortable","14":"product_tag-double-layer-compression","15":"product_tag-high-elastic","16":"product_tag-slimming","17":"product_tag-smooth","18":"product_tag-tummy-control","19":"product_tag-waist-training","20":"pa_color-black","21":"pa_color-white","22":"pa_size-2xl","23":"pa_size-l","24":"pa_size-m","25":"pa_size-s","26":"pa_size-xl","27":"desktop-align-center","28":"tablet-align-left","29":"mobile-align-left","30":"ast-product-gallery-layout-horizontal-slider","31":"ast-product-single-variable","32":"ast-product-tabs-layout-horizontal","33":"ast-qv-on-image","35":"first","36":"instock","37":"shipping-taxable","38":"purchasable","39":"product-type-variable"},"tiered_pricing_type":"fixed","tiered_pricing_fixed_rules":{"2":6.5,"50":6,"100":5},"tiered_pricing_product_settings":{"layout":"default","base_unit_name":{"singular":null,"plural":null},"default_variation":null},"tiered_pricing_minimum_quantity":null,"tiered_pricing_roles_data":[],"tiered_pricing_percentage_rules":[],"_links":{"self":[{"href":"https:\/\/yume-silm.com\/it\/wp-json\/wp\/v2\/product\/10787","targetHints":{"allow":["GET"]}}],"collection":[{"href":"https:\/\/yume-silm.com\/it\/wp-json\/wp\/v2\/product"}],"about":[{"href":"https:\/\/yume-silm.com\/it\/wp-json\/wp\/v2\/types\/product"}],"replies":[{"embeddable":true,"href":"https:\/\/yume-silm.com\/it\/wp-json\/wp\/v2\/comments?post=10787"}],"wp:featuredmedia":[{"embeddable":true,"href":"https:\/\/yume-silm.com\/it\/wp-json\/wp\/v2\/media\/10789"}],"wp:attachment":[{"href":"https:\/\/yume-silm.com\/it\/wp-json\/wp\/v2\/media?parent=10787"}],"wp:term":[{"taxonomy":"product_brand","embeddable":true,"href":"https:\/\/yume-silm.com\/it\/wp-json\/wp\/v2\/product_brand?post=10787"},{"taxonomy":"product_cat","embeddable":true,"href":"https:\/\/yume-silm.com\/it\/wp-json\/wp\/v2\/product_cat?post=10787"},{"taxonomy":"product_tag","embeddable":true,"href":"https:\/\/yume-silm.com\/it\/wp-json\/wp\/v2\/product_tag?post=10787"}],"curies":[{"name":"wp","href":"https:\/\/api.w.org\/{rel}","templated":true}]}}