{"id":11053,"date":"2024-09-03T07:18:16","date_gmt":"2024-09-03T07:18:16","guid":{"rendered":"https:\/\/yume-silm.com\/?post_type=product&#038;p=11053"},"modified":"2025-09-23T01:28:41","modified_gmt":"2025-09-23T01:28:41","slug":"leggings-fitness-traspiranti-tie-dye","status":"publish","type":"product","link":"https:\/\/yume-silm.com\/it\/prodotto\/leggings-fitness-traspiranti-tie-dye\/","title":{"rendered":"Leggings fitness traspiranti tie-dye a vita alta da donna"},"content":{"rendered":"<h5>Caratteristiche del progetto<\/h5>\n<ul>\n<li><strong>DESIGN A VITA ALTA:<\/strong> I leggings fitness traspiranti con effetto tie-dye sono progettati con una vita alta per fornire un eccellente supporto alla pancia e un effetto snellente, che aiuta a creare un girovita sottile e a migliorare il temperamento generale.<\/li>\n<li><strong>ARTIGIANATO TIE-DYE:<\/strong> Realizzati con un esclusivo processo di tintura a nodi, i colori sfumati sono naturali e individuali, consentendoti di distinguerti in palestra o nelle tue attivit\u00e0 quotidiane.<\/li>\n<li><strong>TRASPIRANTE:<\/strong> Realizzato in tessuto traspirante e morbido per garantire un&#039;efficace rimozione del calore e dell&#039;umidit\u00e0 durante l&#039;attivit\u00e0 fisica, mantenendo la pelle asciutta e confortevole, rendendoti comodo e asciutto da indossare tutto il giorno.<\/li>\n<li><strong>TESSUTO ALTAMENTE ELASTICO:<\/strong> Realizzato in tessuto altamente elastico con eccellenti propriet\u00e0 di elasticit\u00e0 e avvolgenza, pu\u00f2 snellire meglio le curve delle gambe e consentire movimenti senza restrizioni.<\/li>\n<\/ul>\n<p><a href=\"https:\/\/yume-silm.com\/wp-content\/uploads\/2024\/09\/Womens-High-Waist-Tie-Dye-Breathable-Fitness-Leggings-2.jpg\"><img fetchpriority=\"high\" decoding=\"async\" class=\"alignnone wp-image-11056 size-medium\" src=\"https:\/\/yume-silm.com\/wp-content\/uploads\/2024\/09\/Womens-High-Waist-Tie-Dye-Breathable-Fitness-Leggings-2-300x300.jpg\" alt=\"(yumesilm)leggings fitness traspiranti tie-dye a vita alta da donna\" width=\"300\" height=\"300\" title=\"\" srcset=\"https:\/\/yume-silm.com\/wp-content\/uploads\/2024\/09\/Womens-High-Waist-Tie-Dye-Breathable-Fitness-Leggings-2-300x300.jpg 300w, https:\/\/yume-silm.com\/wp-content\/uploads\/2024\/09\/Womens-High-Waist-Tie-Dye-Breathable-Fitness-Leggings-2-150x150.jpg 150w, https:\/\/yume-silm.com\/wp-content\/uploads\/2024\/09\/Womens-High-Waist-Tie-Dye-Breathable-Fitness-Leggings-2-768x768.jpg 768w, https:\/\/yume-silm.com\/wp-content\/uploads\/2024\/09\/Womens-High-Waist-Tie-Dye-Breathable-Fitness-Leggings-2-12x12.jpg 12w, https:\/\/yume-silm.com\/wp-content\/uploads\/2024\/09\/Womens-High-Waist-Tie-Dye-Breathable-Fitness-Leggings-2-100x100.jpg 100w, https:\/\/yume-silm.com\/wp-content\/uploads\/2024\/09\/Womens-High-Waist-Tie-Dye-Breathable-Fitness-Leggings-2.jpg 800w\" sizes=\"(max-width: 300px) 100vw, 300px\" \/><\/a><a href=\"https:\/\/yume-silm.com\/wp-content\/uploads\/2024\/09\/Womens-High-Waist-Tie-Dye-Breathable-Fitness-Leggings-1-1.jpg\"><img decoding=\"async\" class=\"alignnone wp-image-11057 size-medium\" src=\"https:\/\/yume-silm.com\/wp-content\/uploads\/2024\/09\/Womens-High-Waist-Tie-Dye-Breathable-Fitness-Leggings-1-1-300x300.jpg\" alt=\"(yumesilm)leggings fitness traspiranti tie-dye a vita alta da donna\" width=\"300\" height=\"300\" title=\"\" srcset=\"https:\/\/yume-silm.com\/wp-content\/uploads\/2024\/09\/Womens-High-Waist-Tie-Dye-Breathable-Fitness-Leggings-1-1-300x300.jpg 300w, https:\/\/yume-silm.com\/wp-content\/uploads\/2024\/09\/Womens-High-Waist-Tie-Dye-Breathable-Fitness-Leggings-1-1-150x150.jpg 150w, https:\/\/yume-silm.com\/wp-content\/uploads\/2024\/09\/Womens-High-Waist-Tie-Dye-Breathable-Fitness-Leggings-1-1-768x768.jpg 768w, https:\/\/yume-silm.com\/wp-content\/uploads\/2024\/09\/Womens-High-Waist-Tie-Dye-Breathable-Fitness-Leggings-1-1-12x12.jpg 12w, https:\/\/yume-silm.com\/wp-content\/uploads\/2024\/09\/Womens-High-Waist-Tie-Dye-Breathable-Fitness-Leggings-1-1-100x100.jpg 100w, https:\/\/yume-silm.com\/wp-content\/uploads\/2024\/09\/Womens-High-Waist-Tie-Dye-Breathable-Fitness-Leggings-1-1.jpg 800w\" sizes=\"(max-width: 300px) 100vw, 300px\" \/><\/a><\/p>\n<h6><em>Leggings da yoga elasticizzati per il sollevamento dei fianchi da donna<\/em><\/h6>\n<ul>\n<li>Caratterizzati dalla tecnica tie-dye e da un design che valorizza i fianchi, questi leggings da yoga offrono un&#039;esperienza di indossamento personalizzata ma pratica e sono adatti a diverse occasioni, consentendoti di mostrare la tua energia e il tuo fascino con sicurezza.<\/li>\n<\/ul>","protected":false},"excerpt":{"rendered":"<p>Questi leggings fitness traspiranti con effetto tie-dye ti manterranno comodo e asciutto per tutto il giorno; inoltre, il design a vita alta ti manterr\u00e0 pi\u00f9 sicuro e ridurr\u00e0 la probabilit\u00e0 di scivolare durante l&#039;allenamento.<\/p>","protected":false},"featured_media":11054,"comment_status":"open","ping_status":"closed","template":"","meta":{"site-sidebar-layout":"default","site-content-layout":"","ast-site-content-layout":"default","site-content-style":"default","site-sidebar-style":"default","ast-global-header-display":"","ast-banner-title-visibility":"","ast-main-header-display":"","ast-hfb-above-header-display":"","ast-hfb-below-header-display":"","ast-hfb-mobile-header-display":"","site-post-title":"","ast-breadcrumbs-content":"","ast-featured-img":"","footer-sml-layout":"","ast-disable-related-posts":"","theme-transparent-header-meta":"default","adv-header-id-meta":"","stick-header-meta":"default","header-above-stick-meta":"","header-main-stick-meta":"","header-below-stick-meta":"","astra-migrate-meta-layouts":"set","ast-page-background-enabled":"default","ast-page-background-meta":{"desktop":{"background-color":"","background-image":"","background-repeat":"repeat","background-position":"center center","background-size":"auto","background-attachment":"scroll","background-type":"","background-media":"","overlay-type":"","overlay-color":"","overlay-opacity":"","overlay-gradient":""},"tablet":{"background-color":"","background-image":"","background-repeat":"repeat","background-position":"center center","background-size":"auto","background-attachment":"scroll","background-type":"","background-media":"","overlay-type":"","overlay-color":"","overlay-opacity":"","overlay-gradient":""},"mobile":{"background-color":"","background-image":"","background-repeat":"repeat","background-position":"center center","background-size":"auto","background-attachment":"scroll","background-type":"","background-media":"","overlay-type":"","overlay-color":"","overlay-opacity":"","overlay-gradient":""}},"ast-content-background-meta":{"desktop":{"background-color":"var(--ast-global-color-5)","background-image":"","background-repeat":"repeat","background-position":"center center","background-size":"auto","background-attachment":"scroll","background-type":"","background-media":"","overlay-type":"","overlay-color":"","overlay-opacity":"","overlay-gradient":""},"tablet":{"background-color":"var(--ast-global-color-5)","background-image":"","background-repeat":"repeat","background-position":"center center","background-size":"auto","background-attachment":"scroll","background-type":"","background-media":"","overlay-type":"","overlay-color":"","overlay-opacity":"","overlay-gradient":""},"mobile":{"background-color":"var(--ast-global-color-5)","background-image":"","background-repeat":"repeat","background-position":"center center","background-size":"auto","background-attachment":"scroll","background-type":"","background-media":"","overlay-type":"","overlay-color":"","overlay-opacity":"","overlay-gradient":""}}},"product_brand":[],"product_cat":[65,76,734,737],"product_tag":[492,646,932,933,139,811,915,934,687,749,779],"class_list":{"0":"post-11053","1":"product","2":"type-product","3":"status-publish","4":"has-post-thumbnail","6":"product_cat-best-sellers","7":"product_cat-new-arrivels","8":"product_cat-yoga-suits","9":"product_cat-yoga-leggings","10":"product_tag-breathable","11":"product_tag-comfortable","12":"product_tag-fitness-leggings","13":"product_tag-high-elestic","14":"product_tag-high-waist","15":"product_tag-hip-lifting","16":"product_tag-individual","17":"product_tag-slim-waistline","18":"product_tag-soft","19":"product_tag-tie-dye","20":"product_tag-yoga-leggings","21":"pa_color-color1","22":"pa_color-color2","23":"pa_color-color3","24":"pa_color-color4","25":"pa_size-l","26":"pa_size-m","27":"pa_size-s","28":"desktop-align-center","29":"tablet-align-left","30":"mobile-align-left","31":"ast-product-gallery-layout-horizontal-slider","32":"ast-product-single-variable","33":"ast-product-tabs-layout-horizontal","34":"ast-qv-on-image","36":"first","37":"instock","38":"shipping-taxable","39":"purchasable","40":"product-type-variable"},"tiered_pricing_type":"fixed","tiered_pricing_fixed_rules":{"5":8,"50":7.5,"100":7},"tiered_pricing_product_settings":{"layout":"default","base_unit_name":{"singular":null,"plural":null},"default_variation":null},"tiered_pricing_minimum_quantity":null,"tiered_pricing_roles_data":[],"tiered_pricing_percentage_rules":[],"_links":{"self":[{"href":"https:\/\/yume-silm.com\/it\/wp-json\/wp\/v2\/product\/11053","targetHints":{"allow":["GET"]}}],"collection":[{"href":"https:\/\/yume-silm.com\/it\/wp-json\/wp\/v2\/product"}],"about":[{"href":"https:\/\/yume-silm.com\/it\/wp-json\/wp\/v2\/types\/product"}],"replies":[{"embeddable":true,"href":"https:\/\/yume-silm.com\/it\/wp-json\/wp\/v2\/comments?post=11053"}],"wp:featuredmedia":[{"embeddable":true,"href":"https:\/\/yume-silm.com\/it\/wp-json\/wp\/v2\/media\/11054"}],"wp:attachment":[{"href":"https:\/\/yume-silm.com\/it\/wp-json\/wp\/v2\/media?parent=11053"}],"wp:term":[{"taxonomy":"product_brand","embeddable":true,"href":"https:\/\/yume-silm.com\/it\/wp-json\/wp\/v2\/product_brand?post=11053"},{"taxonomy":"product_cat","embeddable":true,"href":"https:\/\/yume-silm.com\/it\/wp-json\/wp\/v2\/product_cat?post=11053"},{"taxonomy":"product_tag","embeddable":true,"href":"https:\/\/yume-silm.com\/it\/wp-json\/wp\/v2\/product_tag?post=11053"}],"curies":[{"name":"wp","href":"https:\/\/api.w.org\/{rel}","templated":true}]}}