{"id":11327,"date":"2024-09-11T07:16:29","date_gmt":"2024-09-11T07:16:29","guid":{"rendered":"https:\/\/yume-silm.com\/?post_type=product&#038;p=11327"},"modified":"2024-09-13T05:36:13","modified_gmt":"2024-09-13T05:36:13","slug":"comodo-gilet-da-sauna-con-cerniera-traspirante","status":"publish","type":"product","link":"https:\/\/yume-silm.com\/it\/prodotto\/comodo-gilet-da-sauna-con-cerniera-traspirante\/","title":{"rendered":"Gilet da sauna con cerniera traspirante e confortevole da uomo"},"content":{"rendered":"<h5>Caratteristiche del progetto<\/h5>\n<ul>\n<li><strong>PERDITA DI PESO:<\/strong> Il comodo gilet da sauna con cerniera traspirante adotta un tessuto polimerico termoassorbente migliorato per favorire un&#039;abbondante sudorazione, accelerare la traspirazione del core, aumentare la temperatura addominale, stimolare una combustione pi\u00f9 rapida del grasso addominale e accelerare la perdita di peso.<\/li>\n<li><strong>FUNZIONE DI ASSORBIMENTO DELL&#039;UMIDIT\u00c0:<\/strong> La struttura leggera e sottile del materiale pu\u00f2 migliorare il problema e assorbire efficacemente il sudore, consentendo di allenarsi tutto il giorno e mantenendo l&#039;esterno della tuta da sauna asciutto.<\/li>\n<li><strong>CONFORTEVOLE E DUREVOLE:<\/strong> Il gilet da sauna da uomo \u00e8 adatto per essere indossato sul posto di lavoro, in palestra o in qualsiasi altro luogo, e pu\u00f2 modellare e muovere il corpo durante l&#039;esercizio fisico o le attivit\u00e0 quotidiane.<\/li>\n<li><strong>DESIGN DELLA CERNIERA:<\/strong> Il design con cerniera rende la tuta da sauna pi\u00f9 facile da indossare e da togliere, rendendo l&#039;addome pi\u00f9 stretto. Non importa dove metti la cerniera, rimarr\u00e0 al suo posto, consentendoti di toglierla liberamente.<\/li>\n<\/ul>\n<h6><em>Canotta fitness dimagrante a compressione da uomo<\/em><\/h6>\n<ul>\n<li>Questo gilet fitness dimagrante a compressione da uomo combina la moderna tecnologia di compressione con una funzione di traspirazione in stile sauna per aiutarti ad accelerare la combustione dei grassi durante l&#039;esercizio fisico e ottenere facilmente effetti modellanti sul corpo.<\/li>\n<\/ul>","protected":false},"excerpt":{"rendered":"<p>Il comodo gilet da sauna con cerniera traspirante da uomo \u00e8 progettato per gli uomini che cercano salute e comfort. Il tessuto leggero e sottile si adatta alla pelle e pu\u00f2 comunque mantenersi asciutto e fresco ad alte temperature, consentendoti di accelerare la perdita di peso durante l&#039;attivit\u00e0 fisica.<\/p>","protected":false},"featured_media":11328,"comment_status":"open","ping_status":"closed","template":"","meta":{"site-sidebar-layout":"default","site-content-layout":"","ast-site-content-layout":"default","site-content-style":"default","site-sidebar-style":"default","ast-global-header-display":"","ast-banner-title-visibility":"","ast-main-header-display":"","ast-hfb-above-header-display":"","ast-hfb-below-header-display":"","ast-hfb-mobile-header-display":"","site-post-title":"","ast-breadcrumbs-content":"","ast-featured-img":"","footer-sml-layout":"","ast-disable-related-posts":"","theme-transparent-header-meta":"default","adv-header-id-meta":"","stick-header-meta":"default","header-above-stick-meta":"","header-main-stick-meta":"","header-below-stick-meta":"","astra-migrate-meta-layouts":"set","ast-page-background-enabled":"default","ast-page-background-meta":{"desktop":{"background-color":"","background-image":"","background-repeat":"repeat","background-position":"center center","background-size":"auto","background-attachment":"scroll","background-type":"","background-media":"","overlay-type":"","overlay-color":"","overlay-opacity":"","overlay-gradient":""},"tablet":{"background-color":"","background-image":"","background-repeat":"repeat","background-position":"center center","background-size":"auto","background-attachment":"scroll","background-type":"","background-media":"","overlay-type":"","overlay-color":"","overlay-opacity":"","overlay-gradient":""},"mobile":{"background-color":"","background-image":"","background-repeat":"repeat","background-position":"center center","background-size":"auto","background-attachment":"scroll","background-type":"","background-media":"","overlay-type":"","overlay-color":"","overlay-opacity":"","overlay-gradient":""}},"ast-content-background-meta":{"desktop":{"background-color":"var(--ast-global-color-5)","background-image":"","background-repeat":"repeat","background-position":"center center","background-size":"auto","background-attachment":"scroll","background-type":"","background-media":"","overlay-type":"","overlay-color":"","overlay-opacity":"","overlay-gradient":""},"tablet":{"background-color":"var(--ast-global-color-5)","background-image":"","background-repeat":"repeat","background-position":"center center","background-size":"auto","background-attachment":"scroll","background-type":"","background-media":"","overlay-type":"","overlay-color":"","overlay-opacity":"","overlay-gradient":""},"mobile":{"background-color":"var(--ast-global-color-5)","background-image":"","background-repeat":"repeat","background-position":"center center","background-size":"auto","background-attachment":"scroll","background-type":"","background-media":"","overlay-type":"","overlay-color":"","overlay-opacity":"","overlay-gradient":""}}},"product_brand":[],"product_cat":[65,76,97,100],"product_tag":[646,489,961,166,535,806,654,558],"class_list":{"0":"post-11327","1":"product","2":"type-product","3":"status-publish","4":"has-post-thumbnail","6":"product_cat-best-sellers","7":"product_cat-new-arrivels","8":"product_cat-sauna-suit","9":"product_cat-sauna-tops","10":"product_tag-comfortable","11":"product_tag-compression","12":"product_tag-fitness-vest","13":"product_tag-sauna-vest","14":"product_tag-slimming","15":"product_tag-sweat-wicking","16":"product_tag-tight","17":"product_tag-weight-loss","18":"pa_color-blue","19":"pa_size-2xl-3xl","20":"pa_size-4xl-5xl","21":"pa_size-l-xl","22":"pa_size-s-m","23":"desktop-align-center","24":"tablet-align-left","25":"mobile-align-left","26":"ast-product-gallery-layout-horizontal-slider","27":"ast-product-single-variable","28":"ast-product-tabs-layout-horizontal","29":"ast-qv-on-image","31":"first","32":"instock","33":"shipping-taxable","34":"purchasable","35":"product-type-variable"},"tiered_pricing_type":"fixed","tiered_pricing_fixed_rules":{"2":5.5,"50":5,"100":4},"tiered_pricing_product_settings":{"layout":"default","base_unit_name":{"singular":null,"plural":null},"default_variation":null},"tiered_pricing_minimum_quantity":null,"tiered_pricing_roles_data":[],"tiered_pricing_percentage_rules":[],"_links":{"self":[{"href":"https:\/\/yume-silm.com\/it\/wp-json\/wp\/v2\/product\/11327","targetHints":{"allow":["GET"]}}],"collection":[{"href":"https:\/\/yume-silm.com\/it\/wp-json\/wp\/v2\/product"}],"about":[{"href":"https:\/\/yume-silm.com\/it\/wp-json\/wp\/v2\/types\/product"}],"replies":[{"embeddable":true,"href":"https:\/\/yume-silm.com\/it\/wp-json\/wp\/v2\/comments?post=11327"}],"wp:featuredmedia":[{"embeddable":true,"href":"https:\/\/yume-silm.com\/it\/wp-json\/wp\/v2\/media\/11328"}],"wp:attachment":[{"href":"https:\/\/yume-silm.com\/it\/wp-json\/wp\/v2\/media?parent=11327"}],"wp:term":[{"taxonomy":"product_brand","embeddable":true,"href":"https:\/\/yume-silm.com\/it\/wp-json\/wp\/v2\/product_brand?post=11327"},{"taxonomy":"product_cat","embeddable":true,"href":"https:\/\/yume-silm.com\/it\/wp-json\/wp\/v2\/product_cat?post=11327"},{"taxonomy":"product_tag","embeddable":true,"href":"https:\/\/yume-silm.com\/it\/wp-json\/wp\/v2\/product_tag?post=11327"}],"curies":[{"name":"wp","href":"https:\/\/api.w.org\/{rel}","templated":true}]}}