{"id":11465,"date":"2024-09-18T07:08:56","date_gmt":"2024-09-18T07:08:56","guid":{"rendered":"https:\/\/yume-silm.com\/?post_type=product&#038;p=11465"},"modified":"2024-09-18T07:11:41","modified_gmt":"2024-09-18T07:11:41","slug":"top-sauna-dimagrante-per-il-controllo-della-pancia","status":"publish","type":"product","link":"https:\/\/yume-silm.com\/it\/prodotto\/top-sauna-dimagrante-per-il-controllo-della-pancia\/","title":{"rendered":"Top da sauna per uomo che snelliscono la vita e controllano la pancia"},"content":{"rendered":"<h5>Caratteristiche del progetto<\/h5>\n<ul>\n<li><strong>PERDITA DI PESO:<\/strong> I top da sauna snellenti e contenitivi per la pancia utilizzano un esclusivo tessuto effetto sauna che trattiene il calore, aiutandoti a bruciare pi\u00f9 calorie, accelerare la perdita di peso, bruciare efficacemente i grassi e aiutarti a modellare rapidamente il tuo corpo.<\/li>\n<li><strong>ELEVATA ELASTICIT\u00c0 E TRASPIRABILIT\u00c0:<\/strong> L&#039;uso di un tessuto altamente elastico e traspirante assicura che rimanga aderente alla pelle quando lo indossi, consentendoti di allenarti pi\u00f9 liberamente; inoltre, l&#039;aggiunta di tessuto traspirante ti consente di dire addio al caldo soffocante e di rimanere comodo e asciutto tutto il giorno.<\/li>\n<li><strong>FACILE DA PULIRE:<\/strong> Durevole e facile da pulire, non c&#039;\u00e8 bisogno di preoccuparsi di lavarlo e prendersene cura per l&#039;uso quotidiano, basta pulirlo delicatamente con un fazzoletto.<\/li>\n<li><strong>OCCASIONALE:<\/strong> Che tu ti alleni in palestra o durante il tuo tragitto quotidiano per andare al lavoro, puoi indossare questa canotta da sauna per modellare facilmente la tua forma fisica ideale.<\/li>\n<\/ul>\n<h6><em>Top da sauna per allenamento sudore da uomo<\/em><\/h6>\n<ul>\n<li>Questa maglia antisudore pu\u00f2 essere facilmente integrata nella tua vita quotidiana, puoi indossarla sotto i vestiti, \u00e8 difficile che gli altri la scoprano e pu\u00f2 anche modellare il tuo corpo in modo perfetto.<\/li>\n<\/ul>","protected":false},"excerpt":{"rendered":"<p>Di&#039; addio al gonfiore e abbraccia la sicurezza! Vieni a provare questi top sauna dimagranti per la pancia, inizia il tuo percorso di modellamento sano il prima possibile!<\/p>","protected":false},"featured_media":11466,"comment_status":"open","ping_status":"closed","template":"","meta":{"site-sidebar-layout":"default","site-content-layout":"","ast-site-content-layout":"default","site-content-style":"default","site-sidebar-style":"default","ast-global-header-display":"","ast-banner-title-visibility":"","ast-main-header-display":"","ast-hfb-above-header-display":"","ast-hfb-below-header-display":"","ast-hfb-mobile-header-display":"","site-post-title":"","ast-breadcrumbs-content":"","ast-featured-img":"","footer-sml-layout":"","ast-disable-related-posts":"","theme-transparent-header-meta":"default","adv-header-id-meta":"","stick-header-meta":"default","header-above-stick-meta":"","header-main-stick-meta":"","header-below-stick-meta":"","astra-migrate-meta-layouts":"set","ast-page-background-enabled":"default","ast-page-background-meta":{"desktop":{"background-color":"","background-image":"","background-repeat":"repeat","background-position":"center center","background-size":"auto","background-attachment":"scroll","background-type":"","background-media":"","overlay-type":"","overlay-color":"","overlay-opacity":"","overlay-gradient":""},"tablet":{"background-color":"","background-image":"","background-repeat":"repeat","background-position":"center center","background-size":"auto","background-attachment":"scroll","background-type":"","background-media":"","overlay-type":"","overlay-color":"","overlay-opacity":"","overlay-gradient":""},"mobile":{"background-color":"","background-image":"","background-repeat":"repeat","background-position":"center center","background-size":"auto","background-attachment":"scroll","background-type":"","background-media":"","overlay-type":"","overlay-color":"","overlay-opacity":"","overlay-gradient":""}},"ast-content-background-meta":{"desktop":{"background-color":"var(--ast-global-color-5)","background-image":"","background-repeat":"repeat","background-position":"center center","background-size":"auto","background-attachment":"scroll","background-type":"","background-media":"","overlay-type":"","overlay-color":"","overlay-opacity":"","overlay-gradient":""},"tablet":{"background-color":"var(--ast-global-color-5)","background-image":"","background-repeat":"repeat","background-position":"center center","background-size":"auto","background-attachment":"scroll","background-type":"","background-media":"","overlay-type":"","overlay-color":"","overlay-opacity":"","overlay-gradient":""},"mobile":{"background-color":"var(--ast-global-color-5)","background-image":"","background-repeat":"repeat","background-position":"center center","background-size":"auto","background-attachment":"scroll","background-type":"","background-media":"","overlay-type":"","overlay-color":"","overlay-opacity":"","overlay-gradient":""}}},"product_brand":[],"product_cat":[65,76,97,102],"product_tag":[492,693,500,978,558],"class_list":{"0":"post-11465","1":"product","2":"type-product","3":"status-publish","4":"has-post-thumbnail","6":"product_cat-best-sellers","7":"product_cat-new-arrivels","8":"product_cat-sauna-suit","9":"product_cat-full-body-sweat-suit","10":"product_tag-breathable","11":"product_tag-high-elastic","12":"product_tag-tummy-control","13":"product_tag-waist-slimming","14":"product_tag-weight-loss","15":"pa_color-style1","16":"pa_color-style2","17":"pa_size-2xl","18":"pa_size-3xl","19":"pa_size-l","20":"pa_size-m","21":"pa_size-s","22":"pa_size-xl","23":"desktop-align-center","24":"tablet-align-left","25":"mobile-align-left","26":"ast-product-gallery-layout-horizontal-slider","27":"ast-product-single-variable","28":"ast-product-tabs-layout-horizontal","29":"ast-qv-on-image","31":"first","32":"instock","33":"shipping-taxable","34":"purchasable","35":"product-type-variable"},"tiered_pricing_type":"fixed","tiered_pricing_fixed_rules":{"2":5.5,"50":5.2,"100":4.5},"tiered_pricing_product_settings":{"layout":"default","base_unit_name":{"singular":null,"plural":null},"default_variation":null},"tiered_pricing_minimum_quantity":null,"tiered_pricing_roles_data":[],"tiered_pricing_percentage_rules":[],"_links":{"self":[{"href":"https:\/\/yume-silm.com\/it\/wp-json\/wp\/v2\/product\/11465","targetHints":{"allow":["GET"]}}],"collection":[{"href":"https:\/\/yume-silm.com\/it\/wp-json\/wp\/v2\/product"}],"about":[{"href":"https:\/\/yume-silm.com\/it\/wp-json\/wp\/v2\/types\/product"}],"replies":[{"embeddable":true,"href":"https:\/\/yume-silm.com\/it\/wp-json\/wp\/v2\/comments?post=11465"}],"wp:featuredmedia":[{"embeddable":true,"href":"https:\/\/yume-silm.com\/it\/wp-json\/wp\/v2\/media\/11466"}],"wp:attachment":[{"href":"https:\/\/yume-silm.com\/it\/wp-json\/wp\/v2\/media?parent=11465"}],"wp:term":[{"taxonomy":"product_brand","embeddable":true,"href":"https:\/\/yume-silm.com\/it\/wp-json\/wp\/v2\/product_brand?post=11465"},{"taxonomy":"product_cat","embeddable":true,"href":"https:\/\/yume-silm.com\/it\/wp-json\/wp\/v2\/product_cat?post=11465"},{"taxonomy":"product_tag","embeddable":true,"href":"https:\/\/yume-silm.com\/it\/wp-json\/wp\/v2\/product_tag?post=11465"}],"curies":[{"name":"wp","href":"https:\/\/api.w.org\/{rel}","templated":true}]}}