{"id":11556,"date":"2024-09-20T05:38:18","date_gmt":"2024-09-20T05:38:18","guid":{"rendered":"https:\/\/yume-silm.com\/?post_type=product&#038;p=11556"},"modified":"2024-09-20T05:41:34","modified_gmt":"2024-09-20T05:41:34","slug":"reggiseno-bbl-con-apertura-frontale-senza-cuciture-e-regolazione","status":"publish","type":"product","link":"https:\/\/yume-silm.com\/it\/prodotto\/reggiseno-bbl-con-apertura-frontale-senza-cuciture-e-regolazione\/","title":{"rendered":"Reggiseno Bbl con apertura frontale senza cuciture da donna"},"content":{"rendered":"<h5>Caratteristiche del progetto<\/h5>\n<ul>\n<li><strong>DESIGN DELLA FIBBIA ANTERIORE: <\/strong>Reggiseni con apertura frontale senza cuciture e spalline larghe, aiutano ad alleviare la pressione sulle spalle e l&#039;apertura frontale \u00e8 pi\u00f9 comoda da indossare e togliere, dicendo addio al fastidio della fibbia posteriore, adatti alle donne che cercano una vita comoda.<\/li>\n<li><strong>POSTURA CORRETTA:<\/strong> Questo reggiseno senza cuciture pu\u00f2 aiutarti a correggere la postura della schiena, mentre il tessuto a rete morbido ed elastico pu\u00f2 levigare e nascondere i riccioli della schiena, cos\u00ec da avere una postura migliore e apparire pi\u00f9 affascinante e snella dalla schiena.<\/li>\n<li><strong>DESIGN SENZA GIUNTE: <\/strong>Realizzato in materiale altamente elastico, con tecnologia di tessitura senza cuciture per evitare fastidi e rientranze, morbido e traspirante, cos\u00ec puoi indossarlo comodamente tutto il giorno, offrendo un&#039;esperienza d&#039;uso fluida e aderente.<\/li>\n<li><strong>OCCASIONE:<\/strong> Che si tratti di attivit\u00e0 quotidiane, sport o occasioni di svago, questo reggiseno diventer\u00e0 il tuo compagno fedele, regalandoti una doppia esperienza di bellezza e comfort.<\/li>\n<\/ul>\n<p><a href=\"https:\/\/yume-silm.com\/wp-content\/uploads\/2024\/09\/Womens-seamless-front-opening-adjustment-bbl-bras1.jpg\"><img fetchpriority=\"high\" decoding=\"async\" class=\"alignnone wp-image-11558 size-medium\" src=\"https:\/\/yume-silm.com\/wp-content\/uploads\/2024\/09\/Womens-seamless-front-opening-adjustment-bbl-bras1-300x300.jpg\" alt=\"yumesilm reggiseno con apertura frontale senza cuciture da donna e regolazione bbl\" width=\"300\" height=\"300\" title=\"\" srcset=\"https:\/\/yume-silm.com\/wp-content\/uploads\/2024\/09\/Womens-seamless-front-opening-adjustment-bbl-bras1-300x300.jpg 300w, https:\/\/yume-silm.com\/wp-content\/uploads\/2024\/09\/Womens-seamless-front-opening-adjustment-bbl-bras1-150x150.jpg 150w, https:\/\/yume-silm.com\/wp-content\/uploads\/2024\/09\/Womens-seamless-front-opening-adjustment-bbl-bras1-768x768.jpg 768w, https:\/\/yume-silm.com\/wp-content\/uploads\/2024\/09\/Womens-seamless-front-opening-adjustment-bbl-bras1-12x12.jpg 12w, https:\/\/yume-silm.com\/wp-content\/uploads\/2024\/09\/Womens-seamless-front-opening-adjustment-bbl-bras1-100x100.jpg 100w, https:\/\/yume-silm.com\/wp-content\/uploads\/2024\/09\/Womens-seamless-front-opening-adjustment-bbl-bras1.jpg 800w\" sizes=\"(max-width: 300px) 100vw, 300px\" \/><\/a><a href=\"https:\/\/yume-silm.com\/wp-content\/uploads\/2024\/09\/Womens-seamless-front-opening-adjustment-bbl-bras5.jpg\"><img decoding=\"async\" class=\"alignnone wp-image-11561 size-medium\" src=\"https:\/\/yume-silm.com\/wp-content\/uploads\/2024\/09\/Womens-seamless-front-opening-adjustment-bbl-bras5-300x300.jpg\" alt=\"yumesilm reggiseno con apertura frontale senza cuciture da donna e regolazione bbl\" width=\"300\" height=\"300\" title=\"\" srcset=\"https:\/\/yume-silm.com\/wp-content\/uploads\/2024\/09\/Womens-seamless-front-opening-adjustment-bbl-bras5-300x300.jpg 300w, https:\/\/yume-silm.com\/wp-content\/uploads\/2024\/09\/Womens-seamless-front-opening-adjustment-bbl-bras5-150x150.jpg 150w, https:\/\/yume-silm.com\/wp-content\/uploads\/2024\/09\/Womens-seamless-front-opening-adjustment-bbl-bras5-768x768.jpg 768w, https:\/\/yume-silm.com\/wp-content\/uploads\/2024\/09\/Womens-seamless-front-opening-adjustment-bbl-bras5-12x12.jpg 12w, https:\/\/yume-silm.com\/wp-content\/uploads\/2024\/09\/Womens-seamless-front-opening-adjustment-bbl-bras5-100x100.jpg 100w, https:\/\/yume-silm.com\/wp-content\/uploads\/2024\/09\/Womens-seamless-front-opening-adjustment-bbl-bras5.jpg 800w\" sizes=\"(max-width: 300px) 100vw, 300px\" \/><\/a><\/p>\n<h6><em>Reggiseno postoperatorio a copertura totale per donna<\/em><\/h6>\n<ul>\n<li>Questo reggiseno chirurgico post-operatorio a copertura totale previene la compressione del torace dopo un intervento al seno, consente al sangue e alla linfa di circolare normalmente e offre un sollevamento e un sostegno ottimali per il recupero e il comfort post-operatori.<\/li>\n<\/ul>","protected":false},"excerpt":{"rendered":"<p>Il reggiseno BBL con apertura frontale senza cuciture \u00e8 realizzato con tecnologia avanzata senza cuciture, tessuto morbido e delicato sulla pelle, riduce l&#039;attrito, ti mantiene fresca e comoda per tutto il giorno ed \u00e8 progettato per offrire pi\u00f9 scelta alle donne che cercano comfort, sostegno e facilit\u00e0 di indossaggio e di svestizione.<\/p>","protected":false},"featured_media":11557,"comment_status":"open","ping_status":"closed","template":"","meta":{"site-sidebar-layout":"default","site-content-layout":"","ast-site-content-layout":"default","site-content-style":"default","site-sidebar-style":"default","ast-global-header-display":"","ast-banner-title-visibility":"","ast-main-header-display":"","ast-hfb-above-header-display":"","ast-hfb-below-header-display":"","ast-hfb-mobile-header-display":"","site-post-title":"","ast-breadcrumbs-content":"","ast-featured-img":"","footer-sml-layout":"","ast-disable-related-posts":"","theme-transparent-header-meta":"default","adv-header-id-meta":"","stick-header-meta":"default","header-above-stick-meta":"","header-main-stick-meta":"","header-below-stick-meta":"","astra-migrate-meta-layouts":"set","ast-page-background-enabled":"default","ast-page-background-meta":{"desktop":{"background-color":"","background-image":"","background-repeat":"repeat","background-position":"center center","background-size":"auto","background-attachment":"scroll","background-type":"","background-media":"","overlay-type":"","overlay-color":"","overlay-opacity":"","overlay-gradient":""},"tablet":{"background-color":"","background-image":"","background-repeat":"repeat","background-position":"center center","background-size":"auto","background-attachment":"scroll","background-type":"","background-media":"","overlay-type":"","overlay-color":"","overlay-opacity":"","overlay-gradient":""},"mobile":{"background-color":"","background-image":"","background-repeat":"repeat","background-position":"center center","background-size":"auto","background-attachment":"scroll","background-type":"","background-media":"","overlay-type":"","overlay-color":"","overlay-opacity":"","overlay-gradient":""}},"ast-content-background-meta":{"desktop":{"background-color":"var(--ast-global-color-5)","background-image":"","background-repeat":"repeat","background-position":"center center","background-size":"auto","background-attachment":"scroll","background-type":"","background-media":"","overlay-type":"","overlay-color":"","overlay-opacity":"","overlay-gradient":""},"tablet":{"background-color":"var(--ast-global-color-5)","background-image":"","background-repeat":"repeat","background-position":"center center","background-size":"auto","background-attachment":"scroll","background-type":"","background-media":"","overlay-type":"","overlay-color":"","overlay-opacity":"","overlay-gradient":""},"mobile":{"background-color":"var(--ast-global-color-5)","background-image":"","background-repeat":"repeat","background-position":"center center","background-size":"auto","background-attachment":"scroll","background-type":"","background-media":"","overlay-type":"","overlay-color":"","overlay-opacity":"","overlay-gradient":""}}},"product_brand":[],"product_cat":[65,76,259,583],"product_tag":[194,983,986,982,984,693,981,985,491],"class_list":{"0":"post-11556","1":"product","2":"type-product","3":"status-publish","4":"has-post-thumbnail","6":"product_cat-best-sellers","7":"product_cat-new-arrivels","8":"product_cat-lingerie","9":"product_cat-plus-size-underwear","10":"product_tag-adjustable","11":"product_tag-bbl","12":"product_tag-correct-posture","13":"product_tag-front-opening","14":"product_tag-full-coverage","15":"product_tag-high-elastic","16":"product_tag-plussize","17":"product_tag-postoperative-bra","18":"product_tag-seamless","19":"pa_color-beige","20":"pa_color-black","21":"pa_size-2xl","22":"pa_size-3xl","23":"pa_size-4xl","24":"pa_size-l","25":"pa_size-m","26":"pa_size-s","27":"pa_size-xl","28":"desktop-align-center","29":"tablet-align-left","30":"mobile-align-left","31":"ast-product-gallery-layout-horizontal-slider","32":"ast-product-single-variable","33":"ast-product-tabs-layout-horizontal","34":"ast-qv-on-image","36":"first","37":"instock","38":"shipping-taxable","39":"purchasable","40":"product-type-variable"},"tiered_pricing_type":"fixed","tiered_pricing_fixed_rules":{"2":8,"50":7.5,"100":7},"tiered_pricing_product_settings":{"layout":"default","base_unit_name":{"singular":null,"plural":null},"default_variation":null},"tiered_pricing_minimum_quantity":null,"tiered_pricing_roles_data":[],"tiered_pricing_percentage_rules":[],"_links":{"self":[{"href":"https:\/\/yume-silm.com\/it\/wp-json\/wp\/v2\/product\/11556","targetHints":{"allow":["GET"]}}],"collection":[{"href":"https:\/\/yume-silm.com\/it\/wp-json\/wp\/v2\/product"}],"about":[{"href":"https:\/\/yume-silm.com\/it\/wp-json\/wp\/v2\/types\/product"}],"replies":[{"embeddable":true,"href":"https:\/\/yume-silm.com\/it\/wp-json\/wp\/v2\/comments?post=11556"}],"wp:featuredmedia":[{"embeddable":true,"href":"https:\/\/yume-silm.com\/it\/wp-json\/wp\/v2\/media\/11557"}],"wp:attachment":[{"href":"https:\/\/yume-silm.com\/it\/wp-json\/wp\/v2\/media?parent=11556"}],"wp:term":[{"taxonomy":"product_brand","embeddable":true,"href":"https:\/\/yume-silm.com\/it\/wp-json\/wp\/v2\/product_brand?post=11556"},{"taxonomy":"product_cat","embeddable":true,"href":"https:\/\/yume-silm.com\/it\/wp-json\/wp\/v2\/product_cat?post=11556"},{"taxonomy":"product_tag","embeddable":true,"href":"https:\/\/yume-silm.com\/it\/wp-json\/wp\/v2\/product_tag?post=11556"}],"curies":[{"name":"wp","href":"https:\/\/api.w.org\/{rel}","templated":true}]}}