{"id":11899,"date":"2024-09-24T03:33:53","date_gmt":"2024-09-24T03:33:53","guid":{"rendered":"https:\/\/yume-silm.com\/?post_type=product&#038;p=11899"},"modified":"2024-09-24T03:35:35","modified_gmt":"2024-09-24T03:35:35","slug":"reggiseno-regolabile-senza-cuciture-a-copertura-totale","status":"publish","type":"product","link":"https:\/\/yume-silm.com\/it\/prodotto\/reggiseno-regolabile-senza-cuciture-a-copertura-totale\/","title":{"rendered":"Reggiseno senza cuciture regolabile a copertura totale da donna"},"content":{"rendered":"<h5>Caratteristiche del progetto<\/h5>\n<ul>\n<li><strong>DESIGN A TAZZA PIENA:<\/strong> Questo reggiseno regolabile senza cuciture a copertura totale ha un design a coppa piena, avvolge facilmente il seno, offrendoti un supporto completo e modellando una forma naturale e bella del seno per l&#039;uso quotidiano e le attivit\u00e0.<\/li>\n<li><strong>DESIGN SENZA GIUNTE:<\/strong> Processo high-tech senza cuciture, leggero e delicato sulla pelle, non lascia traccia. Sia che lo indossi con abiti attillati o che tu esca per attivit\u00e0, \u00e8 facile e comodo senza preoccuparti di segni di strangolamento.<\/li>\n<li><strong>CINTURINI REGOLABILI:<\/strong> Il reggiseno \u00e8 dotato di spalline regolabili e chiusura posteriore, che possono essere regolate in qualsiasi momento per ottenere il livello di elasticit\u00e0 pi\u00f9 adatto, garantendo comfort per tutto il giorno a diverse corporature e taglie.<\/li>\n<li><strong>TESSUTO TRASPIRANTE:<\/strong> Realizzato in tessuto traspirante di alta qualit\u00e0, traspirante, ti mantiene asciutto anche quando fa caldo, regalandoti un&#039;esperienza d&#039;uso leggera e confortevole.<\/li>\n<\/ul>\n<h6><em>Lingerie taglie forti da donna<\/em><\/h6>\n<ul>\n<li>Dalle magliette casual agli abiti attillati, la lingerie femminile per taglie forti offre un sostegno ideale al seno e una perfetta invisibilit\u00e0 sotto qualsiasi vestito.<\/li>\n<\/ul>","protected":false},"excerpt":{"rendered":"<p>Che si tratti di una giornata lavorativa impegnativa, di un weekend informale o di un&#039;occasione speciale, potrai goderti il lusso di comfort e sostegno indossando un reggiseno regolabile senza cuciture a copertura totale, che sprigioner\u00e0 una sensazione di relax che durer\u00e0 tutto il giorno e che raggiunger\u00e0 un nuovo livello di eleganza e sicurezza.<\/p>","protected":false},"featured_media":11900,"comment_status":"open","ping_status":"closed","template":"","meta":{"site-sidebar-layout":"default","site-content-layout":"","ast-site-content-layout":"default","site-content-style":"default","site-sidebar-style":"default","ast-global-header-display":"","ast-banner-title-visibility":"","ast-main-header-display":"","ast-hfb-above-header-display":"","ast-hfb-below-header-display":"","ast-hfb-mobile-header-display":"","site-post-title":"","ast-breadcrumbs-content":"","ast-featured-img":"","footer-sml-layout":"","ast-disable-related-posts":"","theme-transparent-header-meta":"default","adv-header-id-meta":"","stick-header-meta":"default","header-above-stick-meta":"","header-main-stick-meta":"","header-below-stick-meta":"","astra-migrate-meta-layouts":"set","ast-page-background-enabled":"default","ast-page-background-meta":{"desktop":{"background-color":"","background-image":"","background-repeat":"repeat","background-position":"center center","background-size":"auto","background-attachment":"scroll","background-type":"","background-media":"","overlay-type":"","overlay-color":"","overlay-opacity":"","overlay-gradient":""},"tablet":{"background-color":"","background-image":"","background-repeat":"repeat","background-position":"center center","background-size":"auto","background-attachment":"scroll","background-type":"","background-media":"","overlay-type":"","overlay-color":"","overlay-opacity":"","overlay-gradient":""},"mobile":{"background-color":"","background-image":"","background-repeat":"repeat","background-position":"center center","background-size":"auto","background-attachment":"scroll","background-type":"","background-media":"","overlay-type":"","overlay-color":"","overlay-opacity":"","overlay-gradient":""}},"ast-content-background-meta":{"desktop":{"background-color":"var(--ast-global-color-5)","background-image":"","background-repeat":"repeat","background-position":"center center","background-size":"auto","background-attachment":"scroll","background-type":"","background-media":"","overlay-type":"","overlay-color":"","overlay-opacity":"","overlay-gradient":""},"tablet":{"background-color":"var(--ast-global-color-5)","background-image":"","background-repeat":"repeat","background-position":"center center","background-size":"auto","background-attachment":"scroll","background-type":"","background-media":"","overlay-type":"","overlay-color":"","overlay-opacity":"","overlay-gradient":""},"mobile":{"background-color":"var(--ast-global-color-5)","background-image":"","background-repeat":"repeat","background-position":"center center","background-size":"auto","background-attachment":"scroll","background-type":"","background-media":"","overlay-type":"","overlay-color":"","overlay-opacity":"","overlay-gradient":""}}},"product_brand":[],"product_cat":[65,76,259,583],"product_tag":[405,1017,646,984,1018,707,400,491],"class_list":{"0":"post-11899","1":"product","2":"type-product","3":"status-publish","4":"has-post-thumbnail","6":"product_cat-best-sellers","7":"product_cat-new-arrivels","8":"product_cat-lingerie","9":"product_cat-plus-size-underwear","10":"product_tag-adjustable-bra","11":"product_tag-breathable-bra","12":"product_tag-comfortable","13":"product_tag-full-coverage","14":"product_tag-gather-bra","15":"product_tag-invisible","16":"product_tag-plus-size-bra","17":"product_tag-seamless","18":"pa_color-beige","19":"pa_color-black","20":"pa_size-38a","21":"pa_size-38b","22":"pa_size-38c","23":"pa_size-38d","24":"pa_size-40a","25":"pa_size-40b","26":"pa_size-40c","27":"pa_size-40d","28":"pa_size-42a","29":"pa_size-42b","30":"pa_size-42c","31":"pa_size-42d","32":"desktop-align-center","33":"tablet-align-left","34":"mobile-align-left","35":"ast-product-gallery-layout-horizontal-slider","36":"ast-product-single-variable","37":"ast-product-tabs-layout-horizontal","38":"ast-qv-on-image","40":"first","41":"instock","42":"shipping-taxable","43":"purchasable","44":"product-type-variable"},"tiered_pricing_type":"fixed","tiered_pricing_fixed_rules":{"2":10.5,"50":10,"100":9.5},"tiered_pricing_product_settings":{"layout":"default","base_unit_name":{"singular":null,"plural":null},"default_variation":null},"tiered_pricing_minimum_quantity":null,"tiered_pricing_roles_data":[],"tiered_pricing_percentage_rules":[],"_links":{"self":[{"href":"https:\/\/yume-silm.com\/it\/wp-json\/wp\/v2\/product\/11899","targetHints":{"allow":["GET"]}}],"collection":[{"href":"https:\/\/yume-silm.com\/it\/wp-json\/wp\/v2\/product"}],"about":[{"href":"https:\/\/yume-silm.com\/it\/wp-json\/wp\/v2\/types\/product"}],"replies":[{"embeddable":true,"href":"https:\/\/yume-silm.com\/it\/wp-json\/wp\/v2\/comments?post=11899"}],"wp:featuredmedia":[{"embeddable":true,"href":"https:\/\/yume-silm.com\/it\/wp-json\/wp\/v2\/media\/11900"}],"wp:attachment":[{"href":"https:\/\/yume-silm.com\/it\/wp-json\/wp\/v2\/media?parent=11899"}],"wp:term":[{"taxonomy":"product_brand","embeddable":true,"href":"https:\/\/yume-silm.com\/it\/wp-json\/wp\/v2\/product_brand?post=11899"},{"taxonomy":"product_cat","embeddable":true,"href":"https:\/\/yume-silm.com\/it\/wp-json\/wp\/v2\/product_cat?post=11899"},{"taxonomy":"product_tag","embeddable":true,"href":"https:\/\/yume-silm.com\/it\/wp-json\/wp\/v2\/product_tag?post=11899"}],"curies":[{"name":"wp","href":"https:\/\/api.w.org\/{rel}","templated":true}]}}