{"id":12186,"date":"2024-09-28T09:11:02","date_gmt":"2024-09-28T09:11:02","guid":{"rendered":"https:\/\/yume-silm.com\/?post_type=product&#038;p=12186"},"modified":"2024-12-11T05:54:50","modified_gmt":"2024-12-11T05:54:50","slug":"fasciatura-per-rifinitura-cosce","status":"publish","type":"product","link":"https:\/\/yume-silm.com\/it\/prodotto\/fasciatura-per-rifinitura-cosce\/","title":{"rendered":"Sauna sportiva, vaporizzatore per il sudore, fascia per la rifinitura delle cosce"},"content":{"rendered":"<h5>Caratteristiche del progetto<\/h5>\n<ul>\n<li><strong>MODELLAZIONE EFFICIENTE:<\/strong> Benda per rifinire le cosceIl design brevettato della cinghia fornisce un forte supporto, rassoda efficacemente le cosce e modella linee eleganti.<\/li>\n<li><strong>FAVORISCE LA PERSUDORAZIONE:<\/strong> L&#039;uso di materiali traspiranti aiuta ad aumentare la temperatura corporea, ad accelerare la sudorazione e a eliminare rapidamente l&#039;acqua in eccesso, ottenendo l&#039;effetto sauna.<\/li>\n<li><strong>VESTIBILIT\u00c0 CONFORTEVOLE:<\/strong> Il materiale elastico fa s\u00ec che le cinghie aderiscano alla pelle, siano comode da indossare, non scivolino facilmente e siano adatte a vari tipi di sport.<\/li>\n<li><strong>REGOLAZIONE CONVENIENTE:<\/strong> Il design del cinturino regolabile si adatta a diverse corporature ed \u00e8 facile trovare la vestibilit\u00e0 pi\u00f9 comoda.<\/li>\n<\/ul>\n<p><a href=\"https:\/\/yume-silm.com\/wp-content\/uploads\/2024\/09\/Sports-sauna-sweat-steamer-thigh-trimmer-bandage5.jpg\"><img fetchpriority=\"high\" decoding=\"async\" class=\"alignnone wp-image-12195 size-medium\" src=\"https:\/\/yume-silm.com\/wp-content\/uploads\/2024\/09\/Sports-sauna-sweat-steamer-thigh-trimmer-bandage5-300x300.jpg\" alt=\"sauna sportiva vaporizzatore per sudore fasciatura per cosce\" width=\"300\" height=\"300\" title=\"\" srcset=\"https:\/\/yume-silm.com\/wp-content\/uploads\/2024\/09\/Sports-sauna-sweat-steamer-thigh-trimmer-bandage5-300x300.jpg 300w, https:\/\/yume-silm.com\/wp-content\/uploads\/2024\/09\/Sports-sauna-sweat-steamer-thigh-trimmer-bandage5-150x150.jpg 150w, https:\/\/yume-silm.com\/wp-content\/uploads\/2024\/09\/Sports-sauna-sweat-steamer-thigh-trimmer-bandage5-768x768.jpg 768w, https:\/\/yume-silm.com\/wp-content\/uploads\/2024\/09\/Sports-sauna-sweat-steamer-thigh-trimmer-bandage5-12x12.jpg 12w, https:\/\/yume-silm.com\/wp-content\/uploads\/2024\/09\/Sports-sauna-sweat-steamer-thigh-trimmer-bandage5-100x100.jpg 100w, https:\/\/yume-silm.com\/wp-content\/uploads\/2024\/09\/Sports-sauna-sweat-steamer-thigh-trimmer-bandage5.jpg 800w\" sizes=\"(max-width: 300px) 100vw, 300px\" \/><\/a> <a href=\"https:\/\/yume-silm.com\/wp-content\/uploads\/2024\/09\/Sports-sauna-sweat-steamer-thigh-trimmer-bandage4.jpg\"><img decoding=\"async\" class=\"alignnone wp-image-12194 size-medium\" src=\"https:\/\/yume-silm.com\/wp-content\/uploads\/2024\/09\/Sports-sauna-sweat-steamer-thigh-trimmer-bandage4-300x300.jpg\" alt=\"sauna sportiva vaporizzatore per sudore fasciatura per cosce\" width=\"300\" height=\"300\" title=\"\" srcset=\"https:\/\/yume-silm.com\/wp-content\/uploads\/2024\/09\/Sports-sauna-sweat-steamer-thigh-trimmer-bandage4-300x300.jpg 300w, https:\/\/yume-silm.com\/wp-content\/uploads\/2024\/09\/Sports-sauna-sweat-steamer-thigh-trimmer-bandage4-150x150.jpg 150w, https:\/\/yume-silm.com\/wp-content\/uploads\/2024\/09\/Sports-sauna-sweat-steamer-thigh-trimmer-bandage4-768x768.jpg 768w, https:\/\/yume-silm.com\/wp-content\/uploads\/2024\/09\/Sports-sauna-sweat-steamer-thigh-trimmer-bandage4-12x12.jpg 12w, https:\/\/yume-silm.com\/wp-content\/uploads\/2024\/09\/Sports-sauna-sweat-steamer-thigh-trimmer-bandage4-100x100.jpg 100w, https:\/\/yume-silm.com\/wp-content\/uploads\/2024\/09\/Sports-sauna-sweat-steamer-thigh-trimmer-bandage4.jpg 800w\" sizes=\"(max-width: 300px) 100vw, 300px\" \/><\/a><\/p>\n<h6><em>Cintura modellante dimagrante per sauna<\/em><\/h6>\n<ul>\n<li>Portare con s\u00e9 questa cintura dimagrante per sauna pu\u00f2 aiutarti ad accelerare la perdita di peso. Il design semplice e alla moda ti consente di rimanere alla moda mentre ti alleni.<\/li>\n<\/ul>","protected":false},"excerpt":{"rendered":"<p>Che si tratti di un allenamento quotidiano o di una sauna a vapore, le fasce snellenti per le cosce e la sauna a vapore sono il partner ideale per il tuo allenamento!<\/p>","protected":false},"featured_media":12190,"comment_status":"open","ping_status":"closed","template":"","meta":{"site-sidebar-layout":"default","site-content-layout":"","ast-site-content-layout":"default","site-content-style":"default","site-sidebar-style":"default","ast-global-header-display":"","ast-banner-title-visibility":"","ast-main-header-display":"","ast-hfb-above-header-display":"","ast-hfb-below-header-display":"","ast-hfb-mobile-header-display":"","site-post-title":"","ast-breadcrumbs-content":"","ast-featured-img":"","footer-sml-layout":"","ast-disable-related-posts":"","theme-transparent-header-meta":"default","adv-header-id-meta":"","stick-header-meta":"default","header-above-stick-meta":"","header-main-stick-meta":"","header-below-stick-meta":"","astra-migrate-meta-layouts":"set","ast-page-background-enabled":"default","ast-page-background-meta":{"desktop":{"background-color":"","background-image":"","background-repeat":"repeat","background-position":"center center","background-size":"auto","background-attachment":"scroll","background-type":"","background-media":"","overlay-type":"","overlay-color":"","overlay-opacity":"","overlay-gradient":""},"tablet":{"background-color":"","background-image":"","background-repeat":"repeat","background-position":"center center","background-size":"auto","background-attachment":"scroll","background-type":"","background-media":"","overlay-type":"","overlay-color":"","overlay-opacity":"","overlay-gradient":""},"mobile":{"background-color":"","background-image":"","background-repeat":"repeat","background-position":"center center","background-size":"auto","background-attachment":"scroll","background-type":"","background-media":"","overlay-type":"","overlay-color":"","overlay-opacity":"","overlay-gradient":""}},"ast-content-background-meta":{"desktop":{"background-color":"var(--ast-global-color-5)","background-image":"","background-repeat":"repeat","background-position":"center center","background-size":"auto","background-attachment":"scroll","background-type":"","background-media":"","overlay-type":"","overlay-color":"","overlay-opacity":"","overlay-gradient":""},"tablet":{"background-color":"var(--ast-global-color-5)","background-image":"","background-repeat":"repeat","background-position":"center center","background-size":"auto","background-attachment":"scroll","background-type":"","background-media":"","overlay-type":"","overlay-color":"","overlay-opacity":"","overlay-gradient":""},"mobile":{"background-color":"var(--ast-global-color-5)","background-image":"","background-repeat":"repeat","background-position":"center center","background-size":"auto","background-attachment":"scroll","background-type":"","background-media":"","overlay-type":"","overlay-color":"","overlay-opacity":"","overlay-gradient":""}}},"product_brand":[],"product_cat":[65,76,97,626],"product_tag":[492,646,701,1035,535,1034,558],"class_list":{"0":"post-12186","1":"product","2":"type-product","3":"status-publish","4":"has-post-thumbnail","6":"product_cat-best-sellers","7":"product_cat-new-arrivels","8":"product_cat-sauna-suit","9":"product_cat-sauna-accessories","10":"product_tag-breathable","11":"product_tag-comfortable","12":"product_tag-fashionable","13":"product_tag-sauna-sweat-belt","14":"product_tag-slimming","15":"product_tag-thigh-trimmer","16":"product_tag-weight-loss","17":"pa_color-silver","18":"pa_size-free","19":"desktop-align-center","20":"tablet-align-left","21":"mobile-align-left","22":"ast-product-gallery-layout-horizontal-slider","23":"ast-product-single-variable","24":"ast-product-tabs-layout-horizontal","25":"ast-qv-on-image","27":"first","28":"instock","29":"shipping-taxable","30":"purchasable","31":"product-type-variable"},"tiered_pricing_type":"fixed","tiered_pricing_fixed_rules":{"10":3.7,"50":3.2,"100":2.9},"tiered_pricing_product_settings":{"layout":"default","base_unit_name":{"singular":null,"plural":null},"default_variation":null},"tiered_pricing_minimum_quantity":null,"tiered_pricing_roles_data":[],"tiered_pricing_percentage_rules":[],"_links":{"self":[{"href":"https:\/\/yume-silm.com\/it\/wp-json\/wp\/v2\/product\/12186","targetHints":{"allow":["GET"]}}],"collection":[{"href":"https:\/\/yume-silm.com\/it\/wp-json\/wp\/v2\/product"}],"about":[{"href":"https:\/\/yume-silm.com\/it\/wp-json\/wp\/v2\/types\/product"}],"replies":[{"embeddable":true,"href":"https:\/\/yume-silm.com\/it\/wp-json\/wp\/v2\/comments?post=12186"}],"wp:featuredmedia":[{"embeddable":true,"href":"https:\/\/yume-silm.com\/it\/wp-json\/wp\/v2\/media\/12190"}],"wp:attachment":[{"href":"https:\/\/yume-silm.com\/it\/wp-json\/wp\/v2\/media?parent=12186"}],"wp:term":[{"taxonomy":"product_brand","embeddable":true,"href":"https:\/\/yume-silm.com\/it\/wp-json\/wp\/v2\/product_brand?post=12186"},{"taxonomy":"product_cat","embeddable":true,"href":"https:\/\/yume-silm.com\/it\/wp-json\/wp\/v2\/product_cat?post=12186"},{"taxonomy":"product_tag","embeddable":true,"href":"https:\/\/yume-silm.com\/it\/wp-json\/wp\/v2\/product_tag?post=12186"}],"curies":[{"name":"wp","href":"https:\/\/api.w.org\/{rel}","templated":true}]}}